{"id":24,"date":"2018-10-30T11:37:37","date_gmt":"2018-10-30T11:37:37","guid":{"rendered":"http:\/\/www.ull.es\/centros\/facultad-bellas-artes\/?page_id=24"},"modified":"2026-03-23T09:57:06","modified_gmt":"2026-03-23T09:57:06","slug":"informacion-general","status":"publish","type":"page","link":"https:\/\/www.ull.es\/centros\/facultad-bellas-artes\/informacion-general\/","title":{"rendered":"Informaci\u00f3n general"},"content":{"rendered":"<p>[vc_row full_width=\u00bbstretch_row_content_no_spaces\u00bb el_class=\u00bbSliderPortada\u00bb css=\u00bb.vc_custom_1745237111535{margin-top: -100px !important;}\u00bb][vc_column][rev_slider_vc alias=\u00bbportada\u00bb][\/vc_column][\/vc_row][vc_row full_width=\u00bbstretch_row_content_no_spaces\u00bb][vc_column][vc_custom_heading text=\u00bb\u00bb font_container=\u00bbtag:h2|text_align:center\u00bb google_fonts=\u00bbfont_family:Montserrat%3Aregular%2C700|font_style:700%20bold%20regular%3A700%3Anormal\u00bb css=\u00bb.vc_custom_1721221176088{padding-top: 15px !important;padding-bottom: 15px !important;background-color: #360060 !important;}\u00bb][\/vc_column][\/vc_row][vc_row css=\u00bb.vc_custom_1745233821598{margin-top: 50px !important;}\u00bb][vc_column width=\u00bb2\/3&#8243; el_class=\u00bbpadding-50-right\u00bb css=\u00bb.vc_custom_1494506721665{padding-right: 50px !important;}\u00bb][vc_column_text]<\/p>\n<p>&nbsp;<\/p>\n<h1 style=\"text-align: left;\">Presentaci\u00f3n<\/h1>\n<p>[\/vc_column_text][vc_column_text]<\/p>\n<p style=\"text-align: left;\">La Facultad de Bellas Artes es el \u00f3rgano encargado de la organizaci\u00f3n de las ense\u00f1anzas y los procesos acad\u00e9micos, administrativos y de gesti\u00f3n conducentes a la obtenci\u00f3n de t\u00edtulos de car\u00e1cter oficial y validez en todo el territorio nacional que se impartan en ella y dem\u00e1s t\u00edtulos que establezca la legislaci\u00f3n vigente.<\/p>\n<p>[\/vc_column_text][vc_empty_space height=\u00bb40px\u00bb][vc_column_text el_id=\u00bborganigrama\u00bb]<\/p>\n<h1 style=\"text-align: left;\">Organigrama<\/h1>\n<p>[\/vc_column_text][vc_column_text]\n<style>\n    .shortcode-equipo h2 {\n        margin-bottom: 10px !important;\n    }\n<\/style>\n\n<div class=\"shortcode-equipo\">\n    <h2>Equipo de direcci\u00f3n<\/h2><dl><dt><strong>Decano<\/strong><\/dt><dd><a href='https:\/\/www.ull.es\/directorio\/search\/?busqueda=decano-bellas-artes' target='_blank'>Bernardo Antonio Candela Sanjuan<\/a><\/dd><dt><strong>Secretaria<\/strong><\/dt><dd><a href='https:\/\/www.ull.es\/directorio\/search\/?busqueda=secretario-bellas-artes' target='_blank'>Mar\u00eda Teresa Arozena Bonnet<\/a><\/dd><dt><strong>Vicedecano de Cultura y Extensi\u00f3n<\/strong><\/dt><dd> <a href='https:\/\/www.ull.es\/directorio\/search\/?busqueda=Javier Sicilia Rodr\u00edguez' target='_blank'>Javier Sicilia Rodr\u00edguez<\/a><\/dd><dt><strong>Vicedecana de Calidad Institucional<\/strong><\/dt><dd> <a href='https:\/\/www.ull.es\/directorio\/search\/?busqueda=Itahisa P\u00e9rez Conesa' target='_blank'>Itahisa P\u00e9rez Conesa<\/a><\/dd><dt><strong>Vicedecana de Ordenaci\u00f3n Acad\u00e9mica y Proyecci\u00f3n Internacional<\/strong><\/dt><dd> <a href='https:\/\/www.ull.es\/directorio\/search\/?busqueda=Noem\u00ed Pe\u00f1a S\u00e1nchez' target='_blank'>Noem\u00ed Pe\u00f1a S\u00e1nchez<\/a><\/dd><dt><strong>Coordinadora POAT<\/strong><\/dt><dd> <a href='https:\/\/www.ull.es\/directorio\/search\/?busqueda=D\u00e9bora Madrid Brito' target='_blank'>D\u00e9bora Madrid Brito<\/a><\/dd><dt><strong>Coordinadora de Movilidad Internacional<\/strong><\/dt><dd> <a href='https:\/\/www.ull.es\/directorio\/search\/?busqueda=Cecile Meier' target='_blank'>Cecile Meier<\/a><\/dd><dt><strong>Coordinador de Movilidad Nacional<\/strong><\/dt><dd> <a href='https:\/\/www.ull.es\/directorio\/search\/?busqueda=David Cort\u00e9s Santamarta' target='_blank'>David Cort\u00e9s Santamarta<\/a><\/dd><\/dl>\n<\/div>\n[\/vc_column_text][vc_tta_accordion c_icon=\u00bbchevron\u00bb c_position=\u00bbright\u00bb active_section=\u00bb0&#8243; no_fill=\u00bbtrue\u00bb collapsible_all=\u00bbtrue\u00bb][vc_tta_section title=\u00bbPersonal de Administraci\u00f3n y Servicios y de Apoyo a la Docencia\u00bb tab_id=\u00bbpas\u00bb][vc_column_text]<\/p>\n<dl>\n<dd>\n<h2>Secretar\u00eda<\/h2>\n<dl>\n<dt><strong>Administradora<\/strong><\/dt>\n<dd><a href=\"https:\/\/www.ull.es\/directorio\/search\/?busqueda=rosa+maria+de+la+paz\" target=\"_blank\" rel=\"noopener\" data-saferedirecturl=\"https:\/\/www.google.com\/url?q=https:\/\/www.ull.es\/directorio\/search\/?busqueda%3Drosa%2Bmaria%2Bde%2Bla%2Bpaz&amp;source=gmail&amp;ust=1717659959152000&amp;usg=AOvVaw2f5MdgAbswwKYyRu9y3cNM\" target=\"_blank\" rel=\"noopener\">Rosa Mar\u00eda de la Paz de la Paz<\/a><\/dd>\n<dt><strong>Gestor<\/strong><\/dt>\n<dd><a href=\"https:\/\/www.ull.es\/directorio\/search\/?busqueda=aurelio+manuel\" target=\"_blank\" rel=\"noopener\">\u00a0Aurelio Manuel Guanche Rodr\u00edguez<\/a><\/dd>\n<dd><\/dd>\n<dt><strong>Administrativa\u00a0<\/strong><\/dt>\n<dd>Vacante<\/dd>\n<dd><\/dd>\n<dt><strong>Administrativa\u00a0de decanato<\/strong><\/dt>\n<dd><a href=\"https:\/\/www.ull.es\/directorio\/search\/?busqueda=922319735\" target=\"_blank\" rel=\"noopener\">Clara Isabel Santana Hern\u00e1ndez<\/a><\/dd>\n<dd><\/dd>\n<\/dl>\n<h2>Conserjer\u00eda<\/h2>\n<dl>\n<dt><strong>Conserje<\/strong><\/dt>\n<dd><a href=\"https:\/\/www.ull.es\/directorio\/search\/?busqueda=Juan+Carlos+Luque+Ram%C3%ADrez\" target=\"_blank\" rel=\"noopener\">Juan Carlos Luque Ram\u00edrez<\/a><\/dd>\n<dd><\/dd>\n<dt><strong>Auxiliar de servicios<\/strong><\/dt>\n<dd><a href=\"https:\/\/www.ull.es\/directorio\/search\/?busqueda=tomas+sanchez+nieto\" target=\"_blank\" rel=\"noopener\">Tom\u00e1s S\u00e1nchez Nieto<\/a><br \/>\n<a href=\"https:\/\/www.ull.es\/directorio\/search\/?busqueda=estevez+rios\" target=\"_blank\" rel=\"noopener\">Daniel Alberto Est\u00e9vez R\u00edos<\/a><\/dd>\n<\/dl>\n<h2>Biblioteca<\/h2>\n<dl>\n<dt><strong>Responsable de la Biblioteca y la Hemeroteca<\/strong><\/dt>\n<dd><a href=\"https:\/\/www.ull.es\/directorio\/search\/?busqueda=raquel+maria+rojo\" target=\"_blank\" rel=\"noopener\">Raquel Mar\u00eda Rojo Gonz\u00e1lez<\/a><\/dd>\n<dt><strong>Atenci\u00f3n en sala (ma\u00f1ana)<\/strong><\/dt>\n<dd><a href=\"https:\/\/www.ull.es\/directorio\/search\/?busqueda=niesvaara\" target=\"_blank\" rel=\"noopener\" data-saferedirecturl=\"https:\/\/www.google.com\/url?q=https:\/\/www.ull.es\/directorio\/search\/?busqueda%3Dniesvaara&amp;source=gmail&amp;ust=1765886988031000&amp;usg=AOvVaw1XUlqvzNXsnbWLr84GZvik\" target=\"_blank\" rel=\"noopener\">Santiago Yerout Niesvaara Molina<\/a><\/dd>\n<dt><strong>Atenci\u00f3n en sala (tarde)<\/strong><\/dt>\n<dd><a href=\"https:\/\/www.ull.es\/directorio\/search\/?busqueda=Andrea+Alejandra\" target=\"_blank\" rel=\"noopener\" data-saferedirecturl=\"https:\/\/www.google.com\/url?q=https:\/\/www.ull.es\/directorio\/search\/?busqueda%3DAndrea%2BAlejandra&amp;source=gmail&amp;ust=1764931158645000&amp;usg=AOvVaw1tqBWKXY47FLP40YlcnHyg\" target=\"_blank\" rel=\"noopener\">Andrea Alejandra Schwalme Santos<\/a><\/dd>\n<\/dl>\n<h2>Personal T\u00e9cnico<\/h2>\n<dl>\n<dt><strong>Oficial (T\u00e9cnicas Art\u00edsticas)<\/strong><\/dt>\n<dd><a href=\"https:\/\/www.ull.es\/directorio\/search\/?busqueda=Cruz%20Bad%C3%ADa\" target=\"_blank\" rel=\"noopener\">M\u00aa Luisa de la Cruz Bad\u00eda<\/a><\/dd>\n<dd><a href=\"https:\/\/www.ull.es\/directorio\/search\/?busqueda=Febles%20Abreu\" target=\"_blank\" rel=\"noopener\">Jos\u00e9 Ram\u00f3n Febles Abreu<\/a><\/dd>\n<dd><a href=\"https:\/\/www.ull.es\/directorio\/search\/?busqueda=Luis+Javier+Marrero\" target=\"_blank\" rel=\"noopener\">Luis Javier Marrero Rinc\u00f3n<\/a><\/dd>\n<\/dl>\n<dl>\n<dt><strong>T\u00e9cnico Especialista (Fotograf\u00eda)<\/strong><\/dt>\n<dd><a href=\"https:\/\/www.ull.es\/directorio\/search\/?busqueda=jorge+luis+vera\" target=\"_blank\" rel=\"noopener\" target=\"_blank\" rel=\"noopener\">Jorge Luis Vera Vera<\/a><\/dd>\n<\/dl>\n<dl>\n<dt><strong>T\u00e9cnico de Laboratorio (T\u00e9cnico\/a Art\u00edstico\/a)<\/strong><\/dt>\n<dd><a href=\"https:\/\/www.ull.es\/directorio\/search\/?busqueda=ziomara\" target=\"_blank\" rel=\"noopener\" target=\"_blank\" rel=\"noopener\">M\u00aa Ziomara Rojas Hern\u00e1ndez<br \/>\n<\/a><a href=\"https:\/\/www.ull.es\/directorio\/search\/?busqueda=marfil+rios\" target=\"_blank\" rel=\"noopener\" target=\"_blank\" rel=\"noopener\">Jos\u00e9 Mar\u00eda Marfil R\u00edos<\/a><\/dd>\n<\/dl>\n<dl><\/dl>\n<\/dd>\n<\/dl>\n<p>[\/vc_column_text][\/vc_tta_section][\/vc_tta_accordion][vc_separator css=\u00bb.vc_custom_1513002225227{margin-top: 50px !important;margin-bottom: 50px !important;}\u00bb][\/vc_column][vc_column width=\u00bb1\/3&#8243;][vc_column_text]<a class=\"btn-destacado\" href=\"https:\/\/riull.ull.es\/xmlui\/handle\/915\/16563\" target=\"_blank\" rel=\"noopener noreferrer\" target=\"_blank\" rel=\"noopener\">Consultar normativa de la facultad<i class=\"fa fa-arrow-right\"><\/i><\/a>[\/vc_column_text][vc_column_text]<a class=\"btn-destacado\" href=\"https:\/\/www.ull.es\/centros\/facultad-bellas-artes\/junta-de-facultad-y-comisiones\/\" target=\"_blank\" rel=\"noopener noreferrer\" target=\"_blank\" rel=\"noopener\">Consultar junta de facultad y comisiones <i class=\"fa fa-arrow-right\"><\/i><\/a>[\/vc_column_text][vc_column_text el_class=\u00bbcontacto\u00bb]\n<ul class=\"widget-box\">\n<li class='contacto-header'>Informaci\u00f3n de contacto<\/li><li><i class=\"fa fa-map-marker\"><\/i> Calle Radio Aficionados s\/n. Campus de Guajara.  Apartado 456. C\u00f3digo postal 38200. San Crist\u00f3bal de La Laguna. S\/C Tenerife<\/li><li><i class=\"fa fa-phone\"><\/i> (+34) 922 31 97 30<\/li><li><i class=\"fa fa-envelope\"><\/i>  <a href=mailto:secbbaa@ull.es>secbbaa@ull.es<\/a><\/li><li><i class=\"fa fa-calendar\"><\/i><a href=\"http:\/\/citaprevia.ull.es\/serv_list.php?p=index\"> Cita previa<\/a><\/li><li><i class=\"fa fa-archive\"><\/i><a href=\"https:\/\/sede.ull.es\/ecivilis-site\/catalog\/showProcedure\/484\"> Procedimiento para quejas, sugerencias y felicitaciones<\/a><\/li>\n<\/ul>\n\n[\/vc_column_text][vc_column_text]\n    \n<style>\n    .google-maps {\n        position: relative;\n        padding-bottom: 75%;\n        height: 0;\n        overflow: hidden;\n    }\n    .google-maps iframe {\n        position: absolute;\n        top: 0;\n        left: 0;\n        width: 100% !important;\n        height: 100% !important;\n    }\n<\/style>\n\n\n<div class=\"google-maps\">\n    <iframe src=\"https:\/\/www.openstreetmap.org\/export\/embed.html?bbox=-16.32472617411%2C28.477629074376%2C-16.31858236452%2C28.483441296656&amp;layer=mapnik&amp;marker=28.481812030115726%2C-16.3219\" style=\"border: 1px solid black\"><\/iframe>\n<\/div>\n\n<div class=\"btn-widget\">\n    <a href=\"https:\/\/www.openstreetmap.org\/directions?engine=graphhopper_car&from=&to=28.481812030115726%2C-16.3219#map=17\/28.481812030115726\/-16.3219\">C\u00f3mo llegar<\/a>  \n<\/div>\n\n  <\/body>\n<\/html>\n\n[\/vc_column_text][\/vc_column][\/vc_row][vc_row][vc_column width=\u00bb2\/3&#8243;][\/vc_column][vc_column width=\u00bb1\/3&#8243;][\/vc_column][\/vc_row][vc_row][vc_column][vc_column_text]<\/p>\n<p>[\/vc_column_text][\/vc_column][\/vc_row]<\/p>\n","protected":false},"excerpt":{"rendered":"<p>[vc_row full_width=\u00bbstretch_row_content_no_spaces\u00bb el_class=\u00bbSliderPortada\u00bb css=\u00bb.vc_custom_1745237111535{margin-top: -100px !important;}\u00bb][vc_column][rev_slider_vc alias=\u00bbportada\u00bb][\/vc_column][\/vc_row][vc_row full_width=\u00bbstretch_row_content_no_spaces\u00bb][vc_column][vc_custom_heading text=\u00bb\u00bb font_container=\u00bbtag:h2|text_align:center\u00bb google_fonts=\u00bbfont_family:Montserrat%3Aregular%2C700|font_style:700%20bold%20regular%3A700%3Anormal\u00bb css=\u00bb.vc_custom_1721221176088{padding-top: 15px !important;padding-bottom: 15px !important;background-color: #360060 !important;}\u00bb][\/vc_column][\/vc_row][vc_row css=\u00bb.vc_custom_1745233821598{margin-top: 50px !important;}\u00bb][vc_column width=\u00bb2\/3&#8243; el_class=\u00bbpadding-50-right\u00bb css=\u00bb.vc_custom_1494506721665{padding-right: 50px !important;}\u00bb][vc_column_text] &nbsp; Presentaci\u00f3n [\/vc_column_text][vc_column_text] La Facultad de Bellas Artes es el \u00f3rgano encargado de la organizaci\u00f3n de las ense\u00f1anzas y los procesos acad\u00e9micos, administrativos y de gesti\u00f3n conducentes a la&#8230;<\/p>\n","protected":false},"author":37,"featured_media":0,"parent":0,"menu_order":0,"comment_status":"closed","ping_status":"closed","template":"templates\/template-frontpage.php","meta":[],"acf":[],"_links":{"self":[{"href":"https:\/\/www.ull.es\/centros\/facultad-bellas-artes\/wp-json\/wp\/v2\/pages\/24"}],"collection":[{"href":"https:\/\/www.ull.es\/centros\/facultad-bellas-artes\/wp-json\/wp\/v2\/pages"}],"about":[{"href":"https:\/\/www.ull.es\/centros\/facultad-bellas-artes\/wp-json\/wp\/v2\/types\/page"}],"author":[{"embeddable":true,"href":"https:\/\/www.ull.es\/centros\/facultad-bellas-artes\/wp-json\/wp\/v2\/users\/37"}],"replies":[{"embeddable":true,"href":"https:\/\/www.ull.es\/centros\/facultad-bellas-artes\/wp-json\/wp\/v2\/comments?post=24"}],"version-history":[{"count":89,"href":"https:\/\/www.ull.es\/centros\/facultad-bellas-artes\/wp-json\/wp\/v2\/pages\/24\/revisions"}],"predecessor-version":[{"id":564,"href":"https:\/\/www.ull.es\/centros\/facultad-bellas-artes\/wp-json\/wp\/v2\/pages\/24\/revisions\/564"}],"wp:attachment":[{"href":"https:\/\/www.ull.es\/centros\/facultad-bellas-artes\/wp-json\/wp\/v2\/media?parent=24"}],"curies":[{"name":"wp","href":"https:\/\/api.w.org\/{rel}","templated":true}]}}