{"id":26,"date":"2018-10-30T11:38:30","date_gmt":"2018-10-30T11:38:30","guid":{"rendered":"http:\/\/www.ull.es\/centros\/facultad-bellas-artes\/?page_id=26"},"modified":"2025-04-21T14:54:46","modified_gmt":"2025-04-21T14:54:46","slug":"infraestructuras-y-servicios","status":"publish","type":"page","link":"https:\/\/www.ull.es\/centros\/facultad-bellas-artes\/infraestructuras-y-servicios\/","title":{"rendered":"Infraestructuras y servicios"},"content":{"rendered":"<p>[vc_row full_width=\u00bbstretch_row_content_no_spaces\u00bb el_class=\u00bbSliderPortada\u00bb css=\u00bb.vc_custom_1745237111535{margin-top: -100px !important;}\u00bb][vc_column][rev_slider_vc alias=\u00bbportada\u00bb][\/vc_column][\/vc_row][vc_row full_width=\u00bbstretch_row_content_no_spaces\u00bb][vc_column][vc_custom_heading text=\u00bb\u00bb font_container=\u00bbtag:h2|text_align:center\u00bb google_fonts=\u00bbfont_family:Montserrat%3Aregular%2C700|font_style:700%20bold%20regular%3A700%3Anormal\u00bb css=\u00bb.vc_custom_1721221176088{padding-top: 15px !important;padding-bottom: 15px !important;background-color: #360060 !important;}\u00bb][\/vc_column][\/vc_row][vc_row css=\u00bb.vc_custom_1745233821598{margin-top: 50px !important;}\u00bb][vc_column width=\u00bb2\/3&#8243; el_class=\u00bbpadding-50-right\u00bb css=\u00bb.vc_custom_1494506721665{padding-right: 50px !important;}\u00bb][vc_column_text]<\/p>\n<h1 style=\"text-align: left;\">Infraestructuras y servicios<\/h1>\n<p>[\/vc_column_text][vc_column_text]<\/p>\n<h3 style=\"text-align: left;\"><strong>Facultad de Bellas Artes<\/strong><\/h3>\n<p>[\/vc_column_text][vc_tta_accordion c_icon=\u00bbchevron\u00bb c_position=\u00bbright\u00bb active_section=\u00bb\u00bb no_fill=\u00bbtrue\u00bb collapsible_all=\u00bbtrue\u00bb][vc_tta_section title=\u00bbRecursos materiales\u00bb tab_id=\u00bbrecursos\u00bb][vc_column_text]<\/p>\n<p style=\"text-align: left;\">La Facultad de Bellas Artes cuenta con el edificio de nueva planta m\u00e1s moderno entre los de las Facultades de Bellas Artes de Espa\u00f1a (fue inaugurado en 2014), concebido espec\u00edficamente para la docencia de las disciplinas art\u00edsticas. Acoge todas las aulas, talleres y laboratorios de los grados en Bellas Artes, Dise\u00f1o y Conservaci\u00f3n y restauraci\u00f3n de bienes culturales, as\u00ed como las necesarias para la docencia de los m\u00e1steres. Posee diversos espacios para exposiciones y eventos que permiten organizar actividades culturales tanto propias como vinculadas a instituciones y empresas, lo cual lo sit\u00faa como referente acad\u00e9mico y cultural de nuestra Comunidad.<\/p>\n<p style=\"text-align: left;\"><strong>Dotaci\u00f3n del edificio actual<\/strong><\/p>\n<p style=\"text-align: left;\">Para ampliar informaci\u00f3n sobre las infraestructuras y recursos disponibles en el edificio de Bellas Artes puedes descargar el documento adjunto a trav\u00e9s de este\u00a0<a href=\"https:\/\/drive.google.com\/file\/d\/1y3YtolboZzOJsyVI83qGUXcN-wh9wBEV\/view?usp=sharing\" target=\"_blank\" rel=\"noopener\">enlace.<\/a><\/p>\n<p>[\/vc_column_text][\/vc_tta_section][vc_tta_section title=\u00bbServicios\u00bb tab_id=\u00bbservicios\u00bb][vc_column_text]<\/p>\n<p style=\"text-align: left;\"><strong>Biblioteca<\/strong><\/p>\n<p>El centro cuenta con biblioteca propia especializada en arte y con una hemeroteca con m\u00e1s de 100 t\u00edtulos en papel y unas 80 revistas electr\u00f3nicas. Ofrece acceso a otros recursos electr\u00f3nicos como portales, bases de datos, una de ellas exclusivamente sobre arte (ARTbibliographies Modern). Los dos ordenadores instalados en la sala para consulta del cat\u00e1logo tienen acceso a Internet y se dispone de un router que ofrece conexi\u00f3n inal\u00e1mbrica para los usuarios, adem\u00e1s de enchufes de red el\u00e9ctrica para los port\u00e1tiles. Recientemente se han instalado tres rosetas con acceso a la red para tres puestos inform\u00e1ticos que se han adquirido para los usuarios. En lo que respecta a la colecci\u00f3n, la biblioteca de la facultad de bellas artes es una de las de la ULL que registra mayor crecimiento y actualizaci\u00f3n.<br \/>\nHorario: De 8.15 a 20.30 horas. En determinados per\u00edodos se reduce el horario previo aviso a los usuarios.<\/p>\n<p style=\"text-align: left;\"><strong>Servicio de formaci\u00f3n de usuarios de la biblioteca<\/strong><\/p>\n<p style=\"text-align: left;\">Se ofrecen a los alumnos que lo solicitan cursos presenciales de \u00abIniciaci\u00f3n al cat\u00e1logo\u00bb y \u00abCat\u00e1logo avanzado\u00bb. A trav\u00e9s de la Unidad de Docencia Virtual de la ULL se imparte el curso online: \u201cC\u00f3mo localizar fuentes de informaci\u00f3n para bellas artes\u201d.<\/p>\n<p style=\"text-align: left;\"><strong>Servicio de pr\u00e9stamo de port\u00e1tiles<br \/>\n<\/strong><\/p>\n<p style=\"text-align: left;\">A trav\u00e9s de la biblioteca del centro. Se cuenta con tres ordenadores.<\/p>\n<p style=\"text-align: left;\"><strong>Aula de inform\u00e1tica (Windows)<\/strong><\/p>\n<p style=\"text-align: left;\">12 ordenadores con conexi\u00f3n a Internet. Se dispone de scanner e impresora.<br \/>\nHorario: De 9 a 13 h. Queda abierta a los alumnos a cargo de un becario.<\/p>\n<p style=\"text-align: left;\"><strong>Sal\u00f3n de actos<\/strong><\/p>\n<p style=\"text-align: left;\">Capacidad para 290 personas. Dispone de pantalla de proyecci\u00f3n y una amplia tarima que puede ser utilizada como escenario.<\/p>\n<p style=\"text-align: left;\"><strong>Aula 92\u00a0<\/strong><\/p>\n<p style=\"text-align: left;\">Aula con capacidad para 75 alumnos que puede ser usado como sal\u00f3n de grados o para conferencias. Cuenta con sistema de proyecci\u00f3n digital y equipo de sonido 5.1<br \/>\nHorario: De uso docente. Queda disponible como sal\u00f3n de grados y espacio para conferencias fuera de los horarios de clase.<\/p>\n<p style=\"text-align: left;\"><strong>Aula equipada para videoconferencia<\/strong><\/p>\n<p style=\"text-align: left;\">Equipo de videoconferencia instalado en el aula 92.<\/p>\n<p style=\"text-align: left;\"><strong>Aula de uso libre de modelos \u201cBorges Salas\u201d<\/strong><\/p>\n<p style=\"text-align: left;\">Capacidad para 25 alumnos. Horario: Viernes, durante 4 horas en horario de ma\u00f1ana. Aula de uso libre tutorizada por un profesor. Los alumnos pueden asistir para trabajar con modelo y los profesores pueden marcar ejercicios concretos a seguir por los alumnos para complementar su trabajo de clase.<\/p>\n<p style=\"text-align: left;\"><strong>Servicio de reprograf\u00eda<br \/>\n<\/strong><\/p>\n<p style=\"text-align: left;\">Fotocopiadora color y blanco y negro. Sistemas de encuadernaci\u00f3n. Horario: De 11 a 13 y de 15 a 17 h.<\/p>\n<p style=\"text-align: left;\"><strong>Red WI-FI<\/strong><\/p>\n<p style=\"text-align: left;\">Pr\u00e1cticamente todo el centro (excepto algunas zonas oscuras debido a la estructura del edificio) tienen se\u00f1al wi-fi abierta, cuya contrase\u00f1a se facilita a los alumnos al matricularse.<\/p>\n<p style=\"text-align: left;\"><strong>Cafeter\u00eda<\/strong><\/p>\n<p style=\"text-align: left;\">Bar cafeter\u00eda con capacidad para 84 Personas con servicio de comedor. Horario: De 8 a 20 h.<\/p>\n<p style=\"text-align: left;\"><strong>Servicio de informaci\u00f3n al alumnado mediante correo electr\u00f3nico<\/strong><\/p>\n<p style=\"text-align: left;\">A partir de 2008, la Web del centro cuenta con un sistema de listas de correo al cual los alumnos pueden suscribirse y recibir informaci\u00f3n del centro. El alumno o alumna permanece en lista hasta que \u00e9l o ella decidan darse de baja, incluso despu\u00e9s de acabar la carrera.<\/p>\n<p>[\/vc_column_text][\/vc_tta_section][vc_tta_section title=\u00bbAcceso a talleres para trabajo aut\u00f3nomo\u00bb tab_id=\u00bbacceso-talleres-trabajo-autonomo\u00bb][vc_column_text]Solicitud de autorizaci\u00f3n de acceso a talleres para trabajo aut\u00f3nomo <a href=\"https:\/\/drive.google.com\/file\/d\/1IyIo9k5ZQUZ9Pm9sxac8PsHwBdPU4nXe\/view\" target=\"_blank\" rel=\"noopener\">(pdf)<\/a> y (<a href=\"https:\/\/docs.google.com\/document\/d\/1A73HSu_suOzVlSo6iOK9mv5LdSrv2GxV\/edit?usp=sharing&amp;ouid=105058176287647943048&amp;rtpof=true&amp;sd=true\" target=\"_blank\" rel=\"noopener\">odt<\/a>)[\/vc_column_text][\/vc_tta_section][vc_tta_section title=\u00bbProtocolo de reserva de espacios\u00bb tab_id=\u00bbreserva-espacios\u00bb][vc_column_text]<a href=\"https:\/\/drive.google.com\/file\/d\/1EXl8CnEJ8rzTAthn8-hkY3hA9l5kJ4hn\/view?usp=sharing\" target=\"_blank\" rel=\"noopener\" target=\"_blank\" rel=\"noopener\">Protocolo de reserva de espacios<\/a>: Sal\u00f3n de Actos y Sala de Exposiciones.[\/vc_column_text][\/vc_tta_section][\/vc_tta_accordion][\/vc_column][vc_column width=\u00bb1\/3&#8243;][vc_column_text el_class=\u00bbcontacto\u00bb]\n<ul class=\"widget-box\">\n<li class='contacto-header'>Informaci\u00f3n de contacto<\/li><li><i class=\"fa fa-map-marker\"><\/i> Calle Radio Aficionados s\/n. Campus de Guajara.  Apartado 456. C\u00f3digo postal 38200. San Crist\u00f3bal de La Laguna. S\/C Tenerife<\/li><li><i class=\"fa fa-phone\"><\/i> (+34) 922 31 97 30<\/li><li><i class=\"fa fa-envelope\"><\/i>  <a href=mailto:secbbaa@ull.es>secbbaa@ull.es<\/a><\/li><li><i class=\"fa fa-calendar\"><\/i><a href=\"http:\/\/citaprevia.ull.es\/serv_list.php?p=index\"> Cita previa<\/a><\/li><li><i class=\"fa fa-archive\"><\/i><a href=\"https:\/\/sede.ull.es\/ecivilis-site\/catalog\/showProcedure\/484\"> Procedimiento para quejas, sugerencias y felicitaciones<\/a><\/li>\n<\/ul>\n\n[\/vc_column_text][\/vc_column][\/vc_row]<\/p>\n","protected":false},"excerpt":{"rendered":"<p>[vc_row full_width=\u00bbstretch_row_content_no_spaces\u00bb el_class=\u00bbSliderPortada\u00bb css=\u00bb.vc_custom_1745237111535{margin-top: -100px !important;}\u00bb][vc_column][rev_slider_vc alias=\u00bbportada\u00bb][\/vc_column][\/vc_row][vc_row full_width=\u00bbstretch_row_content_no_spaces\u00bb][vc_column][vc_custom_heading text=\u00bb\u00bb font_container=\u00bbtag:h2|text_align:center\u00bb google_fonts=\u00bbfont_family:Montserrat%3Aregular%2C700|font_style:700%20bold%20regular%3A700%3Anormal\u00bb css=\u00bb.vc_custom_1721221176088{padding-top: 15px !important;padding-bottom: 15px !important;background-color: #360060 !important;}\u00bb][\/vc_column][\/vc_row][vc_row css=\u00bb.vc_custom_1745233821598{margin-top: 50px !important;}\u00bb][vc_column width=\u00bb2\/3&#8243; el_class=\u00bbpadding-50-right\u00bb css=\u00bb.vc_custom_1494506721665{padding-right: 50px !important;}\u00bb][vc_column_text] Infraestructuras y servicios [\/vc_column_text][vc_column_text] Facultad de Bellas Artes [\/vc_column_text][vc_tta_accordion c_icon=\u00bbchevron\u00bb c_position=\u00bbright\u00bb active_section=\u00bb\u00bb no_fill=\u00bbtrue\u00bb collapsible_all=\u00bbtrue\u00bb][vc_tta_section title=\u00bbRecursos materiales\u00bb tab_id=\u00bbrecursos\u00bb][vc_column_text] La Facultad de Bellas Artes cuenta con el edificio de nueva planta&#8230;<\/p>\n","protected":false},"author":37,"featured_media":0,"parent":0,"menu_order":0,"comment_status":"closed","ping_status":"closed","template":"templates\/template-frontpage.php","meta":[],"acf":[],"_links":{"self":[{"href":"https:\/\/www.ull.es\/centros\/facultad-bellas-artes\/wp-json\/wp\/v2\/pages\/26"}],"collection":[{"href":"https:\/\/www.ull.es\/centros\/facultad-bellas-artes\/wp-json\/wp\/v2\/pages"}],"about":[{"href":"https:\/\/www.ull.es\/centros\/facultad-bellas-artes\/wp-json\/wp\/v2\/types\/page"}],"author":[{"embeddable":true,"href":"https:\/\/www.ull.es\/centros\/facultad-bellas-artes\/wp-json\/wp\/v2\/users\/37"}],"replies":[{"embeddable":true,"href":"https:\/\/www.ull.es\/centros\/facultad-bellas-artes\/wp-json\/wp\/v2\/comments?post=26"}],"version-history":[{"count":14,"href":"https:\/\/www.ull.es\/centros\/facultad-bellas-artes\/wp-json\/wp\/v2\/pages\/26\/revisions"}],"predecessor-version":[{"id":516,"href":"https:\/\/www.ull.es\/centros\/facultad-bellas-artes\/wp-json\/wp\/v2\/pages\/26\/revisions\/516"}],"wp:attachment":[{"href":"https:\/\/www.ull.es\/centros\/facultad-bellas-artes\/wp-json\/wp\/v2\/media?parent=26"}],"curies":[{"name":"wp","href":"https:\/\/api.w.org\/{rel}","templated":true}]}}