{"id":30,"date":"2018-10-30T11:40:33","date_gmt":"2018-10-30T11:40:33","guid":{"rendered":"http:\/\/www.ull.es\/centros\/facultad-bellas-artes\/?page_id=30"},"modified":"2025-11-07T11:42:47","modified_gmt":"2025-11-07T11:42:47","slug":"organizacion-estudiantil","status":"publish","type":"page","link":"https:\/\/www.ull.es\/centros\/facultad-bellas-artes\/organizacion-estudiantil\/","title":{"rendered":"Organizaci\u00f3n estudiantil"},"content":{"rendered":"<p>[vc_row full_width=\u00bbstretch_row_content_no_spaces\u00bb el_class=\u00bbSliderPortada\u00bb css=\u00bb.vc_custom_1745237111535{margin-top: -100px !important;}\u00bb][vc_column][rev_slider_vc alias=\u00bbportada\u00bb][\/vc_column][\/vc_row][vc_row full_width=\u00bbstretch_row_content_no_spaces\u00bb][vc_column][vc_custom_heading text=\u00bb\u00bb font_container=\u00bbtag:h2|text_align:center\u00bb google_fonts=\u00bbfont_family:Montserrat%3Aregular%2C700|font_style:700%20bold%20regular%3A700%3Anormal\u00bb css=\u00bb.vc_custom_1721221176088{padding-top: 15px !important;padding-bottom: 15px !important;background-color: #360060 !important;}\u00bb][\/vc_column][\/vc_row][vc_row css=\u00bb.vc_custom_1745233821598{margin-top: 50px !important;}\u00bb][vc_column width=\u00bb2\/3&#8243; el_class=\u00bbpadding-50-right\u00bb css=\u00bb.vc_custom_1494506721665{padding-right: 50px !important;}\u00bb][vc_column_text]<\/p>\n<h1 style=\"text-align: left;\">Organizaci\u00f3n estudiantil<\/h1>\n<p>[\/vc_column_text][vc_empty_space][vc_column_text]<a href=\"https:\/\/drive.google.com\/file\/d\/1oWzrwN9vcph_ox3IdDNKhmccnXKHjAhD\/view?usp=drive_link\" target=\"_blank\" rel=\"noopener\" target=\"_blank\" rel=\"noopener\">Delegaci\u00f3n de Alumnos de la Facultad de Bellas Artes<\/a><\/p>\n<div>\n<div>La representaci\u00f3n del alumnado de la Facultad de Bellas Artes, se estructura a trav\u00e9s de la Delegaci\u00f3n de Estudiantes del centro, al que se le reconoce como instrumento de canalizaci\u00f3n de las inquietudes acad\u00e9micas del alumnado. Su r\u00e9gimen de funcionamiento se regula por los Estatutos, elaborados y aprobados por la propia Delegaci\u00f3n. Entre sus objetivos se encuentra trabajar por mejorar el funcionamiento de la Facultad y potenciar la participaci\u00f3n activa del estudiantado.<\/div>\n<div><\/div>\n<p>&nbsp;<\/p>\n<div>\u2022 <strong><a href=\"https:\/\/www.google.com\/url?sa=D&amp;q=ESTATUTOS%2520DE%2520LA%2520DELEGACIO%CC%81N%2520DE%2520ESTUDIANTES%2520DE%2520LA%2520FACULTAD%2520DE%2520BELLAS%2520ARTES%2520DE%2520LA%2520UNIVERSIDAD%2520DE%2520LA%2520LAGUNA%2520%281%29.pdf&amp;ust=1762599420000000&amp;usg=AOvVaw3F8KWWFQFDR6-_o1LGebqk&amp;hl=es\" target=\"_blank\" rel=\"noopener\" target=\"_blank\" rel=\"noopener\">Estatutos<\/a><\/strong><\/div>\n<div><\/div>\n<div>La Delegaci\u00f3n est\u00e1 ubicada en el espacio O.OK, planta 0 (cerca de la cafeter\u00eda) de la Facultad de Bellas Artes.<\/div>\n<div><\/div>\n<div>Puedes encontrarnos en:<\/div>\n<div>\u2022 Email: delbbaa@ull.edu.es<br \/>\n\u2022 Instagram: @delbbaaull<\/div>\n<div>\u2022 TikTok: @delbbaaul<\/div>\n<div>\u2022 X: @delbbaaull<\/div>\n<div><\/div>\n<\/div>\n<div><\/div>\n<div>\n<p>&nbsp;<\/p>\n<div><strong><span style=\"color: #800080;\">Cita Previa<\/span><\/strong><\/div>\n<div>La Delegaci\u00f3n dispone de servicio de Cita Previa [https:\/\/caIendar.googIe.com\/caIendar\/u\/O\/appointments\/scheduIes\/AcZssZlCCE It6RSzv6sOfi Ebfcmh-TO5ksFUwCnWVSIyEoJoCTsydzBOzc13r13jeJEd56zuyOBlZOT] para los siguientes asuntos:<\/div>\n<div><\/div>\n<div>\u25cf Pr\u00e9stamo de materiales<br \/>\n\u25cf Orientaci\u00f3n y asesoramiento<br \/>\n\u25cf Otros temas de inter\u00e9s para la comunidad estudiantil<\/div>\n<p>&nbsp;<\/p>\n<div>La estructura de la Delegaci\u00f3n de Estudiantes se sustenta en los representantes del alumnado.<\/div>\n<\/div>\n<div><\/div>\n<div>\n<div><strong><span style=\"color: #800080;\">Presidencia<\/span><\/strong><br \/>\nB\u00e1rbara Rebeca Trujillo Fern\u00e1ndez<\/div>\n<div><\/div>\n<div>\n<p><strong><span style=\"color: #800080;\">Vicepresidencia<\/span><\/strong><br \/>\nErik Yanes Nordstrom<\/p>\n<p><strong><span style=\"color: #800080;\">Secretar\u00eda<\/span><\/strong><br \/>\nMar\u00eda de los \u00c1ngeles Mill\u00e1n Diez<\/p>\n<p><span style=\"color: #800080;\"><strong>Tesorer\u00eda<\/strong><\/span><br \/>\nVanessa G\u00f3mez Ocampo<\/p>\n<p><span style=\"color: #800080;\"><strong>Vocal\u00eda de redes sociales y creaci\u00f3n de contenido<\/strong><\/span><\/p>\n<p>\u25cf Jonay Ure\u00f1a Castellano<br \/>\n\u25cf Luca Sado<br \/>\n\u25cf Paula Alay\u00f3n de la Rosa<br \/>\n\u25cf Aitana Spruyt Garcia<\/p>\n<p><strong><span style=\"color: #800080;\">Vocal\u00eda de taquillas<\/span><\/strong><br \/>\n\u25cf Adri\u00e1n S\u00e1nchez Hern\u00e1ndez<br \/>\n\u25cf Maxime Ram\u00edrez de Armas<br \/>\n\u25cf Aisha Garc\u00eda Medina<br \/>\n\u25cf Isael Gonz\u00e1lez Hern\u00e1ndez<\/p>\n<p><span style=\"color: #800080;\"><strong>Vocal\u00eda de pr\u00e9stamo de materiales<\/strong><\/span><br \/>\nMarina Ojeda Tacoronte<\/p>\n<p><strong><span style=\"color: #800080;\">Asociaciones estudiantiles<\/span><\/strong><\/p>\n<\/div>\n<div>DARC. Es una iniciativa estudiantil, dedicada a promover y visibilizar el arte emergente estudiantil. Entre sus acciones se realizan mercadillos, charlas, talleres, exposiciones y actividades culturales que buscan fomentar la creatividad, el intercambio art\u00edstico y la colaboraci\u00f3n entre estudiantes de distintas disciplinas.<\/div>\n<div><\/div>\n<p>&nbsp;<\/p>\n<div>Instagram: <a href=\"https:\/\/www.instagram.com\/semanadarc\/\" target=\"_blank\" rel=\"noopener\">Osemanadarc<\/a> <a href=\"http:\/\/www.instagram.com\/semanadarc\" target=\"_blank\" rel=\"noopener\">[https:\/\/www.instagram.com\/semanadarc{<\/a><\/div>\n<div>\n<p>Tiktok: <a href=\"https:\/\/www.tiktok.com\/%40semanadarc\" target=\"_blank\" rel=\"noopener\">@semanadarc<\/a> <a href=\"https:\/\/www.tiktok.com\/%40semanadarc\" target=\"_blank\" rel=\"noopener\">[https:\/\/www.tiktok.com\/@semanadarc]<\/a><\/p>\n<p>X: <a href=\"https:\/\/x.com\/semanadarc\" target=\"_blank\" rel=\"noopener\">@semanadarc<\/a> [https:\/\/x.com\/semanadarc]<\/p>\n<\/div>\n<div><\/div>\n<\/div>\n<p>[\/vc_column_text][\/vc_column][vc_column width=\u00bb1\/3&#8243;][vc_column_text el_class=\u00bbcontacto\u00bb]\n<ul class=\"widget-box\">\n<li class='contacto-header'>Informaci\u00f3n de contacto<\/li><li><i class=\"fa fa-map-marker\"><\/i> Calle Radio Aficionados s\/n. Campus de Guajara.  Apartado 456. C\u00f3digo postal 38200. San Crist\u00f3bal de La Laguna. S\/C Tenerife<\/li><li><i class=\"fa fa-phone\"><\/i> (+34) 922 31 97 30<\/li><li><i class=\"fa fa-envelope\"><\/i>  <a href=mailto:secbbaa@ull.es>secbbaa@ull.es<\/a><\/li><li><i class=\"fa fa-calendar\"><\/i><a href=\"http:\/\/citaprevia.ull.es\/serv_list.php?p=index\"> Cita previa<\/a><\/li><li><i class=\"fa fa-archive\"><\/i><a href=\"https:\/\/sede.ull.es\/ecivilis-site\/catalog\/showProcedure\/484\"> Procedimiento para quejas, sugerencias y felicitaciones<\/a><\/li>\n<\/ul>\n\n[\/vc_column_text][\/vc_column][\/vc_row][vc_row][vc_column][\/vc_column][\/vc_row]<\/p>\n","protected":false},"excerpt":{"rendered":"<p>[vc_row full_width=\u00bbstretch_row_content_no_spaces\u00bb el_class=\u00bbSliderPortada\u00bb css=\u00bb.vc_custom_1745237111535{margin-top: -100px !important;}\u00bb][vc_column][rev_slider_vc alias=\u00bbportada\u00bb][\/vc_column][\/vc_row][vc_row full_width=\u00bbstretch_row_content_no_spaces\u00bb][vc_column][vc_custom_heading text=\u00bb\u00bb font_container=\u00bbtag:h2|text_align:center\u00bb google_fonts=\u00bbfont_family:Montserrat%3Aregular%2C700|font_style:700%20bold%20regular%3A700%3Anormal\u00bb css=\u00bb.vc_custom_1721221176088{padding-top: 15px !important;padding-bottom: 15px !important;background-color: #360060 !important;}\u00bb][\/vc_column][\/vc_row][vc_row css=\u00bb.vc_custom_1745233821598{margin-top: 50px !important;}\u00bb][vc_column width=\u00bb2\/3&#8243; el_class=\u00bbpadding-50-right\u00bb css=\u00bb.vc_custom_1494506721665{padding-right: 50px !important;}\u00bb][vc_column_text] Organizaci\u00f3n estudiantil [\/vc_column_text][vc_empty_space][vc_column_text]Delegaci\u00f3n de Alumnos de la Facultad de Bellas Artes La representaci\u00f3n del alumnado de la Facultad de Bellas Artes, se estructura a trav\u00e9s de la Delegaci\u00f3n de&#8230;<\/p>\n","protected":false},"author":37,"featured_media":0,"parent":0,"menu_order":0,"comment_status":"closed","ping_status":"closed","template":"templates\/template-frontpage.php","meta":[],"acf":[],"_links":{"self":[{"href":"https:\/\/www.ull.es\/centros\/facultad-bellas-artes\/wp-json\/wp\/v2\/pages\/30"}],"collection":[{"href":"https:\/\/www.ull.es\/centros\/facultad-bellas-artes\/wp-json\/wp\/v2\/pages"}],"about":[{"href":"https:\/\/www.ull.es\/centros\/facultad-bellas-artes\/wp-json\/wp\/v2\/types\/page"}],"author":[{"embeddable":true,"href":"https:\/\/www.ull.es\/centros\/facultad-bellas-artes\/wp-json\/wp\/v2\/users\/37"}],"replies":[{"embeddable":true,"href":"https:\/\/www.ull.es\/centros\/facultad-bellas-artes\/wp-json\/wp\/v2\/comments?post=30"}],"version-history":[{"count":13,"href":"https:\/\/www.ull.es\/centros\/facultad-bellas-artes\/wp-json\/wp\/v2\/pages\/30\/revisions"}],"predecessor-version":[{"id":547,"href":"https:\/\/www.ull.es\/centros\/facultad-bellas-artes\/wp-json\/wp\/v2\/pages\/30\/revisions\/547"}],"wp:attachment":[{"href":"https:\/\/www.ull.es\/centros\/facultad-bellas-artes\/wp-json\/wp\/v2\/media?parent=30"}],"curies":[{"name":"wp","href":"https:\/\/api.w.org\/{rel}","templated":true}]}}