{"id":32,"date":"2018-10-30T11:41:21","date_gmt":"2018-10-30T11:41:21","guid":{"rendered":"http:\/\/www.ull.es\/centros\/facultad-bellas-artes\/?page_id=32"},"modified":"2025-04-21T14:56:18","modified_gmt":"2025-04-21T14:56:18","slug":"orientacion-y-tutorizacion","status":"publish","type":"page","link":"https:\/\/www.ull.es\/centros\/facultad-bellas-artes\/orientacion-y-tutorizacion\/","title":{"rendered":"Orientaci\u00f3n y tutorizaci\u00f3n"},"content":{"rendered":"<p>[vc_row full_width=\u00bbstretch_row_content_no_spaces\u00bb el_class=\u00bbSliderPortada\u00bb css=\u00bb.vc_custom_1745237111535{margin-top: -100px !important;}\u00bb][vc_column][rev_slider_vc alias=\u00bbportada\u00bb][\/vc_column][\/vc_row][vc_row full_width=\u00bbstretch_row_content_no_spaces\u00bb][vc_column][vc_custom_heading text=\u00bb\u00bb font_container=\u00bbtag:h2|text_align:center\u00bb google_fonts=\u00bbfont_family:Montserrat%3Aregular%2C700|font_style:700%20bold%20regular%3A700%3Anormal\u00bb css=\u00bb.vc_custom_1721221176088{padding-top: 15px !important;padding-bottom: 15px !important;background-color: #360060 !important;}\u00bb][\/vc_column][\/vc_row][vc_row css=\u00bb.vc_custom_1745233821598{margin-top: 50px !important;}\u00bb][vc_column width=\u00bb2\/3&#8243; el_class=\u00bbpadding-50-right\u00bb css=\u00bb.vc_custom_1494506721665{padding-right: 50px !important;}\u00bb][vc_column_text]<\/p>\n<h1 style=\"text-align: left;\">Orientaci\u00f3n y Tutorizaci\u00f3n<\/h1>\n<p>[\/vc_column_text][vc_tta_accordion shape=\u00bbsquare\u00bb c_icon=\u00bbchevron\u00bb c_position=\u00bbright\u00bb active_section=\u00bb0&#8243; no_fill=\u00bbtrue\u00bb collapsible_all=\u00bbtrue\u00bb][vc_tta_section title=\u00bbPlan de orientaci\u00f3n y tutor\u00eda\u00bb tab_id=\u00bbplan-de-orientacion\u00bb][vc_column_text]<\/p>\n<div>Los centros de la ULL ponen en marcha, cada curso acad\u00e9mico, los Planes de Orientaci\u00f3n y Acci\u00f3n Tutorial (POAT) a desarrollar en sus titulaciones para proporcionar a los estudiantes sistemas de apoyo y orientaci\u00f3n una vez matriculados.<\/div>\n<div>Las actividades formativas, incluidas en el POAT, abordan diversas tem\u00e1ticas a trav\u00e9s de las que pretende facilitar al alumnado su toma de decisiones acad\u00e9mico-profesional en sus diferentes etapas (acogida e integraci\u00f3n en el centro y la universidad, orientaci\u00f3n a lo largo de la titulaci\u00f3n y para su incorporaci\u00f3n al mercado laboral), que le permita superar con \u00e9xito la titulaci\u00f3n y adaptarse a las nuevas demandas: estrategias de aprendizaje aut\u00f3nomo, trabajo en equipo, mejora de resultados de rendimiento acad\u00e9mico, resoluci\u00f3n de dificultades, informaci\u00f3n y asesoramiento sobre pr\u00e1cticas externas y trabajo fin de grado, orientaci\u00f3n sobre los programas de movilidad existentes, exigencias y caracter\u00edsticas del mercado laboral, etc.<\/div>\n<div>Al estar matriculado en la ULL el alumnado de la titulaci\u00f3n puede participar en el POAT de su centro, benefici\u00e1ndose de:<\/div>\n<ul>\n<li>Las actividades de formaci\u00f3n e informaci\u00f3n proporcionadas a lo largo de la titulaci\u00f3n.<\/li>\n<li>El asesoramiento del profesorado-tutor, que le apoyar\u00e1 en sus inquietudes intelectuales, acad\u00e9micas y profesionales.<\/li>\n<li>Su reconocimiento en cr\u00e9ditos ECTS \u2013 1 por curso acad\u00e9mico-, tal y como se recoge en el Reglamento de Reconocimiento de Cr\u00e9ditos por Participaci\u00f3n en Actividades Universitarias en Ense\u00f1anzas Oficiales de Grado.<\/li>\n<\/ul>\n<div>\n<p><a href=\"https:\/\/drive.google.com\/file\/d\/1YT6_BjrlWF89ta2A8vEV-3B356z01MjL\/view?usp=sharing\" target=\"_blank\" rel=\"noopener\" target=\"_blank\" rel=\"noopener\"><strong>Plan de Orientaci\u00f3n y Acci\u00f3n Tutorial de la Facultad de Bellas Artes\u00a0<\/strong><\/a><\/p>\n<p><strong><a href=\"https:\/\/drive.google.com\/drive\/folders\/1PgghhGOxFVWLmZQFgAHPpqnrNBL56E5J?usp=sharing\" target=\"_blank\" rel=\"noopener\" data-saferedirecturl=\"https:\/\/www.google.com\/url?q=https:\/\/drive.google.com\/drive\/folders\/1PgghhGOxFVWLmZQFgAHPpqnrNBL56E5J?usp%3Dsharing&amp;source=gmail&amp;ust=1663839577404000&amp;usg=AOvVaw1mcpdvAxeFAkmGiPAiD8y4\" target=\"_blank\" rel=\"noopener\">POAT. Cursos anteriores<\/a><\/strong><\/p>\n<\/div>\n<div><\/div>\n<p>[\/vc_column_text][\/vc_tta_section][vc_tta_section title=\u00bbTutores de Carrera\u00bb tab_id=\u00bbtutores-de-carrera\u00bb][vc_column_text]La tutor\u00eda de carrera o de itinerario acad\u00e9mico se podr\u00eda definir como la tarea que realiza un profesor que se preocupa por la formaci\u00f3n integral de un grupo de estudiantes a lo largo de los estudios. El programa de tutor\u00eda de carrera de la Facultad de Bellas Artes va encaminado, b\u00e1sicamente, a atender una serie de \u00e1reas prioritarias que tienen que ver con la orientaci\u00f3n y el desarrollo de la ense\u00f1anza.<\/p>\n<p><a href=\"https:\/\/docs.google.com\/document\/d\/1aO73qg1uxVtHnvK7ESlFb-TJPKLUKwEqJCiuqlTwb9Y\/edit?usp=sharing\" target=\"_blank\" rel=\"noopener\"><strong>Tutores de carrera<\/strong><\/a>[\/vc_column_text][\/vc_tta_section][vc_tta_section title=\u00bbAcciones, actividades y planificaci\u00f3n temporal\u00bb tab_id=\u00bbacciones\u00bb][vc_column_text]<\/p>\n<div>El POAT se articula en acciones secuenciadas siguiendo una estructura l\u00f3gica, acorde a las fases de acogida, seguimiento y orientaci\u00f3n profesional, para cada curso de grado de las titulaciones del centro, en funci\u00f3n de los objetivos, necesidades y demandas de informaci\u00f3n, formaci\u00f3n y orientaci\u00f3n de los estudiantes. Se desarrollar\u00e1n en gran grupo, peque\u00f1os grupos o seminarios y tutor\u00edas individualizadas, y podr\u00e1n realizarse tanto de manera presencial como virtual (aulas virtuales, correo electr\u00f3nico, chat, etc.). La informaci\u00f3n se difunde siguiendo el procedimiento de informaci\u00f3n p\u00fablica, utiliz\u00e1ndose tambi\u00e9n todos aquellos otros medios de difusi\u00f3n que se consideren oportunas para transmitir las acciones de orientaci\u00f3n y tutor\u00eda: tablones de anuncios, mails, redes sociales, etc.<\/div>\n<div><\/div>\n<div><a href=\"https:\/\/docs.google.com\/document\/d\/1HIADLTrxTHr40UqhqUS6vkQAX1Mgj-beKEwAdvLhSbM\/edit?usp=sharing\" target=\"_blank\" rel=\"noopener\" target=\"_blank\" rel=\"noopener\"><strong>Acciones, actividades y planificaci\u00f3n temporal<\/strong><\/a><\/div>\n<p>[\/vc_column_text][\/vc_tta_section][vc_tta_section title=\u00bbHorario de tutor\u00edas acad\u00e9micas\u00bb tab_id=\u00bbhorario-de-tutorias\u00bb][vc_column_text]<a href=\"https:\/\/www.ull.es\/apps\/guias\/guias\/view_teachers_school\/Facultad%20de%20Bellas%20Artes\/\" target=\"_blank\" rel=\"noopener\">Horarios de tutor\u00edas acad\u00e9micas<\/a> de todos los profesores que imparten docencia en las titulaciones de la Facultad de Bellas Artes.[\/vc_column_text][\/vc_tta_section][\/vc_tta_accordion][\/vc_column][vc_column width=\u00bb1\/3&#8243;][vc_column_text el_class=\u00bbcontacto\u00bb]\n<ul class=\"widget-box\">\n<li class='contacto-header'>Informaci\u00f3n de contacto<\/li><li><i class=\"fa fa-map-marker\"><\/i> Calle Radio Aficionados s\/n. Campus de Guajara.  Apartado 456. C\u00f3digo postal 38200. San Crist\u00f3bal de La Laguna. S\/C Tenerife<\/li><li><i class=\"fa fa-phone\"><\/i> (+34) 922 31 97 30<\/li><li><i class=\"fa fa-envelope\"><\/i>  <a href=mailto:secbbaa@ull.es>secbbaa@ull.es<\/a><\/li><li><i class=\"fa fa-calendar\"><\/i><a href=\"http:\/\/citaprevia.ull.es\/serv_list.php?p=index\"> Cita previa<\/a><\/li><li><i class=\"fa fa-archive\"><\/i><a href=\"https:\/\/sede.ull.es\/ecivilis-site\/catalog\/showProcedure\/484\"> Procedimiento para quejas, sugerencias y felicitaciones<\/a><\/li>\n<\/ul>\n\n[\/vc_column_text][\/vc_column][\/vc_row]<\/p>\n","protected":false},"excerpt":{"rendered":"<p>[vc_row full_width=\u00bbstretch_row_content_no_spaces\u00bb el_class=\u00bbSliderPortada\u00bb css=\u00bb.vc_custom_1745237111535{margin-top: -100px !important;}\u00bb][vc_column][rev_slider_vc alias=\u00bbportada\u00bb][\/vc_column][\/vc_row][vc_row full_width=\u00bbstretch_row_content_no_spaces\u00bb][vc_column][vc_custom_heading text=\u00bb\u00bb font_container=\u00bbtag:h2|text_align:center\u00bb google_fonts=\u00bbfont_family:Montserrat%3Aregular%2C700|font_style:700%20bold%20regular%3A700%3Anormal\u00bb css=\u00bb.vc_custom_1721221176088{padding-top: 15px !important;padding-bottom: 15px !important;background-color: #360060 !important;}\u00bb][\/vc_column][\/vc_row][vc_row css=\u00bb.vc_custom_1745233821598{margin-top: 50px !important;}\u00bb][vc_column width=\u00bb2\/3&#8243; el_class=\u00bbpadding-50-right\u00bb css=\u00bb.vc_custom_1494506721665{padding-right: 50px !important;}\u00bb][vc_column_text] Orientaci\u00f3n y Tutorizaci\u00f3n [\/vc_column_text][vc_tta_accordion shape=\u00bbsquare\u00bb c_icon=\u00bbchevron\u00bb c_position=\u00bbright\u00bb active_section=\u00bb0&#8243; no_fill=\u00bbtrue\u00bb collapsible_all=\u00bbtrue\u00bb][vc_tta_section title=\u00bbPlan de orientaci\u00f3n y tutor\u00eda\u00bb tab_id=\u00bbplan-de-orientacion\u00bb][vc_column_text] Los centros de la ULL ponen en marcha, cada curso acad\u00e9mico, los Planes&#8230;<\/p>\n","protected":false},"author":37,"featured_media":0,"parent":0,"menu_order":0,"comment_status":"closed","ping_status":"closed","template":"templates\/template-frontpage.php","meta":[],"acf":[],"_links":{"self":[{"href":"https:\/\/www.ull.es\/centros\/facultad-bellas-artes\/wp-json\/wp\/v2\/pages\/32"}],"collection":[{"href":"https:\/\/www.ull.es\/centros\/facultad-bellas-artes\/wp-json\/wp\/v2\/pages"}],"about":[{"href":"https:\/\/www.ull.es\/centros\/facultad-bellas-artes\/wp-json\/wp\/v2\/types\/page"}],"author":[{"embeddable":true,"href":"https:\/\/www.ull.es\/centros\/facultad-bellas-artes\/wp-json\/wp\/v2\/users\/37"}],"replies":[{"embeddable":true,"href":"https:\/\/www.ull.es\/centros\/facultad-bellas-artes\/wp-json\/wp\/v2\/comments?post=32"}],"version-history":[{"count":31,"href":"https:\/\/www.ull.es\/centros\/facultad-bellas-artes\/wp-json\/wp\/v2\/pages\/32\/revisions"}],"predecessor-version":[{"id":518,"href":"https:\/\/www.ull.es\/centros\/facultad-bellas-artes\/wp-json\/wp\/v2\/pages\/32\/revisions\/518"}],"wp:attachment":[{"href":"https:\/\/www.ull.es\/centros\/facultad-bellas-artes\/wp-json\/wp\/v2\/media?parent=32"}],"curies":[{"name":"wp","href":"https:\/\/api.w.org\/{rel}","templated":true}]}}