{"id":34,"date":"2018-10-30T11:42:01","date_gmt":"2018-10-30T11:42:01","guid":{"rendered":"http:\/\/www.ull.es\/centros\/facultad-bellas-artes\/?page_id=34"},"modified":"2026-02-05T11:10:44","modified_gmt":"2026-02-05T11:10:44","slug":"programas-de-movilidad","status":"publish","type":"page","link":"https:\/\/www.ull.es\/centros\/facultad-bellas-artes\/programas-de-movilidad\/","title":{"rendered":"Programas de movilidad"},"content":{"rendered":"<p>[vc_row full_width=\u00bbstretch_row_content_no_spaces\u00bb el_class=\u00bbSliderPortada\u00bb css=\u00bb.vc_custom_1745237111535{margin-top: -100px !important;}\u00bb][vc_column][rev_slider_vc alias=\u00bbportada\u00bb][\/vc_column][\/vc_row][vc_row full_width=\u00bbstretch_row_content_no_spaces\u00bb][vc_column][vc_custom_heading text=\u00bb\u00bb font_container=\u00bbtag:h2|text_align:center\u00bb google_fonts=\u00bbfont_family:Montserrat%3Aregular%2C700|font_style:700%20bold%20regular%3A700%3Anormal\u00bb css=\u00bb.vc_custom_1721221176088{padding-top: 15px !important;padding-bottom: 15px !important;background-color: #360060 !important;}\u00bb][\/vc_column][\/vc_row][vc_row css=\u00bb.vc_custom_1745233821598{margin-top: 50px !important;}\u00bb][vc_column width=\u00bb2\/3&#8243; el_class=\u00bbpadding-50-right\u00bb css=\u00bb.vc_custom_1494506721665{padding-right: 50px !important;}\u00bb][vc_column_text]<\/p>\n<h1 style=\"text-align: left;\">Programas de movilidad<\/h1>\n<h2 style=\"text-align: left;\">Facultad de Bellas Artes<\/h2>\n<p>[\/vc_column_text][vc_tta_accordion shape=\u00bbsquare\u00bb c_icon=\u00bbchevron\u00bb c_position=\u00bbright\u00bb active_section=\u00bb0&#8243; no_fill=\u00bbtrue\u00bb collapsible_all=\u00bbtrue\u00bb][vc_tta_section title=\u00bbMovilidad nacional\u00bb tab_id=\u00bbmovilidad-nacional\u00bb][vc_column_text]<\/p>\n<h3 style=\"text-align: left;\">Programa de intercambio SICUE (Sistema de Intercambio entre Centros Universitarios Espa\u00f1oles)<\/h3>\n<p style=\"text-align: left;\">Por medio de este sistema el estudiantado de las universidades espa\u00f1olas puede realizar una parte de sus estudios en otra universidad distinta a la suya, con garant\u00edas de reconocimiento acad\u00e9mico y de aprovechamiento, as\u00ed como de adecuaci\u00f3n a su perfil curricular.<\/p>\n<p style=\"text-align: left;\">Este sistema de intercambio tiene en cuenta el valor formativo del intercambio, al hacer posible que el estudiante experimente sistemas docentes distintos, incluidos el r\u00e9gimen de pr\u00e1cticas, as\u00ed como los distintos aspectos sociales y culturales de otras Autonom\u00edas y ciudades aut\u00f3nomas.<\/p>\n<p>El intercambio de estudiantes se basar\u00e1 en la confianza entre las instituciones, la transparencia informativa, la reciprocidad y la flexibilidad.<\/p>\n<h3 style=\"text-align: left;\">Coordinador de movilidad nacional<\/h3>\n<p style=\"text-align: left;\">David Cort\u00e9s Santamarta, <a href=\"mailto:dcortess@ull.edu.es\" target=\"_blank\" rel=\"noopener\" target=\"_blank\" rel=\"noopener\">dcortess@ull.es<\/a><\/p>\n<p style=\"text-align: left;\">Puedes ampliar informaci\u00f3n sobre el programa Sicue-S\u00e9neca en el siguiente\u00a0<a href=\"https:\/\/www.ull.es\/portal\/convocatorias\/categorias\/sicue\/\" target=\"_blank\" rel=\"noopener noreferrer\" target=\"_blank\" rel=\"noopener\"><strong>enlace<\/strong><\/a><\/p>\n<p>[\/vc_column_text][\/vc_tta_section][vc_tta_section title=\u00bbMovilidad internacional\u00bb tab_id=\u00bbmovilidad-internacional\u00bb][vc_column_text]La Facultad de Bellas Artes ha participado activamente desde sus comienzos en el programa de movilidad internacional Erasmus. Actualmente nuestro Centro tiene convenios para la movilidad con instituciones de educaci\u00f3n superior en los siguientes destinos: Portugal, Francia, Alemania, B\u00e9lgica, Italia, Grecia, Eslovenia, Polonia y Ruman\u00eda.<\/p>\n<div>\n<ul>\n<li><a href=\"https:\/\/www.ull.es\/apps\/erasmuspublic\/ConsultaIntercambios\" target=\"_blank\" rel=\"noopener\">Consulta de destinos de movilidad Erasmus por grados<\/a><\/li>\n<li><a href=\"https:\/\/www.ull.es\/internacional\/erasmus\/estudios-salientes-movilidad-europea\/\" target=\"_blank\" rel=\"noopener\">Portal Erasmus oficial de la Universidad de La Laguna<\/a><\/li>\n<\/ul>\n<\/div>\n<h3><strong>Erasmus+. Curso 2025-2026<\/strong><\/h3>\n<ol>\n<li><a href=\"https:\/\/drive.google.com\/file\/d\/13erOBdf4degKBOiklpTBVdTXIRuckb_y\/view?usp=drive_link\" target=\"_blank\" rel=\"noopener\" target=\"_blank\" rel=\"noopener\">Listado provisional admisi\u00f3n y exclusi\u00f3n Erasmus+ Estudios curso 2025-2026<\/a><\/li>\n<li><a href=\"https:\/\/drive.google.com\/file\/d\/1ektnAC-Ms-i7_ek6eDIVj3wLNGr0LFIV\/view?usp=drive_link\" target=\"_blank\" rel=\"noopener\" target=\"_blank\" rel=\"noopener\">Listado definitivo de admitidos y excluidos movilidad Erasmus+, curso 2025-2026<\/a><\/li>\n<li><a href=\"https:\/\/drive.google.com\/file\/d\/16Y5aocA5ZHsMPhiH7kINhGAAwg87SSxx\/view?usp=drive_link\" target=\"_blank\" rel=\"noopener\" target=\"_blank\" rel=\"noopener\">Listado de la propuesta provisional de adjudicaci\u00f3n de plazas y lista de espera de la convocatoria Erasmus+ estudios curso 2025-2026<\/a><\/li>\n<li><a href=\"https:\/\/drive.google.com\/file\/d\/1NG7LCd8KUoJDDOHGnLbZ0k6w6BbCe5qw\/view?usp=drive_link\" target=\"_blank\" rel=\"noopener\" target=\"_blank\" rel=\"noopener\">Listado de la Propuesta definitiva de adjudicaci\u00f3n de plazas y lista de espera de la convocatoria Erasmus+ estudios curso 2025-2026<\/a><\/li>\n<\/ol>\n<h3><strong>Erasmus+. Curso 2024-2025<\/strong><\/h3>\n<div>\n<h3><a href=\"https:\/\/www.ull.es\/portal\/convocatorias\/convocatoria\/convocatoria-erasmus-estudios-sms-2024-2025\/\" target=\"_blank\" rel=\"noopener\" target=\"_blank\" rel=\"noopener\">Convocatoria Erasmus+ Estudios SMS 2024-2025<\/a><\/h3>\n<\/div>\n<ol>\n<li><a href=\"https:\/\/drive.google.com\/file\/d\/1ypx35CRZwhLeIYL9UlTL5lMNUp70uFnJ\/view?usp=sharing\" target=\"_blank\" rel=\"noopener\">Listado provisional admisi\u00f3n y exclusi\u00f3n Erasmus+ Estudios curso 2024-25<\/a><\/li>\n<li><a href=\"https:\/\/drive.google.com\/file\/d\/1rCgDpkAwul77gaBexJVdVLf_eXSmzBRm\/view?usp=drive_link\" target=\"_blank\" rel=\"noopener\">Listado definitivo admisi\u00f3n y exclusi\u00f3n Erasmus+ Estudios curso 2024-25<\/a><\/li>\n<li><a href=\"https:\/\/drive.google.com\/file\/d\/1KyuPwnjAw7Dj3Ath3hfgCnI0uLcXdtlC\/view?usp=drive_link\" target=\"_blank\" rel=\"noopener\">Listado provisional de adjudicaci\u00f3n de destinos Erasmus+ curso 2024-25<\/a><\/li>\n<li><a href=\"https:\/\/drive.google.com\/file\/d\/1tOKs19opOrUthG2O1ckn2XWJwZ8fJd9E\/view?usp=drive_link\" target=\"_blank\" rel=\"noopener\">Listado definitivo de adjudicaci\u00f3n de destinos Erasmus\u00a0+ curso 2024-25<\/a><\/li>\n<\/ol>\n<p>&nbsp;<\/p>\n<h3><a href=\"https:\/\/www.ull.es\/portal\/erasmus\/\" target=\"_blank\" rel=\"noopener\"><strong>Portal Erasmus<\/strong><\/a><\/h3>\n<p>&nbsp;<\/p>\n<h3><a href=\"https:\/\/www.ull.es\/internacional\/pdi-pas\/\" target=\"_blank\" rel=\"noopener\"><strong>Erasmus + para PDI\/PAS<\/strong><\/a><\/h3>\n<p><a href=\"https:\/\/www.ull.es\/portal\/erasmus\/movilidad\/erasmus-pdi-pas-salientes\/\" target=\"_blank\" rel=\"noopener\" data-saferedirecturl=\"https:\/\/www.google.com\/url?q=https:\/\/www.ull.es\/portal\/erasmus\/movilidad\/erasmus-pdi-pas-salientes\/&amp;source=gmail&amp;ust=1710331993919000&amp;usg=AOvVaw23_XlqR6AQXm9K4xJ3hAng\" target=\"_blank\" rel=\"noopener\">Convocatoria 2024-2025 para PTGAS\/PDI<\/a><\/p>\n<p><strong>Normativa<\/strong><\/p>\n<ol>\n<li><a href=\"https:\/\/www.ull.es\/portal\/erasmus\/movilidad\/erasmus-estudios-salientes\/\" target=\"_blank\" rel=\"noopener\">Convocatoria Erasmus+ Student Mobility for Studies (SMS) para el curso 2022-23<\/a><\/li>\n<li><a href=\"https:\/\/www.ull.es\/portal\/convocatorias\/convocatoria\/resolucion-de-2-de-febrero-de-2022-por-la-que-se-convocan-plazas-de-movilidad-europea-de-estudiantes-correspondientes-al-curso-2022-2023-en-el-marco-del-programa-erasmus-en-la-modalidad-de-movilid\/\" target=\"_blank\" rel=\"noopener\">Enlace tramitaci\u00f3n Erasmus + Estudios <\/a>(28 de enero plazo m\u00e1x. solicitudes)<\/li>\n<li><a href=\"https:\/\/www.ull.es\/portal\/erasmus\/movilidad\/erasmus-practicas-salientes\/#como-solicitarla\" target=\"_blank\" rel=\"noopener\">Enlace tramitaci\u00f3n Erasmus + Pr\u00e1cticas<\/a> (28 de enero plazo m\u00e1x. solicitudes)<\/li>\n<li><a href=\"https:\/\/drive.google.com\/file\/d\/1Wb8-TfczglNkRMentEp3luEwAguML91v\/view?usp=sharing\" target=\"_blank\" rel=\"noopener\">Tabla de destinos para el curso 2022-23<\/a><\/li>\n<\/ol>\n<p>[\/vc_column_text][\/vc_tta_section][vc_tta_section title=\u00bbCoordinaci\u00f3n de movilidad\u00bb tab_id=\u00bbcoordinacion-movilidad\u00bb][vc_column_text]<\/p>\n<h3 style=\"text-align: left;\">Coordinadora de movilidad internacional<\/h3>\n<p style=\"text-align: left;\">Cecile Meier (<a href=\"mailto:cemeier@ull.es\" target=\"_blank\" rel=\"noopener\">cemeier@ull.es<\/a>) (<a href=\"mailto:erasbbaa@ull.edu.es\" target=\"_blank\" rel=\"noopener\" target=\"_blank\" rel=\"noopener\">erasbbaa@ull.es<\/a>)<\/p>\n<h3 style=\"text-align: left;\">Comisi\u00f3n de Programas de Movilidad Internacional<\/h3>\n<p style=\"text-align: left;\">Noem\u00ed Pe\u00f1a S\u00e1nchez (Presidenta)<br \/>\nDavid Cort\u00e9s Santamarta (coordinador movilidad nacional)<br \/>\nCecile Meier (coordinadora movilidad internacional)<br \/>\nAdri\u00e1n Alem\u00e1n Bastarrica<br \/>\nJos\u00e9 Otero Cabrera<br \/>\nElisa Mar\u00eda D\u00edaz Gonz\u00e1lez<br \/>\nCarlos Jim\u00e9nez Mart\u00ednez<br \/>\nItahisa P\u00e9rez Conesa<br \/>\nMadeleine Lohrum Strancari<br \/>\nSof\u00eda Canales Sierra<\/p>\n<p>[\/vc_column_text][\/vc_tta_section][vc_tta_section title=\u00bbNormativa\u00bb tab_id=\u00bbnormativa\u00bb][vc_column_text]<\/p>\n<ul>\n<li>\n<p style=\"text-align: left;\"><a href=\"http:\/\/www.crue.org\/Boletin_SG\/SICUE\/2019\/Convocatoria_SICUE_2019-2020.pdf\" target=\"_blank\" rel=\"noopener\">Normativa Sistema de Intercambio entre Centros Universitarios Espa\u00f1oles (SICUE)<\/a><\/p>\n<\/li>\n<li>\n<p style=\"text-align: left;\"><a href=\"http:\/\/www.gobiernodecanarias.org\/boc\/2010\/242\/002.html\" target=\"_blank\" rel=\"noopener\">Resoluci\u00f3n de 23 de noviembre de 2010, por la que se dispone la publicaci\u00f3n de la Normativa que regula los procedimientos de los programas de movilidad internacional\u00a0de estudiantes de grado y posgrado con reconocimiento acad\u00e9mico, y reconocimiento de la gesti\u00f3n de los coordinadores de movilidad internacional y coordinadores\u00a0acad\u00e9micos de movilidad de los centros de la Universidad de La Laguna.<\/a><\/p>\n<\/li>\n<li><a href=\"http:\/\/www.gobiernodecanarias.org\/boc\/2014\/191\/002.html\" target=\"_blank\" rel=\"noopener\">Resoluci\u00f3n de 22 de septiembre de 2014, por la que se dispone la publicaci\u00f3n de la modificaci\u00f3n de la normativa que regula los procedimientos de los programas de\u00a0movilidad internacional de estudiantes de grado y posgrado con reconocimiento acad\u00e9mico, y reconocimiento de la gesti\u00f3n de los coordinadores de movilidad\u00a0internacional y coordinadores acad\u00e9micos de movilidad de los centros de la Universidad de La Laguna.<\/a><\/li>\n<\/ul>\n<p>[\/vc_column_text][\/vc_tta_section][\/vc_tta_accordion][\/vc_column][vc_column width=\u00bb1\/3&#8243;][vc_column_text el_class=\u00bbcontacto\u00bb]\n<ul class=\"widget-box\">\n<li class='contacto-header'>Informaci\u00f3n de contacto<\/li><li><i class=\"fa fa-map-marker\"><\/i> Calle Radio Aficionados s\/n. Campus de Guajara.  Apartado 456. C\u00f3digo postal 38200. San Crist\u00f3bal de La Laguna. S\/C Tenerife<\/li><li><i class=\"fa fa-phone\"><\/i> (+34) 922 31 97 30<\/li><li><i class=\"fa fa-envelope\"><\/i>  <a href=mailto:secbbaa@ull.es>secbbaa@ull.es<\/a><\/li><li><i class=\"fa fa-calendar\"><\/i><a href=\"http:\/\/citaprevia.ull.es\/serv_list.php?p=index\"> Cita previa<\/a><\/li><li><i class=\"fa fa-archive\"><\/i><a href=\"https:\/\/sede.ull.es\/ecivilis-site\/catalog\/showProcedure\/484\"> Procedimiento para quejas, sugerencias y felicitaciones<\/a><\/li>\n<\/ul>\n\n[\/vc_column_text][\/vc_column][\/vc_row]<\/p>\n","protected":false},"excerpt":{"rendered":"<p>[vc_row full_width=\u00bbstretch_row_content_no_spaces\u00bb el_class=\u00bbSliderPortada\u00bb css=\u00bb.vc_custom_1745237111535{margin-top: -100px !important;}\u00bb][vc_column][rev_slider_vc alias=\u00bbportada\u00bb][\/vc_column][\/vc_row][vc_row full_width=\u00bbstretch_row_content_no_spaces\u00bb][vc_column][vc_custom_heading text=\u00bb\u00bb font_container=\u00bbtag:h2|text_align:center\u00bb google_fonts=\u00bbfont_family:Montserrat%3Aregular%2C700|font_style:700%20bold%20regular%3A700%3Anormal\u00bb css=\u00bb.vc_custom_1721221176088{padding-top: 15px !important;padding-bottom: 15px !important;background-color: #360060 !important;}\u00bb][\/vc_column][\/vc_row][vc_row css=\u00bb.vc_custom_1745233821598{margin-top: 50px !important;}\u00bb][vc_column width=\u00bb2\/3&#8243; el_class=\u00bbpadding-50-right\u00bb css=\u00bb.vc_custom_1494506721665{padding-right: 50px !important;}\u00bb][vc_column_text] Programas de movilidad Facultad de Bellas Artes [\/vc_column_text][vc_tta_accordion shape=\u00bbsquare\u00bb c_icon=\u00bbchevron\u00bb c_position=\u00bbright\u00bb active_section=\u00bb0&#8243; no_fill=\u00bbtrue\u00bb collapsible_all=\u00bbtrue\u00bb][vc_tta_section title=\u00bbMovilidad nacional\u00bb tab_id=\u00bbmovilidad-nacional\u00bb][vc_column_text] Programa de intercambio SICUE (Sistema de Intercambio entre Centros Universitarios Espa\u00f1oles) Por&#8230;<\/p>\n","protected":false},"author":37,"featured_media":0,"parent":0,"menu_order":0,"comment_status":"closed","ping_status":"closed","template":"templates\/template-frontpage.php","meta":[],"acf":[],"_links":{"self":[{"href":"https:\/\/www.ull.es\/centros\/facultad-bellas-artes\/wp-json\/wp\/v2\/pages\/34"}],"collection":[{"href":"https:\/\/www.ull.es\/centros\/facultad-bellas-artes\/wp-json\/wp\/v2\/pages"}],"about":[{"href":"https:\/\/www.ull.es\/centros\/facultad-bellas-artes\/wp-json\/wp\/v2\/types\/page"}],"author":[{"embeddable":true,"href":"https:\/\/www.ull.es\/centros\/facultad-bellas-artes\/wp-json\/wp\/v2\/users\/37"}],"replies":[{"embeddable":true,"href":"https:\/\/www.ull.es\/centros\/facultad-bellas-artes\/wp-json\/wp\/v2\/comments?post=34"}],"version-history":[{"count":52,"href":"https:\/\/www.ull.es\/centros\/facultad-bellas-artes\/wp-json\/wp\/v2\/pages\/34\/revisions"}],"predecessor-version":[{"id":558,"href":"https:\/\/www.ull.es\/centros\/facultad-bellas-artes\/wp-json\/wp\/v2\/pages\/34\/revisions\/558"}],"wp:attachment":[{"href":"https:\/\/www.ull.es\/centros\/facultad-bellas-artes\/wp-json\/wp\/v2\/media?parent=34"}],"curies":[{"name":"wp","href":"https:\/\/api.w.org\/{rel}","templated":true}]}}