{"id":38,"date":"2018-10-30T11:44:17","date_gmt":"2018-10-30T11:44:17","guid":{"rendered":"http:\/\/www.ull.es\/centros\/facultad-bellas-artes\/?page_id=38"},"modified":"2025-11-17T12:24:16","modified_gmt":"2025-11-17T12:24:16","slug":"titulaciones","status":"publish","type":"page","link":"https:\/\/www.ull.es\/centros\/facultad-bellas-artes\/titulaciones\/","title":{"rendered":"Titulaciones"},"content":{"rendered":"<p>[vc_row full_width=\u00bbstretch_row_content_no_spaces\u00bb el_class=\u00bbSliderPortada\u00bb css=\u00bb.vc_custom_1745237111535{margin-top: -100px !important;}\u00bb][vc_column][rev_slider_vc alias=\u00bbportada\u00bb][\/vc_column][\/vc_row][vc_row full_width=\u00bbstretch_row_content_no_spaces\u00bb][vc_column][vc_custom_heading text=\u00bb\u00bb font_container=\u00bbtag:h2|text_align:center\u00bb google_fonts=\u00bbfont_family:Montserrat%3Aregular%2C700|font_style:700%20bold%20regular%3A700%3Anormal\u00bb css=\u00bb.vc_custom_1721221176088{padding-top: 15px !important;padding-bottom: 15px !important;background-color: #360060 !important;}\u00bb][\/vc_column][\/vc_row][vc_row css=\u00bb.vc_custom_1745233821598{margin-top: 50px !important;}\u00bb][vc_column width=\u00bb2\/3&#8243; el_class=\u00bbpadding-50-right\u00bb css=\u00bb.vc_custom_1494506721665{padding-right: 50px !important;}\u00bb][vc_column_text]<\/p>\n<h1 style=\"text-align: left;\">Titulaciones y Postgrados<\/h1>\n<p>[\/vc_column_text][vc_empty_space][vc_column_text]<\/p>\n<div class=\"shortcode-titulaciones\">\n<h2>Titulaciones<\/h2>\n<ul>\n<li><a href=\"https:\/\/www.ull.es\/grados\/diseno\/\" target=\"_blank\" rel=\"noopener\">Grado en Dise\u00f1o<\/a><\/li>\n<li><a href=\"https:\/\/www.ull.es\/grados\/conservacion-restauracion-bienes-culturales\/\" target=\"_blank\" rel=\"noopener\">Grado en Conservaci\u00f3n y Restauraci\u00f3n de Bienes Culturales<\/a><\/li>\n<li><a href=\"https:\/\/www.ull.es\/grados\/bellas-artes\/\" target=\"_blank\" rel=\"noopener\">Grado en Bellas Artes<\/a><\/li>\n<li><a href=\"https:\/\/www.ull.es\/grados\/bellas-artes-y-diseno\/\" target=\"_blank\" rel=\"noopener\" target=\"_blank\" rel=\"noopener\">Doble Grado en Bellas Artes y en Dise\u00f1o<\/a><\/li>\n<\/ul>\n<h2>Estudios de posgrado vinculados a las titulaciones del centro<\/h2>\n<ul>\n<li><a href=\"http:\/\/www.ull.es\/masteres\/uso-y-gestion-patrimonio-cultural\" target=\"_blank\" rel=\"noopener\">M\u00e1ster Universitario en Uso y Gesti\u00f3n del Patrimonio Cultural<\/a><\/li>\n<li><a href=\"https:\/\/www.ull.es\/masteres\/innovacion-en-diseno-para-el-sector-turistico\" target=\"_blank\" rel=\"noopener\">M\u00e1ster en Innovaci\u00f3n en Dise\u00f1o para el Sector Tur\u00edstico (Interuniversitario)<\/a> <span style=\"color: red!important;\">(en extinci\u00f3n)<\/span><\/li>\n<\/ul>\n<h2>Reconocimientos directos de cr\u00e9ditos<\/h2>\n<ul>\n<li><a href=\"https:\/\/drive.google.com\/file\/d\/1oFKKT1xlTIO0atW6Fexw3lzA5nDdbd4C\/view\" target=\"_blank\" rel=\"noopener noreferrer\" target=\"_blank\" rel=\"noopener\"><span class=\"gmail_default\">Grado en Bellas Artes<\/span><\/a><\/li>\n<li><a href=\"https:\/\/drive.google.com\/file\/d\/1InXsxY0Neg2Ol_sjJT46q-uiOh6shHtb\/view\" target=\"_blank\" rel=\"noopener noreferrer\" target=\"_blank\" rel=\"noopener\">Grado en Conservaci\u00f3n y Restauraci\u00f3n en Bienes Culturales<\/a><\/li>\n<li><a href=\"https:\/\/drive.google.com\/file\/d\/1nuonRNOn8k8KWUpGTraBPHTjrtfxWw3R\/view\" target=\"_blank\" rel=\"noopener noreferrer\" target=\"_blank\" rel=\"noopener\">Grado en Dise\u00f1o<\/a><\/li>\n<\/ul>\n<\/div>\n<p>[\/vc_column_text][\/vc_column][vc_column width=\u00bb1\/3&#8243;][vc_column_text]<\/p>\n<p style=\"text-align: left;\"><a class=\"btn-destacado\" href=\"https:\/\/drive.google.com\/file\/d\/1zRmT7y9MYfkGjtJaHMLkUCWclbmtR9Ou\/view\" target=\"_blank\" rel=\"noopener\">Plan de estudios del Grado en Bellas Artes<br \/>\n<i class=\"fa fa-arrow-right\"><\/i><\/a><\/p>\n<p>[\/vc_column_text][vc_column_text]<\/p>\n<p style=\"text-align: left;\"><a class=\"btn-destacado\" href=\"https:\/\/drive.google.com\/file\/d\/1FFKUkPgdxbeao2VqyU4t-4-NJXiZOpqK\/view\" target=\"_blank\" rel=\"noopener\">Plan de estudios del Grado en Conservaci\u00f3n y Restauraci\u00f3n<br \/>\n<i class=\"fa fa-arrow-right\"><\/i><\/a><\/p>\n<p>[\/vc_column_text][vc_column_text]<\/p>\n<p style=\"text-align: left;\"><a class=\"btn-destacado\" href=\"https:\/\/drive.google.com\/file\/d\/1rK1Ma9mPjpS4ugJJFPDsYX_sisRv_6US\/view\" target=\"_blank\" rel=\"noopener\">Plan de estudios del Grado en Dise\u00f1o<br \/>\n<i class=\"fa fa-arrow-right\"><\/i><\/a><\/p>\n<p>[\/vc_column_text][vc_column_text]<\/p>\n<p style=\"text-align: left;\"><a class=\"btn-destacado\" href=\"https:\/\/www.ull.es\/estudios-docencia\" target=\"_blank\" rel=\"noopener\">Consultar todas las titulaciones de la ULL<br \/>\n<i class=\"fa fa-arrow-right\"><\/i><\/a><\/p>\n<p>[\/vc_column_text][vc_column_text]<\/p>\n<h3>Enlaces de inter\u00e9s<\/h3>\n<ul>\n<li><a href=\"https:\/\/www.ull.es\/servicios\/negociado-de-atencion-tecnica\/\" target=\"_blank\" rel=\"noopener\">Negociado de Atenci\u00f3n T\u00e9cnica (NAT)<\/a><\/li>\n<li><a href=\"https:\/\/www.ull.es\/estudios-docencia\/calendario-academico\" target=\"_blank\" rel=\"noopener\">Calendario acad\u00e9mico<\/a><\/li>\n<\/ul>\n<p>[\/vc_column_text][\/vc_column][\/vc_row]<\/p>\n","protected":false},"excerpt":{"rendered":"<p>[vc_row full_width=\u00bbstretch_row_content_no_spaces\u00bb el_class=\u00bbSliderPortada\u00bb css=\u00bb.vc_custom_1745237111535{margin-top: -100px !important;}\u00bb][vc_column][rev_slider_vc alias=\u00bbportada\u00bb][\/vc_column][\/vc_row][vc_row full_width=\u00bbstretch_row_content_no_spaces\u00bb][vc_column][vc_custom_heading text=\u00bb\u00bb font_container=\u00bbtag:h2|text_align:center\u00bb google_fonts=\u00bbfont_family:Montserrat%3Aregular%2C700|font_style:700%20bold%20regular%3A700%3Anormal\u00bb css=\u00bb.vc_custom_1721221176088{padding-top: 15px !important;padding-bottom: 15px !important;background-color: #360060 !important;}\u00bb][\/vc_column][\/vc_row][vc_row css=\u00bb.vc_custom_1745233821598{margin-top: 50px !important;}\u00bb][vc_column width=\u00bb2\/3&#8243; el_class=\u00bbpadding-50-right\u00bb css=\u00bb.vc_custom_1494506721665{padding-right: 50px !important;}\u00bb][vc_column_text] Titulaciones y Postgrados [\/vc_column_text][vc_empty_space][vc_column_text] Titulaciones Grado en Dise\u00f1o Grado en Conservaci\u00f3n y Restauraci\u00f3n de Bienes Culturales Grado en Bellas Artes Doble Grado en Bellas Artes y en Dise\u00f1o Estudios&#8230;<\/p>\n","protected":false},"author":37,"featured_media":0,"parent":0,"menu_order":0,"comment_status":"closed","ping_status":"closed","template":"templates\/template-frontpage.php","meta":[],"acf":[],"_links":{"self":[{"href":"https:\/\/www.ull.es\/centros\/facultad-bellas-artes\/wp-json\/wp\/v2\/pages\/38"}],"collection":[{"href":"https:\/\/www.ull.es\/centros\/facultad-bellas-artes\/wp-json\/wp\/v2\/pages"}],"about":[{"href":"https:\/\/www.ull.es\/centros\/facultad-bellas-artes\/wp-json\/wp\/v2\/types\/page"}],"author":[{"embeddable":true,"href":"https:\/\/www.ull.es\/centros\/facultad-bellas-artes\/wp-json\/wp\/v2\/users\/37"}],"replies":[{"embeddable":true,"href":"https:\/\/www.ull.es\/centros\/facultad-bellas-artes\/wp-json\/wp\/v2\/comments?post=38"}],"version-history":[{"count":28,"href":"https:\/\/www.ull.es\/centros\/facultad-bellas-artes\/wp-json\/wp\/v2\/pages\/38\/revisions"}],"predecessor-version":[{"id":551,"href":"https:\/\/www.ull.es\/centros\/facultad-bellas-artes\/wp-json\/wp\/v2\/pages\/38\/revisions\/551"}],"wp:attachment":[{"href":"https:\/\/www.ull.es\/centros\/facultad-bellas-artes\/wp-json\/wp\/v2\/media?parent=38"}],"curies":[{"name":"wp","href":"https:\/\/api.w.org\/{rel}","templated":true}]}}