{"id":104,"date":"2017-11-16T09:03:08","date_gmt":"2017-11-16T09:03:08","guid":{"rendered":"http:\/\/www.ull.es\/centros\/escuela-superior-de-ingenieria-y-tecnologia\/?page_id=104"},"modified":"2025-11-17T12:26:37","modified_gmt":"2025-11-17T12:26:37","slug":"titulaciones","status":"publish","type":"page","link":"https:\/\/www.ull.es\/centros\/facultad-ciencias\/docencia\/titulaciones\/","title":{"rendered":"Titulaciones"},"content":{"rendered":"<p>[vc_row full_width=\u00bbstretch_row_content_no_spaces\u00bb el_class=\u00bbSliderPortada\u00bb css=\u00bb.vc_custom_1745237111535{margin-top: -100px !important;}\u00bb][vc_column][rev_slider_vc alias=\u00bbportada\u00bb][\/vc_column][\/vc_row][vc_row full_width=\u00bbstretch_row_content_no_spaces\u00bb][vc_column][vc_custom_heading text=\u00bb\u00bb font_container=\u00bbtag:h2|text_align:center\u00bb google_fonts=\u00bbfont_family:Montserrat%3Aregular%2C700|font_style:700%20bold%20regular%3A700%3Anormal\u00bb css=\u00bb.vc_custom_1721221176088{padding-top: 15px !important;padding-bottom: 15px !important;background-color: #360060 !important;}\u00bb][\/vc_column][\/vc_row][vc_row css=\u00bb.vc_custom_1745233821598{margin-top: 50px !important;}\u00bb][vc_column width=\u00bb2\/3&#8243; el_class=\u00bbpadding-50-right\u00bb css=\u00bb.vc_custom_1494506721665{padding-right: 50px !important;}\u00bb][vc_column_text]<\/p>\n<p>[vc_row][vc_column width=\u00bb2\/3&#8243; css=\u00bb.vc_custom_1497269146939{padding-right: 50px !important;}\u00bb][vc_column_text]\n<style>\n    .shortcode-titulaciones h2 {\n        margin-bottom: 10px !important;\n    }\n\n    .shortcode-titulaciones label {\n        padding: 0 6px;\n        vertical-align: middle;\n        font-size: 12px;\n        letter-spacing: 0.4px;\n        border-radius: 2px;\n        font-weight: 500;\n    }\n\n<\/style>\n\n<div class=\"shortcode-titulaciones\">\n<h1>Titulaciones<\/h1>    <ul>\n                    <li>\n                                            <a href=\"https:\/\/www.ull.es\/grados\/quimica\">Grado en Qu\u00edmica<\/a>\n                            <\/li>\n                    <li>\n                                            <a href=\"https:\/\/www.ull.es\/grados\/matematicas\">Grado en Matem\u00e1ticas<\/a>\n                            <\/li>\n                    <li>\n                                            <a href=\"https:\/\/www.ull.es\/grados\/fisica\">Grado en F\u00edsica<\/a>\n                            <\/li>\n                    <li>\n                                            <a href=\"https:\/\/www.ull.es\/grados\/ciencias-ambientales\">Grado en Ciencias Ambientales<\/a>\n                            <\/li>\n                    <li>\n                                            <a href=\"https:\/\/www.ull.es\/grados\/biologia\/\">Grado en Biolog\u00eda<\/a>\n                            <\/li>\n            <\/ul>\n\n            <h3>Estudios de posgrado vinculados a las titulaciones del centro<\/h3>\n        <ul>\n                            <li>\n                                                <a href=\"https:\/\/www.ull.es\/doctorados\/quimica-ingenieria-quimica\">Doctorado en Qu\u00edmica e Ingenier\u00eda Qu\u00edmica<\/a>\n                                            <\/li>\n                            <li>\n                                                <a href=\"https:\/\/www.ull.es\/doctorados\/biodiversidad-conservacion\/\">Doctorado en Biolog\u00eda<\/a>\n                                            <\/li>\n                            <li>\n                                                <a href=\"https:\/\/www.ull.es\/doctorados\/astrofisica\/\">Doctorado en Astrof\u00edsica<\/a>\n                                            <\/li>\n                            <li>\n                                                <a href=\"https:\/\/www.ull.es\/doctorados\/matematicas-estadistica\/\">Doctorado Interuniversitario en Matem\u00e1tica y Estad\u00edstica<\/a>\n                                            <\/li>\n                            <li>\n                                                <a href=\"https:\/\/www.ull.es\/masteres\/formacion-profesorado\">M\u00e1ster en Formaci\u00f3n del Profesorado de Educaci\u00f3n Secundaria Obligatoria y Bachillerato, Formaci\u00f3n Profesional y Ense\u00f1anzas de Idiomas (Interuniversitario)<\/a>\n                                            <\/li>\n                            <li>\n                                                <a href=\"https:\/\/www.ull.es\/masteres\/nanociencia-nanotecnologia-molecular\">M\u00e1ster en Nanociencia y Nanotecnolog\u00eda Molecular (Interuniversitario)<\/a>\n                                            <\/li>\n                            <li>\n                                                <a href=\"https:\/\/www.ull.es\/masteres\/modelizacion-investigacion-matematica-estadistica-computacion\">M\u00e1ster en Modelizaci\u00f3n e Investigaci\u00f3n Matem\u00e1tica. Estad\u00edstica y Computaci\u00f3n (Interuniversitario)<\/a>\n                                            <\/li>\n                            <li>\n                                                <a href=\"https:\/\/www.ull.es\/masteres\/energias-renovables\">M\u00e1ster Universitario en Energ\u00edas Renovables<\/a>\n                                            <\/li>\n                            <li>\n                                                <a href=\"https:\/\/www.ull.es\/masteres\/astrofisica\">M\u00e1ster Universitario en Astrof\u00edsica<\/a>\n                                            <\/li>\n                            <li>\n                                                <a href=\"https:\/\/www.ull.es\/masteres\/biomedicina\">M\u00e1ster Universitario en Biomedicina<\/a>\n                                            <\/li>\n                            <li>\n                                                <a href=\"https:\/\/www.ull.es\/masteres\/biologia-marina-biodiversidad-conservacion\">M\u00e1ster Universitario en Biolog\u00eda Marina: Biodiversidad y Conservaci\u00f3n<\/a>\n                                            <\/li>\n                            <li>\n                                                <a href=\"https:\/\/www.ull.es\/masteres\/biodiversidad-terrestre-conservacion-islas\">M\u00e1ster Universitario en Biodiversidad Terrestre y Conservaci\u00f3n en Islas<\/a>\n                                            <\/li>\n                            <li>\n                                                <a href=\"https:\/\/www.ull.es\/masteres\/quimica\">M\u00e1ster Universitario en Qu\u00edmica<\/a>\n                                            <\/li>\n                    <\/ul>\n    <\/div>[\/vc_column_text][\/vc_column][vc_column width=\u00bb1\/3&#8243;][vc_column_text]<a class=\"btn-destacado\" href=\"https:\/\/www.ull.es\/estudios-docencia\" target=\"_blank\" rel=\"noopener\">Consultar todas las titulaciones de la ULL<br \/>\n<i class=\"fa fa-arrow-right\"><\/i><\/a>[\/vc_column_text][vc_column_text]<\/p>\n<h3>Enlaces de inter\u00e9s<\/h3>\n<ul>\n<li><a href=\"https:\/\/www.ull.es\/servicios\/negociado-de-atencion-tecnica\/\" target=\"_blank\" rel=\"noopener\">Negociado de Atenci\u00f3n T\u00e9cnica (NAT)<\/a><\/li>\n<li><a href=\"https:\/\/www.ull.es\/estudios-docencia\/calendario-academico\" target=\"_blank\" rel=\"noopener\">Calendario acad\u00e9mico<\/a><\/li>\n<\/ul>\n<p>[\/vc_column_text][vc_column_text el_class=\u00bbcontacto\u00bb]\n<ul class=\"widget-box\">\n<li class='contacto-header'>Informaci\u00f3n de contacto<\/li><li><i class=\"fa fa-map-marker\"><\/i> .Avenida Astrof\u00edsico Francisco S\u00e1nchez, s\/n. Facultad de Ciencias. Apartado 456. C\u00f3digo postal 38200. San Crist\u00f3bal de La Laguna. S\/C de Tenerife<\/li><li><i class=\"fa fa-phone\"><\/i> (+34) 922 31 83 13<\/li><li><i class=\"fa fa-envelope\"><\/i>  <a href=mailto:seccie@ull.es>seccie@ull.es<\/a><\/li><li><i class=\"fa fa-calendar\"><\/i><a href=\"http:\/\/citaprevia.ull.es\/index.php?s=ciencias\"> Cita previa<\/a><\/li>\n<\/ul>\n\n[\/vc_column_text][\/vc_column][\/vc_row]<\/p>\n","protected":false},"excerpt":{"rendered":"<p>[vc_row full_width=\u00bbstretch_row_content_no_spaces\u00bb el_class=\u00bbSliderPortada\u00bb css=\u00bb.vc_custom_1745237111535{margin-top: -100px !important;}\u00bb][vc_column][rev_slider_vc alias=\u00bbportada\u00bb][\/vc_column][\/vc_row][vc_row full_width=\u00bbstretch_row_content_no_spaces\u00bb][vc_column][vc_custom_heading text=\u00bb\u00bb font_container=\u00bbtag:h2|text_align:center\u00bb google_fonts=\u00bbfont_family:Montserrat%3Aregular%2C700|font_style:700%20bold%20regular%3A700%3Anormal\u00bb css=\u00bb.vc_custom_1721221176088{padding-top: 15px !important;padding-bottom: 15px !important;background-color: #360060 !important;}\u00bb][\/vc_column][\/vc_row][vc_row css=\u00bb.vc_custom_1745233821598{margin-top: 50px !important;}\u00bb][vc_column width=\u00bb2\/3&#8243; el_class=\u00bbpadding-50-right\u00bb css=\u00bb.vc_custom_1494506721665{padding-right: 50px !important;}\u00bb][vc_column_text] [vc_row][vc_column width=\u00bb2\/3&#8243; css=\u00bb.vc_custom_1497269146939{padding-right: 50px !important;}\u00bb][vc_column_text][\/vc_column_text][\/vc_column][vc_column width=\u00bb1\/3&#8243;][vc_column_text]Consultar todas las titulaciones de la ULL [\/vc_column_text][vc_column_text] Enlaces de inter\u00e9s Negociado de Atenci\u00f3n T\u00e9cnica (NAT) Calendario acad\u00e9mico [\/vc_column_text][vc_column_text el_class=\u00bbcontacto\u00bb][\/vc_column_text][\/vc_column][\/vc_row]<\/p>\n","protected":false},"author":1,"featured_media":0,"parent":52,"menu_order":0,"comment_status":"closed","ping_status":"closed","template":"templates\/template-frontpage.php","meta":[],"acf":[],"_links":{"self":[{"href":"https:\/\/www.ull.es\/centros\/facultad-ciencias\/wp-json\/wp\/v2\/pages\/104"}],"collection":[{"href":"https:\/\/www.ull.es\/centros\/facultad-ciencias\/wp-json\/wp\/v2\/pages"}],"about":[{"href":"https:\/\/www.ull.es\/centros\/facultad-ciencias\/wp-json\/wp\/v2\/types\/page"}],"author":[{"embeddable":true,"href":"https:\/\/www.ull.es\/centros\/facultad-ciencias\/wp-json\/wp\/v2\/users\/1"}],"replies":[{"embeddable":true,"href":"https:\/\/www.ull.es\/centros\/facultad-ciencias\/wp-json\/wp\/v2\/comments?post=104"}],"version-history":[{"count":5,"href":"https:\/\/www.ull.es\/centros\/facultad-ciencias\/wp-json\/wp\/v2\/pages\/104\/revisions"}],"predecessor-version":[{"id":1649,"href":"https:\/\/www.ull.es\/centros\/facultad-ciencias\/wp-json\/wp\/v2\/pages\/104\/revisions\/1649"}],"up":[{"embeddable":true,"href":"https:\/\/www.ull.es\/centros\/facultad-ciencias\/wp-json\/wp\/v2\/pages\/52"}],"wp:attachment":[{"href":"https:\/\/www.ull.es\/centros\/facultad-ciencias\/wp-json\/wp\/v2\/media?parent=104"}],"curies":[{"name":"wp","href":"https:\/\/api.w.org\/{rel}","templated":true}]}}