{"id":123,"date":"2017-11-16T09:46:53","date_gmt":"2017-11-16T09:46:53","guid":{"rendered":"http:\/\/www.ull.es\/centros\/escuela-superior-de-ingenieria-y-tecnologia\/?page_id=123"},"modified":"2025-04-21T15:10:52","modified_gmt":"2025-04-21T15:10:52","slug":"sistema-de-garantia-de-calidad","status":"publish","type":"page","link":"https:\/\/www.ull.es\/centros\/facultad-ciencias\/informacion-general\/sistema-de-garantia-de-calidad\/","title":{"rendered":"Sistema de Garant\u00eda de Calidad"},"content":{"rendered":"<p>[vc_row full_width=\u00bbstretch_row_content_no_spaces\u00bb el_class=\u00bbSliderPortada\u00bb css=\u00bb.vc_custom_1745237111535{margin-top: -100px !important;}\u00bb][vc_column][rev_slider_vc alias=\u00bbportada\u00bb][\/vc_column][\/vc_row][vc_row full_width=\u00bbstretch_row_content_no_spaces\u00bb][vc_column][vc_custom_heading text=\u00bb\u00bb font_container=\u00bbtag:h2|text_align:center\u00bb google_fonts=\u00bbfont_family:Montserrat%3Aregular%2C700|font_style:700%20bold%20regular%3A700%3Anormal\u00bb css=\u00bb.vc_custom_1721221176088{padding-top: 15px !important;padding-bottom: 15px !important;background-color: #360060 !important;}\u00bb][\/vc_column][\/vc_row][vc_row css=\u00bb.vc_custom_1745233821598{margin-top: 50px !important;}\u00bb][vc_column width=\u00bb2\/3&#8243; el_class=\u00bbpadding-50-right\u00bb css=\u00bb.vc_custom_1494506721665{padding-right: 50px !important;}\u00bb][vc_column_text]<\/p>\n<h1>Sistema de Garant\u00eda de Calidad<\/h1>\n<p>Puede consultar los responsables y procedimientos del Sistema de Aseguramiento Interno de Calidad del T\u00edtulo (SAIC) (anteriormente Sistema de Garant\u00eda Interna de Calidad -SGIC-) de los Grados del Centro en los siguientes enlaces:<\/p>\n<ul>\n<li><a href=\"https:\/\/www.ull.es\/grados\/biologia\/calidad-y-resultados\/sistema-de-garantia-interna-de-calidad\/\" target=\"_blank\" rel=\"noopener\" data-saferedirecturl=\"https:\/\/www.google.com\/url?q=https:\/\/www.ull.es\/centros\/facultad-ciencias\/informacion-general\/sistema-de-garantia-de-calidad\/sgc-biologia\/&amp;source=gmail&amp;ust=1645106860326000&amp;usg=AOvVaw1HhsCaQnuViGmiVcTcuzV1\" target=\"_blank\" rel=\"noopener\">Grado en Biolog\u00eda<\/a><\/li>\n<li><a href=\"https:\/\/www.ull.es\/grados\/fisica\/calidad-y-resultados\/sistema-de-garantia-interna-de-calidad\/\" target=\"_blank\" rel=\"noopener\" data-saferedirecturl=\"https:\/\/www.google.com\/url?q=https:\/\/www.ull.es\/centros\/facultad-ciencias\/informacion-general\/sistema-de-garantia-de-calidad\/sgc-fisica\/&amp;source=gmail&amp;ust=1645106860326000&amp;usg=AOvVaw3fi6uiXuWoCr_Tc9ZcNaR5\" target=\"_blank\" rel=\"noopener\">Grado en F\u00edsica<\/a><\/li>\n<li><a href=\"https:\/\/www.ull.es\/grados\/quimica\/calidad-y-resultados\/sistema-de-garantia-interna-de-calidad\/\" target=\"_blank\" rel=\"noopener\" data-saferedirecturl=\"https:\/\/www.google.com\/url?q=https:\/\/www.ull.es\/centros\/facultad-ciencias\/informacion-general\/sistema-de-garantia-de-calidad\/sgc-quimica\/&amp;source=gmail&amp;ust=1645106860326000&amp;usg=AOvVaw1O4iTroB_JplaAMk7Lzvf1\" target=\"_blank\" rel=\"noopener\">Grado en Qu\u00edmica<\/a><\/li>\n<li><a href=\"https:\/\/www.ull.es\/grados\/ciencias-ambientales\/calidad-y-resultados\/sistema-de-garantia-interna-de-calidad\/\" target=\"_blank\" rel=\"noopener\" data-saferedirecturl=\"https:\/\/www.google.com\/url?q=https:\/\/www.ull.es\/grados\/ciencias-ambientales\/calidad-y-resultados\/sistema-de-garantia-interna-de-calidad\/&amp;source=gmail&amp;ust=1645106860326000&amp;usg=AOvVaw24rNz-L1DiCT8UvkezEXBs\" target=\"_blank\" rel=\"noopener\">Grado en Ciencias Ambientales<\/a><\/li>\n<li><a href=\"https:\/\/www.ull.es\/grados\/matematicas\/calidad-y-resultados\/sistema-de-garantia-interna-de-calidad\/\" target=\"_blank\" rel=\"noopener\" data-saferedirecturl=\"https:\/\/www.google.com\/url?q=https:\/\/www.ull.es\/centros\/facultad-ciencias\/informacion-general\/sistema-de-garantia-de-calidad\/sgc-matematicas\/&amp;source=gmail&amp;ust=1645106860326000&amp;usg=AOvVaw15v4WFtWbG7Ijf1HuDrpL-\" target=\"_blank\" rel=\"noopener\">Grado en Matem\u00e1ticas<\/a><\/li>\n<\/ul>\n<p>[\/vc_column_text][\/vc_column][vc_column width=\u00bb1\/3&#8243;][vc_column_text el_class=\u00bbcontacto\u00bb]\n<ul class=\"widget-box\">\n<li class='contacto-header'>Informaci\u00f3n de contacto<\/li><li><i class=\"fa fa-map-marker\"><\/i> .Avenida Astrof\u00edsico Francisco S\u00e1nchez, s\/n. Facultad de Ciencias. Apartado 456. C\u00f3digo postal 38200. San Crist\u00f3bal de La Laguna. S\/C de Tenerife<\/li><li><i class=\"fa fa-phone\"><\/i> (+34) 922 31 83 13<\/li><li><i class=\"fa fa-envelope\"><\/i>  <a href=mailto:seccie@ull.es>seccie@ull.es<\/a><\/li><li><i class=\"fa fa-calendar\"><\/i><a href=\"http:\/\/citaprevia.ull.es\/index.php?s=ciencias\"> Cita previa<\/a><\/li>\n<\/ul>\n\n[\/vc_column_text][\/vc_column][\/vc_row][vc_row disable_element=\u00bbyes\u00bb][vc_column width=\u00bb2\/3&#8243;][vc_column_text]<\/p>\n<h1>Sistema de Garant\u00eda de Calidad<\/h1>\n<p style=\"text-align: justify; background: white; margin: 0cm 0cm 10.15pt 0cm;\"><span lang=\"ES\" style=\"font-family: 'Arial',sans-serif; color: #3d3d3d;\">La\u00a0Facultad de Ciencias no dispone, desde su creaci\u00f3n en el a\u00f1o 2015 y hasta el momento, de un Sistema de Garant\u00eda Interna de Calidad (SGIC) dise\u00f1ado e implantado para el nuevo centro.<\/span><\/p>\n<p style=\"text-align: justify; background: white; margin: 0cm 0cm 10.15pt 0cm;\"><span lang=\"ES\" style=\"font-family: 'Arial',sans-serif; color: #3d3d3d;\">Desde entonces el centro ha venido funcionado apoy\u00e1ndose, parcialmente y subsidiariamente, en los SGIC de los centros de los que procede la nueva Facultad de Ciencias y que en su momento contaban con un SGIC implantado.<\/span><\/p>\n<ul>\n<li><a href=\"https:\/\/www.ull.es\/centros\/facultad-ciencias\/informacion-general\/sistema-de-garantia-de-calidad\/sgc-biologia\/\" target=\"_blank\" rel=\"noopener\">Secci\u00f3n de Biolog\u00eda<\/a><\/li>\n<li><a href=\"https:\/\/www.ull.es\/centros\/facultad-ciencias\/informacion-general\/sistema-de-garantia-de-calidad\/sgc-fisica\/\" target=\"_blank\" rel=\"noopener\">Secci\u00f3n de F\u00edsica<\/a><\/li>\n<li><a href=\"https:\/\/www.ull.es\/centros\/facultad-ciencias\/informacion-general\/sistema-de-garantia-de-calidad\/sgc-matematicas\/\" target=\"_blank\" rel=\"noopener\">Secci\u00f3n de Matem\u00e1ticas<\/a><\/li>\n<li><a href=\"https:\/\/www.ull.es\/centros\/facultad-ciencias\/informacion-general\/sistema-de-garantia-de-calidad\/sgc-quimica\/\" target=\"_blank\" rel=\"noopener\">Secci\u00f3n de Qu\u00edmica<\/a><\/li>\n<\/ul>\n<p>[\/vc_column_text][\/vc_column][vc_column width=\u00bb1\/3&#8243;][vc_column_text]\n<ul class=\"widget-box\">\n<li class='contacto-header'>Informaci\u00f3n de contacto<\/li><li><i class=\"fa fa-map-marker\"><\/i> .Avenida Astrof\u00edsico Francisco S\u00e1nchez, s\/n. Facultad de Ciencias. Apartado 456. C\u00f3digo postal 38200. San Crist\u00f3bal de La Laguna. S\/C de Tenerife<\/li><li><i class=\"fa fa-phone\"><\/i> (+34) 922 31 83 13<\/li><li><i class=\"fa fa-envelope\"><\/i>  <a href=mailto:seccie@ull.es>seccie@ull.es<\/a><\/li><li><i class=\"fa fa-calendar\"><\/i><a href=\"http:\/\/citaprevia.ull.es\/index.php?s=ciencias\"> Cita previa<\/a><\/li>\n<\/ul>\n\n[\/vc_column_text][\/vc_column][\/vc_row]<\/p>\n","protected":false},"excerpt":{"rendered":"<p>[vc_row full_width=\u00bbstretch_row_content_no_spaces\u00bb el_class=\u00bbSliderPortada\u00bb css=\u00bb.vc_custom_1745237111535{margin-top: -100px !important;}\u00bb][vc_column][rev_slider_vc alias=\u00bbportada\u00bb][\/vc_column][\/vc_row][vc_row full_width=\u00bbstretch_row_content_no_spaces\u00bb][vc_column][vc_custom_heading text=\u00bb\u00bb font_container=\u00bbtag:h2|text_align:center\u00bb google_fonts=\u00bbfont_family:Montserrat%3Aregular%2C700|font_style:700%20bold%20regular%3A700%3Anormal\u00bb css=\u00bb.vc_custom_1721221176088{padding-top: 15px !important;padding-bottom: 15px !important;background-color: #360060 !important;}\u00bb][\/vc_column][\/vc_row][vc_row css=\u00bb.vc_custom_1745233821598{margin-top: 50px !important;}\u00bb][vc_column width=\u00bb2\/3&#8243; el_class=\u00bbpadding-50-right\u00bb css=\u00bb.vc_custom_1494506721665{padding-right: 50px !important;}\u00bb][vc_column_text] Sistema de Garant\u00eda de Calidad Puede consultar los responsables y procedimientos del Sistema de Aseguramiento Interno de Calidad del T\u00edtulo (SAIC) (anteriormente Sistema de Garant\u00eda Interna de Calidad -SGIC-)&#8230;<\/p>\n","protected":false},"author":1,"featured_media":0,"parent":40,"menu_order":0,"comment_status":"closed","ping_status":"closed","template":"templates\/template-frontpage.php","meta":[],"acf":[],"_links":{"self":[{"href":"https:\/\/www.ull.es\/centros\/facultad-ciencias\/wp-json\/wp\/v2\/pages\/123"}],"collection":[{"href":"https:\/\/www.ull.es\/centros\/facultad-ciencias\/wp-json\/wp\/v2\/pages"}],"about":[{"href":"https:\/\/www.ull.es\/centros\/facultad-ciencias\/wp-json\/wp\/v2\/types\/page"}],"author":[{"embeddable":true,"href":"https:\/\/www.ull.es\/centros\/facultad-ciencias\/wp-json\/wp\/v2\/users\/1"}],"replies":[{"embeddable":true,"href":"https:\/\/www.ull.es\/centros\/facultad-ciencias\/wp-json\/wp\/v2\/comments?post=123"}],"version-history":[{"count":11,"href":"https:\/\/www.ull.es\/centros\/facultad-ciencias\/wp-json\/wp\/v2\/pages\/123\/revisions"}],"predecessor-version":[{"id":1614,"href":"https:\/\/www.ull.es\/centros\/facultad-ciencias\/wp-json\/wp\/v2\/pages\/123\/revisions\/1614"}],"up":[{"embeddable":true,"href":"https:\/\/www.ull.es\/centros\/facultad-ciencias\/wp-json\/wp\/v2\/pages\/40"}],"wp:attachment":[{"href":"https:\/\/www.ull.es\/centros\/facultad-ciencias\/wp-json\/wp\/v2\/media?parent=123"}],"curies":[{"name":"wp","href":"https:\/\/api.w.org\/{rel}","templated":true}]}}