{"id":161,"date":"2017-11-16T11:08:18","date_gmt":"2017-11-16T11:08:18","guid":{"rendered":"http:\/\/www.ull.es\/centros\/escuela-superior-de-ingenieria-y-tecnologia\/?page_id=161"},"modified":"2025-04-21T15:21:13","modified_gmt":"2025-04-21T15:21:13","slug":"programas-de-movilidad","status":"publish","type":"page","link":"https:\/\/www.ull.es\/centros\/facultad-ciencias\/docencia\/programas-de-movilidad\/","title":{"rendered":"Programas de movilidad"},"content":{"rendered":"<p>[vc_row full_width=\u00bbstretch_row_content_no_spaces\u00bb el_class=\u00bbSliderPortada\u00bb css=\u00bb.vc_custom_1745237111535{margin-top: -100px !important;}\u00bb][vc_column][rev_slider_vc alias=\u00bbportada\u00bb][\/vc_column][\/vc_row][vc_row full_width=\u00bbstretch_row_content_no_spaces\u00bb][vc_column][vc_custom_heading text=\u00bb\u00bb font_container=\u00bbtag:h2|text_align:center\u00bb google_fonts=\u00bbfont_family:Montserrat%3Aregular%2C700|font_style:700%20bold%20regular%3A700%3Anormal\u00bb css=\u00bb.vc_custom_1721221176088{padding-top: 15px !important;padding-bottom: 15px !important;background-color: #360060 !important;}\u00bb][\/vc_column][\/vc_row][vc_row css=\u00bb.vc_custom_1745233821598{margin-top: 50px !important;}\u00bb][vc_column width=\u00bb2\/3&#8243; el_class=\u00bbpadding-50-right\u00bb css=\u00bb.vc_custom_1494506721665{padding-right: 50px !important;}\u00bb][vc_column_text]<\/p>\n<h2>Programas de movilidad<\/h2>\n<p>[\/vc_column_text][\/vc_column][\/vc_row][vc_row][vc_column width=\u00bb2\/3&#8243;][vc_tta_accordion shape=\u00bbsquare\u00bb c_icon=\u00bbchevron\u00bb c_position=\u00bbright\u00bb active_section=\u00bb0&#8243; collapsible_all=\u00bbtrue\u00bb][vc_tta_section title=\u00bbMovilidad nacional\u00bb tab_id=\u00bbmovilidad-nacional\u00bb][vc_column_text]<\/p>\n<p style=\"text-align: justify;\">El Sistema de Intercambio entre Centros Universitarios Espa\u00f1oles, m\u00e1s conocido por Programa SICUE, permite el intercambio de estudiantes entre universidades espa\u00f1olas. Por medio de este sistema, el estudiantado de las universidades espa\u00f1olas puede realizar una parte de sus estudios en otra universidad distinta a la suya, con garant\u00edas de reconocimiento acad\u00e9mico y de aprovechamiento, as\u00ed como de adecuaci\u00f3n a su perfil curricular.<\/p>\n<p style=\"text-align: justify;\">Este sistema de intercambio tiene en cuenta el valor formativo del intercambio, al hacer posible que el estudiante experimente sistemas docentes distintos incluidos el r\u00e9gimen de pr\u00e1cticas, as\u00ed como los distintos aspectos sociales y culturales de otras comunidades y ciudades aut\u00f3nomas.<\/p>\n<p style=\"text-align: justify;\">El intercambio de estudiantes se basar\u00e1 en la confianza entre las instituciones, la transparencia informativa, la reciprocidad y la flexibilidad. Las Universidades adheridas a este sistema se comprometen a aceptar unas obligaciones que afectan a distintos aspectos de su funcionamiento (en relaci\u00f3n con el intercambio), haciendo accesible a las dem\u00e1s Universidades informaci\u00f3n sobre curso, calendarios, etc. Asimismo, se compromete a utilizar unos m\u00e9todos de calificaci\u00f3n normalizados y a hacerlos llegar a la Universidad de origen en tiempo y forma adecuados.<\/p>\n<p style=\"text-align: justify;\">Para ampliar informaci\u00f3n sobre el Programa SICUE se puede consultar la <a href=\"https:\/\/www.ull.es\/portal\/convocatorias\/categorias\/sicue\/\" target=\"_blank\" rel=\"noopener\">web del Negociado de Becas de la ULL<\/a>.<\/p>\n<p>[\/vc_column_text][\/vc_tta_section][vc_tta_section title=\u00bbMovilidad internacional\u00bb tab_id=\u00bbmovilidad-internacional\u00bb][vc_column_text]<\/p>\n<p style=\"text-align: justify;\">Erasmus+ es el programa de la Uni\u00f3n Europea en los \u00e1mbitos de la educaci\u00f3n, la formaci\u00f3n, la juventud y el deporte para el periodo 2014-2020, seg\u00fan se establece en el Reglamento (UE) n\u00ba 1288\/2013, del Parlamento Europeo y del Consejo, de 11 de diciembre de 2013. El programa contiene diferentes acciones clave entre las que destaca la acci\u00f3n clave 1 destinada a la movilidad de las personas por motivos de aprendizaje.<\/p>\n<p style=\"text-align: justify;\">Como parte de la acci\u00f3n clave 1, la acci\u00f3n KA103 \u00abMovilidad de estudiantes y personal de educaci\u00f3n superior entre pa\u00edses del programa\u00bb tiene como objetivo mejorar la calidad de la educaci\u00f3n superior y reforzar su dimensi\u00f3n europea, fomentando la cooperaci\u00f3n trasnacional entre centros de educaci\u00f3n superior, promoviendo la movilidad de sus estudiantes y personal docente y no docente con el fin de mejorar la transparencia y el reconocimiento acad\u00e9mico de los estudios y cualificaciones en todos los pa\u00edses miembros de la Uni\u00f3n.<\/p>\n<p style=\"text-align: justify;\">La acci\u00f3n KA103 promueve la movilidad de estudiantes en dos modalidades diferentes: SMS (Student Mobility for Studies) y SMT (Student Mobility for Training).<\/p>\n<p style=\"text-align: justify;\">La movilidad SMS tiene como finalidad cursar estudios, generalmente durante un cuatrimestre o un a\u00f1o completo con el reconocimiento de cr\u00e9ditos correspondientes, en una universidad de alguno de los 28 pa\u00edses de la Uni\u00f3n Europea, Noruega, Islandia, Liechtenstein, Antigua Rep\u00fablica Yugoslava de Macedonia y Turqu\u00eda, adem\u00e1s de Suiza, con condiciones especiales.<\/p>\n<p style=\"text-align: justify;\">Por otra parte, el periodo de pr\u00e1cticas SMT es la estancia durante un periodo de tiempo en una empresa u organizaci\u00f3n de otro pa\u00eds participante, y tiene por finalidad contribuir a que las personas se adapten a las exigencias del mercado laboral a escala comunitaria, adquieran aptitudes espec\u00edficas y mejoren su comprensi\u00f3n del entorno econ\u00f3mico y social del pa\u00eds en cuesti\u00f3n, al mismo tiempo que adquieren experiencia laboral.<\/p>\n<p style=\"text-align: justify;\">Estas acciones de movilidad posibilitan la adquisici\u00f3n tanto de los conocimientos y competencias que necesitan nuestros graduados como de un bagaje cultural internacional muy demandado en el mercado de trabajo. Entre los objetivos del programa de movilidad destaca el que los estudiantes se beneficien de la experiencia social y cultural que implica la vida en otros pa\u00edses, mejorar su formaci\u00f3n curricular enfocada a la incorporaci\u00f3n laboral, fortalecer su capacidad de comunicaci\u00f3n, cooperaci\u00f3n, adaptaci\u00f3n y comprensi\u00f3n de otras culturas.<\/p>\n<p style=\"text-align: justify;\">La promoci\u00f3n de la internacionalizaci\u00f3n en la titulaci\u00f3n resulta de suma importancia, toda vez que es preciso mejorar e incentivar al alumnado para realizar movilidades bajo el programa Erasmus, y romper con ello la tendencia del alumno a completar su formaci\u00f3n de grado sin haber tenido ocasi\u00f3n de anticipar su futuras pr\u00e1cticas y necesidades en otros pa\u00edses en los que la implantaci\u00f3n de los nuevos t\u00edtulos de grado adaptados al Espacio Europeo de Educaci\u00f3n ya es una realidad.<\/p>\n<p style=\"text-align: justify;\">Por otro lado, las titulaciones disponen de un procedimiento, dentro del sistema de garant\u00eda de calidad para la gesti\u00f3n de la movilidad de los alumnos que permite normalizar la movilidad de las diferentes titulaciones, la planificaci\u00f3n de los programas, sistematizar los procedimientos de seguimiento y evaluaci\u00f3n, al igual que regularizar los mecanismos de apoyo y orientaci\u00f3n a los estudiantes una vez matriculados en lo que respecta a la movilidad.<\/p>\n<p style=\"text-align: justify;\">Para ampliar informaci\u00f3n sobre el Programa Erasmus+ se puede consultar la web de la ULL en la pesta\u00f1a Internacionales.<\/p>\n<p style=\"text-align: justify;\">Movilidad estudiantes salientes por estudios (SMS)<\/p>\n<p style=\"text-align: justify;\"><a href=\"https:\/\/www.ull.es\/portal\/erasmus\/movilidad\/erasmus-estudios-salientes\/\" target=\"_blank\" rel=\"noopener\" target=\"_blank\" rel=\"noopener\">Erasmus estudios salientes<\/a><\/p>\n<p style=\"text-align: justify;\">Movilidad estudiantes salientes por pr\u00e1cticas (SMT)<\/p>\n<p style=\"text-align: justify;\"><a href=\"https:\/\/www.ull.es\/portal\/erasmus\/movilidad\/erasmus-practicas-salientes\/\" target=\"_blank\" rel=\"noopener\" target=\"_blank\" rel=\"noopener\">Erasmus practicas salientes<\/a><\/p>\n<p style=\"text-align: justify;\">Coordinadora de Movilidad Internacional de la Facultad de Ciencias: Dra. Elena Pastor Tejera (<a href=\"mailto:epastor@ull.edu.es\" target=\"_blank\" rel=\"noopener\" target=\"_blank\" rel=\"noopener\">epastor@ull.es<\/a>)<\/p>\n<ul>\n<li><a href=\"https:\/\/www.ull.es\/centros\/facultad-ciencias\/docencia\/programas-de-movilidad\/programas-movilidad-biologia\/\" target=\"_blank\" rel=\"noopener\">Secci\u00f3n de Biolog\u00eda<\/a><\/li>\n<li><a href=\"https:\/\/www.ull.es\/centros\/facultad-ciencias\/docencia\/programas-de-movilidad\/programas-movilidad-fisica\/\" target=\"_blank\" rel=\"noopener\">Secci\u00f3n de F\u00edsica<\/a><\/li>\n<li><a href=\"https:\/\/www.ull.es\/centros\/facultad-ciencias\/docencia\/programas-de-movilidad\/programas-movilidad-matematicas\/\" target=\"_blank\" rel=\"noopener\">Secci\u00f3n de Matem\u00e1ticas<\/a><\/li>\n<li><a href=\"https:\/\/www.ull.es\/centros\/facultad-ciencias\/docencia\/programas-de-movilidad\/programas-movilidad-quimica\/\" target=\"_blank\" rel=\"noopener\">Secci\u00f3n de Qu\u00edmica<\/a><\/li>\n<\/ul>\n<p><a href=\"https:\/\/www.ull.es\/internacional\/normativa\" target=\"_blank\" rel=\"noopener\">NORMATIVA DE MOVILIDAD<\/a>[\/vc_column_text][\/vc_tta_section][\/vc_tta_accordion][\/vc_column][vc_column width=\u00bb1\/3&#8243;][vc_column_text el_class=\u00bbcontacto\u00bb]\n<ul class=\"widget-box\">\n<li class='contacto-header'>Informaci\u00f3n de contacto<\/li><li><i class=\"fa fa-map-marker\"><\/i> .Avenida Astrof\u00edsico Francisco S\u00e1nchez, s\/n. Facultad de Ciencias. Apartado 456. C\u00f3digo postal 38200. San Crist\u00f3bal de La Laguna. S\/C de Tenerife<\/li><li><i class=\"fa fa-phone\"><\/i> (+34) 922 31 83 13<\/li><li><i class=\"fa fa-envelope\"><\/i>  <a href=mailto:seccie@ull.es>seccie@ull.es<\/a><\/li><li><i class=\"fa fa-calendar\"><\/i><a href=\"http:\/\/citaprevia.ull.es\/index.php?s=ciencias\"> Cita previa<\/a><\/li>\n<\/ul>\n\n[\/vc_column_text][\/vc_column][\/vc_row][vc_row][vc_column][\/vc_column][\/vc_row]<\/p>\n","protected":false},"excerpt":{"rendered":"<p>[vc_row full_width=\u00bbstretch_row_content_no_spaces\u00bb el_class=\u00bbSliderPortada\u00bb css=\u00bb.vc_custom_1745237111535{margin-top: -100px !important;}\u00bb][vc_column][rev_slider_vc alias=\u00bbportada\u00bb][\/vc_column][\/vc_row][vc_row full_width=\u00bbstretch_row_content_no_spaces\u00bb][vc_column][vc_custom_heading text=\u00bb\u00bb font_container=\u00bbtag:h2|text_align:center\u00bb google_fonts=\u00bbfont_family:Montserrat%3Aregular%2C700|font_style:700%20bold%20regular%3A700%3Anormal\u00bb css=\u00bb.vc_custom_1721221176088{padding-top: 15px !important;padding-bottom: 15px !important;background-color: #360060 !important;}\u00bb][\/vc_column][\/vc_row][vc_row css=\u00bb.vc_custom_1745233821598{margin-top: 50px !important;}\u00bb][vc_column width=\u00bb2\/3&#8243; el_class=\u00bbpadding-50-right\u00bb css=\u00bb.vc_custom_1494506721665{padding-right: 50px !important;}\u00bb][vc_column_text] Programas de movilidad [\/vc_column_text][\/vc_column][\/vc_row][vc_row][vc_column width=\u00bb2\/3&#8243;][vc_tta_accordion shape=\u00bbsquare\u00bb c_icon=\u00bbchevron\u00bb c_position=\u00bbright\u00bb active_section=\u00bb0&#8243; collapsible_all=\u00bbtrue\u00bb][vc_tta_section title=\u00bbMovilidad nacional\u00bb tab_id=\u00bbmovilidad-nacional\u00bb][vc_column_text] El Sistema de Intercambio entre Centros Universitarios Espa\u00f1oles, m\u00e1s conocido por Programa SICUE, permite el intercambio&#8230;<\/p>\n","protected":false},"author":1,"featured_media":0,"parent":52,"menu_order":0,"comment_status":"closed","ping_status":"closed","template":"templates\/template-frontpage.php","meta":[],"acf":[],"_links":{"self":[{"href":"https:\/\/www.ull.es\/centros\/facultad-ciencias\/wp-json\/wp\/v2\/pages\/161"}],"collection":[{"href":"https:\/\/www.ull.es\/centros\/facultad-ciencias\/wp-json\/wp\/v2\/pages"}],"about":[{"href":"https:\/\/www.ull.es\/centros\/facultad-ciencias\/wp-json\/wp\/v2\/types\/page"}],"author":[{"embeddable":true,"href":"https:\/\/www.ull.es\/centros\/facultad-ciencias\/wp-json\/wp\/v2\/users\/1"}],"replies":[{"embeddable":true,"href":"https:\/\/www.ull.es\/centros\/facultad-ciencias\/wp-json\/wp\/v2\/comments?post=161"}],"version-history":[{"count":35,"href":"https:\/\/www.ull.es\/centros\/facultad-ciencias\/wp-json\/wp\/v2\/pages\/161\/revisions"}],"predecessor-version":[{"id":1621,"href":"https:\/\/www.ull.es\/centros\/facultad-ciencias\/wp-json\/wp\/v2\/pages\/161\/revisions\/1621"}],"up":[{"embeddable":true,"href":"https:\/\/www.ull.es\/centros\/facultad-ciencias\/wp-json\/wp\/v2\/pages\/52"}],"wp:attachment":[{"href":"https:\/\/www.ull.es\/centros\/facultad-ciencias\/wp-json\/wp\/v2\/media?parent=161"}],"curies":[{"name":"wp","href":"https:\/\/api.w.org\/{rel}","templated":true}]}}