{"id":197,"date":"2017-11-21T12:21:13","date_gmt":"2017-11-21T12:21:13","guid":{"rendered":"http:\/\/www.ull.es\/centros\/escuela-superior-de-ingenieria-y-tecnologia\/?page_id=197"},"modified":"2025-04-21T15:18:13","modified_gmt":"2025-04-21T15:18:13","slug":"infraestructuras-y-servicios","status":"publish","type":"page","link":"https:\/\/www.ull.es\/centros\/facultad-ciencias\/informacion-general\/infraestructuras-y-servicios\/","title":{"rendered":"Infraestructuras y servicios"},"content":{"rendered":"<p>[vc_row full_width=\u00bbstretch_row_content_no_spaces\u00bb el_class=\u00bbSliderPortada\u00bb css=\u00bb.vc_custom_1745237111535{margin-top: -100px !important;}\u00bb][vc_column][rev_slider_vc alias=\u00bbportada\u00bb][\/vc_column][\/vc_row][vc_row full_width=\u00bbstretch_row_content_no_spaces\u00bb][vc_column][vc_custom_heading text=\u00bb\u00bb font_container=\u00bbtag:h2|text_align:center\u00bb google_fonts=\u00bbfont_family:Montserrat%3Aregular%2C700|font_style:700%20bold%20regular%3A700%3Anormal\u00bb css=\u00bb.vc_custom_1721221176088{padding-top: 15px !important;padding-bottom: 15px !important;background-color: #360060 !important;}\u00bb][\/vc_column][\/vc_row][vc_row css=\u00bb.vc_custom_1745233821598{margin-top: 50px !important;}\u00bb][vc_column width=\u00bb2\/3&#8243; el_class=\u00bbpadding-50-right\u00bb css=\u00bb.vc_custom_1494506721665{padding-right: 50px !important;}\u00bb][vc_column_text]<\/p>\n<h1>Infraestructuras y servicios<\/h1>\n<p>[\/vc_column_text][vc_column_text]<\/p>\n<ul>\n<li><a href=\"http:\/\/www.ull.es\/centros\/facultad-ciencias\/informacion-general\/infraestructuras-y-servicios\/infraestructuras-servicios-biologia\/\" target=\"_blank\" rel=\"noopener\">Secci\u00f3n de Biolog\u00eda<\/a><\/li>\n<li><a href=\"http:\/\/www.ull.es\/centros\/facultad-ciencias\/informacion-general\/infraestructuras-y-servicios\/infraestructuras-servicios-fisica\/\" target=\"_blank\" rel=\"noopener\">Secci\u00f3n de F\u00edsica<\/a><\/li>\n<li><a href=\"http:\/\/www.ull.es\/centros\/facultad-ciencias\/informacion-general\/infraestructuras-y-servicios\/infraestructuras-servicios-matematicas\/\" target=\"_blank\" rel=\"noopener\">Secci\u00f3n de Matem\u00e1ticas<\/a><\/li>\n<li><a href=\"http:\/\/www.ull.es\/centros\/facultad-ciencias\/informacion-general\/infraestructuras-y-servicios\/infraestructuras-servicios-quimica\/\" target=\"_blank\" rel=\"noopener\">Secci\u00f3n de Qu\u00edmica<\/a><\/li>\n<\/ul>\n<p>[\/vc_column_text][\/vc_column][vc_column width=\u00bb1\/3&#8243;][vc_column_text el_class=\u00bbcontacto\u00bb]\n<ul class=\"widget-box\">\n<li class='contacto-header'>Informaci\u00f3n de contacto<\/li><li><i class=\"fa fa-map-marker\"><\/i> .Avenida Astrof\u00edsico Francisco S\u00e1nchez, s\/n. Facultad de Ciencias. Apartado 456. C\u00f3digo postal 38200. San Crist\u00f3bal de La Laguna. S\/C de Tenerife<\/li><li><i class=\"fa fa-phone\"><\/i> (+34) 922 31 83 13<\/li><li><i class=\"fa fa-envelope\"><\/i>  <a href=mailto:seccie@ull.es>seccie@ull.es<\/a><\/li><li><i class=\"fa fa-calendar\"><\/i><a href=\"http:\/\/citaprevia.ull.es\/index.php?s=ciencias\"> Cita previa<\/a><\/li>\n<\/ul>\n\n[\/vc_column_text][\/vc_column][\/vc_row]<\/p>\n","protected":false},"excerpt":{"rendered":"<p>[vc_row full_width=\u00bbstretch_row_content_no_spaces\u00bb el_class=\u00bbSliderPortada\u00bb css=\u00bb.vc_custom_1745237111535{margin-top: -100px !important;}\u00bb][vc_column][rev_slider_vc alias=\u00bbportada\u00bb][\/vc_column][\/vc_row][vc_row full_width=\u00bbstretch_row_content_no_spaces\u00bb][vc_column][vc_custom_heading text=\u00bb\u00bb font_container=\u00bbtag:h2|text_align:center\u00bb google_fonts=\u00bbfont_family:Montserrat%3Aregular%2C700|font_style:700%20bold%20regular%3A700%3Anormal\u00bb css=\u00bb.vc_custom_1721221176088{padding-top: 15px !important;padding-bottom: 15px !important;background-color: #360060 !important;}\u00bb][\/vc_column][\/vc_row][vc_row css=\u00bb.vc_custom_1745233821598{margin-top: 50px !important;}\u00bb][vc_column width=\u00bb2\/3&#8243; el_class=\u00bbpadding-50-right\u00bb css=\u00bb.vc_custom_1494506721665{padding-right: 50px !important;}\u00bb][vc_column_text] Infraestructuras y servicios [\/vc_column_text][vc_column_text] Secci\u00f3n de Biolog\u00eda Secci\u00f3n de F\u00edsica Secci\u00f3n de Matem\u00e1ticas Secci\u00f3n de Qu\u00edmica [\/vc_column_text][\/vc_column][vc_column width=\u00bb1\/3&#8243;][vc_column_text el_class=\u00bbcontacto\u00bb][\/vc_column_text][\/vc_column][\/vc_row]<\/p>\n","protected":false},"author":1,"featured_media":0,"parent":40,"menu_order":0,"comment_status":"closed","ping_status":"closed","template":"templates\/template-frontpage.php","meta":[],"acf":[],"_links":{"self":[{"href":"https:\/\/www.ull.es\/centros\/facultad-ciencias\/wp-json\/wp\/v2\/pages\/197"}],"collection":[{"href":"https:\/\/www.ull.es\/centros\/facultad-ciencias\/wp-json\/wp\/v2\/pages"}],"about":[{"href":"https:\/\/www.ull.es\/centros\/facultad-ciencias\/wp-json\/wp\/v2\/types\/page"}],"author":[{"embeddable":true,"href":"https:\/\/www.ull.es\/centros\/facultad-ciencias\/wp-json\/wp\/v2\/users\/1"}],"replies":[{"embeddable":true,"href":"https:\/\/www.ull.es\/centros\/facultad-ciencias\/wp-json\/wp\/v2\/comments?post=197"}],"version-history":[{"count":7,"href":"https:\/\/www.ull.es\/centros\/facultad-ciencias\/wp-json\/wp\/v2\/pages\/197\/revisions"}],"predecessor-version":[{"id":1618,"href":"https:\/\/www.ull.es\/centros\/facultad-ciencias\/wp-json\/wp\/v2\/pages\/197\/revisions\/1618"}],"up":[{"embeddable":true,"href":"https:\/\/www.ull.es\/centros\/facultad-ciencias\/wp-json\/wp\/v2\/pages\/40"}],"wp:attachment":[{"href":"https:\/\/www.ull.es\/centros\/facultad-ciencias\/wp-json\/wp\/v2\/media?parent=197"}],"curies":[{"name":"wp","href":"https:\/\/api.w.org\/{rel}","templated":true}]}}