{"id":40,"date":"2017-11-14T14:10:37","date_gmt":"2017-11-14T14:10:37","guid":{"rendered":"http:\/\/www.ull.es\/centros\/escuela-superior-de-ingenieria-y-tecnologia\/?page_id=40"},"modified":"2025-04-21T15:08:10","modified_gmt":"2025-04-21T15:08:10","slug":"informacion-general","status":"publish","type":"page","link":"https:\/\/www.ull.es\/centros\/facultad-ciencias\/informacion-general\/","title":{"rendered":"Informaci\u00f3n general"},"content":{"rendered":"<p>[vc_row full_width=\u00bbstretch_row_content_no_spaces\u00bb el_class=\u00bbSliderPortada\u00bb css=\u00bb.vc_custom_1745237111535{margin-top: -100px !important;}\u00bb][vc_column][rev_slider_vc alias=\u00bbportada\u00bb][\/vc_column][\/vc_row][vc_row full_width=\u00bbstretch_row_content_no_spaces\u00bb][vc_column][vc_custom_heading text=\u00bb\u00bb font_container=\u00bbtag:h2|text_align:center\u00bb google_fonts=\u00bbfont_family:Montserrat%3Aregular%2C700|font_style:700%20bold%20regular%3A700%3Anormal\u00bb css=\u00bb.vc_custom_1721221176088{padding-top: 15px !important;padding-bottom: 15px !important;background-color: #360060 !important;}\u00bb][\/vc_column][\/vc_row][vc_row css=\u00bb.vc_custom_1745233821598{margin-top: 50px !important;}\u00bb][vc_column width=\u00bb2\/3&#8243; el_class=\u00bbpadding-50-right\u00bb css=\u00bb.vc_custom_1494506721665{padding-right: 50px !important;}\u00bb][vc_column_text]<\/p>\n<p>&nbsp;<\/p>\n<h1>Presentaci\u00f3n<\/h1>\n<p>[\/vc_column_text][vc_column_text el_id=\u00bbpresentacion\u00bb]<\/p>\n<p style=\"text-align: justify;\">Bienvenidos a la Facultad de Ciencias de la Universidad de La Laguna. Este espacio tiene como objetivo acercar la Facultad de Ciencias de la Universidad de La Laguna a todos aquellos estudiantes, investigadores, profesionales, empresas o instituciones que deseen conocer qui\u00e9nes somos, lo que hacemos y deseen estudiar o colaborar con nosotros.<\/p>\n<p>[\/vc_column_text][vc_empty_space height=\u00bb40px\u00bb][vc_column_text el_id=\u00bborganigrama\u00bb]<\/p>\n<h1>Organigrama<\/h1>\n<p>[\/vc_column_text][vc_column_text]\n<style>\n    .shortcode-equipo h2 {\n        margin-bottom: 10px !important;\n    }\n<\/style>\n\n<div class=\"shortcode-equipo\">\n    <h2>Equipo de direcci\u00f3n<\/h2><dl><dt><strong>Decana<\/strong><\/dt><dd><a href='https:\/\/www.ull.es\/directorio\/search\/?busqueda=decano-facultad-ciencias' target='_blank'>Mar\u00eda del Mar Afonso Rodr\u00edguez<\/a><\/dd><dt><strong>Secretario<\/strong><\/dt><dd><a href='https:\/\/www.ull.es\/directorio\/search\/?busqueda=secretci' target='_blank'>Pedro Alberto Hern\u00e1ndez Leal<\/a><\/dd><dt><strong>Vicedecana del Grado de F\u00edsica y de la Secci\u00f3n de F\u00edsica<\/strong><\/dt><dd><a href='https:\/\/www.ull.es\/directorio\/search\/?busqueda=vicedecano-seccion-fisica-facultad-ciencias' target='_blank'>Silvana Radescu Cioranescu<\/a><\/dd><dt><strong>Vicedecano del grado en Biolog\u00eda y de la Secci\u00f3n de Biolog\u00eda<\/strong><\/dt><dd><a href='https:\/\/www.ull.es\/directorio\/search\/?busqueda=vicedecano-seccion-biologia-facultad-ciencias' target='_blank'>Guido Santos Rosales<\/a><\/dd><dt><strong>Vicedecana de la Secci\u00f3n de Matem\u00e1ticas<\/strong><\/dt><dd><a href='https:\/\/www.ull.es\/directorio\/search\/?busqueda=vicedecano-seccion-matematicas-facultad-ciencias' target='_blank'>Mar\u00eda Candelaria Gonz\u00e1lez D\u00e1vila<\/a><\/dd><dt><strong>Vicedecana del Grado en Ciencias Ambientales y de la Secci\u00f3n de Qu\u00edmica<\/strong><\/dt><dd><a href='https:\/\/www.ull.es\/directorio\/search\/?busqueda=vicedecano-seccion-quimica-facultad-ciencias' target='_blank'>Manuela S\u00e1nchez Sarmiento<\/a><\/dd><dt><strong>Vicedecana del Grado en Qu\u00edmica<\/strong><\/dt><dd><a href='https:\/\/www.ull.es\/directorio\/search\/?busqueda=vicedecano-grado-quimica-facultad-ciencias' target='_blank'>Elena Pastor Tejera<\/a><\/dd><dt><strong>Vicedecano de Coordinaci\u00f3n, Igualdad y Sostenibilidad<\/strong><\/dt><dd><a href='https:\/\/www.ull.es\/directorio\/search\/?busqueda=vicedecano-practicas-externas-infraestructura-facultad-ciencias' target='_blank'>Ricardo Guillermo Alvarez<\/a><\/dd><dt><strong>Vicedecano de Calidad y Plan de Orientaci\u00f3n y Acci\u00f3n Tutorial (POAT)<\/strong><\/dt><dd><a href='https:\/\/www.ull.es\/directorio\/search\/?busqueda=vicedecano-calidad-poat-facultad-ciencias' target='_blank'>Manuel E. Torres Betancort<\/a><\/dd><dt><strong>Vicedecano de Organizaci\u00f3n Docente<\/strong><\/dt><dd><a href='https:\/\/www.ull.es\/directorio\/search\/?busqueda=vicedecano-movilidad-igualdad-facultad-ciencias' target='_blank'>Alejandro Gonz\u00e1lez Orive<\/a><\/dd><dt><strong>Coordinador de calidad institucional e innovaci\u00f3n docente del Grado en Biolog\u00eda<\/strong><\/dt><dd><a href='https:\/\/www.ull.es\/directorio\/search\/?busqueda=coordinador-calidad-innovacion-biologia-facultad-ciencias' target='_blank'>Eduardo P\u00e9rez Roth<\/a><\/dd><dt><strong>Coordinador de calidad institucional e innovaci\u00f3n docente del Grado en F\u00edsica<\/strong><\/dt><dd><a href='https:\/\/www.ull.es\/directorio\/search\/?busqueda=coordinador-calidad-innovacion-fisica-facultad-ciencias' target='_blank'>Jordi Cepa Nogu\u00e9<\/a><\/dd><dt><strong>Coordinador de calidad institucional e innovaci\u00f3n docente del Grado en Ciencias Ambientales<\/strong><\/dt><dd> <a href='https:\/\/www.ull.es\/directorio\/search\/?busqueda=Jos\u00e9 Ram\u00f3n Vera Galv\u00e1n' target='_blank'>Jos\u00e9 Ram\u00f3n Vera Galv\u00e1n<\/a><\/dd><dt><strong>Coordinador de calidad institucional e innovaci\u00f3n docente del Grado en Matem\u00e1ticas<\/strong><\/dt><dd><a href='https:\/\/www.ull.es\/directorio\/search\/?busqueda=coordinador-calidad-innovacion-matematicas-facultad-ciencias' target='_blank'>Vacante<\/a><\/dd><dt><strong>Coordinador de calidad institucional e innovaci\u00f3n docente del Grado en Qu\u00edmica<\/strong><\/dt><dd><a href='https:\/\/www.ull.es\/directorio\/search\/?busqueda=coordinador-calidad-innovacion-quimica-facultad-ciencias' target='_blank'>Alejandro Gonz\u00e1lez Orive<\/a><\/dd><dt><strong>Coordinador de POAT del Grado en Biolog\u00eda<\/strong><\/dt><dd>Vacante<\/dd><dt><strong>Coordinador de POAT del Grado en F\u00edsica<\/strong><\/dt><dd> <a href='https:\/\/www.ull.es\/directorio\/search\/?busqueda=Francisco Javier del Castillo Vargas' target='_blank'>Francisco Javier del Castillo Vargas<\/a><\/dd><dt><strong>Coordinador de POAT del Grado en Matem\u00e1ticas<\/strong><\/dt><dd> <a href='https:\/\/www.ull.es\/directorio\/search\/?busqueda=Ruym\u00e1n Cruz Barroso' target='_blank'>Ruym\u00e1n Cruz Barroso<\/a><\/dd><dt><strong>Coordinador POAT de la Secci\u00f3n de Qu\u00edmica<\/strong><\/dt><dd> <a href='https:\/\/www.ull.es\/directorio\/search\/?busqueda=Miriam Candelaria Rodr\u00edguez Gonz\u00e1lez' target='_blank'>Miriam Candelaria Rodr\u00edguez Gonz\u00e1lez<\/a><\/dd><dt><strong>Coordinador de Movilidad Internacional de la Secci\u00f3n de F\u00edsica<\/strong><\/dt><dd> <a href='https:\/\/www.ull.es\/directorio\/search\/?busqueda=Andr\u00e9s Mujica Fernaud' target='_blank'>Andr\u00e9s Mujica Fernaud<\/a><\/dd><dt><strong>Coordinadora de Movilidad Internacional de la Facultad<\/strong><\/dt><dd> <a href='https:\/\/www.ull.es\/directorio\/search\/?busqueda=Elena Pastor Tejera' target='_blank'>Elena Pastor Tejera<\/a><\/dd><dt><strong>Coordinador de Movilidad Internacional de la Secci\u00f3n Biolog\u00eda<\/strong><\/dt><dd> <a href='https:\/\/www.ull.es\/directorio\/search\/?busqueda=Jos\u00e9 Manuel Gonz\u00e1lez' target='_blank'>Jos\u00e9 Manuel Gonz\u00e1lez<\/a><\/dd><dt><strong>Coordinadora de Movilidad Internacional de la Secci\u00f3n de Matem\u00e1ticas<\/strong><\/dt><dd> <a href='https:\/\/www.ull.es\/directorio\/search\/?busqueda=Marta de Le\u00f3n Contreras' target='_blank'>Marta de Le\u00f3n Contreras<\/a><\/dd><dt><strong>Coordinadora de Movilidad Internacional de la Secci\u00f3n de Qu\u00edmica<\/strong><\/dt><dd> <a href='https:\/\/www.ull.es\/directorio\/search\/?busqueda=Elena Pastor Tejera' target='_blank'>Elena Pastor Tejera<\/a><\/dd><\/dl><h2>Personal de administraci\u00f3n<\/h2><dl><dt><strong>Administradora<\/strong><\/dt><dd> <a href='https:\/\/www.ull.es\/directorio\/search\/?busqueda=Elena Gallego Agull\u00f3' target='_blank'>Elena Gallego Agull\u00f3<\/a><\/dd><dt><strong>Administrativa de decanato<\/strong><\/dt><dd> <a href='https:\/\/www.ull.es\/directorio\/search\/?busqueda=Nellya Teresa Miquilena Monsalve' target='_blank'>Nellya Teresa Miquilena Monsalve<\/a><\/dd><dt><strong>Gestor<\/strong><\/dt><dd> <a href='https:\/\/www.ull.es\/directorio\/search\/?busqueda=Ausente' target='_blank'>Ausente<\/a><\/dd><dt><strong>Colaborador<\/strong><\/dt><dd> <a href='https:\/\/www.ull.es\/directorio\/search\/?busqueda=Vicente Barreto D\u00edaz' target='_blank'>Vicente Barreto D\u00edaz<\/a><\/dd><dt><strong>Administrativos puesto base<\/strong><\/dt><dd>Vacante<\/dd><dd>Vacante<\/dd><dd>Vacante<\/dd><\/dl>\n<\/div>\n[\/vc_column_text][vc_separator css=\u00bb.vc_custom_1513002225227{margin-top: 50px !important;margin-bottom: 50px !important;}\u00bb][vc_column_text]<\/p>\n<h3>Informaci\u00f3n adicional<\/h3>\n<p>[\/vc_column_text][vc_tta_accordion shape=\u00bbsquare\u00bb c_icon=\u00bbchevron\u00bb c_position=\u00bbright\u00bb active_section=\u00bb\u00bb no_fill=\u00bbtrue\u00bb collapsible_all=\u00bbtrue\u00bb][vc_tta_section title=\u00bbSecci\u00f3n de Biolog\u00eda\u00bb tab_id=\u00bbseccion-biolog\u00eda\u00bb][vc_column_text]<strong>Porter\u00eda de la secci\u00f3n<\/strong><\/p>\n<ul>\n<li><i class=\"fa fa-map-marker\"><\/i> Avenida Astrof\u00edsico Francisco S\u00e1nchez, s\/n. Facultad de Ciencias. Apartado 456. C\u00f3digo postal 38200. San Crist\u00f3bal de La Laguna. S\/C de Tenerife<\/li>\n<li><i class=\"fa fa-phone\"><\/i> (+34) 922 31 83 36<\/li>\n<li><i class=\"fa fa-envelope\"><\/i> <a href=\"mailto:bioporte@ull.es\" target=\"_blank\" rel=\"noopener\">bioporte@ull.es<\/a><\/li>\n<\/ul>\n<p>[\/vc_column_text][\/vc_tta_section][vc_tta_section title=\u00bbSecci\u00f3n de F\u00edsica\u00bb tab_id=\u00bbseccion-fisica\u00bb][vc_column_text]<strong>Porter\u00eda de la secci\u00f3n<\/strong><\/p>\n<ul>\n<li><i class=\"fa fa-map-marker\"><\/i> Avenida Astrof\u00edsico Francisco S\u00e1nchez, s\/n. Facultad de Ciencias. Apartado 456. C\u00f3digo postal 38200. San Crist\u00f3bal de La Laguna. S\/C de Tenerife<\/li>\n<li>(+34) 922 31 81 13<\/li>\n<li><a href=\"mailto:pfismat@ull.es\" target=\"_blank\" rel=\"noopener\">pfismat@ull.es<\/a><\/li>\n<\/ul>\n<p>[\/vc_column_text][\/vc_tta_section][vc_tta_section title=\u00bbSecci\u00f3n de Matem\u00e1ticas\u00bb tab_id=\u00bbseccion-matematicas\u00bb][vc_column_text]<strong>Porter\u00eda de la secci\u00f3n<\/strong><\/p>\n<ul>\n<li><i class=\"fa fa-map-marker\"><\/i> Avenida Astrof\u00edsico Francisco S\u00e1nchez, s\/n. Facultad de Ciencias. Apartado 456. C\u00f3digo postal 38200. San Crist\u00f3bal de La Laguna. S\/C de Tenerife<\/li>\n<li>(+34) 922 31 81 13<\/li>\n<li><i class=\"fa fa-envelope\"><\/i> <a href=\"mailto:pfismat@ull.es\" target=\"_blank\" rel=\"noopener\">pfismat@ull.es<\/a><\/li>\n<\/ul>\n<p>[\/vc_column_text][\/vc_tta_section][vc_tta_section title=\u00bbSecci\u00f3n de Qu\u00edmica\u00bb tab_id=\u00bbseccion-quimica\u00bb][vc_column_text]<strong>Porter\u00eda de la secci\u00f3n<\/strong><\/p>\n<ul>\n<li><i class=\"fa fa-map-marker\"><\/i> Avenida Astrof\u00edsico Francisco S\u00e1nchez, s\/n. Facultad de Ciencias. Apartado 456. C\u00f3digo postal 38200. San Crist\u00f3bal de La Laguna. S\/C de Tenerife<\/li>\n<li><i class=\"fa fa-phone\"><\/i> (+34) 922 31 80 14<\/li>\n<li><i class=\"fa fa-envelope\"><\/i> <a href=\"mailto:pquimica@ull.es\" target=\"_blank\" rel=\"noopener\">pquimica@ull.es<\/a><\/li>\n<\/ul>\n<p>[\/vc_column_text][\/vc_tta_section][\/vc_tta_accordion][\/vc_column][vc_column width=\u00bb1\/3&#8243;][vc_column_text]<a class=\"btn-destacado\" href=\"https:\/\/riull.ull.es\/xmlui\/handle\/915\/6981\" target=\"_blank\" rel=\"noopener\" target=\"_blank\" rel=\"noopener\">Consultar normativa de la facultad<i class=\"fa fa-arrow-right\"><\/i><\/a>[\/vc_column_text][vc_column_text]<a class=\"btn-destacado\" href=\"http:\/\/www.ull.es\/centros\/facultad-ciencias\/informacion-general\/junta-de-facultad-y-comisiones\/\" rel=\"noopener\" target=\"_blank\" rel=\"noopener\">Consultar junta de facultad y comisiones <i class=\"fa fa-arrow-right\"><\/i><\/a>[\/vc_column_text][vc_column_text el_class=\u00bbcontacto\u00bb]\n<ul class=\"widget-box\">\n<li class='contacto-header'>Informaci\u00f3n de contacto<\/li><li><i class=\"fa fa-map-marker\"><\/i> .Avenida Astrof\u00edsico Francisco S\u00e1nchez, s\/n. Facultad de Ciencias. Apartado 456. C\u00f3digo postal 38200. San Crist\u00f3bal de La Laguna. S\/C de Tenerife<\/li><li><i class=\"fa fa-phone\"><\/i> (+34) 922 31 83 13<\/li><li><i class=\"fa fa-envelope\"><\/i>  <a href=mailto:seccie@ull.es>seccie@ull.es<\/a><\/li><li><i class=\"fa fa-calendar\"><\/i><a href=\"http:\/\/citaprevia.ull.es\/index.php?s=ciencias\"> Cita previa<\/a><\/li>\n<\/ul>\n\n[\/vc_column_text][vc_column_text el_id=\u00bbubicacion\u00bb]\n    \n<style>\n    .google-maps {\n        position: relative;\n        padding-bottom: 75%;\n        height: 0;\n        overflow: hidden;\n    }\n    .google-maps iframe {\n        position: absolute;\n        top: 0;\n        left: 0;\n        width: 100% !important;\n        height: 100% !important;\n    }\n<\/style>\n\n\n<div class=\"google-maps\">\n    <iframe src=\"https:\/\/www.openstreetmap.org\/export\/embed.html?bbox=-16.32472617411%2C28.477629074376%2C-16.31858236452%2C28.483441296656&amp;layer=mapnik&amp;marker=28.481812030115726%2C-16.3219\" style=\"border: 1px solid black\"><\/iframe>\n<\/div>\n\n<div class=\"btn-widget\">\n    <a href=\"https:\/\/www.openstreetmap.org\/directions?engine=graphhopper_car&from=&to=28.481812030115726%2C-16.3219#map=17\/28.481812030115726\/-16.3219\">C\u00f3mo llegar<\/a>  \n<\/div>\n\n  <\/body>\n<\/html>\n\n[\/vc_column_text][\/vc_column][\/vc_row]<\/p>\n","protected":false},"excerpt":{"rendered":"<p>[vc_row full_width=\u00bbstretch_row_content_no_spaces\u00bb el_class=\u00bbSliderPortada\u00bb css=\u00bb.vc_custom_1745237111535{margin-top: -100px !important;}\u00bb][vc_column][rev_slider_vc alias=\u00bbportada\u00bb][\/vc_column][\/vc_row][vc_row full_width=\u00bbstretch_row_content_no_spaces\u00bb][vc_column][vc_custom_heading text=\u00bb\u00bb font_container=\u00bbtag:h2|text_align:center\u00bb google_fonts=\u00bbfont_family:Montserrat%3Aregular%2C700|font_style:700%20bold%20regular%3A700%3Anormal\u00bb css=\u00bb.vc_custom_1721221176088{padding-top: 15px !important;padding-bottom: 15px !important;background-color: #360060 !important;}\u00bb][\/vc_column][\/vc_row][vc_row css=\u00bb.vc_custom_1745233821598{margin-top: 50px !important;}\u00bb][vc_column width=\u00bb2\/3&#8243; el_class=\u00bbpadding-50-right\u00bb css=\u00bb.vc_custom_1494506721665{padding-right: 50px !important;}\u00bb][vc_column_text] &nbsp; Presentaci\u00f3n [\/vc_column_text][vc_column_text el_id=\u00bbpresentacion\u00bb] Bienvenidos a la Facultad de Ciencias de la Universidad de La Laguna. Este espacio tiene como objetivo acercar la Facultad de Ciencias de la Universidad&#8230;<\/p>\n","protected":false},"author":1,"featured_media":0,"parent":0,"menu_order":0,"comment_status":"closed","ping_status":"closed","template":"templates\/template-frontpage.php","meta":[],"acf":[],"_links":{"self":[{"href":"https:\/\/www.ull.es\/centros\/facultad-ciencias\/wp-json\/wp\/v2\/pages\/40"}],"collection":[{"href":"https:\/\/www.ull.es\/centros\/facultad-ciencias\/wp-json\/wp\/v2\/pages"}],"about":[{"href":"https:\/\/www.ull.es\/centros\/facultad-ciencias\/wp-json\/wp\/v2\/types\/page"}],"author":[{"embeddable":true,"href":"https:\/\/www.ull.es\/centros\/facultad-ciencias\/wp-json\/wp\/v2\/users\/1"}],"replies":[{"embeddable":true,"href":"https:\/\/www.ull.es\/centros\/facultad-ciencias\/wp-json\/wp\/v2\/comments?post=40"}],"version-history":[{"count":29,"href":"https:\/\/www.ull.es\/centros\/facultad-ciencias\/wp-json\/wp\/v2\/pages\/40\/revisions"}],"predecessor-version":[{"id":1632,"href":"https:\/\/www.ull.es\/centros\/facultad-ciencias\/wp-json\/wp\/v2\/pages\/40\/revisions\/1632"}],"wp:attachment":[{"href":"https:\/\/www.ull.es\/centros\/facultad-ciencias\/wp-json\/wp\/v2\/media?parent=40"}],"curies":[{"name":"wp","href":"https:\/\/api.w.org\/{rel}","templated":true}]}}