{"id":432,"date":"2018-01-29T13:52:48","date_gmt":"2018-01-29T13:52:48","guid":{"rendered":"http:\/\/www.ull.es\/centros\/facultad-ciencias\/?page_id=432"},"modified":"2025-04-01T11:06:21","modified_gmt":"2025-04-01T11:06:21","slug":"programas-movilidad-biologia","status":"publish","type":"page","link":"https:\/\/www.ull.es\/centros\/facultad-ciencias\/docencia\/programas-de-movilidad\/programas-movilidad-biologia\/","title":{"rendered":"Programas de movilidad &#8211; Secci\u00f3n de Biolog\u00eda"},"content":{"rendered":"<p>[vc_row][vc_column width=\u00bb2\/3&#8243;][vc_column_text]<\/p>\n<h1>Programas de movilidad<\/h1>\n<h2>Secci\u00f3n de Biolog\u00eda<\/h2>\n<p>[\/vc_column_text][vc_tta_accordion shape=\u00bbsquare\u00bb c_icon=\u00bbchevron\u00bb c_position=\u00bbright\u00bb active_section=\u00bb\u00bb no_fill=\u00bbtrue\u00bb collapsible_all=\u00bbtrue\u00bb][vc_tta_section title=\u00bbMovilidad nacional\u00bb tab_id=\u00bbmovilidad-nacional\u00bb][vc_column_text]<\/p>\n<h3>Programa SICUE\/S\u00c9NECA<\/h3>\n<p><strong>Generalidades<\/strong><br \/>\nEl Programa SICUE\/S\u00c9NECA de movilidad de estudiantes universitarios es un sistema por el que el estudiantado de las universidades espa\u00f1olas puede realizar una parte de sus estudios en otra universidad espa\u00f1ola distinta a la suya, con garant\u00edas de reconocimiento acad\u00e9mico y de aprovechamiento, as\u00ed como de adecuaci\u00f3n a su perfil curricular.<\/p>\n<p>Los requisitos para acceder al SICUE son sencillos:<\/p>\n<ol type=\"a\">\n<li>Tener superados 90 cr\u00e9ditos;<\/li>\n<li>Estar matriculado en el momento de formalizar la solicitud de m\u00e1s de 30; y<\/li>\n<li>Presentar una memoria, donde se expliquen los motivos y el prop\u00f3sito de la incorporaci\u00f3n al sistema.<\/li>\n<\/ol>\n<p>Cada a\u00f1o se actualiza la relaci\u00f3n de plazas disponibles.<\/p>\n<p>El esquema\/calendario de todo el procedimiento lo puedes consultar en este enlace.<\/p>\n<p>Puedes encontrar informaci\u00f3n detallada en el <a href=\"https:\/\/campusvirtual.ull.es\/entornos\/login\/index.php?authCAS=NOCAS\" target=\"_blank\" rel=\"noopener\">Entorno Virtual<\/a> \u00abPrograma Sicue\/Seneca Facultad de Biolog\u00eda\u00bb, al que podr\u00e1s acceder en calidad de invitado.<\/p>\n<p><strong>Coordinador:<\/strong> Dr.\u00a0Juan Cristo Luis Jorge\u00a0(<a href=\"mailto:jcluis@ull.es\" target=\"_blank\" rel=\"noopener noreferrer\" target=\"_blank\" rel=\"noopener\">jcluis@ull.es<\/a>)<\/p>\n<p><strong>Becas S\u00c9NECA<\/strong><\/p>\n<p>Podr\u00e1n optar a ellas estudiantes matriculados en universidades espa\u00f1olas o en centros de educaci\u00f3n superior, que se hallen cursando los estudios conducentes a la obtenci\u00f3n de los t\u00edtulos oficiales de Grado, Licenciado, Ingeniero o Arquitecto o los de Diplomado, Ingeniero o Arquitecto T\u00e9cnico y hayan obtenido una plaza en la convocatoria SICUE para el curso en el que se convoquen las becas.<\/p>\n<p>Para m\u00e1s informaci\u00f3n seguir este <a href=\"https:\/\/www.ull.es\/portal\/convocatorias\/categorias\/sicue\/\" target=\"_blank\" rel=\"noopener\">enlace.<\/a>[\/vc_column_text][\/vc_tta_section][vc_tta_section title=\u00bbMovilidad internacional\u00bb tab_id=\u00bbmovilidad-internacional\u00bb][vc_column_text]<\/p>\n<h3><b>Programa Erasmus+ (2025-26)<\/b><\/h3>\n<p><a href=\"https:\/\/drive.google.com\/file\/d\/1Bm2_4B-9EfsiMhLQ-YHHH1j3w_5hZ8K6\/view?usp=drive_link\" target=\"_blank\" rel=\"noopener\" target=\"_blank\" rel=\"noopener\">Listado provisional de admitidos\/as y excluidos\/as al procedimiento<\/a>\u00a0(modalidad estudios)<\/p>\n<p><a href=\"https:\/\/drive.google.com\/file\/d\/1I5CdeXbPGsY6kWtLwvy9SEaoH3Wny54y\/view?usp=drive_link\" target=\"_blank\" rel=\"noopener\" target=\"_blank\" rel=\"noopener\">Listado definitivo de admitidos\/as y excluidos\/as al procedimiento<\/a>\u00a0(modalidad estudios)<\/p>\n<p><a href=\"https:\/\/drive.google.com\/file\/d\/19B7ftHFtHvWDRq-ikEw7AfaZ_yg7x1E4\/view?usp=drive_link\" target=\"_blank\" rel=\"noopener\">Propuesta de Baremaci\u00f3n Provisional Erasmus +<\/a><\/p>\n<p><a href=\"https:\/\/drive.google.com\/file\/d\/17sInifsSXwuGTxObpKmkix0xHUbE-PaS\/view?usp=drive_link\" target=\"_blank\" rel=\"noopener\" target=\"_blank\" rel=\"noopener\">Propuesta de Baremaci\u00f3n Definitiva Erasmus+<\/a><\/p>\n<p>&nbsp;<\/p>\n<h3><b>Programa Erasmus+ (2024-25)<\/b><\/h3>\n<p><a href=\"https:\/\/drive.google.com\/file\/d\/1h7a4CMoInOCGbyC0FEqaYinjZvNWb4TU\/view?usp=drive_link\" target=\"_blank\" rel=\"noopener\" target=\"_blank\" rel=\"noopener\">Listado provisional de admitidos\/as y excluidos\/as al procedimiento<\/a> (modalidad estudios)<\/p>\n<p><a href=\"https:\/\/drive.google.com\/file\/d\/1K0F17b4OypqssQw9yXI6_YJ2herBtRyG\/view?usp=drive_link\" target=\"_blank\" rel=\"noopener\" target=\"_blank\" rel=\"noopener\">Listado definitivo de admitidos\/as y excluidos\/as al procedimiento<\/a> (modalidad estudios)<\/p>\n<p><a href=\"https:\/\/drive.google.com\/file\/d\/12vQ9GdkfKt3qsx8ceZZMbUXWALJ9V8bg\/view?usp=drive_link\" target=\"_blank\" rel=\"noopener\" target=\"_blank\" rel=\"noopener\">Propuesta de Baremaci\u00f3n Provisional Erasmus +<\/a><\/p>\n<p><a href=\"https:\/\/drive.google.com\/file\/d\/1WpO_GpmH0zJVSNQBqLyrfp4pmSn8vOgp\/view?usp=drive_link\" target=\"_blank\" rel=\"noopener\" target=\"_blank\" rel=\"noopener\">Propuesta de Baremaci\u00f3n Definitiva Erasmus+<\/a><\/p>\n<h3><\/h3>\n<h3><b>Programa Erasmus+ (2023-24)<\/b><\/h3>\n<p><a href=\"https:\/\/drive.google.com\/file\/d\/1CMxxemUPcdiUdBdsLdtnMKxcqWz4BBY3\/view?usp=share_link\" target=\"_blank\" rel=\"noopener\" target=\"_blank\" rel=\"noopener\">Listado provisional de admitidos\/as y excluidos\/as<\/a> al procedimiento (modalidad estudios)<\/p>\n<p><a href=\"https:\/\/drive.google.com\/file\/d\/1KENdED52YaQNtbEB5-Cc1L1GpCJcAoQ5\/view?usp=share_link\" target=\"_blank\" rel=\"noopener\" target=\"_blank\" rel=\"noopener\">Listado definitivo de admitidos\/as y excluidos\/as<\/a> al procedimiento (modalidad estudios)<\/p>\n<p><a href=\"https:\/\/drive.google.com\/file\/d\/1ex4G506Ucfo9N7CltGkCL3B4NTnFsMbo\/view?usp=share_link\" target=\"_blank\" rel=\"noopener\" target=\"_blank\" rel=\"noopener\">Propuesta de Baremaci\u00f3n Provisional Erasmus +<\/a><\/p>\n<p><a href=\"https:\/\/drive.google.com\/file\/d\/1tELaqcCbk4P8ehKFDhvha3bWB-xI0EFd\/view?usp=share_link\" target=\"_blank\" rel=\"noopener\" target=\"_blank\" rel=\"noopener\">Propuesta de Baremaci\u00f3n Definitiva Erasmus+<\/a><\/p>\n<h3><\/h3>\n<h3><b>Programa Erasmus+ (2022-23)<\/b><\/h3>\n<p><a href=\"https:\/\/drive.google.com\/file\/d\/1zzyk-ddLJx_Cvjfi_FrXJX0vHdmbpBOY\/view?usp=sharing\" target=\"_blank\" rel=\"noopener\" target=\"_blank\" rel=\"noopener\">Listado provisional de admitidos\/as y excluidos\/as<\/a> al procedimiento (modalidad estudios)<\/p>\n<p><a href=\"https:\/\/drive.google.com\/file\/d\/10XkZJdp7EH0Msi-QukcNDsGTBEhvtiq2\/view?usp=sharing\" target=\"_blank\" rel=\"noopener\" target=\"_blank\" rel=\"noopener\">Listado definitivo de admitidos\/as y excluidos\/as<\/a> al procedimiento (modalidad estudios)<\/p>\n<p><a href=\"https:\/\/drive.google.com\/file\/d\/1ssqrFA1nFeyLn5P1OXUiihiBQvyknfPn\/view?usp=sharing\" target=\"_blank\" rel=\"noopener\" target=\"_blank\" rel=\"noopener\">Propuesta de Baremaci\u00f3n Provisional Erasmus +<\/a><\/p>\n<p><a href=\"https:\/\/drive.google.com\/file\/d\/1CWiS0V8w2hAtIRfoudDmbwmL9kArBF7s\/view?usp=sharing\" target=\"_blank\" rel=\"noopener\" target=\"_blank\" rel=\"noopener\">Propuesta de Baremaci\u00f3n Definitiva Erasmus+<\/a><\/p>\n<h3><\/h3>\n<h3><\/h3>\n<h3><b>Programa Erasmus+ (2021-22)<\/b><\/h3>\n<p><a href=\"https:\/\/drive.google.com\/file\/d\/1c1FDHVXYv1FiACXBikz1hXFlIkp1me2G\/view?usp=sharing\" target=\"_blank\" rel=\"noopener noreferrer\" target=\"_blank\" rel=\"noopener\">Listado provisional de admitidos\/as y excluidos\/as<\/a> al procedimiento (modalidad estudios)<\/p>\n<p><a href=\"https:\/\/drive.google.com\/file\/d\/1yDBs9QWmVxDavk_vjmmpi6I8klFzMZOG\/view?usp=sharing\" target=\"_blank\" rel=\"noopener noreferrer\" target=\"_blank\" rel=\"noopener\">Listado definitivo de admitidos\/as y excluidos\/as<\/a> al procedimiento (modalidad estudios)<\/p>\n<p><a href=\"https:\/\/drive.google.com\/file\/d\/1zaWAj9vfYdVhn1oUFLhT3EQsOTjgu-UE\/view?usp=sharing\" target=\"_blank\" rel=\"noopener\" target=\"_blank\" rel=\"noopener\">Propuesta de Baremaci\u00f3n Provisional Erasmus +<\/a><\/p>\n<p><a href=\"https:\/\/drive.google.com\/file\/d\/1WrVXOECE-bRqQzr0wofEJw40GF30hFU-\/view?usp=sharing\" target=\"_blank\" rel=\"noopener\">Propuesta de Baremaci\u00f3n Definitiva Erasmus+<\/a><\/p>\n<p>&nbsp;<\/p>\n<h3><b>Programa Erasmus+ (2020-21)<\/b><\/h3>\n<p><a href=\"https:\/\/drive.google.com\/open?id=1XCcSjmf0cQDLIcxDINCNhSmkjUyABk1s\" target=\"_blank\" rel=\"noopener noreferrer\" target=\"_blank\" rel=\"noopener\">Listado provisional de admitidos\/as y excluidos\/as<\/a> al procedimiento (modalidad estudios)<\/p>\n<p><a href=\"https:\/\/drive.google.com\/open?id=1tEISYRFpXzaIFvTXiYija1k3azsYx4Ad\" target=\"_blank\" rel=\"noopener noreferrer\" target=\"_blank\" rel=\"noopener\">Listado definitivo de admitidos\/as y excluidos\/as<\/a> al procedimiento (modalidad estudios)<\/p>\n<p><a href=\"https:\/\/drive.google.com\/open?id=1DVp7rApnEpfGQwa0bLdBAWmRpLLQj5XU\" target=\"_blank\" rel=\"noopener noreferrer\" target=\"_blank\" rel=\"noopener\">Propuesta de Baremaci\u00f3n Provisional Erasmus +<\/a><\/p>\n<p><a href=\"https:\/\/drive.google.com\/open?id=1Idzi3a9cpliKCvCW82i0j3DfJzXlBwmx\" target=\"_blank\" rel=\"noopener noreferrer\" target=\"_blank\" rel=\"noopener\">Propuesta de Baremaci\u00f3n Definitiva Erasmus+<\/a><\/p>\n<p>&nbsp;<\/p>\n<h3><b>Programa Erasmus+ (2019-20)<\/b><\/h3>\n<p><a href=\"https:\/\/drive.google.com\/open?id=1OAeaf8yqRGSxDCWX9qKZC1oRvvpHTQHO\" target=\"_blank\" rel=\"noopener\">Listado provisional de admitidos\/as y excluidos\/as<\/a> al procedimiento (modalidad estudios)<\/p>\n<p><a href=\"https:\/\/drive.google.com\/open?id=1lAjTBRWZC7VGRnWBLcHOmrVHBxinE1WE\" target=\"_blank\" rel=\"noopener noreferrer\" target=\"_blank\" rel=\"noopener\">Listado definitivo de admitidos\/as y excluidos\/as<\/a> al procedimiento (modalidad estudios)<\/p>\n<p><a href=\"https:\/\/drive.google.com\/open?id=1ot-UEQGUu-WMO71t-p4N0cny5sXroik5\" target=\"_blank\" rel=\"noopener noreferrer\" target=\"_blank\" rel=\"noopener\">Propuesta de Baremaci\u00f3n Provisional Erasmus +<\/a><\/p>\n<p><a href=\"https:\/\/drive.google.com\/open?id=1e8JjzT_tGcUaswAVzzYHlc3KE4d_xfee\" target=\"_blank\" rel=\"noopener noreferrer\" target=\"_blank\" rel=\"noopener\">Propuesta de Baremaci\u00f3n Definitiva Erasmus+<\/a><\/p>\n<h3>Convenios<\/h3>\n<p>Puedes consultar los convenios vigentes en este\u00a0<a href=\"https:\/\/drive.google.com\/folderview?id=0B0zBLH6CuOqgcTYxelJUSi1oWUE&amp;usp=sharing\" target=\"_blank\" rel=\"noopener noreferrer\" target=\"_blank\" rel=\"noopener\">enlace<\/a>.<\/p>\n<h3>S\u00f3crates &#8211; Erasmus<\/h3>\n<p>El objetivo principal del programa S\u00f3crates de movilidad de estudiantes es contribuir a mejorar la calidad de la educaci\u00f3n de j\u00f3venes y adultos reforzando la cooperaci\u00f3n europea e incrementando las oportunidades de aprendizaje de que se dispone en la Uni\u00f3n Europea (UE). La Universidad de La Laguna (ULL) ha firmado convenios con distintas universidades e instituciones de los actuales y futuros estados miembros de la UE. Para esta actividad se concede, por una parte, ayuda financiera a las universidades para la organizaci\u00f3n de los intercambios, y por otra, ayudas a los estudiantes seleccionados para cursar estudios en el primer cuatrimestre, segundo cuatrimestre o curso completo en otra instituci\u00f3n europea con la que la ULL haya pactado movilidad.<\/p>\n<p>El procedimiento administrativo a seguir para la obtenci\u00f3n de plaza Erasmus supone la realizaci\u00f3n de los siguientes pasos:<\/p>\n<ol type=\"a\">\n<li>Presentaci\u00f3n por parte del alumno\/a del impreso de solicitud en la administraci\u00f3n de nuestra facultad. Esto se suele hacer, generalmente, durante el mes de febrero de cada a\u00f1o;<\/li>\n<li>Resoluci\u00f3n por parte de la Comisi\u00f3n Erasmus de nuestra facultad en la que se recoge la relaci\u00f3n de alumnos admitidos as\u00ed como el destino concedido. Generalmente se utilizan como criterios de selecci\u00f3n, el expediente acad\u00e9mico, la idoneidad ling\u00fc\u00edstica en el idioma del pa\u00eds de destino y la disponibilidad econ\u00f3mica del alumno;<\/li>\n<li>Entre los d\u00edas 1 y 15 de junio de cada curso acad\u00e9mico, hay que cumplimentar el contrato acad\u00e9mico entre el alumno y la facultad. En esta tarea, el alumno tiene la ayuda de un Profesor Tutor nombrado al efecto. Al finalizar el curso acad\u00e9mico, cuando las\/los estudiantes vuelven a La Laguna, se incorporan a su expediente las calificaciones obtenidas en la universidad de destino.<\/li>\n<\/ol>\n<p>La concesi\u00f3n de una ayuda ERASMUS no supone en ning\u00fan caso la reducci\u00f3n ni suspensi\u00f3n de las becas de la Comunidad Aut\u00f3noma Canaria o del Ministerio de Educaci\u00f3n y Cultura que puedan obtener los alumnos para el mismo curso acad\u00e9mico.<\/p>\n<p>La informaci\u00f3n completa sobre este programa de intercambio puede consultarse en la Web de la <a href=\"https:\/\/www.ull.es\/\" target=\"_blank\" rel=\"noopener noreferrer\" target=\"_blank\" rel=\"noopener\">Universidad<\/a>. En la pesta\u00f1a de Internacional.<\/p>\n<h1>Informaci\u00f3n adicional<\/h1>\n<ul>\n<li><a href=\"https:\/\/www.ull.es\/portal\/erasmus\/movilidad\/erasmus-estudios-salientes\" target=\"_blank\" rel=\"noopener noreferrer\" target=\"_blank\" rel=\"noopener\">Informaci\u00f3n e impresos<\/a>. Tambi\u00e9n podr\u00e1s encontrar informaci\u00f3n detallada en el Tabl\u00f3n de Anuncios de la Secretar\u00eda de la Facultad.<\/li>\n<li>Puedes comprobar tu nivel de ingl\u00e9s, siguiendo este\u00a0<a href=\"http:\/\/www.cambridgeenglish.org\/es\/test-your-english\/\" target=\"_blank\" rel=\"noopener noreferrer\" target=\"_blank\" rel=\"noopener\">v\u00ednculo<\/a>.<\/li>\n<li>Puedes consultar los centros de ex\u00e1menes Cambridge English,\u00a0<a href=\"http:\/\/www.cambridgeenglish.org\/es\/find-a-centre\/\" target=\"_blank\" rel=\"noopener noreferrer\" target=\"_blank\" rel=\"noopener\">aqu\u00ed.<\/a><\/li>\n<\/ul>\n<p>Si necesitas ampliar la informaci\u00f3n, puedes contactar con\u00a0la\u00a0ORI (<a href=\"mailto:orisal@ull.es\" target=\"_blank\" rel=\"noopener\">orisal@ull.es<\/a>\u00a0o\u00a0<a href=\"mailto:orisocra@ull.es\" target=\"_blank\" rel=\"noopener\">orisocra@ull.es<\/a>) o\u00a0con el Coordinador de Movilidad Internacional de la Secci\u00f3n,\u00a0Dr. Jos\u00e9 Manuel Gonz\u00e1lez Hern\u00e1ndez. Correo electr\u00f3nico:\u00a0<a href=\"mailto:jmglezh@ull.es\" target=\"_blank\" rel=\"noopener noreferrer\" target=\"_blank\" rel=\"noopener\">jmglezh@ull.es<\/a>[\/vc_column_text][\/vc_tta_section][vc_tta_section title=\u00bbCoordinaci\u00f3n de movilidad\u00bb tab_id=\u00bbcoordinacion-movilidad\u00bb][vc_column_text]<\/p>\n<h3>Movilidad Nacional<\/h3>\n<ul>\n<li>Coordinador Programa Sicue\/Seneca: \u00a0Dr.\u00a0Juan Cristo Luis Jorge\u00a0\u00a0(<a href=\"mailto:jcluis@ull.es\" target=\"_blank\" rel=\"noopener noreferrer\" target=\"_blank\" rel=\"noopener\">jcluis@ull.es<\/a>)<\/li>\n<\/ul>\n<h3>Movilidad Internacional<\/h3>\n<ul>\n<li>Coordinadora de Movilidad Internacional de la Facultad de Ciencias: \u00a0Dra. Elena Pastor Tejera (<a href=\"mailto:epastor@ull.es\" target=\"_blank\" rel=\"noopener\">epastor@ull.es<\/a>)<\/li>\n<li>Coordinador \u00a0Programa Erasmus (Secci\u00f3n de Biolog\u00eda):\u00a0Dr. Jos\u00e9 Manuel Gonz\u00e1lez Hern\u00e1ndez.\u00a0<a href=\"mailto:jmglezh@ull.es\" target=\"_blank\" rel=\"noopener noreferrer\" target=\"_blank\" rel=\"noopener\">jmglezh@ull.es<\/a><\/li>\n<\/ul>\n<table class=\"style4\" style=\"height: 122px\" border=\"0\" width=\"8\" cellspacing=\"0\" cellpadding=\"0\">\n<tbody>\n<tr>\n<th><\/th>\n<th><\/th>\n<th><\/th>\n<\/tr>\n<tr>\n<td class=\"td2\"><\/td>\n<td class=\"td2\"><\/td>\n<td class=\"td2\"><\/td>\n<\/tr>\n<tr>\n<td class=\"td2\"><\/td>\n<td class=\"td2\"><\/td>\n<td class=\"td2\"><\/td>\n<\/tr>\n<tr>\n<td class=\"td1\"><\/td>\n<td class=\"td1\"><\/td>\n<td class=\"td1\"><\/td>\n<\/tr>\n<tr>\n<td class=\"td1\"><\/td>\n<td class=\"td1\"><\/td>\n<td class=\"td1\"><\/td>\n<\/tr>\n<\/tbody>\n<\/table>\n<h3>Actuaciones del Coordinador Erasmus con los Alumnos de la Universidad de La Laguna (ULL)<\/h3>\n<p>La figura del coordinador es esencial en la compleja tarea de organizar el proceso de selecci\u00f3n de los estudiantes Erasmus, as\u00ed como en la realizaci\u00f3n de una correcta y adecuada gesti\u00f3n en la tramitaci\u00f3n del proceso. Por ello, la colaboraci\u00f3n entre los coordinadores y la Oficina de Relaciones Internacionales (ORI) es fundamental. Las funciones del coordinador con respecto al Programa son, en esencia, las siguientes:<\/p>\n<ul>\n<li>Establecer los contactos personales o responsabilizarse de los contactos establecidos por la ORI, si son de su inter\u00e9s, que dar\u00e1n lugar a la firma institucional del acuerdo que permitir\u00e1 recibir y enviar un determinado n\u00famero de estudiantes, o realizar cualquiera de las acciones previstas en el Programa Erasmus.<\/li>\n<li>Intervenir en el proceso de selecci\u00f3n de los estudiantes, que deber\u00e1, en todo caso, realizarse a partir de criterios que se hacen p\u00fablicos en la convocatoria. Esta selecci\u00f3n de candidatos se basa fundamentalmente en los siguientes aspectos:\n<ol>\n<li>Expediente acad\u00e9mico.<\/li>\n<li>Conocimiento de la lengua en la que se imparten las clases en la universidad de acogida<\/li>\n<li>Ajuste del perfil del candidato a las caracter\u00edsticas de la plaza.<\/li>\n<li>Motivaci\u00f3n para realizar intercambios.<\/li>\n<\/ol>\n<\/li>\n<li>Facilitar a los alumnos informaci\u00f3n sobre las fechas de inicio y fin del curso acad\u00e9mico, as\u00ed como&#8217; sobre los planes de estudios y asignaturas por curso y sus programas. Para ello, las p\u00e1ginas web de cada universidad son elementos b\u00e1sicos de informaci\u00f3n. Ello permitir\u00e1 al coordinador elaborar el compromiso de Reconocimiento Acad\u00e9mico previo a su partida y posteriormente realizar el reconocimiento de los resultados obtenidos.<\/li>\n<li>El coordinador junto con el estudiante acordar\u00e1n la elecci\u00f3n de las asignaturas y\/o cr\u00e9ditos que cursar\u00e1 el alumno, as\u00ed como el reconocimiento y calificaci\u00f3n que obtendr\u00e1 a la vuelta. Para ello, se comprobar\u00e1 la equivalencia de estudios entre los de la Universidad de La Laguna y los que se proyecta cursar en el exterior, siguiendo el modelo ECTS. Ser\u00e1 decisi\u00f3n de cada centro permitir que los alumnos seleccionados puedan cursar asignaturas pendientes de otros cursos. Este acuerdo deber\u00e1 reflejarse por escrito en los documentos de Reconocimiento Acad\u00e9mico Previo y Contrato de Estudios.<\/li>\n<li>En el caso de estudiantes de Tercer Ciclo se podr\u00e1n reconocer en el marco del programa S\u00f3crates los cr\u00e9ditos fuera de programa, y ser\u00e1 el estudiante quien solicite a la Comisi\u00f3n de Doctorado tal reconocimiento. Los alumnos de Tercer Ciclo no deber\u00e1n cumplimentar el documento de reconocimiento acad\u00e9mico, reservado para primer y segundo ciclo.<\/li>\n<li>Es recomendable que el estudiante conozca la direcci\u00f3n de correo electr\u00f3nico del coordinador, con el fin de poder comunicarse con \u00e9l de forma r\u00e1pida en caso de necesidad.<\/li>\n<li>Indicar al estudiante que, a su llegada a la universidad de acogida, debe contactar con el tutor \/ coordinador de la misma al objeto de recibir la aprobaci\u00f3n del contrato de estudios propuesto. En el caso de que deba realizarse alguna modificaci\u00f3n al mismo, \u00e9sta se plasmar\u00e1 en el documento de modificaci\u00f3n del contrato de estudios y el alumnos deber\u00e1 remitirlo al coordinador de la Universidad de La Laguna para su aprobaci\u00f3n, junto con un documento nuevo y definitivo de compromiso de reconocimiento acad\u00e9mico.<\/li>\n<li>Una vez finalizado el periodo de estudios en la Universidad de destino, el alumno se dirigir\u00e1 a su coordinador, a quien, seg\u00fan los t\u00e9rminos pactados en el compromiso de Reconocimiento Acad\u00e9mico, entregar\u00e1 prueba de las calificaciones obtenidas. El coordinador har\u00e1 la traducci\u00f3n a la nota local de las asignaturas cursadas, que reflejar\u00e1 en el acta Erasmus facilitada por las secretar\u00edas de las facultades y centros a los coordinadores. En el caso de estudiantes de Tercer Ciclo, dichas calificaciones se remitir\u00e1n a la Comisi\u00f3n de Doctorado para su inclusi\u00f3n en el expediente acad\u00e9mico.<\/li>\n<li>Comunicar a la Oficina de Relaciones Internacionales cualquier variaci\u00f3n substancial que se produzca con relaci\u00f3n a la estancia del estudiante en la Universidad de destino.<\/li>\n<\/ul>\n<h3>Actuaciones del Tutor Erasmus con los alumnos extranjeros<\/h3>\n<ul>\n<li>El coordinador facilitar\u00e1 a su hom\u00f3logo europeo informaci\u00f3n de las fechas de inicio y fin del curso acad\u00e9mico en la Universidad de La Laguna, as\u00ed como sobre los planes de estudio y de asignaturas por curso.<\/li>\n<li>Cuando los estudiantes europeos lleguen a la Universidad de La Laguna y se presenten ante su coordinador \/ tutor, \u00e9ste comprobar\u00e1 que el contrato de estudios que trae el estudiante es viable. Cualquier problema acad\u00e9mico deber\u00e1 comunicarse a su coordinador europeo para su resoluci\u00f3n. Para facilitar su proceso de matriculaci\u00f3n en la ULL el coordinador autorizar\u00e1 el bloque de asignaturas que cursar\u00e1n en la Universidad de La Laguna en el propio contrato de estudios europeo, y en su defecto, en el de la ULL.<\/li>\n<\/ul>\n<p>[\/vc_column_text][\/vc_tta_section][\/vc_tta_accordion][\/vc_column][vc_column width=\u00bb1\/3&#8243;][vc_column_text]\n<ul class=\"widget-box\">\n<li class='contacto-header'>Informaci\u00f3n de contacto<\/li><li><i class=\"fa fa-map-marker\"><\/i> .Avenida Astrof\u00edsico Francisco S\u00e1nchez, s\/n. Facultad de Ciencias. Apartado 456. C\u00f3digo postal 38200. San Crist\u00f3bal de La Laguna. S\/C de Tenerife<\/li><li><i class=\"fa fa-phone\"><\/i> (+34) 922 31 83 13<\/li><li><i class=\"fa fa-envelope\"><\/i>  <a href=mailto:seccie@ull.es>seccie@ull.es<\/a><\/li><li><i class=\"fa fa-calendar\"><\/i><a href=\"http:\/\/citaprevia.ull.es\/index.php?s=ciencias\"> Cita previa<\/a><\/li>\n<\/ul>\n\n[\/vc_column_text][\/vc_column][\/vc_row]<\/p>\n","protected":false},"excerpt":{"rendered":"<p>[vc_row][vc_column width=\u00bb2\/3&#8243;][vc_column_text] Programas de movilidad Secci\u00f3n de Biolog\u00eda [\/vc_column_text][vc_tta_accordion shape=\u00bbsquare\u00bb c_icon=\u00bbchevron\u00bb c_position=\u00bbright\u00bb active_section=\u00bb\u00bb no_fill=\u00bbtrue\u00bb collapsible_all=\u00bbtrue\u00bb][vc_tta_section title=\u00bbMovilidad nacional\u00bb tab_id=\u00bbmovilidad-nacional\u00bb][vc_column_text] Programa SICUE\/S\u00c9NECA Generalidades El Programa SICUE\/S\u00c9NECA de movilidad de estudiantes universitarios es un sistema por el que el estudiantado de las universidades espa\u00f1olas puede realizar una parte de sus estudios en otra universidad espa\u00f1ola distinta a la&#8230;<\/p>\n","protected":false},"author":1,"featured_media":0,"parent":161,"menu_order":0,"comment_status":"closed","ping_status":"closed","template":"","meta":[],"acf":[],"_links":{"self":[{"href":"https:\/\/www.ull.es\/centros\/facultad-ciencias\/wp-json\/wp\/v2\/pages\/432"}],"collection":[{"href":"https:\/\/www.ull.es\/centros\/facultad-ciencias\/wp-json\/wp\/v2\/pages"}],"about":[{"href":"https:\/\/www.ull.es\/centros\/facultad-ciencias\/wp-json\/wp\/v2\/types\/page"}],"author":[{"embeddable":true,"href":"https:\/\/www.ull.es\/centros\/facultad-ciencias\/wp-json\/wp\/v2\/users\/1"}],"replies":[{"embeddable":true,"href":"https:\/\/www.ull.es\/centros\/facultad-ciencias\/wp-json\/wp\/v2\/comments?post=432"}],"version-history":[{"count":56,"href":"https:\/\/www.ull.es\/centros\/facultad-ciencias\/wp-json\/wp\/v2\/pages\/432\/revisions"}],"predecessor-version":[{"id":1601,"href":"https:\/\/www.ull.es\/centros\/facultad-ciencias\/wp-json\/wp\/v2\/pages\/432\/revisions\/1601"}],"up":[{"embeddable":true,"href":"https:\/\/www.ull.es\/centros\/facultad-ciencias\/wp-json\/wp\/v2\/pages\/161"}],"wp:attachment":[{"href":"https:\/\/www.ull.es\/centros\/facultad-ciencias\/wp-json\/wp\/v2\/media?parent=432"}],"curies":[{"name":"wp","href":"https:\/\/api.w.org\/{rel}","templated":true}]}}