{"id":434,"date":"2018-01-29T14:11:48","date_gmt":"2018-01-29T14:11:48","guid":{"rendered":"http:\/\/www.ull.es\/centros\/facultad-ciencias\/?page_id=434"},"modified":"2025-04-01T11:07:08","modified_gmt":"2025-04-01T11:07:08","slug":"programas-movilidad-fisica","status":"publish","type":"page","link":"https:\/\/www.ull.es\/centros\/facultad-ciencias\/docencia\/programas-de-movilidad\/programas-movilidad-fisica\/","title":{"rendered":"Programas de movilidad &#8211; Secci\u00f3n de F\u00edsica"},"content":{"rendered":"<p>[vc_row][vc_column width=\u00bb2\/3&#8243;][vc_column_text]<\/p>\n<h1>Programas de movilidad<\/h1>\n<h2>Secci\u00f3n de F\u00edsica<\/h2>\n<p>[\/vc_column_text][vc_tta_accordion shape=\u00bbsquare\u00bb c_icon=\u00bbchevron\u00bb c_position=\u00bbright\u00bb active_section=\u00bb\u00bb no_fill=\u00bbtrue\u00bb collapsible_all=\u00bbtrue\u00bb][vc_tta_section title=\u00bbMovilidad nacional\u00bb tab_id=\u00bbmovilidad-nacional\u00bb][vc_column_text]<strong>Sistema de Intercambio entre Centros Universitarios Espa\u00f1oles SICUE <\/strong><\/p>\n<p>&nbsp;<\/p>\n<p>El Sistema de Intercambio entre Centros Universitarios de Espa\u00f1a (SICUE) es un programa de movilidad nacional de estudiantes universitarios, promovido por la comisi\u00f3n Crue-Asuntos Estudiantiles, que lleva funcionando desde el a\u00f1o 2000. El estudiantado de las universidades espa\u00f1olas puede realizar una parte de sus estudios de grado en otra universidad espa\u00f1ola distinta a la suya, con garant\u00edas de reconocimiento acad\u00e9mico y de aprovechamiento, as\u00ed como de adecuaci\u00f3n a su perfil curricular.<\/p>\n<p>Este sistema de intercambio tiene en cuenta el valor formativo del intercambio, al hacer posible que el alumnado universitario experimente sistemas docentes distintos, incluidos el r\u00e9gimen de pr\u00e1cticas, as\u00ed como los distintos aspectos sociales y culturales de otras Autonom\u00edas y Ciudades Aut\u00f3nomas. El intercambio de estudiantes se basa en la confianza entre las instituciones, la transparencia informativa, la reciprocidad y la flexibilidad.<\/p>\n<p>En el siguiente enlace puede consultarse la\u00a0<a href=\"http:\/\/becas.ull.es\/SENECA\/oferta.htm\" target=\"_blank\" rel=\"noopener\">OFERTA DE PLAZAS<\/a>\u00a0de La Universidad de La Laguna para todos los Grados. En concreto, para el Grado en F\u00edsica, las Universidades de Destino para la Convocatoria 2019-2020 son:<\/p>\n<table width=\"563\">\n<tbody>\n<tr>\n<td width=\"337\">&nbsp;<\/p>\n<p>Universidad de Destino<\/td>\n<td width=\"66\">Titulaci\u00f3n<\/td>\n<td width=\"80\">Alumnos<\/td>\n<td width=\"80\">Meses<\/td>\n<\/tr>\n<tr>\n<td width=\"337\">Universitat d&#8217; Alacant<\/td>\n<td width=\"66\">GRADO<\/td>\n<td width=\"80\">1<\/td>\n<td width=\"80\">5<\/td>\n<\/tr>\n<tr>\n<td width=\"337\">Universitat d&#8217; Alacant<\/td>\n<td width=\"66\">GRADO<\/td>\n<td width=\"80\">1<\/td>\n<td width=\"80\">9<\/td>\n<\/tr>\n<tr>\n<td width=\"337\">Universitat Aut\u00f2noma de Barcelona<\/td>\n<td width=\"66\">GRADO<\/td>\n<td width=\"80\">2<\/td>\n<td width=\"80\">9<\/td>\n<\/tr>\n<tr>\n<td width=\"337\">Universidad Aut\u00f3noma de Madrid<\/td>\n<td width=\"66\">GRADO<\/td>\n<td width=\"80\">2<\/td>\n<td width=\"80\">9<\/td>\n<\/tr>\n<tr>\n<td width=\"337\">Universitat de Barcelona<\/td>\n<td width=\"66\">GRADO<\/td>\n<td width=\"80\">2<\/td>\n<td width=\"80\">5<\/td>\n<\/tr>\n<tr>\n<td width=\"337\">Universitat de Barcelona<\/td>\n<td width=\"66\">GRADO<\/td>\n<td width=\"80\">2<\/td>\n<td width=\"80\">9<\/td>\n<\/tr>\n<tr>\n<td width=\"337\">Universidad de Cantabria<\/td>\n<td width=\"66\">GRADO<\/td>\n<td width=\"80\">1<\/td>\n<td width=\"80\">9<\/td>\n<\/tr>\n<tr>\n<td width=\"337\">Universidad Complutense de Madrid<\/td>\n<td width=\"66\">GRADO<\/td>\n<td width=\"80\">4<\/td>\n<td width=\"80\">9<\/td>\n<\/tr>\n<tr>\n<td width=\"337\">Universidad de Extremadura<\/td>\n<td width=\"66\">GRADO<\/td>\n<td width=\"80\">2<\/td>\n<td width=\"80\">9<\/td>\n<\/tr>\n<tr>\n<td width=\"337\">Universidad de Granada (F\u00edsica)<\/td>\n<td width=\"66\">GRADO<\/td>\n<td width=\"80\">2<\/td>\n<td width=\"80\">9<\/td>\n<\/tr>\n<tr>\n<td width=\"337\">Universidad de Granada (Matem\u00e1ticas y F\u00edsica)<\/td>\n<td width=\"66\">GRADO<\/td>\n<td width=\"80\">2<\/td>\n<td width=\"80\">9<\/td>\n<\/tr>\n<tr>\n<td width=\"337\">Universitat de les Illes Balears<\/td>\n<td width=\"66\">GRADO<\/td>\n<td width=\"80\">3<\/td>\n<td width=\"80\">5<\/td>\n<\/tr>\n<tr>\n<td width=\"337\">Universitat de les Illes Balears<\/td>\n<td width=\"66\">GRADO<\/td>\n<td width=\"80\">2<\/td>\n<td width=\"80\">9<\/td>\n<\/tr>\n<tr>\n<td width=\"337\">Universidad de Murcia<\/td>\n<td width=\"66\">GRADO<\/td>\n<td width=\"80\">1<\/td>\n<td width=\"80\">9<\/td>\n<\/tr>\n<tr>\n<td width=\"337\">Universidad de Oviedo<\/td>\n<td width=\"66\">GRADO<\/td>\n<td width=\"80\">2<\/td>\n<td width=\"80\">9<\/td>\n<\/tr>\n<tr>\n<td width=\"337\">Universidad del Pa\u00eds Vasco (F\u00edsica y doble Grado en F\u00edsica y en Ingenier\u00eda Electr\u00f3nica BIZKAIA)<\/td>\n<td width=\"66\">GRADO<\/td>\n<td width=\"80\">2<\/td>\n<td width=\"80\">9<\/td>\n<\/tr>\n<tr>\n<td width=\"337\">Universidad de Salamanca<\/td>\n<td width=\"66\">GRADO<\/td>\n<td width=\"80\">1<\/td>\n<td width=\"80\">9<\/td>\n<\/tr>\n<tr>\n<td width=\"337\">Universidade de Santiago de Compostela<\/td>\n<td width=\"66\">GRADO<\/td>\n<td width=\"80\">2<\/td>\n<td width=\"80\">9<\/td>\n<\/tr>\n<tr>\n<td width=\"337\">Universidad de Sevilla<\/td>\n<td width=\"66\">GRADO<\/td>\n<td width=\"80\">2<\/td>\n<td width=\"80\">9<\/td>\n<\/tr>\n<tr>\n<td width=\"337\">Universitat de Val\u00e8ncia (Estudi General)<\/td>\n<td width=\"66\">GRADO<\/td>\n<td width=\"80\">2<\/td>\n<td width=\"80\">9<\/td>\n<\/tr>\n<tr>\n<td width=\"337\">Universidad de Valladolid<\/td>\n<td width=\"66\">GRADO<\/td>\n<td width=\"80\">1<\/td>\n<td width=\"80\">9<\/td>\n<\/tr>\n<\/tbody>\n<\/table>\n<p>&nbsp;<\/p>\n<p>Para asegurar que el estudiantado conoce bien su sistema docente, este intercambio deber\u00e1 realizarse una vez se hayan superado en el plan de estudios en el que se solicite la movilidad en la universidad de origen los siguientes requisitos:<\/p>\n<ol>\n<li>Tener superados en su universidad de origen un m\u00ednimo de 45 cr\u00e9ditos y estar matriculado en 30 cr\u00e9ditos m\u00e1s, sin perjuicio del cumplimiento de la normativa interna de la universidad de origen en lo relativo al m\u00ednimo de cr\u00e9ditos superados para poder optar a una beca de movilidad, en cuyo caso se aplicar\u00e1 dicha normativa.<\/li>\n<li>En el caso del estudiantado procedente de traslado, tener superados los 45 cr\u00e9ditos en la universidad a la que se trasladaron, en la cual solicitan la movilidad.<\/li>\n<li>Cumplir a 30 de septiembre de 2018 el requisito de superaci\u00f3n de cr\u00e9ditos a que se refieren los dos p\u00e1rrafos anteriores.<\/li>\n<\/ol>\n<p>El alumno con plaza SICUE concedida deber\u00e1 realizar la estancia en la universidad de destino por el per\u00edodo de tiempo que se acuerde en convenio y que podr\u00e1 ser de 5 \u00f3 9 meses (este \u00faltimo es el caso de un curso completo).Se deber\u00e1n cumplir, en cada caso, los siguientes requisitos:<\/p>\n<ol>\n<li>Medio curso: para cursar un m\u00ednimo de 24 cr\u00e9ditos.<\/li>\n<li>Un curso completo: para cursar un m\u00ednimo de 45 cr\u00e9ditos.<\/li>\n<\/ol>\n<p>Un mismo beneficiario no podr\u00e1 tener m\u00e1s de un intercambio SICUE en la misma universidad (s\u00ed con otra universidad diferente), ni m\u00e1s de uno por curso acad\u00e9mico.<\/p>\n<p>La selecci\u00f3n de los candidatos para participar en los intercambios se har\u00e1 valorando los aspectos acad\u00e9micos y la justificaci\u00f3n e inter\u00e9s de la propuesta de movilidad.<\/p>\n<p>Una vez que el alumno haya obtenido la plaza SICUE, la movilidad del estudiante se basar\u00e1 en un\u00a0<em>Acuerdo Acad\u00e9mico<\/em>\u00a0que describir\u00e1 la actividad a realizar en el centro de destino. Este acuerdo ser\u00e1 establecido por el alumno con el coordinador-SICUE del centro de origen, en este caso la Facultad de Ciencias de la ULL, y con el visto bueno de la universidad de destino. El acuerdo ser\u00e1 reconocido autom\u00e1ticamente por el centro de origen.<\/p>\n<p>El n\u00famero de convocatorias a las que tiene derecho el estudiante ser\u00e1 el vigente en la universidad de destino. Se podr\u00e1n cursar optativas del plan de estudios de la universidad de destino no incluidas en el plan de estudios de la universidad de origen, incorpor\u00e1ndolas posteriormente al expediente del alumno de la universidad de origen como optativas o como libre elecci\u00f3n.<\/p>\n<p>En ning\u00fan caso podr\u00e1n ser incluidas en los acuerdos acad\u00e9micos asignaturas calificadas como suspenso con anterioridad en el centro de origen. Al poder el estudiantado cursar asignaturas en las dos universidades durante el per\u00edodo de intercambio, las asignaturas suspendidas, virtuales, a distancia, etc. Se cursar\u00e1n en la universidad de origen podr\u00e1 cursar. S\u00ed podr\u00e1n incluirse asignaturas matriculadas pero a las que el estudiante no se haya presentado y aparezcan calificadas como \u201cno presentado\u201d. Las universidades no firmar\u00e1n acuerdos acad\u00e9micos con una temporalidad diferente a la suscrita en los acuerdos bilaterales.<\/p>\n<p>En el caso de las pr\u00e1cticas externas, las universidades establecer\u00e1n los procedimientos internos correspondientes, sin contradecir la normativa de la universidad, para la adjudicaci\u00f3n de plazas al estudiantado de movilidad SICUE, de modo que no se vea perjudicado si, a la fecha de su incorporaci\u00f3n al centro de destino, las pr\u00e1cticas externas ya hubieran sido adjudicadas.<\/p>\n<p>En el caso de los trabajos de fin de grado, la asignaci\u00f3n de tema y\/o tutor\/a, y la defensa del trabajo deber\u00e1 hacerse conforme a los requisitos establecidos por la universidad de destino, por lo que los\/as estudiantes participantes en el intercambio que quieran incluir el trabajo fin de grado en su acuerdo acad\u00e9mico deber\u00e1n ponerse en contacto con la coordinaci\u00f3n de la universidad de destino para conocer estos requisitos.<\/p>\n<p>Tanto en el caso de pr\u00e1cticas externas como de trabajos de fin de grado, las universidades deber\u00e1n indicar con suficiente antelaci\u00f3n la disponibilidad de poderse llevar con el fin de no perjudicar los intereses del estudiantado objeto de movilidad. Asimismo, el\/la estudiante deber\u00e1 contactar con antelaci\u00f3n con los\/as coordinadores\/as de destino para conocer la viabilidad de las pr\u00e1cticas externas o del trabajo fin de grado, as\u00ed como su inclusi\u00f3n en el acuerdo acad\u00e9mico.<\/p>\n<p>El programa SICUE tiene dos fases independientes.<strong>\u00a0<\/strong>En la primera el alumno solicita una plaza SICUE de las que se ofertan en la Facultad de acuerdo con los convenios suscritos para cada titulaci\u00f3n. Se inicia con la presentaci\u00f3n de la solicitud por el alumno, en la que elige un m\u00e1ximo de\u00a0 tres universidades en orden de preferencia. En la selecci\u00f3n de los estudiantes se valora:<\/p>\n<ol>\n<li>Nota media del expediente<\/li>\n<li>Memoria justificativa (m\u00e1ximo 1 punto)<\/li>\n<\/ol>\n<p>Este programa de intercambio puede estar apoyado por becas auton\u00f3micas o de instituciones p\u00fablicas o privadas. Las Universidades publicitar\u00e1n estas convocatorias en tiempo y forma y procurar\u00e1n que los formularios no difieran de los de este programa.<\/p>\n<p><strong>\u00a0<\/strong><strong>Nota:\u00a0<\/strong>Si un alumno desea realizar parte de sus estudios en un centro con el que la Universidad no tenga suscrito convenio, deber\u00e1 dirigirse al Coordinador SICUE de la facultad para realizar las gestiones necesarias a fin de poder realizar los tr\u00e1mites necesarios para la apertura del convenio deseado. Esto deber\u00e1 hacerse durante los meses de octubre y noviembre de cada curso acad\u00e9mico, para que est\u00e9n activos en el curso siguiente (fecha l\u00edmite: 31 de enero de 2019).<\/p>\n<h3>Convocatoria actual<\/h3>\n<p>Solicitud de Movilidad: <strong>Del 13 de febrero al 13 de marzo de 2019.<\/strong><\/p>\n<p>La solicitud, normativa y plazas ofertadas est\u00e1n disponibles en el siguiente\u00a0<a href=\"https:\/\/www.ull.es\/portal\/convocatorias\/convocatoria\/sistema-de-intercambio-entre-centros-universitarios-espanoles-sicue-2019-2020\/\" target=\"_blank\" rel=\"noopener\">enlace<\/a>.<\/p>\n<p>&nbsp;<\/p>\n<p>[\/vc_column_text][\/vc_tta_section][vc_tta_section title=\u00bbMovilidad internacional\u00bb tab_id=\u00bbmovilidad-internacional\u00bb][vc_column_text]<\/p>\n<h3><b>Programa Erasmus+ (2025-26)<\/b><\/h3>\n<p><a href=\"https:\/\/drive.google.com\/file\/d\/1Bm2_4B-9EfsiMhLQ-YHHH1j3w_5hZ8K6\/view?usp=drive_link\" target=\"_blank\" rel=\"noopener\" target=\"_blank\" rel=\"noopener\">Listado provisional de admitidos\/as y excluidos\/as al procedimiento<\/a> (modalidad estudios)<\/p>\n<p><a href=\"https:\/\/drive.google.com\/file\/d\/1I5CdeXbPGsY6kWtLwvy9SEaoH3Wny54y\/view?usp=drive_link\" target=\"_blank\" rel=\"noopener\" target=\"_blank\" rel=\"noopener\">Listado definitivo de admitidos\/as y excluidos\/as al procedimiento<\/a> (modalidad estudios)<\/p>\n<p><a href=\"https:\/\/drive.google.com\/file\/d\/19B7ftHFtHvWDRq-ikEw7AfaZ_yg7x1E4\/view?usp=drive_link\" target=\"_blank\" rel=\"noopener\">Propuesta de Baremaci\u00f3n Provisional Erasmus +<\/a><\/p>\n<p><a href=\"https:\/\/drive.google.com\/file\/d\/17sInifsSXwuGTxObpKmkix0xHUbE-PaS\/view?usp=drive_link\" target=\"_blank\" rel=\"noopener\" target=\"_blank\" rel=\"noopener\">Propuesta de Baremaci\u00f3n Definitiva Erasmus+<\/a><\/p>\n<h3><\/h3>\n<p>&nbsp;<\/p>\n<h3><b>Programa Erasmus+ (2024-25)<\/b><\/h3>\n<p><a href=\"https:\/\/drive.google.com\/file\/d\/1h7a4CMoInOCGbyC0FEqaYinjZvNWb4TU\/view?usp=drive_link\" target=\"_blank\" rel=\"noopener\" target=\"_blank\" rel=\"noopener\">Listado provisional de admitidos\/as y excluidos\/as al procedimiento<\/a> (modalidad estudios)<\/p>\n<p><a href=\"https:\/\/drive.google.com\/file\/d\/1K0F17b4OypqssQw9yXI6_YJ2herBtRyG\/view?usp=drive_link\" target=\"_blank\" rel=\"noopener\" target=\"_blank\" rel=\"noopener\">Listado definitivo de admitidos\/as y excluidos\/as al procedimiento<\/a> (modalidad estudios)<\/p>\n<p><a href=\"https:\/\/drive.google.com\/file\/d\/12vQ9GdkfKt3qsx8ceZZMbUXWALJ9V8bg\/view?usp=drive_link\" target=\"_blank\" rel=\"noopener\" target=\"_blank\" rel=\"noopener\">Propuesta de Baremaci\u00f3n Provisional Erasmus +<\/a><\/p>\n<p><a href=\"https:\/\/drive.google.com\/file\/d\/1WpO_GpmH0zJVSNQBqLyrfp4pmSn8vOgp\/view?usp=drive_link\" target=\"_blank\" rel=\"noopener\" target=\"_blank\" rel=\"noopener\">Propuesta de Baremaci\u00f3n Definitiva Erasmus+<\/a><\/p>\n<p><a href=\"https:\/\/drive.google.com\/file\/d\/1-DapvkWTwKlVeUKQcjYMArUB5zGVPBAO\/view?usp=drive_link\" target=\"_blank\" rel=\"noopener\" target=\"_blank\" rel=\"noopener\">Rectificaci\u00f3n de Errores Propuesta Baremaci\u00f3n Definitiva<\/a><\/p>\n<h3><\/h3>\n<p>&nbsp;<\/p>\n<h3><b>Programa Erasmus+ (2023-24)<\/b><\/h3>\n<p><a href=\"https:\/\/drive.google.com\/file\/d\/1CMxxemUPcdiUdBdsLdtnMKxcqWz4BBY3\/view?usp=share_link\" target=\"_blank\" rel=\"noopener\" target=\"_blank\" rel=\"noopener\">Listado provisional de admitidos\/as y excluidos\/as<\/a> al procedimiento (modalidad estudios)<\/p>\n<p><a href=\"https:\/\/drive.google.com\/file\/d\/1KENdED52YaQNtbEB5-Cc1L1GpCJcAoQ5\/view?usp=share_link\" target=\"_blank\" rel=\"noopener\" target=\"_blank\" rel=\"noopener\">Listado definitivo de admitidos\/as y excluidos\/as<\/a> al procedimiento (modalidad estudios)<\/p>\n<p><a href=\"https:\/\/drive.google.com\/file\/d\/1ex4G506Ucfo9N7CltGkCL3B4NTnFsMbo\/view?usp=share_link\" target=\"_blank\" rel=\"noopener\" target=\"_blank\" rel=\"noopener\">Propuesta de Baremaci\u00f3n Provisional Erasmus +<\/a><\/p>\n<p><a href=\"https:\/\/drive.google.com\/file\/d\/1tELaqcCbk4P8ehKFDhvha3bWB-xI0EFd\/view?usp=share_link\" target=\"_blank\" rel=\"noopener\" target=\"_blank\" rel=\"noopener\">Propuesta de Baremaci\u00f3n Definitiva Erasmus+<\/a><\/p>\n<p>&nbsp;<\/p>\n<p><b>Programa Erasmus+ (2022-23)<\/b><\/p>\n<p><a href=\"https:\/\/drive.google.com\/file\/d\/1vnbuvWC3_PkpzpJBFYiRx1NErI7HaqVu\/view?usp=sharing\" target=\"_blank\" rel=\"noopener noreferrer\" target=\"_blank\" rel=\"noopener\">Listado provisional de admitidos\/as y excluidos\/as<\/a> al procedimiento (modalidad estudios).<\/p>\n<p><a href=\"https:\/\/drive.google.com\/file\/d\/1_SUQ9YWqftKOibtkgSYPNjYNqd-yMnf0\/view?usp=sharing\" target=\"_blank\" rel=\"noopener\" target=\"_blank\" rel=\"noopener\">Listado\u00a0definitivo de admitidos\/as y excluidos\/as<\/a> al procedimiento (modalidad estudios).<\/p>\n<p><a href=\"https:\/\/drive.google.com\/file\/d\/1j6ORk2SF6TfzoFiF2to7MPa7sB7xoeeX\/view?usp=sharing\" target=\"_blank\" rel=\"noopener\" target=\"_blank\" rel=\"noopener\">Baremaci\u00f3n Provisional Erasmus+<\/a><\/p>\n<p><a href=\"https:\/\/drive.google.com\/file\/d\/1DQ5D50o68TxyjBBG8M3_xIhiTw47emru\/view?usp=sharing\" target=\"_blank\" rel=\"noopener\" target=\"_blank\" rel=\"noopener\">Baremaci\u00f3n Definitiva Erasmus+<\/a><\/p>\n<p>&nbsp;<\/p>\n<p>&nbsp;<\/p>\n<p>&nbsp;<\/p>\n<p><b>Programa Erasmus+ (2021-22)<\/b><\/p>\n<p><a href=\"https:\/\/drive.google.com\/file\/d\/1c1FDHVXYv1FiACXBikz1hXFlIkp1me2G\/view?usp=sharing\" target=\"_blank\" rel=\"noopener noreferrer\" target=\"_blank\" rel=\"noopener\">Listado provisional de admitidos\/as y excluidos\/as<\/a> al procedimiento (modalidad estudios).<\/p>\n<p><a href=\"https:\/\/drive.google.com\/file\/d\/1yDBs9QWmVxDavk_vjmmpi6I8klFzMZOG\/view?usp=sharing\" target=\"_blank\" rel=\"noopener noreferrer\" target=\"_blank\" rel=\"noopener\">Listado\u00a0definitivo de admitidos\/as y excluidos\/as<\/a> al procedimiento (modalidad estudios).<\/p>\n<p><a href=\"https:\/\/drive.google.com\/file\/d\/1QPGCSgk2LfTtlXfSh5YNRyOfH3GRdV-a\/view?usp=sharing\" target=\"_blank\" rel=\"noopener\" target=\"_blank\" rel=\"noopener\">Baremaci\u00f3n Provisional Erasmus+<\/a><\/p>\n<p><a href=\"https:\/\/drive.google.com\/file\/d\/1nGRVKH5ithhaiICCRRHWEB3gbKmmblHa\/view?usp=sharing\" target=\"_blank\" rel=\"noopener\">Baremaci\u00f3n Definitiva Erasmus+<\/a><\/p>\n<p>&nbsp;<\/p>\n<p>&nbsp;<\/p>\n<p><b>Programa Erasmus+ (2020-21)<\/b><\/p>\n<p><a href=\"https:\/\/drive.google.com\/open?id=1VnsVVxcjTEQxuM9obhc2ft9vKCwADR-V\" target=\"_blank\" rel=\"noopener noreferrer\" target=\"_blank\" rel=\"noopener\">Listado provisional de admitidos\/as y excluidos\/as<\/a> al procedimiento (modalidad estudios).<\/p>\n<p><a href=\"https:\/\/drive.google.com\/open?id=1wA-lrk_0SvUeIbuacTgttOp2hoGZM6-4\" target=\"_blank\" rel=\"noopener noreferrer\" target=\"_blank\" rel=\"noopener\">Listado\u00a0definitivo de admitidos\/as y excluidos\/as<\/a> al procedimiento (modalidad estudios).<\/p>\n<p><a href=\"https:\/\/drive.google.com\/open?id=1Q8Da5dEJWx366_-6FmOitj2SngcISCAs\" target=\"_blank\" rel=\"noopener noreferrer\" target=\"_blank\" rel=\"noopener\">Baremaci\u00f3n Provisional Erasmus+<\/a><\/p>\n<p><a href=\"https:\/\/drive.google.com\/open?id=1_3c4hGgx1uQRsL5alGQTAnW3bZw1NCk8\" target=\"_blank\" rel=\"noopener noreferrer\" target=\"_blank\" rel=\"noopener\">Baremaci\u00f3n Definitiva Erasmus+<\/a><\/p>\n<p>&nbsp;<\/p>\n<p><b>Programa Erasmus+ (2019-20)<\/b><\/p>\n<p><a href=\"https:\/\/drive.google.com\/open?id=1oyTKQ-oF_L0nsABm1Al1yOvAQWzKd8xL\" target=\"_blank\" rel=\"noopener\">Listado provisional de admitidos\/as y excluidos\/as<\/a> al procedimiento (modalidad estudios).<\/p>\n<p><a href=\"https:\/\/drive.google.com\/open?id=19c-2QY8P07FfY0BUr29FK-ax3sbvxaTh\" target=\"_blank\" rel=\"noopener noreferrer\" target=\"_blank\" rel=\"noopener\">Listado\u00a0definitivo de admitidos\/as y excluidos\/as<\/a> al procedimiento (modalidad estudios).<\/p>\n<p><a href=\"https:\/\/drive.google.com\/open?id=1Eow1OHUjLzTpG0NrBM7WOTrNdu-DVoAd\" target=\"_blank\" rel=\"noopener noreferrer\" target=\"_blank\" rel=\"noopener\">Baremaci\u00f3n Provisional Erasmus+ <\/a><\/p>\n<p><a href=\"https:\/\/drive.google.com\/open?id=1WTgR4gYt59n5hHTFK0SYkYZBtKFFgdBe\" target=\"_blank\" rel=\"noopener noreferrer\" target=\"_blank\" rel=\"noopener\">Baremaci\u00f3n Definitiva Erasmus+<\/a><\/p>\n<p>&nbsp;<\/p>\n<h4><strong>Informaci\u00f3n de inter\u00e9s<\/strong><\/h4>\n<p>La Facultad de F\u00edsica y la, ahora, Secci\u00f3n de F\u00edsica de la Facultad de Ciencias ha participado activamente desde sus comienzos en el Programa de Movilidad Internacional Erasmus.<\/p>\n<p>En el siguiente enlace puede consultarse el <a href=\"https:\/\/drive.google.com\/open?id=147FKpXnTlRvbTGiC9SE4IxvrHA6qShqw\" target=\"_blank\" rel=\"noopener\">listado de convenios en vigor del Grado en F\u00edsica<\/a> y el n\u00famero de plazas ofertadas para cada Universidad.<\/p>\n<p><strong>Baremo de selecci\u00f3n<\/strong>. La selecci\u00f3n de los alumnos se realizar\u00e1,\u00a0para cada destino solicitado,\u00a0de acuerdo con el siguiente baremo:<\/p>\n<ul>\n<li>40% : expediente acad\u00e9mico (nota media)<\/li>\n<li>30% : cr\u00e9ditos superados<\/li>\n<li>30% : conocimiento acreditado del idioma (Ingl\u00e9s, franc\u00e9s y alem\u00e1n).<\/li>\n<\/ul>\n<p>Las condiciones generales de la convocatoria se pueden consultar en la p\u00e1gina web de\u00a0<a href=\"https:\/\/www.ull.es\/servicios\/oficina-de-relaciones-internacionales\/\" target=\"_blank\" rel=\"noopener\">Relaciones Internacionales ULL<\/a>.<\/p>\n<p>La Universidad de La Laguna posee una oficina de Relaciones Internacionales que les podr\u00e1 guiar en todas las consultas planteadas (visita su\u00a0<a href=\"https:\/\/www.ull.es\/servicios\/oficina-de-relaciones-internacionales\/\" target=\"_blank\" rel=\"noopener\">web<\/a>).<\/p>\n<p><a href=\"http:\/\/www.exteriores.gob.es\/Portal\/es\/SalaDePrensa\/ElMinisterioInforma\/Documents\/RECOMENDACIONES%20ERASMUS.pdf\" target=\"_blank\" rel=\"noopener\">Recomendaciones generales para estudiantes Erasmus en el exterior<\/a>, publicada por el Ministerio de Asuntos Exteriores y de Cooperaci\u00f3n.<\/p>\n<p>&nbsp;<\/p>\n<h3>Requisitos y Criterios de Elegibilidad<\/h3>\n<p style=\"font-weight: 400\">Los solicitantes deben consultar las p\u00e1ginas web de la Universidad:<\/p>\n<ul>\n<li style=\"font-weight: 400\"><a href=\"https:\/\/www.ull.es\/portal\/erasmus\/movilidad\/erasmus-estudios-salientes\/\" target=\"_blank\" rel=\"noopener\">Estudios salientes<\/a>.<\/li>\n<li><a href=\"https:\/\/www.ull.es\/portal\/erasmus\/movilidad\/erasmus-practicas-salientes\/\" target=\"_blank\" rel=\"noopener\">Pr\u00e1cticas salientes.<\/a><\/li>\n<\/ul>\n<p><strong>Coordinador Acad\u00e9mico de Movilidad:<\/strong> Andr\u00e9s M\u00fajica Fernaud (<a href=\"mailto:amujica@ull.es\" target=\"_blank\" rel=\"noopener noreferrer\" target=\"_blank\" rel=\"noopener\">amujica@ull.es<\/a>)[\/vc_column_text][\/vc_tta_section][vc_tta_section title=\u00bbCoordinaci\u00f3n de movilidad\u00bb tab_id=\u00bbcoordinacion-movilidad\u00bb][vc_column_text]<\/p>\n<ul>\n<li>Coordinador acad\u00e9mico de movilidad: Andr\u00e9s M\u00fajica Fernaud (<a href=\"mailto:amujica@ull.es\" target=\"_blank\" rel=\"noopener noreferrer\" target=\"_blank\" rel=\"noopener\">amujica@ull.es<\/a>)<\/li>\n<\/ul>\n<p>[\/vc_column_text][\/vc_tta_section][\/vc_tta_accordion][\/vc_column][vc_column width=\u00bb1\/3&#8243;][vc_column_text]\n<ul class=\"widget-box\">\n<li class='contacto-header'>Informaci\u00f3n de contacto<\/li><li><i class=\"fa fa-map-marker\"><\/i> .Avenida Astrof\u00edsico Francisco S\u00e1nchez, s\/n. Facultad de Ciencias. Apartado 456. C\u00f3digo postal 38200. San Crist\u00f3bal de La Laguna. S\/C de Tenerife<\/li><li><i class=\"fa fa-phone\"><\/i> (+34) 922 31 83 13<\/li><li><i class=\"fa fa-envelope\"><\/i>  <a href=mailto:seccie@ull.es>seccie@ull.es<\/a><\/li><li><i class=\"fa fa-calendar\"><\/i><a href=\"http:\/\/citaprevia.ull.es\/index.php?s=ciencias\"> Cita previa<\/a><\/li>\n<\/ul>\n\n[\/vc_column_text][\/vc_column][\/vc_row]<\/p>\n","protected":false},"excerpt":{"rendered":"<p>[vc_row][vc_column width=\u00bb2\/3&#8243;][vc_column_text] Programas de movilidad Secci\u00f3n de F\u00edsica [\/vc_column_text][vc_tta_accordion shape=\u00bbsquare\u00bb c_icon=\u00bbchevron\u00bb c_position=\u00bbright\u00bb active_section=\u00bb\u00bb no_fill=\u00bbtrue\u00bb collapsible_all=\u00bbtrue\u00bb][vc_tta_section title=\u00bbMovilidad nacional\u00bb tab_id=\u00bbmovilidad-nacional\u00bb][vc_column_text]Sistema de Intercambio entre Centros Universitarios Espa\u00f1oles SICUE &nbsp; El Sistema de Intercambio entre Centros Universitarios de Espa\u00f1a (SICUE) es un programa de movilidad nacional de estudiantes universitarios, promovido por la comisi\u00f3n Crue-Asuntos Estudiantiles, que lleva funcionando desde&#8230;<\/p>\n","protected":false},"author":1,"featured_media":0,"parent":161,"menu_order":0,"comment_status":"closed","ping_status":"closed","template":"","meta":[],"acf":[],"_links":{"self":[{"href":"https:\/\/www.ull.es\/centros\/facultad-ciencias\/wp-json\/wp\/v2\/pages\/434"}],"collection":[{"href":"https:\/\/www.ull.es\/centros\/facultad-ciencias\/wp-json\/wp\/v2\/pages"}],"about":[{"href":"https:\/\/www.ull.es\/centros\/facultad-ciencias\/wp-json\/wp\/v2\/types\/page"}],"author":[{"embeddable":true,"href":"https:\/\/www.ull.es\/centros\/facultad-ciencias\/wp-json\/wp\/v2\/users\/1"}],"replies":[{"embeddable":true,"href":"https:\/\/www.ull.es\/centros\/facultad-ciencias\/wp-json\/wp\/v2\/comments?post=434"}],"version-history":[{"count":63,"href":"https:\/\/www.ull.es\/centros\/facultad-ciencias\/wp-json\/wp\/v2\/pages\/434\/revisions"}],"predecessor-version":[{"id":1602,"href":"https:\/\/www.ull.es\/centros\/facultad-ciencias\/wp-json\/wp\/v2\/pages\/434\/revisions\/1602"}],"up":[{"embeddable":true,"href":"https:\/\/www.ull.es\/centros\/facultad-ciencias\/wp-json\/wp\/v2\/pages\/161"}],"wp:attachment":[{"href":"https:\/\/www.ull.es\/centros\/facultad-ciencias\/wp-json\/wp\/v2\/media?parent=434"}],"curies":[{"name":"wp","href":"https:\/\/api.w.org\/{rel}","templated":true}]}}