{"id":436,"date":"2018-01-29T14:26:33","date_gmt":"2018-01-29T14:26:33","guid":{"rendered":"http:\/\/www.ull.es\/centros\/facultad-ciencias\/?page_id=436"},"modified":"2026-01-23T10:36:19","modified_gmt":"2026-01-23T10:36:19","slug":"programas-movilidad-matematicas","status":"publish","type":"page","link":"https:\/\/www.ull.es\/centros\/facultad-ciencias\/docencia\/programas-de-movilidad\/programas-movilidad-matematicas\/","title":{"rendered":"Programas de movilidad &#8211; Secci\u00f3n de Matem\u00e1ticas"},"content":{"rendered":"<p>[vc_row][vc_column width=\u00bb2\/3&#8243;][vc_column_text]<\/p>\n<h1>Programas de movilidad<\/h1>\n<h2>Secci\u00f3n de Matem\u00e1ticas<\/h2>\n<p>[\/vc_column_text][vc_tta_accordion shape=\u00bbsquare\u00bb c_icon=\u00bbchevron\u00bb c_position=\u00bbright\u00bb active_section=\u00bb\u00bb no_fill=\u00bbtrue\u00bb collapsible_all=\u00bbtrue\u00bb][vc_tta_section title=\u00bbMovilidad nacional\u00bb tab_id=\u00bbmovilidad-nacional\u00bb][vc_column_text]<\/p>\n<h3><strong>Programa SICUE \/ S\u00c9NECA<\/strong><\/h3>\n<p style=\"text-align: justify;\">El Sistema de Intercambio entre Centros Universitarios Espa\u00f1oles, m\u00e1s conocido como Programa SICUE, es un sistema por el que el estudiantado de las universidades espa\u00f1olas puede realizar una parte de sus estudios en otra universidad espa\u00f1ola distinta a la suya, con garant\u00edas de reconocimiento acad\u00e9mico y de aprovechamiento, as\u00ed como de adecuaci\u00f3n a su perfil curricular.<\/p>\n<p style=\"text-align: justify;\"><span style=\"color: #000000;\">Este sistema de intercambio tiene en cuenta el valor formativo del intercambio, al hacer posible que el estudiante experimente sistemas docentes distintos, as\u00ed como los diferentes aspectos sociales y culturales de otras comunidades aut\u00f3nomas.<\/span><\/p>\n<p style=\"text-align: justify;\">Para ampliar informaci\u00f3n sobre el Programa SICUE (solicitud, normativa, plazas ofertadas&#8230;) puede consultarse la\u00a0<a href=\"https:\/\/www.ull.es\/portal\/convocatorias\/categorias\/sicue\/#\" target=\"_blank\" rel=\"noopener\" data-saferedirecturl=\"https:\/\/www.google.com\/url?q=https:\/\/www.ull.es\/portal\/convocatorias\/categorias\/sicue\/%23&amp;source=gmail&amp;ust=1746008260487000&amp;usg=AOvVaw23G8yWZTTfqd_XAD9H2N2f\" target=\"_blank\" rel=\"noopener\">web del Negociado de Becas ULL<\/a>.<\/p>\n<p>[\/vc_column_text][\/vc_tta_section][vc_tta_section title=\u00bbMovilidad internacional\u00bb tab_id=\u00bbmovilidad-internacional\u00bb][vc_column_text]La Facultad de Matem\u00e1ticas y la ahora Secci\u00f3n de Matem\u00e1ticas de la Facultad de Ciencias ha participado activamente desde sus comienzos en el programa de movilidad internacional Erasmus.<\/p>\n<p>El coordinador de movilidad internacional es el profesor Dr. Juan Jos\u00e9 Salazar Gonz\u00e1lez. Su n\u00famero de tel\u00e9fono es el 922 318184 y su direcci\u00f3n electr\u00f3nica es\u00a0<a href=\"mailto:jjsalaza@ull.es\" target=\"_blank\" rel=\"noopener\">jjsalaza@ull.es<\/a>.<\/p>\n<h3><\/h3>\n<h3><b>Programa Erasmus+ (2025-26)<\/b><\/h3>\n<p><a href=\"https:\/\/drive.google.com\/file\/d\/1Bm2_4B-9EfsiMhLQ-YHHH1j3w_5hZ8K6\/view?usp=drive_link\" target=\"_blank\" rel=\"noopener\" target=\"_blank\" rel=\"noopener\">Listado provisional de admitidos\/as y excluidos\/as al procedimiento<\/a> (modalidad estudios)<\/p>\n<p><a href=\"https:\/\/drive.google.com\/file\/d\/1I5CdeXbPGsY6kWtLwvy9SEaoH3Wny54y\/view?usp=drive_link\" target=\"_blank\" rel=\"noopener\" target=\"_blank\" rel=\"noopener\">Listado definitivo de admitidos\/as y excluidos\/as al procedimiento<\/a> (modalidad estudios)<\/p>\n<p><a href=\"https:\/\/drive.google.com\/file\/d\/19B7ftHFtHvWDRq-ikEw7AfaZ_yg7x1E4\/view?usp=drive_link\" target=\"_blank\" rel=\"noopener\">Propuesta de Baremaci\u00f3n Provisional Erasmus +<\/a><\/p>\n<p><a href=\"https:\/\/drive.google.com\/file\/d\/17sInifsSXwuGTxObpKmkix0xHUbE-PaS\/view?usp=drive_link\" target=\"_blank\" rel=\"noopener\" target=\"_blank\" rel=\"noopener\">Propuesta de Baremaci\u00f3n Definitiva Erasmus+<\/a><\/p>\n<h3><\/h3>\n<p>&nbsp;<\/p>\n<h3><b>Programa Erasmus+ (2024-25)<\/b><\/h3>\n<p><a href=\"https:\/\/drive.google.com\/file\/d\/1h7a4CMoInOCGbyC0FEqaYinjZvNWb4TU\/view?usp=drive_link\" target=\"_blank\" rel=\"noopener\" target=\"_blank\" rel=\"noopener\">Listado provisional de admitidos\/as y excluidos\/as al procedimiento<\/a> (modalidad estudios)<\/p>\n<p><a href=\"https:\/\/drive.google.com\/file\/d\/1K0F17b4OypqssQw9yXI6_YJ2herBtRyG\/view?usp=drive_link\" target=\"_blank\" rel=\"noopener\" target=\"_blank\" rel=\"noopener\">Listado definitivo de admitidos\/as y excluidos\/as al procedimiento<\/a> (modalidad estudios)<\/p>\n<p><a href=\"https:\/\/drive.google.com\/file\/d\/12vQ9GdkfKt3qsx8ceZZMbUXWALJ9V8bg\/view?usp=drive_link\" target=\"_blank\" rel=\"noopener\" target=\"_blank\" rel=\"noopener\">Propuesta de Baremaci\u00f3n Provisional Erasmus +<\/a><\/p>\n<p><a href=\"https:\/\/drive.google.com\/file\/d\/1WpO_GpmH0zJVSNQBqLyrfp4pmSn8vOgp\/view?usp=drive_link\" target=\"_blank\" rel=\"noopener\" target=\"_blank\" rel=\"noopener\">Propuesta de Baremaci\u00f3n Definitiva Erasmus+<\/a><\/p>\n<h3><\/h3>\n<p>&nbsp;<\/p>\n<h3><b>Programa Erasmus+ (2023-24)<\/b><\/h3>\n<p><a href=\"https:\/\/drive.google.com\/file\/d\/1CMxxemUPcdiUdBdsLdtnMKxcqWz4BBY3\/view?usp=share_link\" target=\"_blank\" rel=\"noopener\" target=\"_blank\" rel=\"noopener\">Listado provisional de admitidos\/as y excluidos\/as<\/a> al procedimiento (modalidad estudios)<\/p>\n<p><a href=\"https:\/\/drive.google.com\/file\/d\/1KENdED52YaQNtbEB5-Cc1L1GpCJcAoQ5\/view?usp=share_link\" target=\"_blank\" rel=\"noopener\" target=\"_blank\" rel=\"noopener\">Listado definitivo de admitidos\/as y excluidos\/as<\/a> al procedimiento (modalidad estudios)<\/p>\n<p><a href=\"https:\/\/drive.google.com\/file\/d\/1ex4G506Ucfo9N7CltGkCL3B4NTnFsMbo\/view?usp=share_link\" target=\"_blank\" rel=\"noopener\" target=\"_blank\" rel=\"noopener\">Propuesta de Baremaci\u00f3n Provisional Erasmus +<\/a><\/p>\n<p><a href=\"https:\/\/drive.google.com\/file\/d\/1tELaqcCbk4P8ehKFDhvha3bWB-xI0EFd\/view?usp=share_link\" target=\"_blank\" rel=\"noopener\" target=\"_blank\" rel=\"noopener\">Propuesta de Baremaci\u00f3n Definitiva Erasmus+<\/a><\/p>\n<h3><\/h3>\n<p>&nbsp;<\/p>\n<h3><\/h3>\n<h3>Programa Erasmus+ (2022-2023)<\/h3>\n<p><a href=\"https:\/\/drive.google.com\/file\/d\/10i_gmlBPPMikhTitT1NFyrdUnF4bBIBe\/view?usp=sharing\" target=\"_blank\" rel=\"noopener\" target=\"_blank\" rel=\"noopener\">Listado provisional de admitidos\/as y excluidos\/as<\/a> al procedimiento (modalidad estudios)<\/p>\n<p><a href=\"https:\/\/drive.google.com\/file\/d\/1W0YmL5sWX__drSwfw1fB4eH1RlBbwNNp\/view?usp=sharing\" target=\"_blank\" rel=\"noopener\" target=\"_blank\" rel=\"noopener\">Listado\u00a0definitivo de admitidos\/as y excluidos\/as<\/a> al procedimiento (modalidad estudios).<\/p>\n<p><a href=\"https:\/\/drive.google.com\/file\/d\/12W7n8lp86BXnjMShtJP4LzPEeg_dYD_G\/view?usp=sharing\" target=\"_blank\" rel=\"noopener\" target=\"_blank\" rel=\"noopener\">Baremaci\u00f3n provisional Erasmus+ 2022-23<\/a><\/p>\n<p><a href=\"https:\/\/drive.google.com\/file\/d\/1CS29mqAOD2AJpPhg4gk69QrwJiZ_npTx\/view?usp=sharing\" target=\"_blank\" rel=\"noopener\" target=\"_blank\" rel=\"noopener\">Baremaci\u00f3n Definitiva Erasmus+ 2022-23<\/a><\/p>\n<p>&nbsp;<\/p>\n<h3><\/h3>\n<h3>Programa Erasmus+ (2021-2022)<\/h3>\n<p><a href=\"https:\/\/drive.google.com\/file\/d\/1c1FDHVXYv1FiACXBikz1hXFlIkp1me2G\/view?usp=sharing\" target=\"_blank\" rel=\"noopener noreferrer\" target=\"_blank\" rel=\"noopener\">Listado provisional de admitidos\/as y excluidos\/as<\/a> al procedimiento (modalidad estudios).<\/p>\n<p><a href=\"https:\/\/drive.google.com\/file\/d\/1yDBs9QWmVxDavk_vjmmpi6I8klFzMZOG\/view?usp=sharing\" target=\"_blank\" rel=\"noopener noreferrer\" target=\"_blank\" rel=\"noopener\">Listado\u00a0definitivo de admitidos\/as y excluidos\/as<\/a> al procedimiento (modalidad estudios).<\/p>\n<p><a href=\"https:\/\/drive.google.com\/file\/d\/1UUHcudUoHEP7Qr8fI5Fte_6H5EdcvCtN\/view?usp=sharing\" target=\"_blank\" rel=\"noopener\" target=\"_blank\" rel=\"noopener\">Baremaci\u00f3n provisional Erasmus+ 2021-22<\/a><\/p>\n<p><a href=\"https:\/\/drive.google.com\/file\/d\/1Kdy2XCvx2GVjEXhG4fpK6d0psmjkHYW1\/view?usp=sharing\" target=\"_blank\" rel=\"noopener\">Baremaci\u00f3n Definitiva Erasmus+ 2021-22<\/a><\/p>\n<p>&nbsp;<\/p>\n<h3>Programa Erasmus+ (2020-2021)<\/h3>\n<p><a href=\"https:\/\/drive.google.com\/open?id=14Eh8oRN7DC8A2SUiqPFSD3gd0yweEjfY\" target=\"_blank\" rel=\"noopener noreferrer\" target=\"_blank\" rel=\"noopener\">Listado provisional de admitidos\/as y excluidos\/as<\/a> al procedimiento (modalidad estudios).<\/p>\n<p><a href=\"https:\/\/drive.google.com\/open?id=1147gtCcIeUFpjaErv22FsQ_N9sdNzfGM\" target=\"_blank\" rel=\"noopener noreferrer\" target=\"_blank\" rel=\"noopener\">Listado\u00a0definitivo de admitidos\/as y excluidos\/as<\/a> al procedimiento (modalidad estudios).<\/p>\n<p><a href=\"https:\/\/drive.google.com\/open?id=18HDV3Z1NDQf1T1RR2XqwNfh0uVIB_G4X\" target=\"_blank\" rel=\"noopener noreferrer\" target=\"_blank\" rel=\"noopener\">Baremaci\u00f3n provisional Erasmus+ 2020-21<\/a><\/p>\n<p><a href=\"https:\/\/drive.google.com\/open?id=1bd3Bh9FghV-_3nZ7f4XJUVpHNU03UGnu\" target=\"_blank\" rel=\"noopener noreferrer\" target=\"_blank\" rel=\"noopener\">Baremaci\u00f3n Definitiva Erasmus+ 2020-21<\/a><\/p>\n<p>&nbsp;<\/p>\n<h3>Programa Erasmus+ (2019-2020)<\/h3>\n<p><a href=\"https:\/\/drive.google.com\/open?id=1oVvbyBQTskyL1xeyc3j5cR1PU-eNQRJh\" target=\"_blank\" rel=\"noopener\">Mapa de instituciones<\/a> con las que se mantiene convenios para el 2019-2020. M\u00e1s informaci\u00f3n <a href=\"https:\/\/www.ull.es\/internacional\/convenios\/#modelo-convenio-marco\" target=\"_blank\" rel=\"noopener\">aqu\u00ed.<\/a><\/p>\n<p><a href=\"https:\/\/drive.google.com\/open?id=190ph-lS8b51OxxL-Wm8trMQ-U0-WVnWX\" target=\"_blank\" rel=\"noopener\">Listado provisional de admitidos\/as y excluidos\/as<\/a> al procedimiento (modalidad estudios).<\/p>\n<p><a href=\"https:\/\/drive.google.com\/open?id=1ZrQfYWNtv1TXoSSXL7oC0TMLlbcId6yG\" target=\"_blank\" rel=\"noopener noreferrer\" target=\"_blank\" rel=\"noopener\">Listado\u00a0definitivo de admitidos\/as y excluidos\/as<\/a> al procedimiento (modalidad estudios).<\/p>\n<p><a href=\"https:\/\/drive.google.com\/open?id=18H-VCwkuVXPKFso4l0F1UaZoZrJAJeEY\" target=\"_blank\" rel=\"noopener noreferrer\" target=\"_blank\" rel=\"noopener\">Baremaci\u00f3n provisional Erasmus+ 2019-20<\/a><\/p>\n<p><a href=\"https:\/\/drive.google.com\/open?id=1144b5EmuaGUL5tPoVAAbt1lntU0mS6jB\" target=\"_blank\" rel=\"noopener noreferrer\" target=\"_blank\" rel=\"noopener\">Baremaci\u00f3n Definitiva Erasmus+ 2019-20<\/a><\/p>\n<p>&nbsp;<\/p>\n<h3><strong>Solicitudes<\/strong><\/h3>\n<p>Los impresos de solicitud se podr\u00e1n descargar de\u00a0<u><a href=\"https:\/\/www.ull.es\/portal\/erasmus\/movilidad\/erasmus-estudios-salientes\/\" target=\"_blank\" rel=\"noopener\">aqu\u00ed.<\/a><\/u><\/p>\n<p>La Secci\u00f3n de Matem\u00e1ticas utiliza esta <a href=\"https:\/\/grade-conversion.vercel.app\/\" target=\"_blank\" rel=\"noopener\" data-saferedirecturl=\"https:\/\/www.google.com\/url?q=http:\/\/Equivalencias2015.pdf&amp;source=gmail&amp;ust=1681301366777000&amp;usg=AOvVaw2vMNwZ8qhnOv-5HQJJ8SDy\" target=\"_blank\" rel=\"noopener\"><b>tabla de equivalencias<\/b>\u00a0<\/a>para convertir calificaciones extranjeras en calificaciones espa\u00f1olas. Alternativamente puede usarse el <a href=\"https:\/\/grade-conversion.vercel.app\/\" target=\"_blank\" rel=\"noopener\" target=\"_blank\" rel=\"noopener\">conversor autom\u00e1tico<\/a><\/p>\n<p><strong>Baremo de selecci\u00f3n<\/strong>. La selecci\u00f3n de los alumnos se realizar\u00e1,\u00a0para cada destino solicitado,\u00a0de acuerdo con el siguiente baremo:<\/p>\n<ul>\n<li>40% : expediente acad\u00e9mico (nota media)<\/li>\n<li>30% : cr\u00e9ditos superados<\/li>\n<li>30% : conocimiento acreditado del idioma.<\/li>\n<\/ul>\n<p>Las condiciones generales de la convocatoria se pueden consultar en la p\u00e1gina web de\u00a0<u><a href=\"https:\/\/www.ull.es\/servicios\/oficina-de-relaciones-internacionales\/\" target=\"_blank\" rel=\"noopener\">Relaciones Internacionales ULL<\/a><\/u>.<\/p>\n<p>La Universidad de La Laguna posee una oficina de Relaciones Internacionales que les podr\u00e1 guiar en todas las consultas planteadas (visita su\u00a0<u><a href=\"https:\/\/www.ull.es\/servicios\/oficina-de-relaciones-internacionales\/\" target=\"_blank\" rel=\"noopener\">web<\/a><\/u>).<\/p>\n<p><u><a href=\"http:\/\/www.exteriores.gob.es\/Portal\/es\/SalaDePrensa\/ElMinisterioInforma\/Documents\/RECOMENDACIONES%20ERASMUS.pdf\" target=\"_blank\" rel=\"noopener\">Recomendaciones generales para estudiantes Erasmus en el exterior<\/a><\/u>, publicada por el Ministerio de Asuntos Exteriores y de Cooperaci\u00f3n.[\/vc_column_text][\/vc_tta_section][vc_tta_section title=\u00bbCoordinaci\u00f3n de movilidad\u00bb tab_id=\u00bbcoordinacion-movilidad\u00bb][vc_column_text]<\/p>\n<ul>\n<li><strong>Movilidad Nacional<\/strong>: Mar\u00eda Candelaria Gonz\u00e1lez D\u00e1vila. Tel\u00e9fono: 922 318 151. E-mail:<a href=\"mailto:macanda@ull.edu.es\" target=\"_blank\" rel=\"noopener\"> macanda@ull.es<\/a><\/li>\n<li><strong>Movilidad Internacional<\/strong>: Marta de Le\u00f3n Contreras. Tel\u00e9fono: 922 319 071 . E-mail: <a href=\"mailto:mleoncon@ull.edu.es\" target=\"_blank\" rel=\"noopener\">mleoncon@ull.es<\/a><\/li>\n<\/ul>\n<p>[\/vc_column_text][\/vc_tta_section][\/vc_tta_accordion][\/vc_column][vc_column width=\u00bb1\/3&#8243;][vc_column_text]\n<ul class=\"widget-box\">\n<li class='contacto-header'>Informaci\u00f3n de contacto<\/li><li><i class=\"fa fa-map-marker\"><\/i> .Avenida Astrof\u00edsico Francisco S\u00e1nchez, s\/n. Facultad de Ciencias. Apartado 456. C\u00f3digo postal 38200. San Crist\u00f3bal de La Laguna. S\/C de Tenerife<\/li><li><i class=\"fa fa-phone\"><\/i> (+34) 922 31 83 13<\/li><li><i class=\"fa fa-envelope\"><\/i>  <a href=mailto:seccie@ull.es>seccie@ull.es<\/a><\/li><li><i class=\"fa fa-calendar\"><\/i><a href=\"http:\/\/citaprevia.ull.es\/index.php?s=ciencias\"> Cita previa<\/a><\/li>\n<\/ul>\n\n[\/vc_column_text][\/vc_column][\/vc_row]<\/p>\n","protected":false},"excerpt":{"rendered":"<p>[vc_row][vc_column width=\u00bb2\/3&#8243;][vc_column_text] Programas de movilidad Secci\u00f3n de Matem\u00e1ticas [\/vc_column_text][vc_tta_accordion shape=\u00bbsquare\u00bb c_icon=\u00bbchevron\u00bb c_position=\u00bbright\u00bb active_section=\u00bb\u00bb no_fill=\u00bbtrue\u00bb collapsible_all=\u00bbtrue\u00bb][vc_tta_section title=\u00bbMovilidad nacional\u00bb tab_id=\u00bbmovilidad-nacional\u00bb][vc_column_text] Programa SICUE \/ S\u00c9NECA El Sistema de Intercambio entre Centros Universitarios Espa\u00f1oles, m\u00e1s conocido como Programa SICUE, es un sistema por el que el estudiantado de las universidades espa\u00f1olas puede realizar una parte de sus estudios en&#8230;<\/p>\n","protected":false},"author":1,"featured_media":0,"parent":161,"menu_order":0,"comment_status":"closed","ping_status":"closed","template":"","meta":[],"acf":[],"_links":{"self":[{"href":"https:\/\/www.ull.es\/centros\/facultad-ciencias\/wp-json\/wp\/v2\/pages\/436"}],"collection":[{"href":"https:\/\/www.ull.es\/centros\/facultad-ciencias\/wp-json\/wp\/v2\/pages"}],"about":[{"href":"https:\/\/www.ull.es\/centros\/facultad-ciencias\/wp-json\/wp\/v2\/types\/page"}],"author":[{"embeddable":true,"href":"https:\/\/www.ull.es\/centros\/facultad-ciencias\/wp-json\/wp\/v2\/users\/1"}],"replies":[{"embeddable":true,"href":"https:\/\/www.ull.es\/centros\/facultad-ciencias\/wp-json\/wp\/v2\/comments?post=436"}],"version-history":[{"count":64,"href":"https:\/\/www.ull.es\/centros\/facultad-ciencias\/wp-json\/wp\/v2\/pages\/436\/revisions"}],"predecessor-version":[{"id":1673,"href":"https:\/\/www.ull.es\/centros\/facultad-ciencias\/wp-json\/wp\/v2\/pages\/436\/revisions\/1673"}],"up":[{"embeddable":true,"href":"https:\/\/www.ull.es\/centros\/facultad-ciencias\/wp-json\/wp\/v2\/pages\/161"}],"wp:attachment":[{"href":"https:\/\/www.ull.es\/centros\/facultad-ciencias\/wp-json\/wp\/v2\/media?parent=436"}],"curies":[{"name":"wp","href":"https:\/\/api.w.org\/{rel}","templated":true}]}}