{"id":438,"date":"2018-01-29T14:33:03","date_gmt":"2018-01-29T14:33:03","guid":{"rendered":"http:\/\/www.ull.es\/centros\/facultad-ciencias\/?page_id=438"},"modified":"2025-04-01T11:08:36","modified_gmt":"2025-04-01T11:08:36","slug":"programas-movilidad-quimica","status":"publish","type":"page","link":"https:\/\/www.ull.es\/centros\/facultad-ciencias\/docencia\/programas-de-movilidad\/programas-movilidad-quimica\/","title":{"rendered":"Programas de movilidad &#8211; Secci\u00f3n de Qu\u00edmica"},"content":{"rendered":"<p>[vc_row][vc_column width=\u00bb2\/3&#8243;][vc_column_text]<\/p>\n<h1>Programas de movilidad<\/h1>\n<h2>Secci\u00f3n de Qu\u00edmica<\/h2>\n<p>[\/vc_column_text][vc_column_text][\/vc_column_text][vc_tta_accordion shape=\u00bbsquare\u00bb c_icon=\u00bbchevron\u00bb c_position=\u00bbright\u00bb active_section=\u00bb\u00bb no_fill=\u00bbtrue\u00bb collapsible_all=\u00bbtrue\u00bb][vc_tta_section title=\u00bbMovilidad nacional\u00bb tab_id=\u00bbmovilidad-nacional\u00bb][vc_column_text]El Sistema de Intercambio entre Centros Universitarios Espa\u00f1oles, m\u00e1s conocido por Programa SICUE, es un sistema por el que el estudiantado de las universidades espa\u00f1olas puede realizar una parte de sus estudios en otra universidad espa\u00f1ola distinta a la suya, con garant\u00edas de reconocimiento acad\u00e9mico y de aprovechamiento, as\u00ed como de adecuaci\u00f3n a su perfil curricular.<\/p>\n<p>Este sistema de intercambio tiene en cuenta el valor formativo del intercambio, al hacer posible que el estudiante experimente sistemas docentes distintos incluidos el r\u00e9gimen de pr\u00e1cticas, as\u00ed como los distintos aspectos sociales y culturales de otras comunidades y ciudades aut\u00f3nomas.<\/p>\n<p>Para ampliar informaci\u00f3n sobre el Programa SICUE se puede consultar la\u00a0<a href=\"https:\/\/www.ull.es\/portal\/convocatorias\/categorias\/sicue\/\" target=\"_blank\" rel=\"noopener\">web del Negociado de Becas de la ULL<\/a>.<\/p>\n<p>El Programa SICUE de movilidad de estudiantes universitarios. La solicitud, normativa y plazas ofertadas est\u00e1n disponibles en el siguiente\u00a0<a href=\"https:\/\/www.ull.es\/portal\/convocatorias\/categorias\/sicue\/\" target=\"_blank\" rel=\"noopener\">enlace<\/a>[\/vc_column_text][\/vc_tta_section][vc_tta_section title=\u00bbMovilidad internacional\u00bb tab_id=\u00bb1623885431842-6d92e073-c51b\u00bb][vc_column_text]Erasmus+ es el programa de la Uni\u00f3n Europea en los \u00e1mbitos de la educaci\u00f3n, la formaci\u00f3n, la juventud y el deporte. El programa contiene diferentes acciones clave entre las que destaca la acci\u00f3n clave 1 destinada a la movilidad de las personas por motivos de aprendizaje.<\/p>\n<p>Como parte de la acci\u00f3n clave 1, la acci\u00f3n KA103 \u00abMovilidad de estudiantes y personal de educaci\u00f3n superior entre pa\u00edses del programa\u00bb tiene como objetivo mejorar la calidad de la educaci\u00f3n superior y reforzar su dimensi\u00f3n europea, fomentando la cooperaci\u00f3n trasnacional entre centros de educaci\u00f3n superior, promoviendo la movilidad de sus estudiantes y personal docente y no docente con el fin de mejorar la transparencia y el reconocimiento acad\u00e9mico de los estudios y cualificaciones en todos los pa\u00edses miembros de la Uni\u00f3n.<\/p>\n<p>La acci\u00f3n KA103 promueve la movilidad de estudiantes en dos modalidades diferentes: SMS (Student Mobility for Studies) y SMT (Student Mobility for Training).<\/p>\n<p>La movilidad SMS tiene como finalidad cursar estudios, generalmente durante un cuatrimestre o un a\u00f1o completo con el reconocimiento de cr\u00e9ditos correspondientes, en una universidad de alguno de los 28 pa\u00edses de la Uni\u00f3n Europea, Noruega, Islandia, Liechtenstein, Antigua Rep\u00fablica Yugoslava de Macedonia y Turqu\u00eda, adem\u00e1s de Suiza, con condiciones especiales.<\/p>\n<p>Por otra parte, el periodo de pr\u00e1cticas SMT es la estancia durante un periodo de tiempo en una empresa u organizaci\u00f3n de otro pa\u00eds participante, y tiene por finalidad contribuir a que las personas se adapten a las exigencias del mercado laboral a escala comunitaria, adquieran aptitudes espec\u00edficas y mejoren su comprensi\u00f3n del entorno econ\u00f3mico y social del pa\u00eds en cuesti\u00f3n, al mismo tiempo que adquieren experiencia laboral.<\/p>\n<p>Estas acciones de movilidad posibilitan la adquisici\u00f3n tanto de los conocimientos y competencias que necesitan nuestros graduados como de un bagaje cultural internacional muy demandado en el mercado de trabajo. Entre los objetivos del programa de movilidad destaca el que los estudiantes se beneficien de la experiencia social y cultural que implica la vida en otros pa\u00edses, mejorar su formaci\u00f3n curricular enfocada a la incorporaci\u00f3n laboral, fortalecer su capacidad de comunicaci\u00f3n, cooperaci\u00f3n, adaptaci\u00f3n y comprensi\u00f3n de otras culturas.<\/p>\n<p>La promoci\u00f3n de la internacionalizaci\u00f3n en la titulaci\u00f3n resulta de suma importancia, toda vez que es preciso mejorar e incentivar al alumnado para realizar movilidades bajo el programa Erasmus, y romper con ello la tendencia del alumno a completar su formaci\u00f3n de grado sin haber tenido ocasi\u00f3n de anticipar su futuras pr\u00e1cticas y necesidades en otros pa\u00edses en los que la implantaci\u00f3n de los nuevos t\u00edtulos de grado adaptados al Espacio Europeo de Educaci\u00f3n ya es una realidad.<\/p>\n<p>Por otro lado, las titulaciones disponen de un procedimiento, dentro del sistema de garant\u00eda de calidad para la gesti\u00f3n de la movilidad de los alumnos que permite normalizar la movilidad de las diferentes titulaciones, la planificaci\u00f3n de los programas, sistematizar los procedimientos de seguimiento y evaluaci\u00f3n, al igual que regularizar los mecanismos de apoyo y orientaci\u00f3n a los estudiantes una vez matriculados en lo que respecta a la movilidad.<\/p>\n<p>El <strong>cat\u00e1logo de plazas<\/strong> ofertadas ofertadas para nuestros grados se puede consultar en los siguientes enlaces:<\/p>\n<ul>\n<li><a href=\"https:\/\/drive.google.com\/file\/d\/1K9Gg3QfI7sU-M4jtGw-S8PylMRt71UZi\/view?usp=sharing\" target=\"_blank\" rel=\"noopener\">Grado en Qu\u00edmica<\/a><\/li>\n<li><a href=\"https:\/\/drive.google.com\/file\/d\/18Wl7n0NaqPcKET0yJFNTZq2ySodZTYLR\/view?usp=sharing\" target=\"_blank\" rel=\"noopener\">Grado en Ciencias Ambientales<\/a><\/li>\n<\/ul>\n<p>Asimismo, se puede consultadas todas las plazas ofertadas para todos los t\u00edtulos en el <a href=\"https:\/\/drive.google.com\/open?id=15qFvnuUXbiL9i9gow3b4d2zXVBW8DWpWUeK_viXrknA\" target=\"_blank\" rel=\"noopener\">siguiente enlace<\/a>.<\/p>\n<p>Para <strong>ampliar informaci\u00f3n<\/strong> sobre el Programa Erasmus+ se puede consultar la web de la ULL en la pesta\u00f1a Internacionales.<\/p>\n<ul>\n<li>Movilidad estudiantes salientes por estudios (SMS): <a href=\"https:\/\/www.ull.es\/portal\/erasmus\/movilidad\/erasmus-estudios-salientes\/\" target=\"_blank\" rel=\"noopener\">Erasmus estudios salientes<\/a><\/li>\n<li>Movilidad estudiantes salientes por pr\u00e1cticas (SMT): <a href=\"https:\/\/www.ull.es\/portal\/erasmus\/movilidad\/erasmus-practicas-salientes\/\" target=\"_blank\" rel=\"noopener\">Erasmus practicas salientes<\/a><\/li>\n<\/ul>\n<p>[\/vc_column_text][\/vc_tta_section][vc_tta_section title=\u00bbConvocatoria Programa Erasmus+ (Curso 2025-26)\u00bb tab_id=\u00bb1740134575347-b264abe9-2bc9&#8243;][vc_column_text]<a href=\"https:\/\/drive.google.com\/file\/d\/1Bm2_4B-9EfsiMhLQ-YHHH1j3w_5hZ8K6\/view?usp=drive_link\" target=\"_blank\" rel=\"noopener\" target=\"_blank\" rel=\"noopener\">Listado provisional de admitidos\/as y excluidos\/as al procedimiento<\/a>\u00a0(modalidad estudios)<\/p>\n<p><a href=\"https:\/\/drive.google.com\/file\/d\/1I5CdeXbPGsY6kWtLwvy9SEaoH3Wny54y\/view?usp=drive_link\" target=\"_blank\" rel=\"noopener\" target=\"_blank\" rel=\"noopener\">Listado definitivo de admitidos\/as y excluidos\/as al procedimiento<\/a>\u00a0(modalidad estudios)<\/p>\n<p><a href=\"https:\/\/drive.google.com\/file\/d\/19B7ftHFtHvWDRq-ikEw7AfaZ_yg7x1E4\/view?usp=drive_link\" target=\"_blank\" rel=\"noopener\">Propuesta de Baremaci\u00f3n Provisional Erasmus +<\/a><\/p>\n<p><a href=\"https:\/\/drive.google.com\/file\/d\/17sInifsSXwuGTxObpKmkix0xHUbE-PaS\/view?usp=drive_link\" target=\"_blank\" rel=\"noopener\" target=\"_blank\" rel=\"noopener\">Propuesta de Baremaci\u00f3n Definitiva Erasmus+<\/a>[\/vc_column_text][\/vc_tta_section][vc_tta_section title=\u00bbConvocatoria Programa Erasmus+ (Curso 2024-25)\u00bb tab_id=\u00bb1707384868260-e84d33bf-7234&#8243;][vc_column_text]<\/p>\n<h3><b>Programa Erasmus+ (2024-25)<\/b><\/h3>\n<p><a href=\"https:\/\/drive.google.com\/file\/d\/1h7a4CMoInOCGbyC0FEqaYinjZvNWb4TU\/view?usp=drive_link\" target=\"_blank\" rel=\"noopener\" target=\"_blank\" rel=\"noopener\">Listado provisional de admitidos\/as y excluidos\/as al procedimiento<\/a> (modalidad estudios)<\/p>\n<p><a href=\"https:\/\/drive.google.com\/file\/d\/1K0F17b4OypqssQw9yXI6_YJ2herBtRyG\/view?usp=drive_link\" target=\"_blank\" rel=\"noopener\" target=\"_blank\" rel=\"noopener\">Listado definitivo de admitidos\/as y excluidos\/as al procedimiento<\/a> (modalidad estudios)<\/p>\n<p><a href=\"https:\/\/drive.google.com\/file\/d\/12vQ9GdkfKt3qsx8ceZZMbUXWALJ9V8bg\/view?usp=drive_link\" target=\"_blank\" rel=\"noopener\" target=\"_blank\" rel=\"noopener\">Propuesta de Baremaci\u00f3n Provisional Erasmus +<\/a><\/p>\n<p><a href=\"https:\/\/drive.google.com\/file\/d\/1WpO_GpmH0zJVSNQBqLyrfp4pmSn8vOgp\/view?usp=drive_link\" target=\"_blank\" rel=\"noopener\" target=\"_blank\" rel=\"noopener\">Propuesta de Baremaci\u00f3n Definitiva Erasmus+<\/a><\/p>\n<h3><\/h3>\n<p>[\/vc_column_text][\/vc_tta_section][vc_tta_section title=\u00bbConvocatoria Programa Erasmus+ (Curso 2023-24)\u00bb tab_id=\u00bb1675942057582-1be7bcac-7902&#8243;][vc_column_text]<\/p>\n<h3><b>Programa Erasmus+ (2023-24)<\/b><\/h3>\n<p><a href=\"https:\/\/drive.google.com\/file\/d\/1CMxxemUPcdiUdBdsLdtnMKxcqWz4BBY3\/view?usp=share_link\" target=\"_blank\" rel=\"noopener\" target=\"_blank\" rel=\"noopener\">Listado provisional de admitidos\/as y excluidos\/as<\/a> al procedimiento (modalidad estudios)<\/p>\n<p><a href=\"https:\/\/drive.google.com\/file\/d\/1KENdED52YaQNtbEB5-Cc1L1GpCJcAoQ5\/view?usp=share_link\" target=\"_blank\" rel=\"noopener\" target=\"_blank\" rel=\"noopener\">Listado definitivo de admitidos\/as y excluidos\/as<\/a> al procedimiento (modalidad estudios)<\/p>\n<p><a href=\"https:\/\/drive.google.com\/file\/d\/1ex4G506Ucfo9N7CltGkCL3B4NTnFsMbo\/view?usp=share_link\" target=\"_blank\" rel=\"noopener\" target=\"_blank\" rel=\"noopener\">Propuesta de Baremaci\u00f3n Provisional Erasmus +<\/a><\/p>\n<p><a href=\"https:\/\/drive.google.com\/file\/d\/1tELaqcCbk4P8ehKFDhvha3bWB-xI0EFd\/view?usp=share_link\" target=\"_blank\" rel=\"noopener\" target=\"_blank\" rel=\"noopener\">Propuesta de Baremaci\u00f3n Definitiva Erasmus+<\/a><\/p>\n<h3><\/h3>\n<p>[\/vc_column_text][\/vc_tta_section][vc_tta_section title=\u00bbConvocatoria Programa Erasmus+ (Curso 2022-23)\u00bb tab_id=\u00bb1623885281447-d7de8b7d-9a25&#8243;][vc_column_text]Listado de admitidos y exclu\u00eddos al procedimiento:<\/p>\n<ul>\n<li><a href=\"https:\/\/drive.google.com\/file\/d\/1RbGUjZu3Z_j9YGcwVvPRqWWvDmvX_gYe\/view?usp=sharing\" target=\"_blank\" rel=\"noopener noreferrer\" target=\"_blank\" rel=\"noopener\">Listado provisional<\/a> (modalidad estudios)<\/li>\n<li><a href=\"https:\/\/drive.google.com\/file\/d\/1Frxx8Fgmy3fNY4h0N-3U-W77p4hd8en2\/view?usp=sharing\" target=\"_blank\" rel=\"noopener\" target=\"_blank\" rel=\"noopener\">Listado definitivo<\/a> (modalidad estudios)<\/li>\n<\/ul>\n<p><strong>Grado en Qu\u00edmica:<\/strong><\/p>\n<ul>\n<li>Propuesta de <a href=\"https:\/\/drive.google.com\/file\/d\/1xK3tNgPw4BwxRZPEPA6nmMJIsAbU0T62\/view?usp=sharing\" target=\"_blank\" rel=\"noopener\" target=\"_blank\" rel=\"noopener\">baremaci\u00f3n provisional Erasmus+<\/a><\/li>\n<li>Propuesta de <a href=\"https:\/\/drive.google.com\/file\/d\/14etkKQv8lzpl26eseRSZyiz-D3Eim56R\/view?usp=sharing\" target=\"_blank\" rel=\"noopener\" target=\"_blank\" rel=\"noopener\">baremaci\u00f3n definitiva Erasmus+<\/a><\/li>\n<\/ul>\n<p><strong>Grado de Ciencias Ambientales:<\/strong><\/p>\n<ul>\n<li>Propuesta de <a href=\"https:\/\/drive.google.com\/file\/d\/1DpUte-3qTv1mDEySwDqH9vDFm5H-QF7e\/view?usp=sharing\" target=\"_blank\" rel=\"noopener\" target=\"_blank\" rel=\"noopener\">baremaci\u00f3n provisional Erasmus+<\/a><\/li>\n<li>Propuesta de <a href=\"https:\/\/drive.google.com\/file\/d\/16H8N8g1kHhuG4VkfFLGy0RlF6ckXMd8h\/view?usp=sharing\" target=\"_blank\" rel=\"noopener\" target=\"_blank\" rel=\"noopener\">baremaci\u00f3n definitiva Erasmus+<\/a><\/li>\n<\/ul>\n<p>[\/vc_column_text][vc_column_text][\/vc_column_text][\/vc_tta_section][vc_tta_section title=\u00bbConvocatoria Programa Erasmus+ (Curso 2021-22)\u00bb tab_id=\u00bb1648199605687-fedb2ba9-dcfc\u00bb][vc_column_text]Listado de admitidos y exclu\u00eddos al procedimiento:<\/p>\n<ul>\n<li><a href=\"https:\/\/drive.google.com\/file\/d\/1c1FDHVXYv1FiACXBikz1hXFlIkp1me2G\/view?usp=sharing\" target=\"_blank\" rel=\"noopener noreferrer\" target=\"_blank\" rel=\"noopener\">Listado provisional<\/a> (modalidad estudios)<\/li>\n<li><a href=\"https:\/\/drive.google.com\/file\/d\/1yDBs9QWmVxDavk_vjmmpi6I8klFzMZOG\/view?usp=sharing\" target=\"_blank\" rel=\"noopener noreferrer\" target=\"_blank\" rel=\"noopener\">Listado definitivo<\/a> (modalidad estudios)<\/li>\n<\/ul>\n<p><strong>Grado en Qu\u00edmica:<\/strong><\/p>\n<ul>\n<li><a href=\"https:\/\/drive.google.com\/file\/d\/1d_2S1poBZE6tKKisOwLzbycdpwQjVDRo\/view?usp=sharing\" target=\"_blank\" rel=\"noopener\" target=\"_blank\" rel=\"noopener\">Propuesta de baremaci\u00f3n provisional Erasmus+<\/a><\/li>\n<li><a href=\"https:\/\/drive.google.com\/file\/d\/1Sj3g4e4CwUl12RAoEIsLgLzNEDoc6Shr\/view?usp=sharing\" target=\"_blank\" rel=\"noopener\">Propuesta de baremaci\u00f3n definitiva Erasmus+<\/a><\/li>\n<\/ul>\n<p><strong>Grado de Ciencias Ambientales:<\/strong><\/p>\n<ul>\n<li><a href=\"https:\/\/drive.google.com\/file\/d\/1jHp2_8-tTSGNtPJPq1Cjl3BmehgME3PD\/view?usp=sharing\" target=\"_blank\" rel=\"noopener\" target=\"_blank\" rel=\"noopener\">Propuesta de baremaci\u00f3n provisional Erasmus+<\/a><\/li>\n<li><a href=\"https:\/\/drive.google.com\/file\/d\/1IIigMly8TsMmBwcQ2PJEFFr31u0WbYiV\/view?usp=sharing\" target=\"_blank\" rel=\"noopener\">Propuesta de baremaci\u00f3n definitiva Erasmus+<\/a><\/li>\n<\/ul>\n<p>[\/vc_column_text][vc_column_text][\/vc_column_text][\/vc_tta_section][vc_tta_section title=\u00bbCoordinaci\u00f3n de movilidad\u00bb tab_id=\u00bbcoordinacion-movilidad\u00bb][vc_column_text][\/vc_column_text][vc_column_text]<\/p>\n<h3>Movilidad Nacional<\/h3>\n<ul>\n<li>Coordinador SICUE del Grado de Ciencias Ambientales: Alejandro Gonz\u00e1lez Orive (<a href=\"mailto:agorive@ull.es\" target=\"_blank\" rel=\"noopener\">agorive@ull.es<\/a>)<\/li>\n<li>Coordinadora SICUE del Grado en Qu\u00edmica: Alejandro Gonz\u00e1lez Orive (<a href=\"mailto:agorive@ull.es\" target=\"_blank\" rel=\"noopener\">agorive@ull.es<\/a>)<\/li>\n<\/ul>\n<h3>Movilidad Internacional<\/h3>\n<ul>\n<li>Coordinadora Departamental: Elena Pastor Tejera (<a href=\"mailto:epastor@ull.es\" target=\"_blank\" rel=\"noopener\">epastor@ull.es<\/a>)<\/li>\n<li>Responsable del Programa EIBES: M\u00aa del Carmen Ar\u00e9valo Morales (<a href=\"mailto:carevalo@ull.es\" target=\"_blank\" rel=\"noopener\">carevalo@ull.es<\/a>)<\/li>\n<\/ul>\n<p>[\/vc_column_text][\/vc_tta_section][\/vc_tta_accordion][vc_column_text][\/vc_column_text][\/vc_column][vc_column width=\u00bb1\/3&#8243;][vc_column_text]\n<ul class=\"widget-box\">\n<li class='contacto-header'>Informaci\u00f3n de contacto<\/li><li><i class=\"fa fa-map-marker\"><\/i> .Avenida Astrof\u00edsico Francisco S\u00e1nchez, s\/n. Facultad de Ciencias. Apartado 456. C\u00f3digo postal 38200. San Crist\u00f3bal de La Laguna. S\/C de Tenerife<\/li><li><i class=\"fa fa-phone\"><\/i> (+34) 922 31 83 13<\/li><li><i class=\"fa fa-envelope\"><\/i>  <a href=mailto:seccie@ull.es>seccie@ull.es<\/a><\/li><li><i class=\"fa fa-calendar\"><\/i><a href=\"http:\/\/citaprevia.ull.es\/index.php?s=ciencias\"> Cita previa<\/a><\/li>\n<\/ul>\n\n[\/vc_column_text][\/vc_column][\/vc_row]<\/p>\n","protected":false},"excerpt":{"rendered":"<p>[vc_row][vc_column width=\u00bb2\/3&#8243;][vc_column_text] Programas de movilidad Secci\u00f3n de Qu\u00edmica [\/vc_column_text][vc_column_text][\/vc_column_text][vc_tta_accordion shape=\u00bbsquare\u00bb c_icon=\u00bbchevron\u00bb c_position=\u00bbright\u00bb active_section=\u00bb\u00bb no_fill=\u00bbtrue\u00bb collapsible_all=\u00bbtrue\u00bb][vc_tta_section title=\u00bbMovilidad nacional\u00bb tab_id=\u00bbmovilidad-nacional\u00bb][vc_column_text]El Sistema de Intercambio entre Centros Universitarios Espa\u00f1oles, m\u00e1s conocido por Programa SICUE, es un sistema por el que el estudiantado de las universidades espa\u00f1olas puede realizar una parte de sus estudios en otra universidad espa\u00f1ola distinta a&#8230;<\/p>\n","protected":false},"author":1,"featured_media":0,"parent":161,"menu_order":0,"comment_status":"closed","ping_status":"closed","template":"","meta":[],"acf":[],"_links":{"self":[{"href":"https:\/\/www.ull.es\/centros\/facultad-ciencias\/wp-json\/wp\/v2\/pages\/438"}],"collection":[{"href":"https:\/\/www.ull.es\/centros\/facultad-ciencias\/wp-json\/wp\/v2\/pages"}],"about":[{"href":"https:\/\/www.ull.es\/centros\/facultad-ciencias\/wp-json\/wp\/v2\/types\/page"}],"author":[{"embeddable":true,"href":"https:\/\/www.ull.es\/centros\/facultad-ciencias\/wp-json\/wp\/v2\/users\/1"}],"replies":[{"embeddable":true,"href":"https:\/\/www.ull.es\/centros\/facultad-ciencias\/wp-json\/wp\/v2\/comments?post=438"}],"version-history":[{"count":69,"href":"https:\/\/www.ull.es\/centros\/facultad-ciencias\/wp-json\/wp\/v2\/pages\/438\/revisions"}],"predecessor-version":[{"id":1604,"href":"https:\/\/www.ull.es\/centros\/facultad-ciencias\/wp-json\/wp\/v2\/pages\/438\/revisions\/1604"}],"up":[{"embeddable":true,"href":"https:\/\/www.ull.es\/centros\/facultad-ciencias\/wp-json\/wp\/v2\/pages\/161"}],"wp:attachment":[{"href":"https:\/\/www.ull.es\/centros\/facultad-ciencias\/wp-json\/wp\/v2\/media?parent=438"}],"curies":[{"name":"wp","href":"https:\/\/api.w.org\/{rel}","templated":true}]}}