{"id":50,"date":"2017-11-14T14:23:38","date_gmt":"2017-11-14T14:23:38","guid":{"rendered":"http:\/\/www.ull.es\/centros\/escuela-superior-de-ingenieria-y-tecnologia\/?page_id=50"},"modified":"2025-04-21T15:11:34","modified_gmt":"2025-04-21T15:11:34","slug":"departamentos","status":"publish","type":"page","link":"https:\/\/www.ull.es\/centros\/facultad-ciencias\/informacion-general\/departamentos\/","title":{"rendered":"Departamentos"},"content":{"rendered":"<p>[vc_row full_width=\u00bbstretch_row_content_no_spaces\u00bb el_class=\u00bbSliderPortada\u00bb css=\u00bb.vc_custom_1745237111535{margin-top: -100px !important;}\u00bb][vc_column][rev_slider_vc alias=\u00bbportada\u00bb][\/vc_column][\/vc_row][vc_row full_width=\u00bbstretch_row_content_no_spaces\u00bb][vc_column][vc_custom_heading text=\u00bb\u00bb font_container=\u00bbtag:h2|text_align:center\u00bb google_fonts=\u00bbfont_family:Montserrat%3Aregular%2C700|font_style:700%20bold%20regular%3A700%3Anormal\u00bb css=\u00bb.vc_custom_1721221176088{padding-top: 15px !important;padding-bottom: 15px !important;background-color: #360060 !important;}\u00bb][\/vc_column][\/vc_row][vc_row css=\u00bb.vc_custom_1745233821598{margin-top: 50px !important;}\u00bb][vc_column width=\u00bb2\/3&#8243; el_class=\u00bbpadding-50-right\u00bb css=\u00bb.vc_custom_1494506721665{padding-right: 50px !important;}\u00bb][vc_column_text]<\/p>\n<p>[vc_row][vc_column width=\u00bb2\/3&#8243; css=\u00bb.vc_custom_1497269146939{padding-right: 50px !important;}\u00bb][vc_column_text]\n<style>\n    .shortcode-departamentos h2 {\n        margin-bottom: 10px !important;\n    }\n\n    .shortcode-departamentos label {\n        padding: 0 6px;\n        vertical-align: middle;\n        font-size: 12px;\n        letter-spacing: 0.4px;\n        border-radius: 2px;\n        font-weight: 500;\n    }\n\n<\/style>\n\n<div class=\"shortcode-departamentos\">\n    <h1>Departamentos<\/h1>\n    <ul>\n                    <li> <a href=\"https:\/\/www.ull.es\/departamentos\/analisis-matematico\">An\u00e1lisis Matem\u00e1tico<\/a><\/li>\n                    <li> <a href=\"https:\/\/www.ull.es\/departamentos\/astrofisica\">Astrof\u00edsica<\/a><\/li>\n                    <li> <a href=\"https:\/\/www.ull.es\/departamentos\/biologia-animal-edafologia-geologia\">Biolog\u00eda Animal, Edafolog\u00eda y Geolog\u00eda<\/a><\/li>\n                    <li> <a href=\"https:\/\/www.ull.es\/departamentos\/bioquimica-microbiologia-biologia-celular-y-genetica\">Bioqu\u00edmica, Microbiolog\u00eda, Biolog\u00eda Celular y Gen\u00e9tica<\/a><\/li>\n                    <li> <a href=\"https:\/\/www.ull.es\/departamentos\/botanica-ecologia-y-fisiologia-vegetal\">Bot\u00e1nica, Ecolog\u00eda y Fisiolog\u00eda Vegetal<\/a><\/li>\n                    <li> <a href=\"https:\/\/www.ull.es\/departamentos\/disciplinas-juridicas-basicas\">Disciplinas Jur\u00eddicas B\u00e1sicas<\/a><\/li>\n                    <li> <a href=\"https:\/\/www.ull.es\/departamentos\/economia-aplicada-y-metodos-cuantitativos\">Econom\u00eda Aplicada y M\u00e9todos Cuantitativos<\/a><\/li>\n                    <li> <a href=\"https:\/\/www.ull.es\/departamentos\/fisica\">F\u00edsica<\/a><\/li>\n                    <li> <a href=\"https:\/\/www.ull.es\/departamentos\/geografia-e-historia\">Geograf\u00eda e Historia<\/a><\/li>\n                    <li> <a href=\"https:\/\/www.ull.es\/departamentos\/ingenieria-industrial\/\">Ingenier\u00eda Industrial<\/a><\/li>\n                    <li> <a href=\"https:\/\/www.ull.es\/departamentos\/ingenieria-informatica-sistemas\">Ingenier\u00eda Inform\u00e1tica y de Sistemas<\/a><\/li>\n                    <li> <a href=\"https:\/\/www.ull.es\/departamentos\/ingenieria-quimica-y-tecnologia-farmaceutica\">Ingenier\u00eda Qu\u00edmica y Tecnolog\u00eda Farmac\u00e9utica<\/a><\/li>\n                    <li> <a href=\"https:\/\/www.ull.es\/departamentos\/matematicas-estadistica-e-investigacion-operativa\">Matem\u00e1ticas, Estad\u00edstica e Investigaci\u00f3n Operativa<\/a><\/li>\n                    <li> <a href=\"https:\/\/www.ull.es\/departamentos\/obsgin\">Obstetricia y Ginecolog\u00eda, Pediatr\u00eda, Medicina Preventiva y Salud P\u00fablica, Toxicolog\u00eda, Medicina Legal y Forense y Parasitolog\u00eda<\/a><\/li>\n                    <li> <a href=\"https:\/\/www.ull.es\/departamentos\/quimica\">Qu\u00edmica<\/a><\/li>\n                    <li> <a href=\"https:\/\/www.ull.es\/departamentos\/quimica-organica\">Qu\u00edmica Org\u00e1nica<\/a><\/li>\n            <\/ul>\n<\/div>[\/vc_column_text][\/vc_column][vc_column width=\u00bb1\/3&#8243;][vc_column_text el_class=\u00bbcontacto\u00bb]\n<ul class=\"widget-box\">\n<li class='contacto-header'>Informaci\u00f3n de contacto<\/li><li><i class=\"fa fa-map-marker\"><\/i> .Avenida Astrof\u00edsico Francisco S\u00e1nchez, s\/n. Facultad de Ciencias. Apartado 456. C\u00f3digo postal 38200. San Crist\u00f3bal de La Laguna. S\/C de Tenerife<\/li><li><i class=\"fa fa-phone\"><\/i> (+34) 922 31 83 13<\/li><li><i class=\"fa fa-envelope\"><\/i>  <a href=mailto:seccie@ull.es>seccie@ull.es<\/a><\/li><li><i class=\"fa fa-calendar\"><\/i><a href=\"http:\/\/citaprevia.ull.es\/index.php?s=ciencias\"> Cita previa<\/a><\/li>\n<\/ul>\n\n[\/vc_column_text][\/vc_column][\/vc_row]<\/p>\n","protected":false},"excerpt":{"rendered":"<p>[vc_row full_width=\u00bbstretch_row_content_no_spaces\u00bb el_class=\u00bbSliderPortada\u00bb css=\u00bb.vc_custom_1745237111535{margin-top: -100px !important;}\u00bb][vc_column][rev_slider_vc alias=\u00bbportada\u00bb][\/vc_column][\/vc_row][vc_row full_width=\u00bbstretch_row_content_no_spaces\u00bb][vc_column][vc_custom_heading text=\u00bb\u00bb font_container=\u00bbtag:h2|text_align:center\u00bb google_fonts=\u00bbfont_family:Montserrat%3Aregular%2C700|font_style:700%20bold%20regular%3A700%3Anormal\u00bb css=\u00bb.vc_custom_1721221176088{padding-top: 15px !important;padding-bottom: 15px !important;background-color: #360060 !important;}\u00bb][\/vc_column][\/vc_row][vc_row css=\u00bb.vc_custom_1745233821598{margin-top: 50px !important;}\u00bb][vc_column width=\u00bb2\/3&#8243; el_class=\u00bbpadding-50-right\u00bb css=\u00bb.vc_custom_1494506721665{padding-right: 50px !important;}\u00bb][vc_column_text] [vc_row][vc_column width=\u00bb2\/3&#8243; css=\u00bb.vc_custom_1497269146939{padding-right: 50px !important;}\u00bb][vc_column_text][\/vc_column_text][\/vc_column][vc_column width=\u00bb1\/3&#8243;][vc_column_text el_class=\u00bbcontacto\u00bb][\/vc_column_text][\/vc_column][\/vc_row]<\/p>\n","protected":false},"author":1,"featured_media":0,"parent":40,"menu_order":0,"comment_status":"closed","ping_status":"closed","template":"templates\/template-frontpage.php","meta":[],"acf":[],"_links":{"self":[{"href":"https:\/\/www.ull.es\/centros\/facultad-ciencias\/wp-json\/wp\/v2\/pages\/50"}],"collection":[{"href":"https:\/\/www.ull.es\/centros\/facultad-ciencias\/wp-json\/wp\/v2\/pages"}],"about":[{"href":"https:\/\/www.ull.es\/centros\/facultad-ciencias\/wp-json\/wp\/v2\/types\/page"}],"author":[{"embeddable":true,"href":"https:\/\/www.ull.es\/centros\/facultad-ciencias\/wp-json\/wp\/v2\/users\/1"}],"replies":[{"embeddable":true,"href":"https:\/\/www.ull.es\/centros\/facultad-ciencias\/wp-json\/wp\/v2\/comments?post=50"}],"version-history":[{"count":1,"href":"https:\/\/www.ull.es\/centros\/facultad-ciencias\/wp-json\/wp\/v2\/pages\/50\/revisions"}],"predecessor-version":[{"id":1615,"href":"https:\/\/www.ull.es\/centros\/facultad-ciencias\/wp-json\/wp\/v2\/pages\/50\/revisions\/1615"}],"up":[{"embeddable":true,"href":"https:\/\/www.ull.es\/centros\/facultad-ciencias\/wp-json\/wp\/v2\/pages\/40"}],"wp:attachment":[{"href":"https:\/\/www.ull.es\/centros\/facultad-ciencias\/wp-json\/wp\/v2\/media?parent=50"}],"curies":[{"name":"wp","href":"https:\/\/api.w.org\/{rel}","templated":true}]}}