{"id":78,"date":"2017-11-15T12:31:18","date_gmt":"2017-11-15T12:31:18","guid":{"rendered":"http:\/\/www.ull.es\/centros\/escuela-superior-de-ingenieria-y-tecnologia\/?page_id=78"},"modified":"2025-12-14T08:39:12","modified_gmt":"2025-12-14T08:39:12","slug":"junta-de-facultad-y-comisiones","status":"publish","type":"page","link":"https:\/\/www.ull.es\/centros\/facultad-ciencias\/informacion-general\/junta-de-facultad-y-comisiones\/","title":{"rendered":"Junta de Facultad y Comisiones"},"content":{"rendered":"<p>[vc_row full_width=\u00bbstretch_row_content_no_spaces\u00bb el_class=\u00bbSliderPortada\u00bb css=\u00bb.vc_custom_1745237111535{margin-top: -100px !important;}\u00bb][vc_column][rev_slider_vc alias=\u00bbportada\u00bb][\/vc_column][\/vc_row][vc_row full_width=\u00bbstretch_row_content_no_spaces\u00bb][vc_column][vc_custom_heading text=\u00bb\u00bb font_container=\u00bbtag:h2|text_align:center\u00bb google_fonts=\u00bbfont_family:Montserrat%3Aregular%2C700|font_style:700%20bold%20regular%3A700%3Anormal\u00bb css=\u00bb.vc_custom_1721221176088{padding-top: 15px !important;padding-bottom: 15px !important;background-color: #360060 !important;}\u00bb][\/vc_column][\/vc_row][vc_row css=\u00bb.vc_custom_1745233821598{margin-top: 50px !important;}\u00bb][vc_column width=\u00bb2\/3&#8243; el_class=\u00bbpadding-50-right\u00bb css=\u00bb.vc_custom_1494506721665{padding-right: 50px !important;}\u00bb][vc_column_text]<\/p>\n<h1>Junta de Facultad y Comisiones<\/h1>\n<p>[\/vc_column_text][vc_tta_accordion shape=\u00bbsquare\u00bb c_icon=\u00bbchevron\u00bb c_position=\u00bbright\u00bb active_section=\u00bb\u00bb no_fill=\u00bbtrue\u00bb collapsible_all=\u00bbtrue\u00bb][vc_tta_section title=\u00bbFunciones de la Junta de Facultad\u00bb tab_id=\u00bbfunciones-de-la-junta-de-facultad\u00bb][vc_column_text]<\/p>\n<p style=\"text-align: justify\">La Junta de Facultad es el \u00f3rgano m\u00e1ximo de representaci\u00f3n de los miembros del centro, con competencias propias en materia de organizaci\u00f3n, coordinaci\u00f3n y gesti\u00f3n. Est\u00e1 formada por una representaci\u00f3n de los profesores, los alumnos y el PAS de la Facultad de Ciencias. Su composici\u00f3n se renueva en los primeros meses de cada curso acad\u00e9mico. Entre sus funciones est\u00e1n:<\/p>\n<ul style=\"text-align: justify\">\n<li>Definir, aprobar y coordinar la pol\u00edtica de actuaci\u00f3n de la Facultad, tanto en lo que concierne a la docencia y la investigaci\u00f3n, como en lo relativo a su r\u00e9gimen administrativo y econ\u00f3mico<\/li>\n<li>Elaborar y aprobar el Proyecto de Reglamento de R\u00e9gimen Interior de la Facultad y sus modificaciones.<\/li>\n<li>Aprobar los planes de ordenaci\u00f3n docente de la Facultad y proponer e informar la modificaci\u00f3n de sus planes de estudio.<\/li>\n<li>Aprobar la distribuci\u00f3n de los fondos asignados a la Facultad con cargo a los Presupuestos de la Universidad.<\/li>\n<li>Supervisar la actuaci\u00f3n de los \u00f3rganos colegiados y unipersonales de gobierno de la Facultad y de sus servicios, de conformidad con lo previsto en los Estatutos de la Universidad de La Laguna. Las previstas para los \u00f3rganos colegiados en el art\u00edculo 98 de los Estatutos de la Universidad.<\/li>\n<li>Ejercer cualesquiera otras funciones que le asignen los \u00f3rganos superiores de gobierno universitario o le reconozca el ordenamiento vigente.<\/li>\n<li>Y, en general, ejercer las dem\u00e1s funciones previstas para los \u00f3rganos colegiados en el art\u00edculo 139 de los Estatutos de la Universidad.<\/li>\n<\/ul>\n<p style=\"text-align: justify\">Seg\u00fan el Reglamento de R\u00e9gimen Interno de la Facultad de Ciencias, se establece que:<\/p>\n<ul style=\"text-align: justify\">\n<li>A fin de garantizar un funcionamiento m\u00e1s \u00e1gil y eficaz de la Facultad de Ciencias se establecen las Secciones de Biolog\u00eda, F\u00edsica, Matem\u00e1ticas y Qu\u00edmica.<\/li>\n<li>Cada Secci\u00f3n tendr\u00e1 autonom\u00eda para organizar su r\u00e9gimen de funcionamiento interno, gui\u00e1ndose por los principios que emanen del presente Reglamento y sin perjuicio de las competencias en materia de control contempladas en el presente Reglamento y atribuidas a la Junta de Facultad.<\/li>\n<li>Cada Secci\u00f3n de las mencionadas anteriormente contar\u00e1 con una Junta que estar\u00e1 presidida por la persona titular del Decanato, pudiendo delegar la presidencia en una de las personas que ocupe uno de los vicedecanatos.<\/li>\n<li>La Secretar\u00eda de cada Junta de Secci\u00f3n ser\u00e1 ejercida por la persona que ocupe la de la Facultad, o por la persona que designe el titular del Decanato, que deber\u00e1 ser miembro de la Junta de Facultad y reunir los mismos requisitos que se le exigen a la primera.<\/li>\n<li>La Junta de Facultad delega en las Juntas de Secci\u00f3n las competencias que se refieran exclusivamente a materias de inter\u00e9s propio de las respectivas Secciones.<\/li>\n<li>Corresponde a cada Junta de Secci\u00f3n el conocimiento y resoluci\u00f3n de cualquier otro asunto que la Junta de Facultad delegue expresamente en ella, con las salvedades recogidas en el presente reglamento en el art\u00edculo 19.4 y en los Estatutos de la Universidad de La Laguna y la legislaci\u00f3n vigente.<\/li>\n<\/ul>\n<p style=\"text-align: justify\">En las Juntas de Facultad de Ciencias se informar\u00e1 de los acuerdos adoptados por las Juntas de Secci\u00f3n celebradas previamente.<\/p>\n<p style=\"text-align: justify\">El Pleno podr\u00e1 revocar en todo momento la delegaci\u00f3n efectuada, recuperando el ejercicio de las competencias delegadas.<\/p>\n<p>[\/vc_column_text][\/vc_tta_section][vc_tta_section title=\u00bbComposici\u00f3n\u00bb tab_id=\u00bbcomposicion\u00bb][vc_column_text]<\/p>\n<ul>\n<li><a href=\"https:\/\/docs.google.com\/spreadsheets\/d\/e\/2PACX-1vRZKRJvwQYYI9Bwi-JZwzyGr141jf2aw__GMRogxOwi29ZgCzSfLC3PieEnLY7MVGZFoyG8X_GO-3dy\/pubhtml\" target=\"_blank\" rel=\"noopener noreferrer\" target=\"_blank\" rel=\"noopener\">Composici\u00f3n Resumen de la Junta de Facultad de Ciencias<\/a><\/li>\n<li><a href=\"https:\/\/drive.google.com\/file\/d\/1ypXtcQqjaBX9l-z1JJSXw9fCgXI5KqWQ\/view?usp=drive_link\" target=\"_blank\" rel=\"noopener\" target=\"_blank\" rel=\"noopener\">Listado Junta de Facultad 2023-24<\/a><\/li>\n<li><a href=\"https:\/\/drive.google.com\/file\/d\/1r-jjr9e8UyWDFJHGuaW6-mxr-iedbStk\/view?usp=drive_link\" target=\"_blank\" rel=\"noopener\" target=\"_blank\" rel=\"noopener\">Listado Junta de Facultad 2022-23<\/a><\/li>\n<li><a href=\"https:\/\/drive.google.com\/file\/d\/1-9JcAVzVcNgcxJv1M51VS8TYbOWIYcd0\/view?usp=drive_link\" target=\"_blank\" rel=\"noopener\" target=\"_blank\" rel=\"noopener\">Listado Junta de Facultad 2021-22<\/a><\/li>\n<li><a href=\"https:\/\/drive.google.com\/file\/d\/12gZRwBRJ9aNhloZP-eM5pWjPHiLTu03u\/view?usp=sharing\" target=\"_blank\" rel=\"noopener noreferrer\" target=\"_blank\" rel=\"noopener\">Listado Junta de Facultad 2020-21<\/a><\/li>\n<li><a href=\"https:\/\/drive.google.com\/file\/d\/11_JsCBLojEhyMlIJOhFcSVYgg41PeqSY\/view?usp=sharing\" target=\"_blank\" rel=\"noopener noreferrer\" target=\"_blank\" rel=\"noopener\">Listado Junta de Facultad 2019-20<\/a><\/li>\n<li><a href=\"https:\/\/drive.google.com\/file\/d\/1z7J1fSLGGaUO8nRSu6wcG4c7XL_0KRXf\/view?usp=sharing\" target=\"_blank\" rel=\"noopener noreferrer\" target=\"_blank\" rel=\"noopener\">Listado Junta de Facultad 2018-19<\/a><\/li>\n<\/ul>\n<p>[\/vc_column_text][\/vc_tta_section][vc_tta_section title=\u00bbComisiones\u00bb tab_id=\u00bbcomisiones\u00bb][vc_column_text]<\/p>\n<h3>Comisi\u00f3n de Calidad de la Facultad de Ciencias<\/h3>\n<p>La Comisi\u00f3n de Calidad de la Facultad estar\u00e1 formada por la persona titular del Decanato que la presidir\u00e1, las que ocupen los Vicedecanatos y la Secretar\u00eda de la Facultad, que asumir\u00e1 la Secretar\u00eda de la Comisi\u00f3n y formar\u00e1n parte de ella adem\u00e1s dos representantes del Personal Docente e Investigador de cada una de las Comisiones de Grado de la Facultad, dos representantes del personal de administraci\u00f3n y servicio (uno de los cuales debe ser la persona responsable de la Administraci\u00f3n de la Facultad), un representante del alumnado de cada titulaci\u00f3n impartida en la Facultad y un representante de la sociedad externo a la Universidad.<\/p>\n<h3>Comisi\u00f3n Permanente<\/h3>\n<p>La Comisi\u00f3n Permanente de la Junta de Facultad estar\u00e1 integrada por 30 miembros. De ellos 18 ser\u00e1n representantes del personal docente investigador. Dentro de estos 18 miembros, se incluye a la persona que ocupe el Decanato, las que sean titulares de los Vicedecanatos y la que ejerza las funciones de la Secretar\u00eda. De estos 18 miembros de la Comisi\u00f3n Permanente, 15 ser\u00e1n con vinculaci\u00f3n permanente con la Universidad y 3 con vinculaci\u00f3n no permanente con la Universidad. Adem\u00e1s ser\u00e1n miembros de la Comisi\u00f3n Permanente 9 representantes del alumnado y 3 del Personal de Administraci\u00f3n y Servicios, que ser\u00e1n elegidos por su correspondiente sector, de entre los miembros de la Junta.<\/p>\n<p>La Comisi\u00f3n Permanente podr\u00e1 ejercer aquellas competencias que le sean expresamente delegadas por el Pleno de la Junta para supuestos concretos y por periodos de tiempo determinados.<\/p>\n<p><strong>OTRAS COMISIONES DE LA FACULTAD DE CIENCIAS\u00a0<\/strong><\/p>\n<p>Seg\u00fan establece el art\u00edculo 19, cap\u00edtulo 2 del Reglamento de R\u00e9gimen Interno de la Facultad de Ciencias, la Junta de Facultad podr\u00e1 actuar en Comisiones. Adem\u00e1s de las Comisiones que por aplicaci\u00f3n de la normativa vigente hayan de constituirse, o la Junta de Facultad acuerde nombrar, se constituir\u00e1 al menos una Comisi\u00f3n Permanente. La composici\u00f3n y competencias de las Comisiones ser\u00e1n las que determine su norma de creaci\u00f3n. En otro caso, habr\u00e1 de estarse al acuerdo de creaci\u00f3n adoptado por el Pleno de la Junta. La presidencia de cada una de estas Comisiones recaer\u00e1 en la persona que ocupe el Decanato o en la persona que sea titular de uno de los Vicedecanatos en quien delegue. Por lo general, solo tendr\u00e1n facultad de elevar informes o propuestas sobre las materias de su competencia, salvo acuerdo expreso del Pleno de la Junta o que la norma de creaci\u00f3n indique otra cosa.<\/p>\n<p>En el siguiente enlace puede <a href=\"https:\/\/docs.google.com\/spreadsheets\/d\/1JpY0QkUF93_RWHYGUxkSq9uI1AMF5QzMNS7wlQQIusE\/edit?gid=319352465#gid=319352465\" target=\"_blank\" rel=\"noopener\">consultar la composici\u00f3n de todas las Comisiones de la Junta de Facultad de Ciencias<\/a> en vigor y las de cursos previos. Para las comisiones asociadas a las Juntas de Secci\u00f3n, debe consultarse la web de cada uno de los Grados.[\/vc_column_text][vc_column_text][\/vc_column_text][\/vc_tta_section][\/vc_tta_accordion][\/vc_column][vc_column width=\u00bb1\/3&#8243;][vc_column_text el_class=\u00bbcontacto\u00bb]\n<ul class=\"widget-box\">\n<li class='contacto-header'>Informaci\u00f3n de contacto<\/li><li><i class=\"fa fa-map-marker\"><\/i> .Avenida Astrof\u00edsico Francisco S\u00e1nchez, s\/n. Facultad de Ciencias. Apartado 456. C\u00f3digo postal 38200. San Crist\u00f3bal de La Laguna. S\/C de Tenerife<\/li><li><i class=\"fa fa-phone\"><\/i> (+34) 922 31 83 13<\/li><li><i class=\"fa fa-envelope\"><\/i>  <a href=mailto:seccie@ull.es>seccie@ull.es<\/a><\/li><li><i class=\"fa fa-calendar\"><\/i><a href=\"http:\/\/citaprevia.ull.es\/index.php?s=ciencias\"> Cita previa<\/a><\/li>\n<\/ul>\n\n[\/vc_column_text][\/vc_column][\/vc_row]<\/p>\n","protected":false},"excerpt":{"rendered":"<p>[vc_row full_width=\u00bbstretch_row_content_no_spaces\u00bb el_class=\u00bbSliderPortada\u00bb css=\u00bb.vc_custom_1745237111535{margin-top: -100px !important;}\u00bb][vc_column][rev_slider_vc alias=\u00bbportada\u00bb][\/vc_column][\/vc_row][vc_row full_width=\u00bbstretch_row_content_no_spaces\u00bb][vc_column][vc_custom_heading text=\u00bb\u00bb font_container=\u00bbtag:h2|text_align:center\u00bb google_fonts=\u00bbfont_family:Montserrat%3Aregular%2C700|font_style:700%20bold%20regular%3A700%3Anormal\u00bb css=\u00bb.vc_custom_1721221176088{padding-top: 15px !important;padding-bottom: 15px !important;background-color: #360060 !important;}\u00bb][\/vc_column][\/vc_row][vc_row css=\u00bb.vc_custom_1745233821598{margin-top: 50px !important;}\u00bb][vc_column width=\u00bb2\/3&#8243; el_class=\u00bbpadding-50-right\u00bb css=\u00bb.vc_custom_1494506721665{padding-right: 50px !important;}\u00bb][vc_column_text] Junta de Facultad y Comisiones [\/vc_column_text][vc_tta_accordion shape=\u00bbsquare\u00bb c_icon=\u00bbchevron\u00bb c_position=\u00bbright\u00bb active_section=\u00bb\u00bb no_fill=\u00bbtrue\u00bb collapsible_all=\u00bbtrue\u00bb][vc_tta_section title=\u00bbFunciones de la Junta de Facultad\u00bb tab_id=\u00bbfunciones-de-la-junta-de-facultad\u00bb][vc_column_text] La Junta de Facultad es el \u00f3rgano m\u00e1ximo de representaci\u00f3n&#8230;<\/p>\n","protected":false},"author":1,"featured_media":0,"parent":40,"menu_order":0,"comment_status":"closed","ping_status":"closed","template":"templates\/template-frontpage.php","meta":[],"acf":[],"_links":{"self":[{"href":"https:\/\/www.ull.es\/centros\/facultad-ciencias\/wp-json\/wp\/v2\/pages\/78"}],"collection":[{"href":"https:\/\/www.ull.es\/centros\/facultad-ciencias\/wp-json\/wp\/v2\/pages"}],"about":[{"href":"https:\/\/www.ull.es\/centros\/facultad-ciencias\/wp-json\/wp\/v2\/types\/page"}],"author":[{"embeddable":true,"href":"https:\/\/www.ull.es\/centros\/facultad-ciencias\/wp-json\/wp\/v2\/users\/1"}],"replies":[{"embeddable":true,"href":"https:\/\/www.ull.es\/centros\/facultad-ciencias\/wp-json\/wp\/v2\/comments?post=78"}],"version-history":[{"count":93,"href":"https:\/\/www.ull.es\/centros\/facultad-ciencias\/wp-json\/wp\/v2\/pages\/78\/revisions"}],"predecessor-version":[{"id":1671,"href":"https:\/\/www.ull.es\/centros\/facultad-ciencias\/wp-json\/wp\/v2\/pages\/78\/revisions\/1671"}],"up":[{"embeddable":true,"href":"https:\/\/www.ull.es\/centros\/facultad-ciencias\/wp-json\/wp\/v2\/pages\/40"}],"wp:attachment":[{"href":"https:\/\/www.ull.es\/centros\/facultad-ciencias\/wp-json\/wp\/v2\/media?parent=78"}],"curies":[{"name":"wp","href":"https:\/\/api.w.org\/{rel}","templated":true}]}}