{"id":88,"date":"2017-11-15T14:19:09","date_gmt":"2017-11-15T14:19:09","guid":{"rendered":"http:\/\/www.ull.es\/centros\/escuela-superior-de-ingenieria-y-tecnologia\/?page_id=88"},"modified":"2025-04-21T15:14:48","modified_gmt":"2025-04-21T15:14:48","slug":"organizacion-estudiantil","status":"publish","type":"page","link":"https:\/\/www.ull.es\/centros\/facultad-ciencias\/informacion-general\/organizacion-estudiantil\/","title":{"rendered":"Organizaci\u00f3n estudiantil"},"content":{"rendered":"<p>[vc_row full_width=\u00bbstretch_row_content_no_spaces\u00bb el_class=\u00bbSliderPortada\u00bb css=\u00bb.vc_custom_1745237111535{margin-top: -100px !important;}\u00bb][vc_column][rev_slider_vc alias=\u00bbportada\u00bb][\/vc_column][\/vc_row][vc_row full_width=\u00bbstretch_row_content_no_spaces\u00bb][vc_column][vc_custom_heading text=\u00bb\u00bb font_container=\u00bbtag:h2|text_align:center\u00bb google_fonts=\u00bbfont_family:Montserrat%3Aregular%2C700|font_style:700%20bold%20regular%3A700%3Anormal\u00bb css=\u00bb.vc_custom_1721221176088{padding-top: 15px !important;padding-bottom: 15px !important;background-color: #360060 !important;}\u00bb][\/vc_column][\/vc_row][vc_row css=\u00bb.vc_custom_1745233821598{margin-top: 50px !important;}\u00bb][vc_column width=\u00bb2\/3&#8243; el_class=\u00bbpadding-50-right\u00bb css=\u00bb.vc_custom_1494506721665{padding-right: 50px !important;}\u00bb][vc_column_text]<\/p>\n<h1>Organizaci\u00f3n estudiantil<\/h1>\n<p>[\/vc_column_text][vc_tta_accordion shape=\u00bbsquare\u00bb c_icon=\u00bbchevron\u00bb c_position=\u00bbright\u00bb active_section=\u00bb\u00bb no_fill=\u00bbtrue\u00bb collapsible_all=\u00bbtrue\u00bb][vc_tta_section title=\u00bbSecci\u00f3n de Biolog\u00eda\u00bb tab_id=\u00bbseccion-biologia\u00bb][vc_column_text]La Delegaci\u00f3n de Estudiantes de Biolog\u00eda (Biodelega) es un \u00f3rgano de representaci\u00f3n estudiantil de la Secci\u00f3n de Biolog\u00eda que recoge, entre otros, los siguientes objetivos:<\/p>\n<ul>\n<li>Representar a los Estudiantes del Grado en Biolog\u00eda en los \u00d3rganos de Representaci\u00f3n del Alumnado competentes.<\/li>\n<li>Fomentar la participaci\u00f3n activa de los estudiantes en las distintas actividades de la Universidad de La Laguna.<\/li>\n<li>Crear y realizar actividades de distintas \u00edndoles por y para los estudiantes.<\/li>\n<\/ul>\n<p>Su funcionamiento se rige por el <a href=\"https:\/\/drive.google.com\/file\/d\/1alWU1p-prAUQpX46ujCuDZHWSKfmNPK6\/view?usp=sharing\" target=\"_blank\" rel=\"noopener\" target=\"_blank\" rel=\"noopener\">Reglamento de R\u00e9gimen Interior de la Delegaci\u00f3n de Estudiantes de la Secci\u00f3n de Biolog\u00eda<\/a>. La Delegaci\u00f3n de Estudiantes dispone de un local en la Planta Primera de la Torre de Aulas (junto a la Sala de Estudio) de la Secci\u00f3n.<\/p>\n<p>Para solicitar informaci\u00f3n puede remitir un correo electr\u00f3nico a <a href=\"mailto:biodelega@ull.es\" target=\"_blank\" rel=\"noopener\">biodelega@ull.es<\/a><\/p>\n<p>&nbsp;<\/p>\n<div><\/div>\n<p>[\/vc_column_text][\/vc_tta_section][vc_tta_section title=\u00bbSecci\u00f3n de F\u00edsica\u00bb tab_id=\u00bb1576143756047-5cce99e8-75cf\u00bb][vc_column_text]La Delegaci\u00f3n de Alumnos es un \u00f3rgano de representaci\u00f3n estudiantil de la Secci\u00f3n cuyo objetivo fundamental es transmitir a la Junta de Secci\u00f3n las propuestas y demandas del alumnado, as\u00ed como participar en los debates y propuestas que surjan en lo referente al funcionamiento del Centro. Su direcci\u00f3n de contacto es <a href=\"mailto:daffis@ull.edu.es\" target=\"_blank\" rel=\"noopener noreferrer\" target=\"_blank\" rel=\"noopener\">daffis@ull.es<\/a>[\/vc_column_text][\/vc_tta_section][vc_tta_section title=\u00bbSecci\u00f3n de Matem\u00e1ticas\u00bb tab_id=\u00bb1576143790363-ccbf1219-658a\u00bb][\/vc_tta_section][vc_tta_section title=\u00bbSecci\u00f3n de Qu\u00edmica\u00bb tab_id=\u00bb1576143846986-c8fe1382-de2e\u00bb][vc_column_text]<\/p>\n<p dir=\"ltr\" style=\"text-align: justify;\">La Delegaci\u00f3n de Estudiantes de la Secci\u00f3n de Qu\u00edmica (DELQUI) es un \u00f3rgano de representaci\u00f3n estudiantil cuyo objetivo es dar voz y visibilidad a las propuestas y demandas del alumnado del Grado en Qu\u00edmica y el Grado en Ciencias Ambientales. DELQUI cuenta con representaci\u00f3n activa en la Junta de Secci\u00f3n y en la Junta de Facultad, con el fin de mantener una v\u00eda de informaci\u00f3n directa para el estudiantado, as\u00ed como hacerlos part\u00edcipes en la toma de decisiones referentes al funcionamiento del Centro.<\/p>\n<p dir=\"ltr\" style=\"text-align: justify;\">La sede de la DELQUI se encuentra en la planta 0 del edificio principal de la Secci\u00f3n de Qu\u00edmica, al lado del Aula de Cultura (girando a la izquierda desde el pasillo de los ascensores). De forma complementaria, esta planta dispone de carteles indicando su ubicaci\u00f3n. No obstante, debido a la situaci\u00f3n actual, cualquier consulta deber\u00e1 llevarse a cabo v\u00eda telem\u00e1tica y, en caso de ser estrictamente necesaria la asistencia a la sede, se deber\u00e1 solicitar una cita previa.<\/p>\n<p>&nbsp;<\/p>\n<p dir=\"ltr\">Datos de contacto<\/p>\n<p dir=\"ltr\">Correo electr\u00f3nico: <a target=\"_blank\" rel=\"noopener noreferrer\" target=\"_blank\" rel=\"noopener\">delqui2018@gmail.com<\/a><\/p>\n<p dir=\"ltr\">Instagram: @delquiull<\/p>\n<p dir=\"ltr\">Twitter: @DelquiULL<\/p>\n<p dir=\"ltr\">Tel\u00e9fono: 922 31 80 15<\/p>\n<p>[\/vc_column_text][\/vc_tta_section][\/vc_tta_accordion][\/vc_column][vc_column width=\u00bb1\/3&#8243;][vc_column_text el_class=\u00bbcontacto\u00bb]\n<ul class=\"widget-box\">\n<li class='contacto-header'>Informaci\u00f3n de contacto<\/li><li><i class=\"fa fa-map-marker\"><\/i> .Avenida Astrof\u00edsico Francisco S\u00e1nchez, s\/n. Facultad de Ciencias. Apartado 456. C\u00f3digo postal 38200. San Crist\u00f3bal de La Laguna. S\/C de Tenerife<\/li><li><i class=\"fa fa-phone\"><\/i> (+34) 922 31 83 13<\/li><li><i class=\"fa fa-envelope\"><\/i>  <a href=mailto:seccie@ull.es>seccie@ull.es<\/a><\/li><li><i class=\"fa fa-calendar\"><\/i><a href=\"http:\/\/citaprevia.ull.es\/index.php?s=ciencias\"> Cita previa<\/a><\/li>\n<\/ul>\n\n[\/vc_column_text][\/vc_column][\/vc_row]<\/p>\n","protected":false},"excerpt":{"rendered":"<p>[vc_row full_width=\u00bbstretch_row_content_no_spaces\u00bb el_class=\u00bbSliderPortada\u00bb css=\u00bb.vc_custom_1745237111535{margin-top: -100px !important;}\u00bb][vc_column][rev_slider_vc alias=\u00bbportada\u00bb][\/vc_column][\/vc_row][vc_row full_width=\u00bbstretch_row_content_no_spaces\u00bb][vc_column][vc_custom_heading text=\u00bb\u00bb font_container=\u00bbtag:h2|text_align:center\u00bb google_fonts=\u00bbfont_family:Montserrat%3Aregular%2C700|font_style:700%20bold%20regular%3A700%3Anormal\u00bb css=\u00bb.vc_custom_1721221176088{padding-top: 15px !important;padding-bottom: 15px !important;background-color: #360060 !important;}\u00bb][\/vc_column][\/vc_row][vc_row css=\u00bb.vc_custom_1745233821598{margin-top: 50px !important;}\u00bb][vc_column width=\u00bb2\/3&#8243; el_class=\u00bbpadding-50-right\u00bb css=\u00bb.vc_custom_1494506721665{padding-right: 50px !important;}\u00bb][vc_column_text] Organizaci\u00f3n estudiantil [\/vc_column_text][vc_tta_accordion shape=\u00bbsquare\u00bb c_icon=\u00bbchevron\u00bb c_position=\u00bbright\u00bb active_section=\u00bb\u00bb no_fill=\u00bbtrue\u00bb collapsible_all=\u00bbtrue\u00bb][vc_tta_section title=\u00bbSecci\u00f3n de Biolog\u00eda\u00bb tab_id=\u00bbseccion-biologia\u00bb][vc_column_text]La Delegaci\u00f3n de Estudiantes de Biolog\u00eda (Biodelega) es un \u00f3rgano de representaci\u00f3n estudiantil de la Secci\u00f3n de&#8230;<\/p>\n","protected":false},"author":1,"featured_media":0,"parent":40,"menu_order":0,"comment_status":"closed","ping_status":"closed","template":"templates\/template-frontpage.php","meta":[],"acf":[],"_links":{"self":[{"href":"https:\/\/www.ull.es\/centros\/facultad-ciencias\/wp-json\/wp\/v2\/pages\/88"}],"collection":[{"href":"https:\/\/www.ull.es\/centros\/facultad-ciencias\/wp-json\/wp\/v2\/pages"}],"about":[{"href":"https:\/\/www.ull.es\/centros\/facultad-ciencias\/wp-json\/wp\/v2\/types\/page"}],"author":[{"embeddable":true,"href":"https:\/\/www.ull.es\/centros\/facultad-ciencias\/wp-json\/wp\/v2\/users\/1"}],"replies":[{"embeddable":true,"href":"https:\/\/www.ull.es\/centros\/facultad-ciencias\/wp-json\/wp\/v2\/comments?post=88"}],"version-history":[{"count":23,"href":"https:\/\/www.ull.es\/centros\/facultad-ciencias\/wp-json\/wp\/v2\/pages\/88\/revisions"}],"predecessor-version":[{"id":1617,"href":"https:\/\/www.ull.es\/centros\/facultad-ciencias\/wp-json\/wp\/v2\/pages\/88\/revisions\/1617"}],"up":[{"embeddable":true,"href":"https:\/\/www.ull.es\/centros\/facultad-ciencias\/wp-json\/wp\/v2\/pages\/40"}],"wp:attachment":[{"href":"https:\/\/www.ull.es\/centros\/facultad-ciencias\/wp-json\/wp\/v2\/media?parent=88"}],"curies":[{"name":"wp","href":"https:\/\/api.w.org\/{rel}","templated":true}]}}