{"id":101,"date":"2017-11-16T09:02:06","date_gmt":"2017-11-16T09:02:06","guid":{"rendered":"http:\/\/www.ull.es\/centros\/escuela-superior-de-ingenieria-y-tecnologia\/?page_id=101"},"modified":"2025-11-17T10:16:34","modified_gmt":"2025-11-17T10:16:34","slug":"orientacion-y-tutorizacion","status":"publish","type":"page","link":"https:\/\/www.ull.es\/centros\/facultad-de-ciencias-sociales-y-de-la-comunicacion\/docencia\/orientacion-y-tutorizacion\/","title":{"rendered":"Orientaci\u00f3n y tutorizaci\u00f3n"},"content":{"rendered":"<p>[vc_row full_width=\u00bbstretch_row_content_no_spaces\u00bb el_class=\u00bbSliderPortada\u00bb css=\u00bb.vc_custom_1745237111535{margin-top: -100px !important;}\u00bb][vc_column][rev_slider_vc alias=\u00bbportada\u00bb][\/vc_column][\/vc_row][vc_row full_width=\u00bbstretch_row_content_no_spaces\u00bb][vc_column][vc_custom_heading text=\u00bb\u00bb font_container=\u00bbtag:h2|text_align:center\u00bb google_fonts=\u00bbfont_family:Montserrat%3Aregular%2C700|font_style:700%20bold%20regular%3A700%3Anormal\u00bb css=\u00bb.vc_custom_1721221176088{padding-top: 15px !important;padding-bottom: 15px !important;background-color: #360060 !important;}\u00bb][\/vc_column][\/vc_row][vc_row css=\u00bb.vc_custom_1745233821598{margin-top: 50px !important;}\u00bb][vc_column width=\u00bb2\/3&#8243; el_class=\u00bbpadding-50-right\u00bb css=\u00bb.vc_custom_1494506721665{padding-right: 50px !important;}\u00bb][vc_column_text]<\/p>\n<h1>Orientaci\u00f3n y tutorizaci\u00f3n<\/h1>\n<p>[\/vc_column_text][vc_column_text]Durante sus estudios universitarios, el alumnado necesita dise\u00f1ar, gestionar y poner en marcha su propio proyecto formativo, del que depender\u00e1 en gran medida su \u00e9xito acad\u00e9mico y su futura inserci\u00f3n laboral.<\/p>\n<p>Ese proceso requiere de una labor orientadora por parte del profesorado, que asesora y acompa\u00f1a al estudiante desde su incorporaci\u00f3n a la Universidad, gui\u00e1ndolo en asuntos de tanta importancia como su integraci\u00f3n y adaptaci\u00f3n al Centro, la organizaci\u00f3n de su trabajo aut\u00f3nomo, la adquisici\u00f3n de habilidades para hacer frente a la resoluci\u00f3n de problemas, la valoraci\u00f3n de las distintas fuentes de informaci\u00f3n relacionadas con su \u00e1rea de estudio y el conocimiento de las distintas alternativas posibles en cuanto a pr\u00e1cticas, movilidad nacional e internacional y especializaci\u00f3n profesional.<\/p>\n<p>La funci\u00f3n orientadora se constituye, de esta manera, en una necesaria extensi\u00f3n de la labor docente del profesorado. Es, adem\u00e1s, un pilar fundamental de la calidad de la ense\u00f1anza universitaria.<\/p>\n<p>La organizaci\u00f3n del POAT de la Facultad de Ciencias Sociales y de la Comunicaci\u00f3n se centra en las tutor\u00edas de carrera y las actividades formativas y complementarias, bajo la supervisi\u00f3n del coordinador\/a de POAT, de los\/las coordinadores\/as de cada titulaci\u00f3n y del Decano\/a.<\/p>\n<p><strong>La tutor\u00eda de carrera<\/strong> o de itinerario acad\u00e9mico se podr\u00eda definir como la tarea que realiza un\/a profesor\/a que se preocupa por la formaci\u00f3n integral de un peque\u00f1o grupo de estudiantes a lo largo de sus estudios.<\/p>\n<p>Al alumnado de las titulaciones impartidas en la Facultad se les asigna un\/a tutor\/a al comienzo de cada curso acad\u00e9mico y se publican los horarios de atenci\u00f3n de estos tutores\/as.<\/p>\n<p><strong>En cuanto a las actividades formativas y complementarias<\/strong>, atienden necesidades del alumnado relacionadas con su proyecto formativo y se desarrollan en las siguientes \u00e1reas espec\u00edficas:<\/p>\n<ul>\n<li>Integraci\u00f3n y adaptaci\u00f3n al entorno universitario<\/li>\n<li>Procesos de aprendizaje y estrategias de trabajo aut\u00f3nomo.<\/li>\n<li>Conocimiento y acceso a las fuentes de informaci\u00f3n.<\/li>\n<li>Informaci\u00f3n y orientaci\u00f3n para la inserci\u00f3n profesional.<\/li>\n<li>Transici\u00f3n profesional.<\/li>\n<\/ul>\n<p>Habitualmente, la franja horaria en la que se realizar\u00e1n estas actividades estar\u00e1 determinada en los horarios aprobados por el centro. Se podr\u00e1n realizar actividades dirigidas a un solo curso, a varios cursos de una misma titulaci\u00f3n, o a varias titulaciones conjuntamente. Los estudiantes tendr\u00e1n acceso a comienzos de curso de un aula de docencia virtual en la que se informar\u00e1 peri\u00f3dicamente de estas actividades formativas.<\/p>\n<h2><strong>Coordinadores\/as POAT<\/strong><\/h2>\n<p>El coordinador del POAT de la Facultad de Ciencias Sociales y de la Comunicaci\u00f3n es D. Jos\u00e9 A. Batista Medina.<\/p>\n<p>A su vez, existe un\/a coordinador\/a para cada uno de los Grados que se imparten en la Facultad. En el curso 2025-26 son los siguientes:<\/p>\n<ul>\n<li>Grado en Antropolog\u00eda_ Jos\u00e9 A. Batista Medina<\/li>\n<li>Grado en Periodismo_\u00a0 Mar\u00eda Auxiliadora Gabino Campos<\/li>\n<li>Grado en Sociolog\u00eda_ Rosa Elena Rapp Luz<\/li>\n<li>Grado en Trabajo Social_ Natalia del Pino Brunet<\/li>\n<\/ul>\n<h2><strong>Normativa<\/strong><\/h2>\n<p><a href=\"https:\/\/drive.google.com\/open?id=1DSp4yI8Qeqd0rrqnMsjVJuPvVjY7Yf0K\" target=\"_blank\" rel=\"noopener noreferrer\" target=\"_blank\" rel=\"noopener\">POAT de la Facultad de Ciencias Sociales y de la Comunicaci\u00f3n<\/a>\u00a0(aprobado en la Junta de Facultad del 16 de septiembre de 2016).<\/p>\n<p><a href=\"https:\/\/drive.google.com\/open?id=0Bxi8Rp1_THQzSGpfbXdrRDZkU00\" target=\"_blank\" rel=\"noopener noreferrer\" target=\"_blank\" rel=\"noopener\">Directrices en relaci\u00f3n al POAT de la Universidad de La Laguna.<\/a><\/p>\n<p><a href=\"https:\/\/drive.google.com\/file\/d\/13VSX4BkkeQtWy9xffdNH4A6kxyrn99su\/view?usp=sharing\" target=\"_blank\" rel=\"noopener\" target=\"_blank\" rel=\"noopener\">Informe POAT\u00a0 curso 2024-25<\/a>[\/vc_column_text][\/vc_column][vc_column width=\u00bb1\/3&#8243;][vc_column_text el_class=\u00bbcontacto\u00bb]\n<ul class=\"widget-box\">\n<li class='contacto-header'>Informaci\u00f3n de contacto<\/li><li><i class=\"fa fa-map-marker\"><\/i> Camino La Hornera, 37. Facultad de Ciencias Sociales y de la Comunicaci\u00f3n. Apartado 456. C\u00f3digo postal 38200. San Crist\u00f3bal de La Laguna. S\/C de Tenerife<\/li><li><i class=\"fa fa-phone\"><\/i> (+34) 922 31 72 90<\/li><li><i class=\"fa fa-envelope\"><\/i>  <a href=mailto:cpsc@ull.es>cpsc@ull.es<\/a><\/li><li><i class=\"fa fa-calendar\"><\/i><a href=\"http:\/\/citaprevia.ull.es\/index.php?s=fcpsc\"> Cita previa<\/a><\/li>\n<\/ul>\n\n[\/vc_column_text][\/vc_column][\/vc_row]<\/p>\n","protected":false},"excerpt":{"rendered":"<p>[vc_row full_width=\u00bbstretch_row_content_no_spaces\u00bb el_class=\u00bbSliderPortada\u00bb css=\u00bb.vc_custom_1745237111535{margin-top: -100px !important;}\u00bb][vc_column][rev_slider_vc alias=\u00bbportada\u00bb][\/vc_column][\/vc_row][vc_row full_width=\u00bbstretch_row_content_no_spaces\u00bb][vc_column][vc_custom_heading text=\u00bb\u00bb font_container=\u00bbtag:h2|text_align:center\u00bb google_fonts=\u00bbfont_family:Montserrat%3Aregular%2C700|font_style:700%20bold%20regular%3A700%3Anormal\u00bb css=\u00bb.vc_custom_1721221176088{padding-top: 15px !important;padding-bottom: 15px !important;background-color: #360060 !important;}\u00bb][\/vc_column][\/vc_row][vc_row css=\u00bb.vc_custom_1745233821598{margin-top: 50px !important;}\u00bb][vc_column width=\u00bb2\/3&#8243; el_class=\u00bbpadding-50-right\u00bb css=\u00bb.vc_custom_1494506721665{padding-right: 50px !important;}\u00bb][vc_column_text] Orientaci\u00f3n y tutorizaci\u00f3n [\/vc_column_text][vc_column_text]Durante sus estudios universitarios, el alumnado necesita dise\u00f1ar, gestionar y poner en marcha su propio proyecto formativo, del que depender\u00e1 en gran medida su \u00e9xito acad\u00e9mico&#8230;<\/p>\n","protected":false},"author":1,"featured_media":0,"parent":52,"menu_order":0,"comment_status":"closed","ping_status":"closed","template":"templates\/template-frontpage.php","meta":[],"acf":[],"_links":{"self":[{"href":"https:\/\/www.ull.es\/centros\/facultad-de-ciencias-sociales-y-de-la-comunicacion\/wp-json\/wp\/v2\/pages\/101"}],"collection":[{"href":"https:\/\/www.ull.es\/centros\/facultad-de-ciencias-sociales-y-de-la-comunicacion\/wp-json\/wp\/v2\/pages"}],"about":[{"href":"https:\/\/www.ull.es\/centros\/facultad-de-ciencias-sociales-y-de-la-comunicacion\/wp-json\/wp\/v2\/types\/page"}],"author":[{"embeddable":true,"href":"https:\/\/www.ull.es\/centros\/facultad-de-ciencias-sociales-y-de-la-comunicacion\/wp-json\/wp\/v2\/users\/1"}],"replies":[{"embeddable":true,"href":"https:\/\/www.ull.es\/centros\/facultad-de-ciencias-sociales-y-de-la-comunicacion\/wp-json\/wp\/v2\/comments?post=101"}],"version-history":[{"count":32,"href":"https:\/\/www.ull.es\/centros\/facultad-de-ciencias-sociales-y-de-la-comunicacion\/wp-json\/wp\/v2\/pages\/101\/revisions"}],"predecessor-version":[{"id":428,"href":"https:\/\/www.ull.es\/centros\/facultad-de-ciencias-sociales-y-de-la-comunicacion\/wp-json\/wp\/v2\/pages\/101\/revisions\/428"}],"up":[{"embeddable":true,"href":"https:\/\/www.ull.es\/centros\/facultad-de-ciencias-sociales-y-de-la-comunicacion\/wp-json\/wp\/v2\/pages\/52"}],"wp:attachment":[{"href":"https:\/\/www.ull.es\/centros\/facultad-de-ciencias-sociales-y-de-la-comunicacion\/wp-json\/wp\/v2\/media?parent=101"}],"curies":[{"name":"wp","href":"https:\/\/api.w.org\/{rel}","templated":true}]}}