{"id":197,"date":"2017-11-21T12:21:13","date_gmt":"2017-11-21T12:21:13","guid":{"rendered":"http:\/\/www.ull.es\/centros\/escuela-superior-de-ingenieria-y-tecnologia\/?page_id=197"},"modified":"2025-04-22T06:34:35","modified_gmt":"2025-04-22T06:34:35","slug":"infraestructuras-y-servicios","status":"publish","type":"page","link":"https:\/\/www.ull.es\/centros\/facultad-de-ciencias-sociales-y-de-la-comunicacion\/informacion-general\/infraestructuras-y-servicios\/","title":{"rendered":"Infraestructuras y servicios"},"content":{"rendered":"<p>[vc_row full_width=\u00bbstretch_row_content_no_spaces\u00bb el_class=\u00bbSliderPortada\u00bb css=\u00bb.vc_custom_1745237111535{margin-top: -100px !important;}\u00bb][vc_column][rev_slider_vc alias=\u00bbportada\u00bb][\/vc_column][\/vc_row][vc_row full_width=\u00bbstretch_row_content_no_spaces\u00bb][vc_column][vc_custom_heading text=\u00bb\u00bb font_container=\u00bbtag:h2|text_align:center\u00bb google_fonts=\u00bbfont_family:Montserrat%3Aregular%2C700|font_style:700%20bold%20regular%3A700%3Anormal\u00bb css=\u00bb.vc_custom_1721221176088{padding-top: 15px !important;padding-bottom: 15px !important;background-color: #360060 !important;}\u00bb][\/vc_column][\/vc_row][vc_row css=\u00bb.vc_custom_1745233821598{margin-top: 50px !important;}\u00bb][vc_column width=\u00bb2\/3&#8243; el_class=\u00bbpadding-50-right\u00bb css=\u00bb.vc_custom_1494506721665{padding-right: 50px !important;}\u00bb][vc_column_text]<\/p>\n<h1>Infraestructuras y servicios<\/h1>\n<p>[\/vc_column_text][vc_column_text]La Facultad de Ciencias Sociales y de la Comunicaci\u00f3n est\u00e1 ubicada en dos edificios del Campus de Guajara, el conocido como la \u00abPir\u00e1mide\u00bb de la antigua Facultad de Ciencias de la Informaci\u00f3n y el edificio de Ciencias Sociales (compartido con la Facultad de Derecho).<\/p>\n<p><b>Edificio de Ciencias Sociales<\/b><\/p>\n<p>En el edificio compartido con la Facultad de Derecho, se imparten los grados en Antropolog\u00eda Social y Cultural, Sociolog\u00eda y Trabajo Social, y dispone de las siguientes aulas:<\/p>\n<ul>\n<li>Aula 0.5: con capacidad para 70-75 alumnos, mide 69,30 m<sup>2<\/sup><\/li>\n<li>Aula 1.1: con capacidad para 90 alumnos, mide 93,00 m<sup>2<\/sup><\/li>\n<li>Aula 1.1.1: con capacidad para 45 alumnos, mide 44,80 m<sup>2<\/sup><\/li>\n<li>Aula 1.2: con capacidad para 140 alumnos, mide 91\/138,50 m<sup>2<\/sup><\/li>\n<li>Aula 1.3: con capacidad para 90 alumnos, mide 91,00 m<sup>2<\/sup><\/li>\n<li>Aula 1.4: con capacidad para 45 alumnos, mide 44,80 m<sup>2<\/sup><\/li>\n<li>Aula 1.5: con capacidad para 45 alumnos, mide 44,80 m<sup>2<\/sup><\/li>\n<li>Aula 1.6: con capacidad para 90 alumnos, mide 91,00 m<sup>2<\/sup><\/li>\n<li>Aula VAX: con capacidad para 30 alumnos, mide 41,70 m<sup>2<\/sup><\/li>\n<li>Aula de inform\u00e1tica para uso docente 01.0: dispone de 36 puestos de ordenadores todos con conexi\u00f3n de red. Asimismo, cuenta con un puesto de ordenador para el profesor\/a y pantalla de proyecci\u00f3n.<\/li>\n<li>Aula de inform\u00e1tica para uso docente. Nivel 2. Dispone de 25 puestos con conexi\u00f3n de red. Asimismo, cuenta con un puesto de ordenador para el profesor\/a y pantalla de proyecci\u00f3n.<\/li>\n<li>Sala de Juntas: con capacidad para 30 alumnos, mide 126 m<sup>2<\/sup><\/li>\n<\/ul>\n<p>Este edificio cuenta, para eventos especiales, con el Aula de Grados \u00abTom\u00e1s y Valiente\u00bb (aforo de 100 personas) compartida con la Facultad de Derecho, con equipos multimedia, que se utilizan fundamentalmente para la realizaci\u00f3n de Juntas de Facultad, cursos, seminarios, jornadas y lecturas de tesis doctorales.<\/p>\n<p>Tambi\u00e9n se dispone de Aula Magna \u00abGumersindo Trujillo\u00bb con capacidad para 350 puestos. Y en este edificio se ubica el decanato de la Facultad (nivel 1).<\/p>\n<p><strong>Edificio de Ciencias de la Comunicaci\u00f3n (\u00abLa Pir\u00e1mide\u00bb)<\/strong><\/p>\n<p>En el edificio de \u00abLa Pir\u00e1mide\u00bb, se imparte el grado en Periodismo y dispone de las siguientes aulas:<\/p>\n<ul>\n<li>10 aulas<em>\u00a0<\/em>para la docencia: 6 de ellas con pupitres fijos con capacidad para 49 puestos; 1 aula con sillas de pala con capacidad para 80-90 puestos; 2 aulas con sillas de pala con capacidad para 20-25 puestos; 1 aula de dise\u00f1o con mesas y sillas de dibujo. Las aulas con pupitres fijos se pueden completar con sillas de pala en relaci\u00f3n al n\u00famero de alumnos. Todas la aulas, excepto la de dise\u00f1o, est\u00e1n dotadas de un ordenador, ca\u00f1\u00f3n-proyector, pantalla y sistema de audio.<\/li>\n<li>2 Aulas de inform\u00e1tica para uso docente. Ambas est\u00e1n dotadas con ca\u00f1\u00f3n-proyector, pantalla y sistema de audio. Una de ellas, denominada Aula \u00abRicardo Acir\u00f3n Royo\u00bb, dispone de 30 terminales inform\u00e1ticos. La otra aula, denominada Aula de Inform\u00e1tica, dispone de 22 terminales inform\u00e1ticos.<\/li>\n<li>Aula Multimedia: dispone de tres zonas diferenciadas, pero integradas en un \u00fanico espacio polivalente: Zona A. Redacci\u00f3n y mesa de redacci\u00f3n multimedia; Zona B. Ingesta y realizaci\u00f3n audiovisual; y Zona C. Plat\u00f3 con sets de informativos y entrevistas. El aula tiene una capacidad de 30 puestos.<\/li>\n<li>Estudios de Radio: el Centro dispone de 2 Estudios de Radio completos (control y locutorio) operativos y disponibles para uso docente y para uso del alumnado de forma aut\u00f3noma. Los estudios de radio cuentan con una capacidad de 20-25 personas cada uno de ellos.<\/li>\n<li>En la zona de los estudios de Radio hay un espacio para pr\u00e9stamo de material audiovisual disponible para el uso del alumnado. Este material queda detallado en el formulario de pr\u00e9stamo.<br \/>\nEl pr\u00e9stamo se podr\u00e1 realizar cumplimentando el formulario en el siguiente <a href=\"https:\/\/docs.google.com\/forms\/d\/e\/1FAIpQLSfvxhzJe-uhAVAPei-zmVa1j14nH9IA596cXk4oM-VSDQgU_A\/viewform\" target=\"_blank\" rel=\"noopener noreferrer\" target=\"_blank\" rel=\"noopener\">enlace.<\/a>\u00a0Para cualquier consulta: 922 31 65 02 Ext. 62 79\u00a0<a href=\"mailto:reserav@ull.es\" target=\"_blank\" rel=\"noopener noreferrer\" target=\"_blank\" rel=\"noopener\">reserav@ull.es<\/a><\/li>\n<li>Sal\u00f3n de Actos: equipado con material audiovisual y con aforo para 242 personas. Dispone de micr\u00f3fonos y sonido.<\/li>\n<li>Sal\u00f3n de Grados: equipado con material audiovisual y con aforo para 50 personas.<\/li>\n<\/ul>\n<p><strong>Informaci\u00f3n Adicional<\/strong><\/p>\n<p>En ambos edificios, las aulas poseen iluminaci\u00f3n y ventilaci\u00f3n exterior. En la mayor\u00eda de las aulas existen equipos multimedia y equipos inform\u00e1ticos, proyectores, televisores, etc., que permiten el desarrollo de la docencia haciendo uso de las nuevas tecnolog\u00edas.<\/p>\n<p>En general, todos los espacios disponen de conexi\u00f3n a la Red por WIFI.<\/p>\n<p><strong>Bibliotecas<\/strong><\/p>\n<p>En cada uno de los edificios, hay una Biblioteca. En el edificio de la Pir\u00e1mide cuenta con una sala de lectura de 167 puestos y una Hemeroteca con 64 puestos. Se han incorporado 18 terminales inform\u00e1ticos para consulta, 2 de ellos est\u00e1n destinados a personas con discapacidad motora. Tambi\u00e9n se dispone de 6 puestos para edici\u00f3n y dise\u00f1o audiovisual, dotadas con equipos inform\u00e1ticos de \u00faltima generaci\u00f3n y programas de edici\u00f3n profesional Adobe Premier en la \u00faltima versi\u00f3n. Los fondos bibliogr\u00e1ficos propios suman aproximadamente 8.000\u00a0monograf\u00edas y alrededor de 300 publicaciones\u00a0peri\u00f3dicas. La colecci\u00f3n de materiales especiales en formato DVD y CD-ROM re\u00fane una secci\u00f3n de pel\u00edculas, documentales, fotograf\u00edas y mapas.<\/p>\n<p>El edificio de Ciencias Sociales dispone de una biblioteca, compartida con la Facultad de Derecho, con una capacidad para 281 personas y una superficie de 1651 m<sup>2<\/sup>. Tambi\u00e9n hay en este edificio una sala de estudio de 100 puestos.<\/p>\n<p><strong>Otros espacios de trabajo, investigaci\u00f3n o administrativos<\/strong><\/p>\n<p>Los espacios de trabajo de las \u00e1reas de conocimiento y departamentos con docencia en la Facultad son muy diversos. Hay que tener en cuenta que muchos de los departamentos que imparten docencia en el Centro tienen su sede en diferentes edificios del Campus (Secciones de Psicolog\u00eda, Geograf\u00eda e Historia, Filosof\u00eda, Econ\u00f3micas, etc.).<\/p>\n<p>En cada edificio hay disponible un despacho polivalente, para el profesorado que no dispone de despacho individual en el Centro, de cara a poder atender al alumnado en los horarios de tutor\u00edas. Los espacios de trabajo son adecuados para el uso del profesorado siendo habituales los despachos individuales.<\/p>\n<p>Los espacios destinados a Secretar\u00eda, situados en el edificio de Ciencias Sociales, son amplios contando con un despacho independiente para el Administrador.<\/p>\n<p>Dado que la Facultad se divide en edificios, se dispone de dos porter\u00edas. Los espacios destinados a la porter\u00eda sirven tambi\u00e9n para guardar el material docente m\u00f3vil y como espacios utilizados para las fotocopias destinadas a la docencia u otros usos. El equipamiento de las dependencias de ambas porter\u00edas se puede considerar adecuado y funcional.<\/p>\n<p>Cada uno de los Departamentos ligados a la Facultad cuenta con un despacho para su auxiliar administrativo, aunque la mayor\u00eda de estos despachos se encuentran en otros edificios del Campus de Guajara. En general, las condiciones de tales espacios son adecuadas.<\/p>\n<p>El Decanato incluye un despacho para la Decana y la Adjunta al Decanato, y un despacho para los Vicedecanos. Todos estos despachos est\u00e1n dotados de punto de red. Tambi\u00e9n se dispone de una sala de profesorado en Ciencias Sociales, donde es habitual su uso como espacio de trabajo de peque\u00f1os grupos de estudiantes y de comisiones de la Facultad. En el edifico de Ciencias de la Comunicaci\u00f3n se cuenta con una sala de profesores apta para reuniones.<\/p>\n<p><strong>Delegaci\u00f3n de estudiantes<\/strong><\/p>\n<p>El alumnado cuenta con un espacio espec\u00edfico para su delegaci\u00f3n en el edificio de Ciencias de la Comunicaci\u00f3n.<\/p>\n<p><strong>Offices y cafeter\u00edas<\/strong><\/p>\n<p>Cada uno de los dos edificios cuenta con un office, sala dotada de microondas para uso del alumnado. Y con una Cafeter\u00eda-Restaurante.<\/p>\n<p><strong>Espacios de docencia en otros edificios de la ULL<\/strong><\/p>\n<p>Tambi\u00e9n, de acuerdo a las necesidades de la docencia de la Facultad, se dispone de algunas aulas en el Aulario General del Campus de Guajara, el Aulario Anexo al central de Guajara y el edificio departamental de la Secci\u00f3n de Geograf\u00eda e Historia.<\/p>\n<p>Aulario Central de Guajara:<\/p>\n<ul>\n<li>Aula 2.10.1: con capacidad para 30 alumnos, mide 40,00 m<sup>2<\/sup><\/li>\n<li>Aula 2.5.2: con capacidad para 30 alumnos, mide 40,00 m<sup>2<\/sup><\/li>\n<\/ul>\n<p>Aulario Anexo al Central de Guajara:<\/p>\n<ul style=\"font-weight: 400;\">\n<li>Aula 4.1: con capacidad para 35 alumnos, mide 44,00 m<sup>2<\/sup><\/li>\n<li>Edificio departamental de Geograf\u00eda e Historia:<\/li>\n<li>Laboratorio de Antropolog\u00eda A1-22: con capacidad para 45 alumnos, mide 50 m<sup>2<\/sup><\/li>\n<li>Aula A1-23: con capacidad para 30 alumnos, mide 40,00 m<sup>2<\/sup><\/li>\n<li>Aula B1-07: con capacidad para 30 alumnos, mide 40,00 m<sup>2<\/sup><\/li>\n<\/ul>\n<p>Edificio departamental de Geograf\u00eda e Historia:<\/p>\n<ul>\n<li>Laboratorio de Antropolog\u00eda A1-22: con capacidad para 45 alumnos, mide 50 m<sup>2<\/sup><\/li>\n<li>Aula A1-23: con capacidad para 30 alumnos, mide 40 m<sup>2<\/sup><\/li>\n<li>Aula B1-07: con capacidad para 30 alumnos, mide 40 m<sup>2<\/sup><\/li>\n<\/ul>\n<p>[\/vc_column_text][\/vc_column][vc_column width=\u00bb1\/3&#8243;][vc_column_text el_class=\u00bbcontacto\u00bb]\n<ul class=\"widget-box\">\n<li class='contacto-header'>Informaci\u00f3n de contacto<\/li><li><i class=\"fa fa-map-marker\"><\/i> Camino La Hornera, 37. Facultad de Ciencias Sociales y de la Comunicaci\u00f3n. Apartado 456. C\u00f3digo postal 38200. San Crist\u00f3bal de La Laguna. S\/C de Tenerife<\/li><li><i class=\"fa fa-phone\"><\/i> (+34) 922 31 72 90<\/li><li><i class=\"fa fa-envelope\"><\/i>  <a href=mailto:cpsc@ull.es>cpsc@ull.es<\/a><\/li><li><i class=\"fa fa-calendar\"><\/i><a href=\"http:\/\/citaprevia.ull.es\/index.php?s=fcpsc\"> Cita previa<\/a><\/li>\n<\/ul>\n\n[\/vc_column_text][\/vc_column][\/vc_row]<\/p>\n","protected":false},"excerpt":{"rendered":"<p>[vc_row full_width=\u00bbstretch_row_content_no_spaces\u00bb el_class=\u00bbSliderPortada\u00bb css=\u00bb.vc_custom_1745237111535{margin-top: -100px !important;}\u00bb][vc_column][rev_slider_vc alias=\u00bbportada\u00bb][\/vc_column][\/vc_row][vc_row full_width=\u00bbstretch_row_content_no_spaces\u00bb][vc_column][vc_custom_heading text=\u00bb\u00bb font_container=\u00bbtag:h2|text_align:center\u00bb google_fonts=\u00bbfont_family:Montserrat%3Aregular%2C700|font_style:700%20bold%20regular%3A700%3Anormal\u00bb css=\u00bb.vc_custom_1721221176088{padding-top: 15px !important;padding-bottom: 15px !important;background-color: #360060 !important;}\u00bb][\/vc_column][\/vc_row][vc_row css=\u00bb.vc_custom_1745233821598{margin-top: 50px !important;}\u00bb][vc_column width=\u00bb2\/3&#8243; el_class=\u00bbpadding-50-right\u00bb css=\u00bb.vc_custom_1494506721665{padding-right: 50px !important;}\u00bb][vc_column_text] Infraestructuras y servicios [\/vc_column_text][vc_column_text]La Facultad de Ciencias Sociales y de la Comunicaci\u00f3n est\u00e1 ubicada en dos edificios del Campus de Guajara, el conocido como la \u00abPir\u00e1mide\u00bb de la antigua&#8230;<\/p>\n","protected":false},"author":1,"featured_media":0,"parent":40,"menu_order":0,"comment_status":"closed","ping_status":"closed","template":"templates\/template-frontpage.php","meta":[],"acf":[],"_links":{"self":[{"href":"https:\/\/www.ull.es\/centros\/facultad-de-ciencias-sociales-y-de-la-comunicacion\/wp-json\/wp\/v2\/pages\/197"}],"collection":[{"href":"https:\/\/www.ull.es\/centros\/facultad-de-ciencias-sociales-y-de-la-comunicacion\/wp-json\/wp\/v2\/pages"}],"about":[{"href":"https:\/\/www.ull.es\/centros\/facultad-de-ciencias-sociales-y-de-la-comunicacion\/wp-json\/wp\/v2\/types\/page"}],"author":[{"embeddable":true,"href":"https:\/\/www.ull.es\/centros\/facultad-de-ciencias-sociales-y-de-la-comunicacion\/wp-json\/wp\/v2\/users\/1"}],"replies":[{"embeddable":true,"href":"https:\/\/www.ull.es\/centros\/facultad-de-ciencias-sociales-y-de-la-comunicacion\/wp-json\/wp\/v2\/comments?post=197"}],"version-history":[{"count":17,"href":"https:\/\/www.ull.es\/centros\/facultad-de-ciencias-sociales-y-de-la-comunicacion\/wp-json\/wp\/v2\/pages\/197\/revisions"}],"predecessor-version":[{"id":1233,"href":"https:\/\/www.ull.es\/centros\/facultad-de-ciencias-sociales-y-de-la-comunicacion\/wp-json\/wp\/v2\/pages\/197\/revisions\/1233"}],"up":[{"embeddable":true,"href":"https:\/\/www.ull.es\/centros\/facultad-de-ciencias-sociales-y-de-la-comunicacion\/wp-json\/wp\/v2\/pages\/40"}],"wp:attachment":[{"href":"https:\/\/www.ull.es\/centros\/facultad-de-ciencias-sociales-y-de-la-comunicacion\/wp-json\/wp\/v2\/media?parent=197"}],"curies":[{"name":"wp","href":"https:\/\/api.w.org\/{rel}","templated":true}]}}