{"id":78,"date":"2017-11-15T12:31:18","date_gmt":"2017-11-15T12:31:18","guid":{"rendered":"http:\/\/www.ull.es\/centros\/escuela-superior-de-ingenieria-y-tecnologia\/?page_id=78"},"modified":"2026-04-13T09:50:45","modified_gmt":"2026-04-13T09:50:45","slug":"junta-de-facultad-y-comisiones","status":"publish","type":"page","link":"https:\/\/www.ull.es\/centros\/facultad-de-ciencias-sociales-y-de-la-comunicacion\/informacion-general\/junta-de-facultad-y-comisiones\/","title":{"rendered":"Junta de Facultad y comisiones"},"content":{"rendered":"<p>[vc_row full_width=\u00bbstretch_row_content_no_spaces\u00bb el_class=\u00bbSliderPortada\u00bb css=\u00bb.vc_custom_1745237111535{margin-top: -100px !important;}\u00bb][vc_column][rev_slider_vc alias=\u00bbportada\u00bb][\/vc_column][\/vc_row][vc_row full_width=\u00bbstretch_row_content_no_spaces\u00bb][vc_column][vc_custom_heading text=\u00bb\u00bb font_container=\u00bbtag:h2|text_align:center\u00bb google_fonts=\u00bbfont_family:Montserrat%3Aregular%2C700|font_style:700%20bold%20regular%3A700%3Anormal\u00bb css=\u00bb.vc_custom_1721221176088{padding-top: 15px !important;padding-bottom: 15px !important;background-color: #360060 !important;}\u00bb][\/vc_column][\/vc_row][vc_row css=\u00bb.vc_custom_1745233821598{margin-top: 50px !important;}\u00bb][vc_column width=\u00bb2\/3&#8243; el_class=\u00bbpadding-50-right\u00bb css=\u00bb.vc_custom_1494506721665{padding-right: 50px !important;}\u00bb][vc_column_text]<\/p>\n<h1>Junta de Facultad y comisiones<\/h1>\n<p>[\/vc_column_text][vc_tta_accordion shape=\u00bbsquare\u00bb c_icon=\u00bbchevron\u00bb c_position=\u00bbright\u00bb active_section=\u00bb\u00bb no_fill=\u00bbtrue\u00bb collapsible_all=\u00bbtrue\u00bb][vc_tta_section title=\u00bbFunciones de la Junta de Facultad\u00bb tab_id=\u00bbfunciones-de-la-junta-de-facultad\u00bb][vc_column_text]La Junta de Facultad de Ciencias Sociales y de la Comunicaci\u00f3n es el \u00f3rgano m\u00e1ximo de representaci\u00f3n de los miembros del Centro, con competencias propias en materia de organizaci\u00f3n, coordinaci\u00f3n y gesti\u00f3n.<\/p>\n<p>Est\u00e1 compuesta por 60 miembros que representan a los diferentes colectivos universitarios: personal docente e investigador, personal de administraci\u00f3n y servicios y alumando.<\/p>\n<p>Entre sus funciones est\u00e1n:<\/p>\n<ol type=\"a\">\n<li>Definir y aprobar la pol\u00edtica de actuaci\u00f3n del Centro, tanto en lo que concierne a la docencia y la investigaci\u00f3n, como en lo relativo a su r\u00e9gimen administrativo y econ\u00f3mico.<\/li>\n<li>Aprobar los planes de ordenaci\u00f3n docente del Centro y proponer e informar la modificaci\u00f3n de sus planes de estudio.<\/li>\n<li>Aprobar la distribuci\u00f3n de los fondos asignados al Centro con cargo a los Presupuestos de la Universidad.<\/li>\n<li>Supervisar y conocer la actuaci\u00f3n de los \u00f3rganos colegiados y unipersonales de gobierno del Centro y de sus servicios, de conformidad con lo previsto en el apartado segundo del presente art\u00edculo.<\/li>\n<li>Ejercer cualesquiera otras funciones que le asignen los \u00f3rganos superiores de gobierno universitario o le reconozca el ordenamiento vigente.<\/li>\n<li>Y, en general, las dem\u00e1s funciones previstas para los \u00f3rganos colegiados en el art\u00edculo 139 de los Estatutos de la Universidad.<\/li>\n<\/ol>\n<p>[\/vc_column_text][\/vc_tta_section][vc_tta_section title=\u00bbComposici\u00f3n\u00bb tab_id=\u00bbcomposicion\u00bb][vc_column_text]<\/p>\n<ul>\n<li><a href=\"https:\/\/drive.google.com\/file\/d\/1m3l-aLyTamIZf2Ll6tLWHiZsBabn1cBR\/view?usp=sharing\" target=\"_blank\" rel=\"noopener\" target=\"_blank\" rel=\"noopener\">Composici\u00f3n\u00a0de la Facultad de Ciencias Sociales y de la Comunicaci\u00f3n<\/a><\/li>\n<\/ul>\n<p>[\/vc_column_text][\/vc_tta_section][vc_tta_section title=\u00bbComisiones\u00bb tab_id=\u00bbcomisiones\u00bb][vc_column_text]<\/p>\n<ul>\n<li><a href=\"https:\/\/drive.google.com\/file\/d\/15FvzOFNkfmsD39NPvnCNxVXq4l93nwyF\/view?usp=drive_link\" target=\"_blank\" rel=\"noopener\" target=\"_blank\" rel=\"noopener\">Comisiones de la Facultad de Ciencias Sociales y de la Comunicaci\u00f3n<\/a><\/li>\n<\/ul>\n<p>[\/vc_column_text][\/vc_tta_section][\/vc_tta_accordion][\/vc_column][vc_column width=\u00bb1\/3&#8243;][vc_column_text el_class=\u00bbcontacto\u00bb]\n<ul class=\"widget-box\">\n<li class='contacto-header'>Informaci\u00f3n de contacto<\/li><li><i class=\"fa fa-map-marker\"><\/i> Camino La Hornera, 37. Facultad de Ciencias Sociales y de la Comunicaci\u00f3n. Apartado 456. C\u00f3digo postal 38200. San Crist\u00f3bal de La Laguna. S\/C de Tenerife<\/li><li><i class=\"fa fa-phone\"><\/i> (+34) 922 31 72 90<\/li><li><i class=\"fa fa-envelope\"><\/i>  <a href=mailto:cpsc@ull.es>cpsc@ull.es<\/a><\/li><li><i class=\"fa fa-calendar\"><\/i><a href=\"http:\/\/citaprevia.ull.es\/index.php?s=fcpsc\"> Cita previa<\/a><\/li>\n<\/ul>\n\n[\/vc_column_text][\/vc_column][\/vc_row]<\/p>\n","protected":false},"excerpt":{"rendered":"<p>[vc_row full_width=\u00bbstretch_row_content_no_spaces\u00bb el_class=\u00bbSliderPortada\u00bb css=\u00bb.vc_custom_1745237111535{margin-top: -100px !important;}\u00bb][vc_column][rev_slider_vc alias=\u00bbportada\u00bb][\/vc_column][\/vc_row][vc_row full_width=\u00bbstretch_row_content_no_spaces\u00bb][vc_column][vc_custom_heading text=\u00bb\u00bb font_container=\u00bbtag:h2|text_align:center\u00bb google_fonts=\u00bbfont_family:Montserrat%3Aregular%2C700|font_style:700%20bold%20regular%3A700%3Anormal\u00bb css=\u00bb.vc_custom_1721221176088{padding-top: 15px !important;padding-bottom: 15px !important;background-color: #360060 !important;}\u00bb][\/vc_column][\/vc_row][vc_row css=\u00bb.vc_custom_1745233821598{margin-top: 50px !important;}\u00bb][vc_column width=\u00bb2\/3&#8243; el_class=\u00bbpadding-50-right\u00bb css=\u00bb.vc_custom_1494506721665{padding-right: 50px !important;}\u00bb][vc_column_text] Junta de Facultad y comisiones [\/vc_column_text][vc_tta_accordion shape=\u00bbsquare\u00bb c_icon=\u00bbchevron\u00bb c_position=\u00bbright\u00bb active_section=\u00bb\u00bb no_fill=\u00bbtrue\u00bb collapsible_all=\u00bbtrue\u00bb][vc_tta_section title=\u00bbFunciones de la Junta de Facultad\u00bb tab_id=\u00bbfunciones-de-la-junta-de-facultad\u00bb][vc_column_text]La Junta de Facultad de Ciencias Sociales y de la Comunicaci\u00f3n&#8230;<\/p>\n","protected":false},"author":1,"featured_media":0,"parent":40,"menu_order":0,"comment_status":"closed","ping_status":"closed","template":"templates\/template-frontpage.php","meta":[],"acf":[],"_links":{"self":[{"href":"https:\/\/www.ull.es\/centros\/facultad-de-ciencias-sociales-y-de-la-comunicacion\/wp-json\/wp\/v2\/pages\/78"}],"collection":[{"href":"https:\/\/www.ull.es\/centros\/facultad-de-ciencias-sociales-y-de-la-comunicacion\/wp-json\/wp\/v2\/pages"}],"about":[{"href":"https:\/\/www.ull.es\/centros\/facultad-de-ciencias-sociales-y-de-la-comunicacion\/wp-json\/wp\/v2\/types\/page"}],"author":[{"embeddable":true,"href":"https:\/\/www.ull.es\/centros\/facultad-de-ciencias-sociales-y-de-la-comunicacion\/wp-json\/wp\/v2\/users\/1"}],"replies":[{"embeddable":true,"href":"https:\/\/www.ull.es\/centros\/facultad-de-ciencias-sociales-y-de-la-comunicacion\/wp-json\/wp\/v2\/comments?post=78"}],"version-history":[{"count":34,"href":"https:\/\/www.ull.es\/centros\/facultad-de-ciencias-sociales-y-de-la-comunicacion\/wp-json\/wp\/v2\/pages\/78\/revisions"}],"predecessor-version":[{"id":1273,"href":"https:\/\/www.ull.es\/centros\/facultad-de-ciencias-sociales-y-de-la-comunicacion\/wp-json\/wp\/v2\/pages\/78\/revisions\/1273"}],"up":[{"embeddable":true,"href":"https:\/\/www.ull.es\/centros\/facultad-de-ciencias-sociales-y-de-la-comunicacion\/wp-json\/wp\/v2\/pages\/40"}],"wp:attachment":[{"href":"https:\/\/www.ull.es\/centros\/facultad-de-ciencias-sociales-y-de-la-comunicacion\/wp-json\/wp\/v2\/media?parent=78"}],"curies":[{"name":"wp","href":"https:\/\/api.w.org\/{rel}","templated":true}]}}