{"id":88,"date":"2017-11-15T14:19:09","date_gmt":"2017-11-15T14:19:09","guid":{"rendered":"http:\/\/www.ull.es\/centros\/escuela-superior-de-ingenieria-y-tecnologia\/?page_id=88"},"modified":"2025-12-17T14:39:33","modified_gmt":"2025-12-17T14:39:33","slug":"organizacion-estudiantil","status":"publish","type":"page","link":"https:\/\/www.ull.es\/centros\/facultad-de-ciencias-sociales-y-de-la-comunicacion\/informacion-general\/organizacion-estudiantil\/","title":{"rendered":"Organizaci\u00f3n estudiantil"},"content":{"rendered":"<p>[vc_row full_width=\u00bbstretch_row_content_no_spaces\u00bb el_class=\u00bbSliderPortada\u00bb css=\u00bb.vc_custom_1745237111535{margin-top: -100px !important;}\u00bb][vc_column][rev_slider_vc alias=\u00bbportada\u00bb][\/vc_column][\/vc_row][vc_row full_width=\u00bbstretch_row_content_no_spaces\u00bb][vc_column][vc_custom_heading text=\u00bb\u00bb font_container=\u00bbtag:h2|text_align:center\u00bb google_fonts=\u00bbfont_family:Montserrat%3Aregular%2C700|font_style:700%20bold%20regular%3A700%3Anormal\u00bb css=\u00bb.vc_custom_1721221176088{padding-top: 15px !important;padding-bottom: 15px !important;background-color: #360060 !important;}\u00bb][\/vc_column][\/vc_row][vc_row css=\u00bb.vc_custom_1745233821598{margin-top: 50px !important;}\u00bb][vc_column width=\u00bb2\/3&#8243; el_class=\u00bbpadding-50-right\u00bb css=\u00bb.vc_custom_1494506721665{padding-right: 50px !important;}\u00bb][vc_column_text]<\/p>\n<h1>Organizaci\u00f3n estudiantil<\/h1>\n<p>El correo electr\u00f3nico \u00a0de la Delegaci\u00f3n de Estudiantes de Ciencias Sociales es:\u00a0\u00a0<a href=\"mailto:deccss@ull.es\" target=\"_blank\" rel=\"noopener noreferrer\" target=\"_blank\" rel=\"noopener\">deccss@ull.es<\/a><\/p>\n<p>El estudiantado de la Facultad de Ciencias Sociales y de la Comunicaci\u00f3n cuenta con una Delegaci\u00f3n del estudiantado, situada en el edificio de \u00abLa Pir\u00e1mide\u00bb; concretamente, en el entresuelo frente al hall de la Biblioteca. Este espacio de encuentro pretende fomentar la creaci\u00f3n, la comunicaci\u00f3n y las reflexiones personales y de grupo de las futuras generaciones de egresados\/as en Antropolog\u00eda Social y Cultural, Periodismo, Sociolog\u00eda y Trabajo Social surgidas de las aulas de la Universidad de La Laguna.<\/p>\n<p>La ULL dispone de <a href=\"https:\/\/drive.google.com\/open?id=0Bxi8Rp1_THQzUjNPLTBoal95V0U\" target=\"_blank\" rel=\"noopener noreferrer\" data-saferedirecturl=\"https:\/\/www.google.com\/url?q=https:\/\/drive.google.com\/open?id%3D0Bxi8Rp1_THQzUjNPLTBoal95V0U&amp;source=gmail&amp;ust=1631776044606000&amp;usg=AFQjCNHWT1feYHNWD-1eaI6EamDV9t5uiw\" target=\"_blank\" rel=\"noopener\">Directrices generales para la elecci\u00f3n de delegados de grupo de las titulaciones de la Universidad de La Laguna<\/a>, que la Facultad toma como referencia para la elecci\u00f3n de delegados\/as cada curso.<\/p>\n<p><a href=\"https:\/\/drive.google.com\/file\/d\/1F8Wq1mWqlKeG_mjci6rOQIYx26_eldHG\/view?usp=sharing\" target=\"_blank\" rel=\"noopener\" target=\"_blank\" rel=\"noopener\">Relaci\u00f3n de delegados\/as y subdelegados\/as en el curso 2025-26<\/a>, seg\u00fan grados de la Facultad.[\/vc_column_text][\/vc_column][vc_column width=\u00bb1\/3&#8243;][vc_column_text el_class=\u00bbcontacto\u00bb]\n<ul class=\"widget-box\">\n<li class='contacto-header'>Informaci\u00f3n de contacto<\/li><li><i class=\"fa fa-map-marker\"><\/i> Camino La Hornera, 37. Facultad de Ciencias Sociales y de la Comunicaci\u00f3n. Apartado 456. C\u00f3digo postal 38200. San Crist\u00f3bal de La Laguna. S\/C de Tenerife<\/li><li><i class=\"fa fa-phone\"><\/i> (+34) 922 31 72 90<\/li><li><i class=\"fa fa-envelope\"><\/i>  <a href=mailto:cpsc@ull.es>cpsc@ull.es<\/a><\/li><li><i class=\"fa fa-calendar\"><\/i><a href=\"http:\/\/citaprevia.ull.es\/index.php?s=fcpsc\"> Cita previa<\/a><\/li>\n<\/ul>\n\n[\/vc_column_text][\/vc_column][\/vc_row]<\/p>\n","protected":false},"excerpt":{"rendered":"<p>[vc_row full_width=\u00bbstretch_row_content_no_spaces\u00bb el_class=\u00bbSliderPortada\u00bb css=\u00bb.vc_custom_1745237111535{margin-top: -100px !important;}\u00bb][vc_column][rev_slider_vc alias=\u00bbportada\u00bb][\/vc_column][\/vc_row][vc_row full_width=\u00bbstretch_row_content_no_spaces\u00bb][vc_column][vc_custom_heading text=\u00bb\u00bb font_container=\u00bbtag:h2|text_align:center\u00bb google_fonts=\u00bbfont_family:Montserrat%3Aregular%2C700|font_style:700%20bold%20regular%3A700%3Anormal\u00bb css=\u00bb.vc_custom_1721221176088{padding-top: 15px !important;padding-bottom: 15px !important;background-color: #360060 !important;}\u00bb][\/vc_column][\/vc_row][vc_row css=\u00bb.vc_custom_1745233821598{margin-top: 50px !important;}\u00bb][vc_column width=\u00bb2\/3&#8243; el_class=\u00bbpadding-50-right\u00bb css=\u00bb.vc_custom_1494506721665{padding-right: 50px !important;}\u00bb][vc_column_text] Organizaci\u00f3n estudiantil El correo electr\u00f3nico \u00a0de la Delegaci\u00f3n de Estudiantes de Ciencias Sociales es:\u00a0\u00a0deccss@ull.es El estudiantado de la Facultad de Ciencias Sociales y de la Comunicaci\u00f3n cuenta con una&#8230;<\/p>\n","protected":false},"author":1,"featured_media":0,"parent":40,"menu_order":0,"comment_status":"closed","ping_status":"closed","template":"templates\/template-frontpage.php","meta":[],"acf":[],"_links":{"self":[{"href":"https:\/\/www.ull.es\/centros\/facultad-de-ciencias-sociales-y-de-la-comunicacion\/wp-json\/wp\/v2\/pages\/88"}],"collection":[{"href":"https:\/\/www.ull.es\/centros\/facultad-de-ciencias-sociales-y-de-la-comunicacion\/wp-json\/wp\/v2\/pages"}],"about":[{"href":"https:\/\/www.ull.es\/centros\/facultad-de-ciencias-sociales-y-de-la-comunicacion\/wp-json\/wp\/v2\/types\/page"}],"author":[{"embeddable":true,"href":"https:\/\/www.ull.es\/centros\/facultad-de-ciencias-sociales-y-de-la-comunicacion\/wp-json\/wp\/v2\/users\/1"}],"replies":[{"embeddable":true,"href":"https:\/\/www.ull.es\/centros\/facultad-de-ciencias-sociales-y-de-la-comunicacion\/wp-json\/wp\/v2\/comments?post=88"}],"version-history":[{"count":22,"href":"https:\/\/www.ull.es\/centros\/facultad-de-ciencias-sociales-y-de-la-comunicacion\/wp-json\/wp\/v2\/pages\/88\/revisions"}],"predecessor-version":[{"id":1270,"href":"https:\/\/www.ull.es\/centros\/facultad-de-ciencias-sociales-y-de-la-comunicacion\/wp-json\/wp\/v2\/pages\/88\/revisions\/1270"}],"up":[{"embeddable":true,"href":"https:\/\/www.ull.es\/centros\/facultad-de-ciencias-sociales-y-de-la-comunicacion\/wp-json\/wp\/v2\/pages\/40"}],"wp:attachment":[{"href":"https:\/\/www.ull.es\/centros\/facultad-de-ciencias-sociales-y-de-la-comunicacion\/wp-json\/wp\/v2\/media?parent=88"}],"curies":[{"name":"wp","href":"https:\/\/api.w.org\/{rel}","templated":true}]}}