{"id":101,"date":"2017-11-16T09:02:06","date_gmt":"2017-11-16T09:02:06","guid":{"rendered":"http:\/\/www.ull.es\/centros\/facultad-de-economia-empresa-y-turismo\/?page_id=101"},"modified":"2025-04-22T07:06:35","modified_gmt":"2025-04-22T07:06:35","slug":"orientacion-y-tutorizacion","status":"publish","type":"page","link":"https:\/\/www.ull.es\/centros\/facultad-de-economia-empresa-y-turismo\/docencia\/orientacion-y-tutorizacion\/","title":{"rendered":"Orientaci\u00f3n y tutorizaci\u00f3n"},"content":{"rendered":"<p>[vc_row full_width=\u00bbstretch_row_content_no_spaces\u00bb el_class=\u00bbSliderPortada\u00bb css=\u00bb.vc_custom_1745237111535{margin-top: -100px !important;}\u00bb][vc_column][rev_slider_vc alias=\u00bbportada\u00bb][\/vc_column][\/vc_row][vc_row full_width=\u00bbstretch_row_content_no_spaces\u00bb][vc_column][vc_custom_heading text=\u00bb\u00bb font_container=\u00bbtag:h2|text_align:center\u00bb google_fonts=\u00bbfont_family:Montserrat%3Aregular%2C700|font_style:700%20bold%20regular%3A700%3Anormal\u00bb css=\u00bb.vc_custom_1721221176088{padding-top: 15px !important;padding-bottom: 15px !important;background-color: #360060 !important;}\u00bb][\/vc_column][\/vc_row][vc_row css=\u00bb.vc_custom_1745233821598{margin-top: 50px !important;}\u00bb][vc_column width=\u00bb2\/3&#8243; el_class=\u00bbpadding-50-right\u00bb css=\u00bb.vc_custom_1494506721665{padding-right: 50px !important;}\u00bb][vc_column_text]<\/p>\n<h1>Orientaci\u00f3n y tutorizaci\u00f3n<\/h1>\n<p>[\/vc_column_text][vc_column_text]<\/p>\n<h2>Plan de Orientaci\u00f3n y Acci\u00f3n Tutorial (POAT)<\/h2>\n<p>La Facultad de Econom\u00eda, Empresa y Turismo pone a disposici\u00f3n del alumnado de nuevo ingreso de los grados de Administraci\u00f3n y Direcci\u00f3n de Empresas, Contabilidad y Finanzas, Econom\u00eda y Turismo un Plan de Orientaci\u00f3n y Acci\u00f3n Tutorial (POAT). Los objetivos de este Plan son facilitar la integraci\u00f3n del alumnado de nuevo ingreso, proporcionarle la informaci\u00f3n que pueda contribuir a resolver las dificultades encontradas en su vida acad\u00e9mica y orientarle en su proceso de formaci\u00f3n integral.<\/p>\n<p>Con car\u00e1cter general, el Plan de Orientaci\u00f3n y Acci\u00f3n Tutorial contempla dos tipos de actividades b\u00e1sicas: a) un conjunto de charlas, talleres y otro tipo de \u00a0actividades grupales con una finalidad informativa y de orientaci\u00f3n sobre diversas tem\u00e1ticas que resulten de inter\u00e9s al alumnado (becas, programas de movilidad, pr\u00e1cticas de empresas, etc.) y b) un plan de Tutor\u00edas de Carrera\u00a0donde el alumno ser\u00e1 atendido regularmente por un tutor que le proporcionar\u00e1 el\u00a0asesoramiento y orientaci\u00f3n sobre su trayectoria curricular en la universidad.<\/p>\n<p>A partir de 2018, la Facultad de Econom\u00eda Empresa y Turismo a\u00f1ade un tercer pilar, un sistema de monitorizaci\u00f3n entre alumnos, que pretende complementar a los dos anteriores. Se trata de organizar, gestionar y promover canales de comunicaci\u00f3n entre los alumnos para que, en base a sus propias vivencias, experiencias y conocimientos adquiridos, puedan plantear cuestiones y\/o dar respuestas a otros alumnos.<\/p>\n<p>El POAT del centro cuenta con un aula virtual espec\u00edfica para gestionar actividades, tutor\u00edas y monitorizaci\u00f3n. En la misma se incluye un foro donde los alumnos podr\u00e1n interactuar con otros alumnos.<\/p>\n<p>Para responder a cualquier duda sobre el POAT, adem\u00e1s de dirigirse al tutor asignado en cada caso, el estudiante podr\u00e1 contactar<strong>\u00a0Zamira Del Rosario Acosta Rubio<\/strong>\u00a0(Coordinadora\u00a0del POAT de la Facultad de Econom\u00eda, Empresa y Turismo) a trav\u00e9s del siguiente correo electr\u00f3nico:\u00a0<a href=\"mailto:zacosta@ull.es\" target=\"_blank\" rel=\"noopener\">zacosta@ull.es<\/a><\/p>\n<ul>\n<li style=\"list-style-type: none;\">\n<ul>\n<li>Plan de orientaci\u00f3n y acci\u00f3n tutorial POAT 2024-25, puede pulsar el <a href=\"https:\/\/drive.google.com\/file\/d\/1FpcO54nRNTH25emxfkYGeqFCfdupM1oK\/view?usp=sharing\" target=\"_blank\" rel=\"noopener\" target=\"_blank\" rel=\"noopener\">siguiente enlace<\/a><\/li>\n<li>Plan de orientaci\u00f3n y acci\u00f3n tutorial POAT 2023-24, puede pulsar el <a href=\"https:\/\/drive.google.com\/file\/d\/191ktWYjzYnA-KPqwsdaHAGINeh1Ly8C0\/view?usp=sharing\" target=\"_blank\" rel=\"noopener\" target=\"_blank\" rel=\"noopener\">siguiente enlace<\/a>\n<ul>\n<li><a href=\"https:\/\/drive.google.com\/file\/d\/11FYviX_6Kg6HfSm7eKDG2Ur0LBRMehZd\/view?usp=sharing\" target=\"_blank\" rel=\"noopener\" target=\"_blank\" rel=\"noopener\">Memoria de desarrollo del POAT 2023-24<\/a><\/li>\n<\/ul>\n<\/li>\n<li>Plan de orientaci\u00f3n y acci\u00f3n tutorial POAT 2022-23, puede pulsar el <a href=\"https:\/\/drive.google.com\/file\/d\/1uhu_b_R69-LLkaDqrQ4d2BIRtMCsNgUo\/view?usp=share_link\" target=\"_blank\" rel=\"noopener\" target=\"_blank\" rel=\"noopener\">siguiente enlace<\/a>\n<ul>\n<li><a href=\"https:\/\/drive.google.com\/file\/d\/1-d9-EQ9V2Xpk7axWCUW_-1HBpRSWNHKg\/view?usp=sharing\" target=\"_blank\" rel=\"noopener\">Memoria de desarrollo del POAT 2022-23<\/a><\/li>\n<\/ul>\n<\/li>\n<li>Plan de orientaci\u00f3n y acci\u00f3n tutorial POAT 2021-22, puede pulsar el\u00a0<a href=\"https:\/\/drive.google.com\/file\/d\/1Q_PoL7I71he2M2-ndMEx4lh-hQMg74_A\/view?usp=sharing\" target=\"_blank\" rel=\"noopener\" data-saferedirecturl=\"https:\/\/www.google.com\/url?q=https:\/\/drive.google.com\/file\/d\/1Q_PoL7I71he2M2-ndMEx4lh-hQMg74_A\/view?usp%3Dsharing&amp;source=gmail&amp;ust=1732794433493000&amp;usg=AOvVaw0ffmGo2qECbKLw6cBhZzDq\" target=\"_blank\" rel=\"noopener\">siguiente enlace<\/a>\n<ul>\n<li><a href=\"https:\/\/drive.google.com\/file\/d\/1rkKLiaNhlLeVemp1CkeeiV03spBhAfkh\/view?usp=sharing\" target=\"_blank\" rel=\"noopener\">Memoria de desarrollo del POAT 2021-22<\/a><\/li>\n<li><a href=\"https:\/\/drive.google.com\/file\/d\/15EsJxCOzTskUJfeNxxkXeFHKzl-7yfba\/view?usp=sharing\" target=\"_blank\" rel=\"noopener\">Memoria de desarrollo del POAT 2020-21<\/a><\/li>\n<\/ul>\n<\/li>\n<li>Plan de orientaci\u00f3n y acci\u00f3n tutorial POAT 2019-20, puede pulsar el <a href=\"https:\/\/drive.google.com\/file\/d\/134WTMxbL7TfuhhLVjxAuf9PaIeCfYVSD\/view?usp=sharing\" target=\"_blank\" rel=\"noopener\">siguiente enlace<\/a><\/li>\n<li>Plan de orientaci\u00f3n y acci\u00f3n tutorial POAT 2018-19, puede pulsar el <a href=\"https:\/\/drive.google.com\/file\/d\/1pv1QnkPf3d-tsK2WYu1E9RZdNmF6peCy\/view?usp=sharing\" target=\"_blank\" rel=\"noopener\">siguiente enlace<\/a><\/li>\n<li>Plan de orientaci\u00f3n y acci\u00f3n tutorial POAT 2017-18, puede pulsar el <a href=\"https:\/\/drive.google.com\/file\/d\/1b9ILk_Z06vHHrjLHlc5OcF8apo6m_HI3\/view?usp=sharing\" target=\"_blank\" rel=\"noopener\">siguiente enlace<\/a><\/li>\n<li>Plan de orientaci\u00f3n y acci\u00f3n tutorial POAT 2016-17, puede pulsar el <a href=\"https:\/\/drive.google.com\/open?id=1UFzWd38pMD1_hEGSYcG6SrORRNoCb8LO\" target=\"_blank\" rel=\"noopener\">siguiente enlace<\/a><a href=\"http:\/\/www.ull.es\/Private\/folder\/centros\/euce\/poat\/POAT15_16.pdf\" target=\"_blank\" rel=\"noopener\">\u00a0<\/a><\/li>\n<\/ul>\n<\/li>\n<\/ul>\n<p>&nbsp;<\/p>\n<p>Adem\u00e1s del Plan de Orientaci\u00f3n y Acci\u00f3n Tutorial de la Facultad de Econom\u00eda, Empresa y Turismo, la Universidad de La Laguna dispone de un <a href=\"https:\/\/www.ull.es\/servicios\/servicio-de-informacion-y-orientacion-sio\/\" target=\"_blank\" rel=\"noopener\" target=\"_blank\" rel=\"noopener\">Servicio de Informaci\u00f3n y Orientaci\u00f3n (SIO)<\/a> al que tambi\u00e9n podr\u00e1 acudir cualquier alumno que lo necesite.[\/vc_column_text][vc_column_text][\/vc_column_text][\/vc_column][vc_column width=\u00bb1\/3&#8243;][vc_column_text el_class=\u00bbcontacto\u00bb]\n<ul class=\"widget-box\">\n<li class='contacto-header'>Informaci\u00f3n de contacto<\/li><li><i class=\"fa fa-map-marker\"><\/i> Camino La Hornera, 37. Facultad de Econom\u00eda, Empresa y Turismo. Apartado 456. C\u00f3digo postal 38200. San Crist\u00f3bal de La Laguna. S\/C de Tenerife.<\/li><li><i class=\"fa fa-phone\"><\/i> (+34) 922 31 71 63<\/li><li><i class=\"fa fa-envelope\"><\/i>  <a href=mailto:seceet@ull.es>seceet@ull.es<\/a><\/li><li><i class=\"fa fa-calendar\"><\/i><a href=\"https:\/\/www.ull.es\/citaprevia\/\"> Cita previa<\/a><\/li><li><i class=\"fa fa-archive\"><\/i><a href=\"https:\/\/sede.ull.es\/ecivilis-site\/catalog\/showProcedure\/484\"> Procedimiento para quejas, sugerencias y felicitaciones<\/a><\/li>\n<\/ul>\n\n[\/vc_column_text][\/vc_column][\/vc_row]<\/p>\n","protected":false},"excerpt":{"rendered":"<p>[vc_row full_width=\u00bbstretch_row_content_no_spaces\u00bb el_class=\u00bbSliderPortada\u00bb css=\u00bb.vc_custom_1745237111535{margin-top: -100px !important;}\u00bb][vc_column][rev_slider_vc alias=\u00bbportada\u00bb][\/vc_column][\/vc_row][vc_row full_width=\u00bbstretch_row_content_no_spaces\u00bb][vc_column][vc_custom_heading text=\u00bb\u00bb font_container=\u00bbtag:h2|text_align:center\u00bb google_fonts=\u00bbfont_family:Montserrat%3Aregular%2C700|font_style:700%20bold%20regular%3A700%3Anormal\u00bb css=\u00bb.vc_custom_1721221176088{padding-top: 15px !important;padding-bottom: 15px !important;background-color: #360060 !important;}\u00bb][\/vc_column][\/vc_row][vc_row css=\u00bb.vc_custom_1745233821598{margin-top: 50px !important;}\u00bb][vc_column width=\u00bb2\/3&#8243; el_class=\u00bbpadding-50-right\u00bb css=\u00bb.vc_custom_1494506721665{padding-right: 50px !important;}\u00bb][vc_column_text] Orientaci\u00f3n y tutorizaci\u00f3n [\/vc_column_text][vc_column_text] Plan de Orientaci\u00f3n y Acci\u00f3n Tutorial (POAT) La Facultad de Econom\u00eda, Empresa y Turismo pone a disposici\u00f3n del alumnado de nuevo ingreso de los grados&#8230;<\/p>\n","protected":false},"author":1,"featured_media":0,"parent":52,"menu_order":0,"comment_status":"closed","ping_status":"closed","template":"templates\/template-frontpage.php","meta":[],"acf":[],"_links":{"self":[{"href":"https:\/\/www.ull.es\/centros\/facultad-de-economia-empresa-y-turismo\/wp-json\/wp\/v2\/pages\/101"}],"collection":[{"href":"https:\/\/www.ull.es\/centros\/facultad-de-economia-empresa-y-turismo\/wp-json\/wp\/v2\/pages"}],"about":[{"href":"https:\/\/www.ull.es\/centros\/facultad-de-economia-empresa-y-turismo\/wp-json\/wp\/v2\/types\/page"}],"author":[{"embeddable":true,"href":"https:\/\/www.ull.es\/centros\/facultad-de-economia-empresa-y-turismo\/wp-json\/wp\/v2\/users\/1"}],"replies":[{"embeddable":true,"href":"https:\/\/www.ull.es\/centros\/facultad-de-economia-empresa-y-turismo\/wp-json\/wp\/v2\/comments?post=101"}],"version-history":[{"count":28,"href":"https:\/\/www.ull.es\/centros\/facultad-de-economia-empresa-y-turismo\/wp-json\/wp\/v2\/pages\/101\/revisions"}],"predecessor-version":[{"id":1346,"href":"https:\/\/www.ull.es\/centros\/facultad-de-economia-empresa-y-turismo\/wp-json\/wp\/v2\/pages\/101\/revisions\/1346"}],"up":[{"embeddable":true,"href":"https:\/\/www.ull.es\/centros\/facultad-de-economia-empresa-y-turismo\/wp-json\/wp\/v2\/pages\/52"}],"wp:attachment":[{"href":"https:\/\/www.ull.es\/centros\/facultad-de-economia-empresa-y-turismo\/wp-json\/wp\/v2\/media?parent=101"}],"curies":[{"name":"wp","href":"https:\/\/api.w.org\/{rel}","templated":true}]}}