{"id":1374,"date":"2025-06-26T09:39:08","date_gmt":"2025-06-26T09:39:08","guid":{"rendered":"https:\/\/www.ull.es\/centros\/facultad-de-economia-empresa-y-turismo\/?page_id=1374"},"modified":"2025-06-26T09:55:06","modified_gmt":"2025-06-26T09:55:06","slug":"mejor-trabajo-fin-de-grado-en-ambito-del-marketing","status":"publish","type":"page","link":"https:\/\/www.ull.es\/centros\/facultad-de-economia-empresa-y-turismo\/mejor-trabajo-fin-de-grado-en-ambito-del-marketing\/","title":{"rendered":"Mejor Trabajo Fin de Grado en \u00c1mbito del Marketing"},"content":{"rendered":"<p>[vc_row full_width=\u00bbstretch_row_content_no_spaces\u00bb el_class=\u00bbSliderPortada\u00bb css=\u00bb.vc_custom_1745237111535{margin-top: -100px !important;}\u00bb][vc_column][rev_slider_vc alias=\u00bbportada\u00bb][\/vc_column][\/vc_row][vc_row full_width=\u00bbstretch_row_content_no_spaces\u00bb][vc_column][vc_custom_heading text=\u00bb\u00bb font_container=\u00bbtag:h2|text_align:center\u00bb google_fonts=\u00bbfont_family:Montserrat%3Aregular%2C700|font_style:700%20bold%20regular%3A700%3Anormal\u00bb css=\u00bb.vc_custom_1721221176088{padding-top: 15px !important;padding-bottom: 15px !important;background-color: #360060 !important;}\u00bb][\/vc_column][\/vc_row][vc_row css=\u00bb.vc_custom_1745233821598{margin-top: 50px !important;}\u00bb][vc_column width=\u00bb2\/3&#8243; el_class=\u00bbpadding-50-right\u00bb css=\u00bb.vc_custom_1494506721665{padding-right: 50px !important;}\u00bb][vc_column_text]<\/p>\n<h1>Premio Anual al mejor Trabajo de Fin de Grado en el \u00c1mbito de Marketing<\/h1>\n<p>El <a href=\"https:\/\/cotime.es\/\" target=\"_blank\" rel=\"noopener\" target=\"_blank\" rel=\"noopener\">Colegio Oficial de Titulados Mercantiles y Empresariales de Santa Cruz de Tenerife (COTIME)<\/a> en colaboraci\u00f3n con la Facultad de Econom\u00eda, Empresa y Turismo de la Universidad de La Laguna y el \u00e1rea de Comercializaci\u00f3n e Investigaci\u00f3n de Mercados del Departamento de Direcci\u00f3n de Empresas e Historia Econ\u00f3mica, lanza una convocatoria conjunta para premiar el mejor Trabajo de Fin de Grado relacionado con el \u00e1mbito del Marketing, presentado durante el curso acad\u00e9mico 2024-2025.<\/p>\n<p>Esta iniciativa tiene como objetivo impulsar la excelencia acad\u00e9mica, dar visibilidad a la labor investigadora y aplicada del alumnado en el \u00e1rea de Marketing, y fortalecer el v\u00ednculo entre el entorno universitario y el profesional. La convocatoria est\u00e1 dirigida al estudiantado de los grados en Contabilidad y Finanzas, Administraci\u00f3n de Empresas y Econom\u00eda de la Facultad de Econom\u00eda, Empresa y Turismo de la Universidad de La Laguna.<\/p>\n<ul>\n<li><a href=\"https:\/\/drive.google.com\/file\/d\/14Sr7XN-iuP3j1EgxVTHoruiWsBnQev3Y\/view?usp=sharing\" target=\"_blank\" rel=\"noopener noreferrer\" target=\"_blank\" rel=\"noopener\">Bases<\/a><\/li>\n<\/ul>\n<p>[\/vc_column_text][\/vc_column][vc_column width=\u00bb1\/3&#8243;][vc_column_text el_class=\u00bbcontacto\u00bb]\n<ul class=\"widget-box\">\n<li class='contacto-header'>Informaci\u00f3n de contacto<\/li><li><i class=\"fa fa-map-marker\"><\/i> Camino La Hornera, 37. Facultad de Econom\u00eda, Empresa y Turismo. Apartado 456. C\u00f3digo postal 38200. San Crist\u00f3bal de La Laguna. S\/C de Tenerife.<\/li><li><i class=\"fa fa-phone\"><\/i> (+34) 922 31 71 63<\/li><li><i class=\"fa fa-envelope\"><\/i>  <a href=mailto:seceet@ull.es>seceet@ull.es<\/a><\/li><li><i class=\"fa fa-calendar\"><\/i><a href=\"https:\/\/www.ull.es\/citaprevia\/\"> Cita previa<\/a><\/li><li><i class=\"fa fa-archive\"><\/i><a href=\"https:\/\/sede.ull.es\/ecivilis-site\/catalog\/showProcedure\/484\"> Procedimiento para quejas, sugerencias y felicitaciones<\/a><\/li>\n<\/ul>\n\n[\/vc_column_text][\/vc_column][\/vc_row][vc_row disable_element=\u00bbyes\u00bb][vc_column][vc_column_text]Acta de concesi\u00f3n del premio anual Jos\u00e9 Luis Moreno Becerra a los Trabajos Fin de Grado de los estudiantes de la Facultad de Econom\u00eda, Empresa y Turismo que hubieran sido presentados durante en cada uno de los cuatro Grados de Administraci\u00f3n y Direcci\u00f3n de Empresas (ADE), Contabilidad y Finanzas, Econom\u00eda y Turismo.[\/vc_column_text][\/vc_column][\/vc_row]<\/p>\n","protected":false},"excerpt":{"rendered":"<p>[vc_row full_width=\u00bbstretch_row_content_no_spaces\u00bb el_class=\u00bbSliderPortada\u00bb css=\u00bb.vc_custom_1745237111535{margin-top: -100px !important;}\u00bb][vc_column][rev_slider_vc alias=\u00bbportada\u00bb][\/vc_column][\/vc_row][vc_row full_width=\u00bbstretch_row_content_no_spaces\u00bb][vc_column][vc_custom_heading text=\u00bb\u00bb font_container=\u00bbtag:h2|text_align:center\u00bb google_fonts=\u00bbfont_family:Montserrat%3Aregular%2C700|font_style:700%20bold%20regular%3A700%3Anormal\u00bb css=\u00bb.vc_custom_1721221176088{padding-top: 15px !important;padding-bottom: 15px !important;background-color: #360060 !important;}\u00bb][\/vc_column][\/vc_row][vc_row css=\u00bb.vc_custom_1745233821598{margin-top: 50px !important;}\u00bb][vc_column width=\u00bb2\/3&#8243; el_class=\u00bbpadding-50-right\u00bb css=\u00bb.vc_custom_1494506721665{padding-right: 50px !important;}\u00bb][vc_column_text] Premio Anual al mejor Trabajo de Fin de Grado en el \u00c1mbito de Marketing El Colegio Oficial de Titulados Mercantiles y Empresariales de Santa Cruz de Tenerife (COTIME) en&#8230;<\/p>\n","protected":false},"author":49,"featured_media":0,"parent":0,"menu_order":0,"comment_status":"closed","ping_status":"closed","template":"templates\/template-frontpage.php","meta":[],"acf":[],"_links":{"self":[{"href":"https:\/\/www.ull.es\/centros\/facultad-de-economia-empresa-y-turismo\/wp-json\/wp\/v2\/pages\/1374"}],"collection":[{"href":"https:\/\/www.ull.es\/centros\/facultad-de-economia-empresa-y-turismo\/wp-json\/wp\/v2\/pages"}],"about":[{"href":"https:\/\/www.ull.es\/centros\/facultad-de-economia-empresa-y-turismo\/wp-json\/wp\/v2\/types\/page"}],"author":[{"embeddable":true,"href":"https:\/\/www.ull.es\/centros\/facultad-de-economia-empresa-y-turismo\/wp-json\/wp\/v2\/users\/49"}],"replies":[{"embeddable":true,"href":"https:\/\/www.ull.es\/centros\/facultad-de-economia-empresa-y-turismo\/wp-json\/wp\/v2\/comments?post=1374"}],"version-history":[{"count":4,"href":"https:\/\/www.ull.es\/centros\/facultad-de-economia-empresa-y-turismo\/wp-json\/wp\/v2\/pages\/1374\/revisions"}],"predecessor-version":[{"id":1379,"href":"https:\/\/www.ull.es\/centros\/facultad-de-economia-empresa-y-turismo\/wp-json\/wp\/v2\/pages\/1374\/revisions\/1379"}],"wp:attachment":[{"href":"https:\/\/www.ull.es\/centros\/facultad-de-economia-empresa-y-turismo\/wp-json\/wp\/v2\/media?parent=1374"}],"curies":[{"name":"wp","href":"https:\/\/api.w.org\/{rel}","templated":true}]}}