{"id":40,"date":"2017-11-14T14:10:37","date_gmt":"2017-11-14T14:10:37","guid":{"rendered":"http:\/\/www.ull.es\/centros\/facultad-de-economia-empresa-y-turismo\/?page_id=40"},"modified":"2026-01-30T09:31:54","modified_gmt":"2026-01-30T09:31:54","slug":"informacion-general","status":"publish","type":"page","link":"https:\/\/www.ull.es\/centros\/facultad-de-economia-empresa-y-turismo\/informacion-general\/","title":{"rendered":"Informaci\u00f3n general"},"content":{"rendered":"<p>[vc_row full_width=\u00bbstretch_row_content_no_spaces\u00bb el_class=\u00bbSliderPortada\u00bb css=\u00bb.vc_custom_1745237111535{margin-top: -100px !important;}\u00bb][vc_column][rev_slider_vc alias=\u00bbportada\u00bb][\/vc_column][\/vc_row][vc_row full_width=\u00bbstretch_row_content_no_spaces\u00bb][vc_column][vc_custom_heading text=\u00bb\u00bb font_container=\u00bbtag:h2|text_align:center\u00bb google_fonts=\u00bbfont_family:Montserrat%3Aregular%2C700|font_style:700%20bold%20regular%3A700%3Anormal\u00bb css=\u00bb.vc_custom_1721221176088{padding-top: 15px !important;padding-bottom: 15px !important;background-color: #360060 !important;}\u00bb][\/vc_column][\/vc_row][vc_row css=\u00bb.vc_custom_1745233821598{margin-top: 50px !important;}\u00bb][vc_column width=\u00bb2\/3&#8243; el_class=\u00bbpadding-50-right\u00bb css=\u00bb.vc_custom_1494506721665{padding-right: 50px !important;}\u00bb][vc_column_text]<\/p>\n<p>&nbsp;<\/p>\n<h1>Presentaci\u00f3n<\/h1>\n<p>[\/vc_column_text][vc_column_text el_id=\u00bbpresentacion\u00bb]\n<div class=\"shortcode-descripcion\">\n    <p>La Facultad de Econom\u00eda, Empresa y Turismo es el \u00f3rgano encargado de la organizaci\u00f3n de las ense\u00f1anzas y los procesos acad\u00e9micos, administrativos y de gesti\u00f3n conducentes a la obtenci\u00f3n de t\u00edtulos de car\u00e1cter oficial y validez en todo el territorio nacional que se impartan en ella y dem\u00e1s t\u00edtulos que establezca la legislaci\u00f3n vigente.<\/p><\/div>\n<p>[\/vc_column_text][vc_empty_space height=\u00bb40px\u00bb][vc_column_text]\n<style>\n    .shortcode-equipo h2 {\n        margin-bottom: 10px !important;\n    }\n<\/style>\n\n<div class=\"shortcode-equipo\">\n    <h2>Equipo de direcci\u00f3n<\/h2><dl><dt><strong>Decana<\/strong><\/dt><dd><a href='https:\/\/www.ull.es\/directorio\/search\/?busqueda=decano-facultad-economia-empresa' target='_blank'>Carmen In\u00e9s Ruiz de la Rosa<\/a><\/dd><dt><strong>Secretaria<\/strong><\/dt><dd><a href='https:\/\/www.ull.es\/directorio\/search\/?busqueda=secafeet' target='_blank'>Violeta de Vera Mart\u00edn<\/a><\/dd><dt><strong>Vicedecanato de Acreditaci\u00f3n de T\u00edtulos<\/strong><\/dt><dd><a href='https:\/\/www.ull.es\/directorio\/search\/?busqueda=vicat' target='_blank'>Concepci\u00f3n Mar\u00eda \u00c1ngeles P\u00e9rez Hern\u00e1ndez<\/a><\/dd><dt><strong>Vicedecanato de Atenci\u00f3n Acad\u00e9mica e Infraestructuras<\/strong><\/dt><dd><a href='https:\/\/www.ull.es\/directorio\/search\/?busqueda=vicri' target='_blank'>\u00c1ngel Chinea Mart\u00edn<\/a><\/dd><dt><strong>Vicedecanato de Dise\u00f1o y Desarrollo Acad\u00e9mico<\/strong><\/dt><dd><a href='https:\/\/www.ull.es\/directorio\/search\/?busqueda=vtitfeet' target='_blank'>Mar\u00eda Luisa Arriaga Est\u00e9vez<\/a><\/dd><dt><strong>Vicedecanato de Estudiantes y Empleabilidad<\/strong><\/dt><dd><a href='https:\/\/www.ull.es\/directorio\/search\/?busqueda=vicee' target='_blank'>Tamara Gonz\u00e1lez Gonz\u00e1lez<\/a><\/dd><dt><strong>Vicedecanato de Ordenaci\u00f3n Acad\u00e9mica e Igualdad<\/strong><\/dt><dd><a href='https:\/\/www.ull.es\/directorio\/search\/?busqueda=vicoa' target='_blank'>Pilar P\u00e9rez G\u00f3mez<\/a><\/dd><dt><strong>Vicedecanato de Relaciones con la Sociedad, Sostenibilidad e Investigaci\u00f3n<\/strong><\/dt><dd><a href='https:\/\/www.ull.es\/directorio\/search\/?busqueda=vrssi' target='_blank'>David Padr\u00f3n Marrero<\/a><\/dd><dt><strong>Vicedecanato de Relaciones Internacionales y Movilidad<\/strong><\/dt><dd><a href='https:\/\/www.ull.es\/directorio\/search\/?busqueda=vicmovi' target='_blank'>Jano Jim\u00e9nez Barreto<\/a><\/dd><dt><strong>Coordinadora de Calidad de los Grados de COFI y TUR<\/strong><\/dt><dd> <a href='https:\/\/www.ull.es\/directorio\/search\/?busqueda=Zamira Del Rosario Acosta Rubio' target='_blank'>Zamira Del Rosario Acosta Rubio<\/a><\/dd><dt><strong>Coordinador de Calidad de los Grados de ADE y ECO<\/strong><\/dt><dd> <a href='https:\/\/www.ull.es\/directorio\/search\/?busqueda=Imanol Lorenzo Nieto Gonz\u00e1lez' target='_blank'>Imanol Lorenzo Nieto Gonz\u00e1lez<\/a><\/dd><dt><strong>Coordinador de Movilidad Internacional<\/strong><\/dt><dd><a href='https:\/\/www.ull.es\/directorio\/search\/?busqueda=movifeet' target='_blank'>Elia Hern\u00e1ndez Socas<\/a><\/dd><\/dl><h2>Personal de administraci\u00f3n<\/h2><dl><dt><strong>Administrativo del Decanato<\/strong><\/dt><dd> <a href='https:\/\/www.ull.es\/directorio\/search\/?busqueda=Felipe Zebensui Ortega Toledo' target='_blank'>Felipe Zebensui Ortega Toledo<\/a><\/dd><dt><strong>Administrador<\/strong><\/dt><dd> <a href='https:\/\/www.ull.es\/directorio\/search\/?busqueda=Carlos Ledesma Gonz\u00e1lez' target='_blank'>Carlos Ledesma Gonz\u00e1lez<\/a><\/dd><dt><strong>Gestor<\/strong><\/dt><dd> <a href='https:\/\/www.ull.es\/directorio\/search\/?busqueda=Vicente Valverde Hern\u00e1ndez' target='_blank'>Vicente Valverde Hern\u00e1ndez<\/a><\/dd><dt><strong>Colaboradoras<\/strong><\/dt><dd> <a href='https:\/\/www.ull.es\/directorio\/search\/?busqueda=Mar\u00eda Dolores P\u00e9rez Goya' target='_blank'>Mar\u00eda Dolores P\u00e9rez Goya<\/a><\/dd><dd> <a href='https:\/\/www.ull.es\/directorio\/search\/?busqueda=Elena Mar\u00eda Rodr\u00edguez Gonz\u00e1lez' target='_blank'>Elena Mar\u00eda Rodr\u00edguez Gonz\u00e1lez<\/a><\/dd><dt><strong>Administrativas base<\/strong><\/dt><dd> <a href='https:\/\/www.ull.es\/directorio\/search\/?busqueda=Mar\u00eda Mercedes Hern\u00e1ndez Gonz\u00e1lez' target='_blank'>Mar\u00eda Mercedes Hern\u00e1ndez Gonz\u00e1lez<\/a><\/dd><dd> <a href='https:\/\/www.ull.es\/directorio\/search\/?busqueda=Saray Exp\u00f3sito Molina' target='_blank'>Saray Exp\u00f3sito Molina<\/a><\/dd><dd> <a href='https:\/\/www.ull.es\/directorio\/search\/?busqueda=Ayoze Gonz\u00e1lez Mora' target='_blank'>Ayoze Gonz\u00e1lez Mora<\/a><\/dd><dt><strong>Oficial-Conserje<\/strong><\/dt><dd> <a href='https:\/\/www.ull.es\/directorio\/search\/?busqueda=Isabel Medina Afonso' target='_blank'>Isabel Medina Afonso<\/a><\/dd><dt><strong>Auxiliares de Servicios<\/strong><\/dt><dd> <a href='https:\/\/www.ull.es\/directorio\/search\/?busqueda=Carmen Mar\u00eda de la Rosa Fari\u00f1a' target='_blank'>Carmen Mar\u00eda de la Rosa Fari\u00f1a<\/a><\/dd><dd> <a href='https:\/\/www.ull.es\/directorio\/search\/?busqueda=Mar\u00eda Candelaria Torres Rodr\u00edguez' target='_blank'>Mar\u00eda Candelaria Torres Rodr\u00edguez<\/a><\/dd><dd> <a href='https:\/\/www.ull.es\/directorio\/search\/?busqueda=Luisa Susana Marrero G\u00f3mez' target='_blank'>Luisa Susana Marrero G\u00f3mez<\/a><\/dd><dd> <a href='https:\/\/www.ull.es\/directorio\/search\/?busqueda=Mar\u00eda del Carmen de Le\u00f3n Mallorqu\u00edn' target='_blank'>Mar\u00eda del Carmen de Le\u00f3n Mallorqu\u00edn<\/a><\/dd><dd> <a href='https:\/\/www.ull.es\/directorio\/search\/?busqueda=Silvia Lemus Morales' target='_blank'>Silvia Lemus Morales<\/a><\/dd><\/dl>\n<\/div>\n[\/vc_column_text][\/vc_column][vc_column width=\u00bb1\/3&#8243;][vc_column_text]<a class=\"btn-destacado\" href=\"https:\/\/riull.ull.es\/xmlui\/handle\/915\/6977\" target=\"_blank\" rel=\"noopener noreferrer\" target=\"_blank\" rel=\"noopener\">Consultar Normativa de la Facultad de Econom\u00eda, Empresa y Turismo<i class=\"fa fa-arrow-right\"><\/i><\/a>[\/vc_column_text][vc_column_text]<a class=\"btn-destacado\" href=\"http:\/\/www.ull.es\/centros\/facultad-de-economia-empresa-y-turismo\/informacion-general\/junta-de-escuela-y-comisiones\/\" rel=\"noopener\" target=\"_blank\" rel=\"noopener\">Consultar Junta de la Facultad y Comisiones <i class=\"fa fa-arrow-right\"><\/i><\/a>[\/vc_column_text][vc_column_text el_class=\u00bbcontacto\u00bb]\n<ul class=\"widget-box\">\n<li class='contacto-header'>Informaci\u00f3n de contacto<\/li><li><i class=\"fa fa-map-marker\"><\/i> Camino La Hornera, 37. Facultad de Econom\u00eda, Empresa y Turismo. Apartado 456. C\u00f3digo postal 38200. San Crist\u00f3bal de La Laguna. S\/C de Tenerife.<\/li><li><i class=\"fa fa-phone\"><\/i> (+34) 922 31 71 63<\/li><li><i class=\"fa fa-envelope\"><\/i>  <a href=mailto:seceet@ull.es>seceet@ull.es<\/a><\/li><li><i class=\"fa fa-calendar\"><\/i><a href=\"https:\/\/www.ull.es\/citaprevia\/\"> Cita previa<\/a><\/li><li><i class=\"fa fa-archive\"><\/i><a href=\"https:\/\/sede.ull.es\/ecivilis-site\/catalog\/showProcedure\/484\"> Procedimiento para quejas, sugerencias y felicitaciones<\/a><\/li>\n<\/ul>\n\n[\/vc_column_text][vc_raw_html]JTNDdWwlMjBjbGFzcyUzRCUyMndpZGdldC1ib3glMjIlMjBzdHlsZSUzRCUyMm1hcmdpbiUzQSUyMDBweCUyMCUyMWltcG9ydGFudCUzQiUyMHBhZGRpbmclM0ElMjAwcHglMjAlMjFpbXBvcnRhbnQlM0IlMjIlM0UlMEElMjAlMDklM0NsaSUyMHN0eWxlJTNEJTIybGlzdC1zdHlsZSUzQSUyMG5vbmUlMjAlMjFpbXBvcnRhbnQlM0IlMjBmb250LXNpemUlM0ElMjAxM3B4JTNCJTIwY29sb3IlM0ElMjAlMjNmZmYlM0IlMjBiYWNrZ3JvdW5kJTNBJTIwJTIzMWJkNzQxJTIwdXJsJTI4JTI3aHR0cHMlM0ElMkYlMkZ3d3cudWxsLmVzJTJGZXN0dWRpb3MtZG9jZW5jaWElMkZ3cC1jb250ZW50JTJGcGx1Z2lucyUyRnVsbC1qc29uLXNob3J0Y29kZXMlMkZpbmNsdWRlJTJGdGVtcGxhdGVzJTJGZXMlMkYuLiUyRi4uJTJGLi4lMkZhc3NldHMlMkZpbWFnZXMlMkZ3aGF0c2FwcC5wbmclMjclMjklMjA0cHglMjA1MCUyNSUyMG5vLXJlcGVhdCUzQiUyMHBhZGRpbmclM0ElMjA2cHglMjAlMjFpbXBvcnRhbnQlM0IlMjBwYWRkaW5nLWxlZnQlM0ElMjAzMnB4JTIwJTIxaW1wb3J0YW50JTNCJTIwbWFyZ2luLWJvdHRvbSUzQSUyMDBweCUyMCUyMWltcG9ydGFudCUzQiUyMGJhY2tncm91bmQtc2l6ZSUzQSUyMDI0cHglMjAyNHB4JTNCJTIyJTNFJTNDaSUyMGNsYXNzJTNEJTIyZmElMjBmYS13aGF0c2FwcCUyMiUyMGFyaWEtaGlkZGVuJTNEJTIydHJ1ZSUyMiUzRSUzQyUyRmklM0UlMjAlMjAlM0NhJTIwaHJlZiUzRCUyMmh0dHBzJTNBJTJGJTJGd2hhdHNhcHAuY29tJTJGY2hhbm5lbCUyRjAwMjlWYkFvd2VROU1GOHNmZEg1YnYzeSUyMiUzRSUyMENhbmFsJTIwZGUlMjBkaWZ1c2klQzMlQjNuJTIwZGUlMjBXaGF0c2FwcCUzQyUyRmElM0UlM0MlMkZsaSUzRSUwQSUzQyUyRnVsJTNF[\/vc_raw_html][vc_column_text el_id=\u00bbubicacion\u00bb]\n    \n<style>\n    .google-maps {\n        position: relative;\n        padding-bottom: 75%;\n        height: 0;\n        overflow: hidden;\n    }\n    .google-maps iframe {\n        position: absolute;\n        top: 0;\n        left: 0;\n        width: 100% !important;\n        height: 100% !important;\n    }\n<\/style>\n\n\n<div class=\"google-maps\">\n    <iframe src=\"https:\/\/www.openstreetmap.org\/export\/embed.html?bbox=-16.309133489936%2C28.467040663841%2C-16.302989680346%2C28.472852886121&amp;layer=mapnik&amp;marker=28.471223619581323%2C-16.306307315826416\" style=\"border: 1px solid black\"><\/iframe>\n<\/div>\n\n<div class=\"btn-widget\">\n    <a href=\"https:\/\/www.openstreetmap.org\/directions?engine=graphhopper_car&from=&to=28.471223619581323%2C-16.306307315826416#map=17\/28.471223619581323\/-16.306307315826416\">C\u00f3mo llegar<\/a>  \n<\/div>\n\n  <\/body>\n<\/html>\n\n[\/vc_column_text][\/vc_column][\/vc_row]<\/p>\n","protected":false},"excerpt":{"rendered":"<p>[vc_row full_width=\u00bbstretch_row_content_no_spaces\u00bb el_class=\u00bbSliderPortada\u00bb css=\u00bb.vc_custom_1745237111535{margin-top: -100px !important;}\u00bb][vc_column][rev_slider_vc alias=\u00bbportada\u00bb][\/vc_column][\/vc_row][vc_row full_width=\u00bbstretch_row_content_no_spaces\u00bb][vc_column][vc_custom_heading text=\u00bb\u00bb font_container=\u00bbtag:h2|text_align:center\u00bb google_fonts=\u00bbfont_family:Montserrat%3Aregular%2C700|font_style:700%20bold%20regular%3A700%3Anormal\u00bb css=\u00bb.vc_custom_1721221176088{padding-top: 15px !important;padding-bottom: 15px !important;background-color: #360060 !important;}\u00bb][\/vc_column][\/vc_row][vc_row css=\u00bb.vc_custom_1745233821598{margin-top: 50px !important;}\u00bb][vc_column width=\u00bb2\/3&#8243; el_class=\u00bbpadding-50-right\u00bb css=\u00bb.vc_custom_1494506721665{padding-right: 50px !important;}\u00bb][vc_column_text] &nbsp; Presentaci\u00f3n [\/vc_column_text][vc_column_text el_id=\u00bbpresentacion\u00bb] [\/vc_column_text][vc_empty_space height=\u00bb40px\u00bb][vc_column_text][\/vc_column_text][\/vc_column][vc_column width=\u00bb1\/3&#8243;][vc_column_text]Consultar Normativa de la Facultad de Econom\u00eda, Empresa y Turismo[\/vc_column_text][vc_column_text]Consultar Junta de la Facultad y Comisiones [\/vc_column_text][vc_column_text el_class=\u00bbcontacto\u00bb][\/vc_column_text][vc_raw_html]JTNDdWwlMjBjbGFzcyUzRCUyMndpZGdldC1ib3glMjIlMjBzdHlsZSUzRCUyMm1hcmdpbiUzQSUyMDBweCUyMCUyMWltcG9ydGFudCUzQiUyMHBhZGRpbmclM0ElMjAwcHglMjAlMjFpbXBvcnRhbnQlM0IlMjIlM0UlMEElMjAlMDklM0NsaSUyMHN0eWxlJTNEJTIybGlzdC1zdHlsZSUzQSUyMG5vbmUlMjAlMjFpbXBvcnRhbnQlM0IlMjBmb250LXNpemUlM0ElMjAxM3B4JTNCJTIwY29sb3IlM0ElMjAlMjNmZmYlM0IlMjBiYWNrZ3JvdW5kJTNBJTIwJTIzMWJkNzQxJTIwdXJsJTI4JTI3aHR0cHMlM0ElMkYlMkZ3d3cudWxsLmVzJTJGZXN0dWRpb3MtZG9jZW5jaWElMkZ3cC1jb250ZW50JTJGcGx1Z2lucyUyRnVsbC1qc29uLXNob3J0Y29kZXMlMkZpbmNsdWRlJTJGdGVtcGxhdGVzJTJGZXMlMkYuLiUyRi4uJTJGLi4lMkZhc3NldHMlMkZpbWFnZXMlMkZ3aGF0c2FwcC5wbmclMjclMjklMjA0cHglMjA1MCUyNSUyMG5vLXJlcGVhdCUzQiUyMHBhZGRpbmclM0ElMjA2cHglMjAlMjFpbXBvcnRhbnQlM0IlMjBwYWRkaW5nLWxlZnQlM0ElMjAzMnB4JTIwJTIxaW1wb3J0YW50JTNCJTIwbWFyZ2luLWJvdHRvbSUzQSUyMDBweCUyMCUyMWltcG9ydGFudCUzQiUyMGJhY2tncm91bmQtc2l6ZSUzQSUyMDI0cHglMjAyNHB4JTNCJTIyJTNFJTNDaSUyMGNsYXNzJTNEJTIyZmElMjBmYS13aGF0c2FwcCUyMiUyMGFyaWEtaGlkZGVuJTNEJTIydHJ1ZSUyMiUzRSUzQyUyRmklM0UlMjAlMjAlM0NhJTIwaHJlZiUzRCUyMmh0dHBzJTNBJTJGJTJGd2hhdHNhcHAuY29tJTJGY2hhbm5lbCUyRjAwMjlWYkFvd2VROU1GOHNmZEg1YnYzeSUyMiUzRSUyMENhbmFsJTIwZGUlMjBkaWZ1c2klQzMlQjNuJTIwZGUlMjBXaGF0c2FwcCUzQyUyRmElM0UlM0MlMkZsaSUzRSUwQSUzQyUyRnVsJTNF[\/vc_raw_html][vc_column_text el_id=\u00bbubicacion\u00bb][\/vc_column_text][\/vc_column][\/vc_row]<\/p>\n","protected":false},"author":1,"featured_media":0,"parent":0,"menu_order":0,"comment_status":"closed","ping_status":"closed","template":"templates\/template-frontpage.php","meta":[],"acf":[],"_links":{"self":[{"href":"https:\/\/www.ull.es\/centros\/facultad-de-economia-empresa-y-turismo\/wp-json\/wp\/v2\/pages\/40"}],"collection":[{"href":"https:\/\/www.ull.es\/centros\/facultad-de-economia-empresa-y-turismo\/wp-json\/wp\/v2\/pages"}],"about":[{"href":"https:\/\/www.ull.es\/centros\/facultad-de-economia-empresa-y-turismo\/wp-json\/wp\/v2\/types\/page"}],"author":[{"embeddable":true,"href":"https:\/\/www.ull.es\/centros\/facultad-de-economia-empresa-y-turismo\/wp-json\/wp\/v2\/users\/1"}],"replies":[{"embeddable":true,"href":"https:\/\/www.ull.es\/centros\/facultad-de-economia-empresa-y-turismo\/wp-json\/wp\/v2\/comments?post=40"}],"version-history":[{"count":31,"href":"https:\/\/www.ull.es\/centros\/facultad-de-economia-empresa-y-turismo\/wp-json\/wp\/v2\/pages\/40\/revisions"}],"predecessor-version":[{"id":1455,"href":"https:\/\/www.ull.es\/centros\/facultad-de-economia-empresa-y-turismo\/wp-json\/wp\/v2\/pages\/40\/revisions\/1455"}],"wp:attachment":[{"href":"https:\/\/www.ull.es\/centros\/facultad-de-economia-empresa-y-turismo\/wp-json\/wp\/v2\/media?parent=40"}],"curies":[{"name":"wp","href":"https:\/\/api.w.org\/{rel}","templated":true}]}}