{"id":570,"date":"2019-03-26T14:03:14","date_gmt":"2019-03-26T14:03:14","guid":{"rendered":"http:\/\/www.ull.es\/centros\/facultad-de-economia-empresa-y-turismo\/?page_id=570"},"modified":"2026-03-27T14:26:51","modified_gmt":"2026-03-27T14:26:51","slug":"olimpiada-de-economia-y-empresa","status":"publish","type":"page","link":"https:\/\/www.ull.es\/centros\/facultad-de-economia-empresa-y-turismo\/olimpiada-de-economia-y-empresa\/","title":{"rendered":"Olimpiada de Econom\u00eda y Empresa"},"content":{"rendered":"<p>[vc_row full_width=\u00bbstretch_row_content_no_spaces\u00bb el_class=\u00bbSliderPortada\u00bb css=\u00bb.vc_custom_1745237111535{margin-top: -100px !important;}\u00bb][vc_column][rev_slider_vc alias=\u00bbportada\u00bb][\/vc_column][\/vc_row][vc_row full_width=\u00bbstretch_row_content_no_spaces\u00bb][vc_column][vc_custom_heading text=\u00bb\u00bb font_container=\u00bbtag:h2|text_align:center\u00bb google_fonts=\u00bbfont_family:Montserrat%3Aregular%2C700|font_style:700%20bold%20regular%3A700%3Anormal\u00bb css=\u00bb.vc_custom_1721221176088{padding-top: 15px !important;padding-bottom: 15px !important;background-color: #360060 !important;}\u00bb][\/vc_column][\/vc_row][vc_row css=\u00bb.vc_custom_1745233821598{margin-top: 50px !important;}\u00bb][vc_column width=\u00bb2\/3&#8243; el_class=\u00bbpadding-50-right\u00bb css=\u00bb.vc_custom_1494506721665{padding-right: 50px !important;}\u00bb][vc_column_text]<\/p>\n<h1>Olimpiada de Econom\u00eda y Empresa<\/h1>\n<p>[\/vc_column_text][vc_column_text]<span style=\"font-weight: 400;\">La Facultad de Econom\u00eda, Empresa y Turismo de la Universidad de La Laguna, como miembro de la Asociaci\u00f3n Olimpiada Espa\u00f1ola de Econom\u00eda, participar\u00e1 en la Olimpiada Espa\u00f1ola de Econom\u00eda, cuyo objetivo fundamental es estimular los estudios de econom\u00eda y empresa entre los j\u00f3venes. De acuerdo con las bases de la Olimpiada Espa\u00f1ola, se realizar\u00e1 una primera fase para los estudiantes de 2\u00ba de Bachillerato de la provincia de Santa Cruz de Tenerife.<\/span>[\/vc_column_text][vc_tta_accordion shape=\u00bbsquare\u00bb c_icon=\u00bbchevron\u00bb c_position=\u00bbright\u00bb active_section=\u00bb\u00bb no_fill=\u00bbtrue\u00bb collapsible_all=\u00bbtrue\u00bb][vc_tta_section title=\u00bbCurso 2025-2026&#8243; tab_id=\u00bb2025-2026&#8243;][vc_column_text]<\/p>\n<h2><strong>Curso 2025-2026<\/strong><\/h2>\n<p><strong>XVIII Olimpiada de Econom\u00eda y Empresa<\/strong><\/p>\n<ul>\n<li><a href=\"https:\/\/drive.google.com\/file\/d\/1OgaucsYvS6lJUzOF5_rW-_Ki-4rrYE_Z\/view?usp=drive_link\" target=\"_blank\" rel=\"noopener\" data-saferedirecturl=\"https:\/\/www.google.com\/url?q=https:\/\/drive.google.com\/file\/d\/1OgaucsYvS6lJUzOF5_rW-_Ki-4rrYE_Z\/view?usp%3Ddrive_link&amp;source=gmail&amp;ust=1772535731449000&amp;usg=AOvVaw0jBSpAMrw16ElMpL9bA4Ur\" target=\"_blank\" rel=\"noopener\">Bases de la XVIII Olimpiada de Econom\u00eda y Empresa<\/a><\/li>\n<li><a href=\"https:\/\/docs.google.com\/spreadsheets\/d\/1EWEpO2tagtl3urdspH0GkNkNP9T8XdIj\/edit?usp=drive_link&amp;ouid=107710185898977119229&amp;rtpof=true&amp;sd=true\" target=\"_blank\" rel=\"noopener\" data-saferedirecturl=\"https:\/\/www.google.com\/url?q=https:\/\/docs.google.com\/spreadsheets\/d\/1EWEpO2tagtl3urdspH0GkNkNP9T8XdIj\/edit?usp%3Ddrive_link%26ouid%3D107710185898977119229%26rtpof%3Dtrue%26sd%3Dtrue&amp;source=gmail&amp;ust=1772535731449000&amp;usg=AOvVaw1XWumgY6jqE9noFdsStsyI\" target=\"_blank\" rel=\"noopener\">Hoja de inscripci\u00f3n<\/a>\u00a0 (descargar)<\/li>\n<li><a href=\"https:\/\/drive.google.com\/file\/d\/195Iwx4SH2G9yDTBxfKtBZ9PYsu_I5KBO\/view\" target=\"_blank\" rel=\"noopener\">Listado Provisional de Estudiantes Inscritos<\/a><\/li>\n<li><a href=\"https:\/\/drive.google.com\/file\/d\/1gRx9KTFtdQG41MgK8IdBCC7vn4qIjcmr\/view?usp=drive_link\" target=\"_blank\" rel=\"noopener\">Listado Definitivo de Estudiantes Inscritos<\/a><\/li>\n<li><a href=\"https:\/\/drive.google.com\/file\/d\/1RHnc7l_tibVoR1pnQUsig64KeBXFp2_V\/view?usp=drive_link\" target=\"_blank\" rel=\"noopener\">Examen<\/a><\/li>\n<li>Resultados de la XVIII Olimpiada de Econom\u00eda y Empresa<\/li>\n<\/ul>\n<p><em><strong>*Los documentos se deben descargar, no se editan en l\u00ednea<\/strong><\/em>[\/vc_column_text][\/vc_tta_section][vc_tta_section title=\u00bbCursos anteriores\u00bb tab_id=\u00bbcursos-anteriores\u00bb][vc_column_text]<\/p>\n<h2><strong>Curso 2024-2025<\/strong><\/h2>\n<p><strong>XVII Olimpiada de Econom\u00eda y Empresa<\/strong><\/p>\n<ul>\n<li><a href=\"https:\/\/drive.google.com\/file\/d\/1bVD1jKs5vAppMonRSMPPzZ0DJGyJIg9G\/view?usp=sharingHoja\" target=\"_blank\" rel=\"noopener\" target=\"_blank\" rel=\"noopener\">Bases de la XVII Olimpiada de Econom\u00eda y Empresa<\/a><\/li>\n<li><a href=\"https:\/\/docs.google.com\/spreadsheets\/d\/1YzY611bx14YGKnd8_MguOVr7gEtsWux02b9VXjfEhl0\/edit?usp=sharing\" target=\"_blank\" rel=\"noopener\" target=\"_blank\" rel=\"noopener\">Hoja de inscripci\u00f3n<\/a> (descargar)<\/li>\n<li><a href=\"https:\/\/drive.google.com\/file\/d\/1Ug3mPplwS5Xn-Xt8_FTM7B7Y-CwRvduw\/view?usp=sharing\" target=\"_blank\" rel=\"noopener\" target=\"_blank\" rel=\"noopener\">Listado Provisional de Estudiantes Inscritos<\/a><\/li>\n<li><a href=\"https:\/\/drive.google.com\/file\/d\/1ZMaAgCsA8zdQ-HZfLUP19eUXBlZ0LV9a\/view?usp=sharing\" target=\"_blank\" rel=\"noopener\" target=\"_blank\" rel=\"noopener\">Listado Definitivo de Estudiantes Inscritos<\/a><\/li>\n<li><a href=\"https:\/\/drive.google.com\/file\/d\/14u0yd7k94yBOnrY7j9cQ6ch5bjVXL3rN\/view?usp=sharing\" target=\"_blank\" rel=\"noopener\" target=\"_blank\" rel=\"noopener\">Examen<\/a><\/li>\n<li><a href=\"https:\/\/drive.google.com\/file\/d\/1zIRCP44uumWvbCj4MGuVT2KhhC1hJRkA\/view?usp=sharing\" target=\"_blank\" rel=\"noopener\" target=\"_blank\" rel=\"noopener\">Resultados de la XVII Olimpiada de Econom\u00eda y Empresa<\/a><\/li>\n<\/ul>\n<h2><strong>Curso 2023-2024<\/strong><\/h2>\n<p><strong>XVI Olimpiada de Econom\u00eda y Empresa<\/strong><\/p>\n<ul>\n<li><a href=\"https:\/\/drive.google.com\/file\/d\/1rnTVK4xQg2lQNNsSkuet1cbf33fVy8P8\/view\" target=\"_blank\" rel=\"noopener\" target=\"_blank\" rel=\"noopener\">Bases de la XVI Olimpiada de Econom\u00eda y Empresa<\/a><\/li>\n<li><a href=\"https:\/\/docs.google.com\/spreadsheets\/d\/1UQZcV0XRudzU9JUV8SDSBCEo9E9BNtIR\/edit?usp=sharing&amp;ouid=111626656446705259278&amp;rtpof=true&amp;sd=true\" target=\"_blank\" rel=\"noopener\" target=\"_blank\" rel=\"noopener\">Hoja de inscripci\u00f3n<\/a> (descargar)<\/li>\n<li><a href=\"https:\/\/drive.google.com\/file\/d\/1j09KEGgM0ZjqHYXS8vjO1MqZqUOefmFn\/view?usp=sharing\" target=\"_blank\" rel=\"noopener\" target=\"_blank\" rel=\"noopener\">Listado Provisional de Estudiantes Inscritos<\/a><\/li>\n<li><a href=\"https:\/\/drive.google.com\/file\/d\/1qM5M56mG1qkgBItJAxPXPwMJ9Wxl0s9x\/view?usp=sharing\" target=\"_blank\" rel=\"noopener\">Listado Definitivo de Estudiantes Inscritos<\/a><\/li>\n<li><a href=\"https:\/\/drive.google.com\/file\/d\/1GTUTA_GdRB0gNNUaSY2nT7yrBuHw2zmu\/view?usp=sharing\" target=\"_blank\" rel=\"noopener\">Examen<\/a><\/li>\n<li><a href=\"https:\/\/drive.google.com\/file\/d\/1P3_FgpEo2D322w9iC4f4Xl1T0qZ9KB-3\/view?usp=sharing\" target=\"_blank\" rel=\"noopener\">Resultados de la XVI Olimpiada de Econom\u00eda y Empresa<\/a><\/li>\n<\/ul>\n<h2><strong>Curso 2022-2023<\/strong><\/h2>\n<p><strong>XV Olimpiada de Econom\u00eda y Empresa<\/strong><\/p>\n<ul>\n<li><a href=\"https:\/\/drive.google.com\/file\/d\/1MrWBKQ5_MKcjpjVoQQoxRtLIrj8pxeCg\/view?usp=share_link\" target=\"_blank\" rel=\"noopener\" target=\"_blank\" rel=\"noopener\">Bases de la XV Olimpiada de Econom\u00eda y Empresa<\/a><\/li>\n<li><a href=\"https:\/\/docs.google.com\/spreadsheets\/d\/1LCJ1kftOIaoZUoAkyeoVUfUy9Z6It9cR\/edit?usp=share_link&amp;ouid=117431771520648191477&amp;rtpof=true&amp;sd=true\" target=\"_blank\" rel=\"noopener\" target=\"_blank\" rel=\"noopener\">Hoja de inscripci\u00f3n<\/a> (descargar)<\/li>\n<li><a href=\"https:\/\/drive.google.com\/file\/d\/12cTSzX3QXWYlP5F5U10AsmW0fptYPj-1\/view?usp=share_link\" target=\"_blank\" rel=\"noopener\" target=\"_blank\" rel=\"noopener\">Listado Provisional de Estudiantes Inscritos<\/a><\/li>\n<li><a href=\"https:\/\/drive.google.com\/file\/d\/1XkvDAF2b5a9r8LZgq_DQ-lje4ziXHAUb\/view?usp=share_link\" target=\"_blank\" rel=\"noopener\" target=\"_blank\" rel=\"noopener\">Listado Definitivo de Estudiantes Inscritos<\/a><\/li>\n<li><a href=\"https:\/\/drive.google.com\/file\/d\/1_AqSfx_X4ZSWHLu3W7gQeywsfVbMGfWb\/view?usp=share_link\" target=\"_blank\" rel=\"noopener\" target=\"_blank\" rel=\"noopener\">Examen<\/a><\/li>\n<li><a href=\"https:\/\/drive.google.com\/file\/d\/1hRWdUQhnk2Z9UxAwDb8Eks8zpidEVQDt\/view?usp=share_link\" target=\"_blank\" rel=\"noopener\" target=\"_blank\" rel=\"noopener\">Resultados de la XV Olimpiada de Econom\u00eda y Empresa<\/a><\/li>\n<\/ul>\n<h2><strong>Curso 2021-2022<\/strong><\/h2>\n<p><strong>XIV Olimpiada de Econom\u00eda y Empresa<\/strong><\/p>\n<ul>\n<li><a href=\"https:\/\/drive.google.com\/file\/d\/1IMqVwTGx6mQ7_JUisTNNvPStPb-W7E5X\/view?usp=sharing\" target=\"_blank\" rel=\"noopener\" target=\"_blank\" rel=\"noopener\">Bases de la XIV Olimpiada de Econom\u00eda y Empresa<\/a><\/li>\n<li><a href=\"https:\/\/docs.google.com\/spreadsheets\/d\/1ZmwoZf74wso51GBkKNFpmvtWk_UVWRPe\/edit?usp=sharing&amp;ouid=117431771520648191477&amp;rtpof=true&amp;sd=true\" target=\"_blank\" rel=\"noopener\" target=\"_blank\" rel=\"noopener\">Hoja de inscripci\u00f3n<\/a>\u00a0(descargar)<\/li>\n<li><a href=\"https:\/\/drive.google.com\/file\/d\/1UDVBPjRZk09QIAVRAayRvkWwfvpA_9qD\/view?usp=sharing\" target=\"_blank\" rel=\"noopener\" target=\"_blank\" rel=\"noopener\">Listado Provisional de Estudiantes Inscritos<\/a><\/li>\n<li><a href=\"https:\/\/drive.google.com\/file\/d\/1aEaVSyYr6Sk6jpxssFURYCMcl6EeP4X7\/view?usp=sharing\" target=\"_blank\" rel=\"noopener\" target=\"_blank\" rel=\"noopener\">Listado Definitivo de Estudiantes Inscritos<\/a><\/li>\n<li><a href=\"https:\/\/drive.google.com\/file\/d\/1qmIL5UgzlDwmYS8T03AWRcb-czkbXnOo\/view?usp=sharing\" target=\"_blank\" rel=\"noopener\" target=\"_blank\" rel=\"noopener\">Examen<\/a><\/li>\n<li><a href=\"https:\/\/drive.google.com\/file\/d\/1kIzPWqs88IqxUMNwOMltJexOVieESiLC\/view?usp=sharing\" target=\"_blank\" rel=\"noopener\" target=\"_blank\" rel=\"noopener\">Resultados de la XIV Olimpiada de Econom\u00eda y Empresa<\/a><\/li>\n<\/ul>\n<h2><strong>Curso 2020 &#8211; 2021<\/strong><\/h2>\n<p><strong>XIII OLIMPIADA DE ECONOM\u00cdA Y EMPRESA<\/strong><\/p>\n<ul>\n<li><a href=\"https:\/\/drive.google.com\/file\/d\/1zIeMmY5iVO20EZ9hNqdhtWjTwWCCWR0a\/view?usp=sharing\" target=\"_blank\" rel=\"noopener\" target=\"_blank\" rel=\"noopener\">Examen<\/a><\/li>\n<li><a href=\"https:\/\/drive.google.com\/file\/d\/1f-7ki7hBqQ1DkrKCwv4tNdmfBqEzYYtn\/view?usp=sharing\" target=\"_blank\" rel=\"noopener\">Resultados de la XIII Olimpiada de Econom\u00eda y Empresa<\/a><\/li>\n<\/ul>\n<h2><strong>Curso 2018 &#8211; 2019<\/strong><\/h2>\n<p><strong>XII OLIMPIADA DE ECONOM\u00cdA Y EMPRESA<\/strong><\/p>\n<ul>\n<li><a href=\"https:\/\/drive.google.com\/file\/d\/11_sbKZb_WusrfCwm_QNXQiSffcb5K690\/view?usp=sharing\" target=\"_blank\" rel=\"noopener\" target=\"_blank\" rel=\"noopener\">Examen<\/a><\/li>\n<li><a href=\"https:\/\/drive.google.com\/file\/d\/1j1IG5jiQj1gw5DMajkxultqQC4OcnhXy\/view?usp=sharing\" target=\"_blank\" rel=\"noopener\" target=\"_blank\" rel=\"noopener\">Resultados de la XII Olimpiada de Econom\u00eda y Empresa<\/a><\/li>\n<\/ul>\n<h2><strong>Curso 2017 &#8211; 2018<\/strong><\/h2>\n<p><strong>XI OLIMPIADA DE ECONOM\u00cdA Y EMPRESA<\/strong><\/p>\n<ul>\n<li><a href=\"https:\/\/drive.google.com\/file\/d\/1aL45KdVebB5Tc4BG4urth5CgN8ilxLVr\/view?usp=sharing\" target=\"_blank\" rel=\"noopener\" target=\"_blank\" rel=\"noopener\">Examen<\/a><\/li>\n<li><a href=\"https:\/\/drive.google.com\/file\/d\/1_tchoKyhCiCygM_cK1vxsw0S4GhZe_B4\/view?usp=sharing\" target=\"_blank\" rel=\"noopener\">Resultados de la XI Olimpiada de Econom\u00eda y Empresa<\/a><\/li>\n<\/ul>\n<h2><strong>Curso 2016 &#8211; 2017<\/strong><\/h2>\n<p><strong>X OLIMPIADA DE ECONOM\u00cdA Y EMPRESA<\/strong><\/p>\n<ul>\n<li><a href=\"https:\/\/drive.google.com\/file\/d\/1YByr8spkRbu70F3DDl-mJLv5-onZinm0\/view?usp=sharing\" target=\"_blank\" rel=\"noopener\">Examen<\/a><\/li>\n<li><a href=\"https:\/\/drive.google.com\/file\/d\/1otYSpGngyCxWiHmpmEKBnxeFesF6fLjt\/view?usp=sharing\" target=\"_blank\" rel=\"noopener\">Resultados de la X Olimpiada Canaria de Econom\u00eda y Empresa<\/a><\/li>\n<\/ul>\n<h2><strong>Curso 2015 &#8211; 2016<\/strong><\/h2>\n<p><strong>IX OLIMPIADA DE ECONOM\u00cdA Y EMPRESA<\/strong><\/p>\n<ul>\n<li><a href=\"https:\/\/drive.google.com\/file\/d\/11Cb1qy1iPYV51R7MR9TbPA_mcpKlbSO2\/view?usp=sharing\" target=\"_blank\" rel=\"noopener\">Examen<\/a><\/li>\n<li><a href=\"https:\/\/drive.google.com\/file\/d\/1otYSpGngyCxWiHmpmEKBnxeFesF6fLjt\/view?usp=sharing\" target=\"_blank\" rel=\"noopener\">Resultados de la IX Olimpiada Canaria de Econom\u00eda y Empresa<\/a><\/li>\n<\/ul>\n<h2><strong>Curso 2014 &#8211; 2015<\/strong><\/h2>\n<p><strong>VIII OLIMPIADA DE ECONOM\u00cdA Y EMPRESA<\/strong><\/p>\n<ul>\n<li><a href=\"https:\/\/drive.google.com\/file\/d\/1JQ92-pgXcd7aqYnkiWWM5vbs90-YQfyA\/view?usp=sharing\" target=\"_blank\" rel=\"noopener\">Examen<\/a><\/li>\n<li><a href=\"https:\/\/drive.google.com\/file\/d\/1x8L-zju32KKiWfUDF-58obSPB-uH3Ska\/view?usp=sharing\" target=\"_blank\" rel=\"noopener\">Resultados de la VIII Olimpiada Canaria de Econom\u00eda y Empresa<\/a><\/li>\n<\/ul>\n<h2><strong>Curso 2013 &#8211; 2014<\/strong><\/h2>\n<p><strong>VII OLIMPIADA DE ECONOM\u00cdA Y EMPRESA<\/strong><\/p>\n<ul>\n<li><a href=\"https:\/\/drive.google.com\/file\/d\/1f04ZH8uzP3GATyCNTNPyESRJc0P5dp6n\/view?usp=sharing\" target=\"_blank\" rel=\"noopener\">Examen<\/a><\/li>\n<li><a href=\"https:\/\/drive.google.com\/file\/d\/1M5-3fwUR0Qlx0DPp8A9bKbBnfW8_2kPR\/view?usp=sharing\" target=\"_blank\" rel=\"noopener\">Resultados de la VII Olimpiada Canaria de Econom\u00eda y Empresa<\/a><\/li>\n<\/ul>\n<h2><strong>Curso 2012 &#8211; 2013<\/strong><\/h2>\n<p><strong>VI OLIMPIADA DE ECONOM\u00cdA Y EMPRESA<\/strong><\/p>\n<ul>\n<li><a href=\"https:\/\/drive.google.com\/file\/d\/1QHDiBIvnqN7iXEFDtfEQUQgvntm0kDwv\/view?usp=sharing\" target=\"_blank\" rel=\"noopener\">Examen<\/a><\/li>\n<li><a href=\"https:\/\/drive.google.com\/file\/d\/1v1bm1VJ4cNcj-ZlPJwB3I1TePAiUy0G7\/view?usp=sharing\" target=\"_blank\" rel=\"noopener\">Resultados de la VI Olimpiada Canaria de Econom\u00eda y Empresa<\/a><\/li>\n<\/ul>\n<h2><strong>Curso 2011 &#8211; 2012<\/strong><\/h2>\n<p><strong>V OLIMPIADA DE ECONOM\u00cdA Y EMPRESA<\/strong><\/p>\n<ul>\n<li><a href=\"https:\/\/drive.google.com\/file\/d\/1ZpQwe9JjE2k_iKUch9EEELTfdkH8V_Yz\/view?usp=sharing\" target=\"_blank\" rel=\"noopener\">Examen<\/a><\/li>\n<li><a href=\"https:\/\/drive.google.com\/file\/d\/1JeQc9hG1FWbiPJrXLuOFwqYF7dQU_ocg\/view?usp=sharing\" target=\"_blank\" rel=\"noopener\">Resultado de la V Olimpiada Canaria de Econom\u00eda y Empresa<\/a><\/li>\n<\/ul>\n<h2><strong>Curso 2010 &#8211; 2011<\/strong><\/h2>\n<p><strong>IV OLIMPIADA DE ECONOM\u00cdA Y EMPRESA<\/strong><\/p>\n<ul>\n<li><a href=\"https:\/\/drive.google.com\/file\/d\/1bN9XcSIe-xBg8_zDmSD08KwkctMtWzew\/view?usp=sharing\" target=\"_blank\" rel=\"noopener\">Examen<\/a><\/li>\n<li><a href=\"https:\/\/drive.google.com\/file\/d\/1K-UQJtCH7y1iqNbdlPBxMGw--c3ikajy\/view?usp=sharing\" target=\"_blank\" rel=\"noopener\">Resultados de la IV Olimpiada Canaria de Econom\u00eda y Empresa<\/a><\/li>\n<\/ul>\n<h2><strong>Curso 2009 &#8211; 2010<\/strong><\/h2>\n<p><strong>III OLIMPIADA DE ECONOM\u00cdA Y EMPRESA<\/strong><\/p>\n<ul>\n<li><a href=\"https:\/\/drive.google.com\/file\/d\/14IH1LXE5SNF6uQVSr5I1sy-YfEuU-gbY\/view?usp=sharing\" target=\"_blank\" rel=\"noopener\">Examen<\/a><\/li>\n<\/ul>\n<h2><strong>Curso 2008 &#8211; 2009<\/strong><\/h2>\n<p><strong>II OLIMPIADA DE ECONOM\u00cdA Y EMPRESA<\/strong><\/p>\n<ul>\n<li><a href=\"https:\/\/drive.google.com\/file\/d\/1UmhdZmBCPfX0xUtwqZApE4VKpCHhvkuP\/view?usp=sharing\" target=\"_blank\" rel=\"noopener\">Examen<\/a><\/li>\n<\/ul>\n<h2><strong>Curso 2007 &#8211; 2008<\/strong><\/h2>\n<p><strong>I OLIMPIADA DE ECONOM\u00cdA Y EMPRESA<\/strong><\/p>\n<ul>\n<li><a href=\"https:\/\/drive.google.com\/file\/d\/1dnFmuhqP00_4_1AN3_RIAFRdHbQODm-F\/view?usp=sharing\" target=\"_blank\" rel=\"noopener\">Examen<\/a><\/li>\n<\/ul>\n<p>[\/vc_column_text][\/vc_tta_section][\/vc_tta_accordion][\/vc_column][vc_column width=\u00bb1\/3&#8243;][vc_column_text el_class=\u00bbcontacto\u00bb]\n<ul class=\"widget-box\">\n<li class='contacto-header'>Informaci\u00f3n de contacto<\/li><li><i class=\"fa fa-map-marker\"><\/i> Camino La Hornera, 37. Facultad de Econom\u00eda, Empresa y Turismo. Apartado 456. C\u00f3digo postal 38200. San Crist\u00f3bal de La Laguna. S\/C de Tenerife.<\/li><li><i class=\"fa fa-phone\"><\/i> (+34) 922 31 71 63<\/li><li><i class=\"fa fa-envelope\"><\/i>  <a href=mailto:seceet@ull.es>seceet@ull.es<\/a><\/li><li><i class=\"fa fa-calendar\"><\/i><a href=\"https:\/\/www.ull.es\/citaprevia\/\"> Cita previa<\/a><\/li><li><i class=\"fa fa-archive\"><\/i><a href=\"https:\/\/sede.ull.es\/ecivilis-site\/catalog\/showProcedure\/484\"> Procedimiento para quejas, sugerencias y felicitaciones<\/a><\/li>\n<\/ul>\n\n[\/vc_column_text][\/vc_column][\/vc_row][vc_row disable_element=\u00bbyes\u00bb][vc_column][vc_column_text]\n<ul class=\"widget-box\">\n<li class='contacto-header'>Informaci\u00f3n de contacto<\/li><li><i class=\"fa fa-map-marker\"><\/i> Camino La Hornera, 37. Facultad de Econom\u00eda, Empresa y Turismo. Apartado 456. C\u00f3digo postal 38200. San Crist\u00f3bal de La Laguna. S\/C de Tenerife.<\/li><li><i class=\"fa fa-phone\"><\/i> (+34) 922 31 71 63<\/li><li><i class=\"fa fa-envelope\"><\/i>  <a href=mailto:seceet@ull.es>seceet@ull.es<\/a><\/li><li><i class=\"fa fa-calendar\"><\/i><a href=\"https:\/\/www.ull.es\/citaprevia\/\"> Cita previa<\/a><\/li><li><i class=\"fa fa-archive\"><\/i><a href=\"https:\/\/sede.ull.es\/ecivilis-site\/catalog\/showProcedure\/484\"> Procedimiento para quejas, sugerencias y felicitaciones<\/a><\/li>\n<\/ul>\n\n[\/vc_column_text][\/vc_column][\/vc_row]<\/p>\n","protected":false},"excerpt":{"rendered":"<p>[vc_row full_width=\u00bbstretch_row_content_no_spaces\u00bb el_class=\u00bbSliderPortada\u00bb css=\u00bb.vc_custom_1745237111535{margin-top: -100px !important;}\u00bb][vc_column][rev_slider_vc alias=\u00bbportada\u00bb][\/vc_column][\/vc_row][vc_row full_width=\u00bbstretch_row_content_no_spaces\u00bb][vc_column][vc_custom_heading text=\u00bb\u00bb font_container=\u00bbtag:h2|text_align:center\u00bb google_fonts=\u00bbfont_family:Montserrat%3Aregular%2C700|font_style:700%20bold%20regular%3A700%3Anormal\u00bb css=\u00bb.vc_custom_1721221176088{padding-top: 15px !important;padding-bottom: 15px !important;background-color: #360060 !important;}\u00bb][\/vc_column][\/vc_row][vc_row css=\u00bb.vc_custom_1745233821598{margin-top: 50px !important;}\u00bb][vc_column width=\u00bb2\/3&#8243; el_class=\u00bbpadding-50-right\u00bb css=\u00bb.vc_custom_1494506721665{padding-right: 50px !important;}\u00bb][vc_column_text] Olimpiada de Econom\u00eda y Empresa [\/vc_column_text][vc_column_text]La Facultad de Econom\u00eda, Empresa y Turismo de la Universidad de La Laguna, como miembro de la Asociaci\u00f3n Olimpiada Espa\u00f1ola de Econom\u00eda, participar\u00e1 en&#8230;<\/p>\n","protected":false},"author":10,"featured_media":0,"parent":0,"menu_order":0,"comment_status":"closed","ping_status":"closed","template":"templates\/template-frontpage.php","meta":[],"acf":[],"_links":{"self":[{"href":"https:\/\/www.ull.es\/centros\/facultad-de-economia-empresa-y-turismo\/wp-json\/wp\/v2\/pages\/570"}],"collection":[{"href":"https:\/\/www.ull.es\/centros\/facultad-de-economia-empresa-y-turismo\/wp-json\/wp\/v2\/pages"}],"about":[{"href":"https:\/\/www.ull.es\/centros\/facultad-de-economia-empresa-y-turismo\/wp-json\/wp\/v2\/types\/page"}],"author":[{"embeddable":true,"href":"https:\/\/www.ull.es\/centros\/facultad-de-economia-empresa-y-turismo\/wp-json\/wp\/v2\/users\/10"}],"replies":[{"embeddable":true,"href":"https:\/\/www.ull.es\/centros\/facultad-de-economia-empresa-y-turismo\/wp-json\/wp\/v2\/comments?post=570"}],"version-history":[{"count":75,"href":"https:\/\/www.ull.es\/centros\/facultad-de-economia-empresa-y-turismo\/wp-json\/wp\/v2\/pages\/570\/revisions"}],"predecessor-version":[{"id":1470,"href":"https:\/\/www.ull.es\/centros\/facultad-de-economia-empresa-y-turismo\/wp-json\/wp\/v2\/pages\/570\/revisions\/1470"}],"wp:attachment":[{"href":"https:\/\/www.ull.es\/centros\/facultad-de-economia-empresa-y-turismo\/wp-json\/wp\/v2\/media?parent=570"}],"curies":[{"name":"wp","href":"https:\/\/api.w.org\/{rel}","templated":true}]}}