{"id":572,"date":"2019-03-26T14:03:34","date_gmt":"2019-03-26T14:03:34","guid":{"rendered":"http:\/\/www.ull.es\/centros\/facultad-de-economia-empresa-y-turismo\/?page_id=572"},"modified":"2025-04-24T07:25:47","modified_gmt":"2025-04-24T07:25:47","slug":"semana-de-la-empresa","status":"publish","type":"page","link":"https:\/\/www.ull.es\/centros\/facultad-de-economia-empresa-y-turismo\/semana-de-la-empresa\/","title":{"rendered":"Semana de la Empresa"},"content":{"rendered":"<p>[vc_row full_width=\u00bbstretch_row_content_no_spaces\u00bb el_class=\u00bbSliderPortada\u00bb css=\u00bb.vc_custom_1745237111535{margin-top: -100px !important;}\u00bb][vc_column][rev_slider_vc alias=\u00bbportada\u00bb][\/vc_column][\/vc_row][vc_row full_width=\u00bbstretch_row_content_no_spaces\u00bb][vc_column][vc_custom_heading text=\u00bb\u00bb font_container=\u00bbtag:h2|text_align:center\u00bb google_fonts=\u00bbfont_family:Montserrat%3Aregular%2C700|font_style:700%20bold%20regular%3A700%3Anormal\u00bb css=\u00bb.vc_custom_1721221176088{padding-top: 15px !important;padding-bottom: 15px !important;background-color: #360060 !important;}\u00bb][\/vc_column][\/vc_row][vc_row css=\u00bb.vc_custom_1745305831048{margin-top: 5% !important;}\u00bb][vc_column width=\u00bb2\/3&#8243;][vc_column_text]<\/p>\n<h1><strong>Semana de la Empresa<\/strong><\/h1>\n<p>La Facultad de Econom\u00eda, Empresa y Turismo considera esencial para la formaci\u00f3n en las materias que se imparten en la misma, establecer una serie de jornadas de car\u00e1cter anual, que vienen siendo denominadas\u00a0<strong>SEMANA DE LA EMPRESA<\/strong>, como veh\u00edculo de conexi\u00f3n de los futuros egresados con la vida econ\u00f3mica y social de nuestro entorno m\u00e1s inmediato.<\/p>\n<p>Estas jornadas cuenta con una larga tradici\u00f3n en el centro, en la que cada a\u00f1o se abordan aquellas tem\u00e1ticas que en ese momento se consideran de especial relevancia. Por ello, en cada edici\u00f3n tomamos en cuenta las distintas perspectivas, el estado de la realidad econ\u00f3mico-social en el que nos encontramos en ese momento, as\u00ed como, los retos a los cuales nos enfrentamos tanto en el futuro cercano como en el largo plazo.<\/p>\n<p>Para el mayor \u00e9xito de nuestras jornadas contamos con la inestimable presencia y colaboraci\u00f3n de empresarios y empresarias con experiencia y reconocido prestigio, as\u00ed como, con aquellos agentes sociales y econ\u00f3micos que juegan un destacado papel en nuestro entorno insular. Igualmente, importante, es la inestimable colaboraci\u00f3n de las distintas c\u00e1tedras de nuestra Universidad que nos facilitan la posibilidad de contar con reputados expertos en las distintas materias que abarcan.<\/p>\n<p>La Semana de la Empresa, no s\u00f3lo est\u00e1 pensada para nuestros estudiantes de \u00faltimo curso, sino que invitamos a todo el alumnado de la Facultad para que participen en las mismas, invitaci\u00f3n que se hace extensiva al resto del alumnado de nuestra Universidad, as\u00ed como a los colectivos interesados en los distintos temas que se exponen cada a\u00f1o.<\/p>\n<p>El esp\u00edritu de la <strong>Semana de la Empresa<\/strong> es servir a todo el alumnado universitario de puerta de acceso hacia la realidad con la que se van a encontrar en su futura vida profesional y personal, que conozcan como valorar la situaci\u00f3n econ\u00f3mica y social a la que se van a enfrentar, la posibilidad de alinear sus competencias y su formaci\u00f3n que se precisa para adaptarlas a las necesidades sociales m\u00e1s demandadas; tan din\u00e1micas, as\u00ed como activas que se producen en cada momento.<\/p>\n<p>El valor de estas jornadas es a\u00fan mayor, si tenemos en cuenta que en los \u00faltimos a\u00f1os han venido siendo organizadas enteramente por la <strong>Delegaci\u00f3n de Alumnos<\/strong> de nuestra Facultad. Como muestra de la madurez profesional que van adquiriendo nuestros futuros egresados, al tener que demostrar muchas de las competencias que han adquirido.<\/p>\n<p>Recordamos que esta actividad est\u00e1 incluida en el Cat\u00e1logo Oficial de Actividades de la Universidad de La Laguna a desarrollar en cada curso acad\u00e9mico. Por ello, aquellos alumnos que quieren obtener el reconocimiento oficial de los cr\u00e9ditos ECTS cursados deben inscribirse en dichas jornadas y asistir a un m\u00ednimo del 80% de las sesiones as\u00ed como realizar la actividad que se les proponga.<\/p>\n<p>Podr\u00e1n encontrar informaci\u00f3n sobre la <strong>Semana de la Empresa<\/strong> que se celebra cada a\u00f1o, <a href=\"https:\/\/www.ull.es\/portal\/agenda\/evento\/xxxviii-semana-de-la-empresa\/\" target=\"_blank\" rel=\"noopener\" target=\"_blank\" rel=\"noopener\">aqu\u00ed.<\/a><\/p>\n<p><a href=\"https:\/\/drive.google.com\/file\/d\/18_mcWKfgN9LuZraMQgvvbK1Pr83Rl6sP\/view\" target=\"_blank\" rel=\"noopener\" target=\"_blank\" rel=\"noopener\">Programa<\/a><\/p>\n<p>[\/vc_column_text][\/vc_column][vc_column width=\u00bb1\/3&#8243;][vc_column_text el_class=\u00bbcontacto\u00bb]\n<ul class=\"widget-box\">\n<li class='contacto-header'>Informaci\u00f3n de contacto<\/li><li><i class=\"fa fa-map-marker\"><\/i> Camino La Hornera, 37. Facultad de Econom\u00eda, Empresa y Turismo. Apartado 456. C\u00f3digo postal 38200. San Crist\u00f3bal de La Laguna. S\/C de Tenerife.<\/li><li><i class=\"fa fa-phone\"><\/i> (+34) 922 31 71 63<\/li><li><i class=\"fa fa-envelope\"><\/i>  <a href=mailto:seceet@ull.es>seceet@ull.es<\/a><\/li><li><i class=\"fa fa-calendar\"><\/i><a href=\"https:\/\/www.ull.es\/citaprevia\/\"> Cita previa<\/a><\/li><li><i class=\"fa fa-archive\"><\/i><a href=\"https:\/\/sede.ull.es\/ecivilis-site\/catalog\/showProcedure\/484\"> Procedimiento para quejas, sugerencias y felicitaciones<\/a><\/li>\n<\/ul>\n\n[\/vc_column_text][\/vc_column][\/vc_row][vc_column width=\u00bb2\/3&#8243; el_class=\u00bbpadding-50-right\u00bb css=\u00bb.vc_custom_1494506721665{padding-right: 50px !important;}\u00bb][\/vc_column]<\/p>\n","protected":false},"excerpt":{"rendered":"<p>[vc_row full_width=\u00bbstretch_row_content_no_spaces\u00bb el_class=\u00bbSliderPortada\u00bb css=\u00bb.vc_custom_1745237111535{margin-top: -100px !important;}\u00bb][vc_column][rev_slider_vc alias=\u00bbportada\u00bb][\/vc_column][\/vc_row][vc_row full_width=\u00bbstretch_row_content_no_spaces\u00bb][vc_column][vc_custom_heading text=\u00bb\u00bb font_container=\u00bbtag:h2|text_align:center\u00bb google_fonts=\u00bbfont_family:Montserrat%3Aregular%2C700|font_style:700%20bold%20regular%3A700%3Anormal\u00bb css=\u00bb.vc_custom_1721221176088{padding-top: 15px !important;padding-bottom: 15px !important;background-color: #360060 !important;}\u00bb][\/vc_column][\/vc_row][vc_row css=\u00bb.vc_custom_1745305831048{margin-top: 5% !important;}\u00bb][vc_column width=\u00bb2\/3&#8243;][vc_column_text] Semana de la Empresa La Facultad de Econom\u00eda, Empresa y Turismo considera esencial para la formaci\u00f3n en las materias que se imparten en la misma, establecer una serie de jornadas de car\u00e1cter anual,&#8230;<\/p>\n","protected":false},"author":10,"featured_media":0,"parent":0,"menu_order":0,"comment_status":"closed","ping_status":"closed","template":"templates\/template-frontpage.php","meta":[],"acf":[],"_links":{"self":[{"href":"https:\/\/www.ull.es\/centros\/facultad-de-economia-empresa-y-turismo\/wp-json\/wp\/v2\/pages\/572"}],"collection":[{"href":"https:\/\/www.ull.es\/centros\/facultad-de-economia-empresa-y-turismo\/wp-json\/wp\/v2\/pages"}],"about":[{"href":"https:\/\/www.ull.es\/centros\/facultad-de-economia-empresa-y-turismo\/wp-json\/wp\/v2\/types\/page"}],"author":[{"embeddable":true,"href":"https:\/\/www.ull.es\/centros\/facultad-de-economia-empresa-y-turismo\/wp-json\/wp\/v2\/users\/10"}],"replies":[{"embeddable":true,"href":"https:\/\/www.ull.es\/centros\/facultad-de-economia-empresa-y-turismo\/wp-json\/wp\/v2\/comments?post=572"}],"version-history":[{"count":15,"href":"https:\/\/www.ull.es\/centros\/facultad-de-economia-empresa-y-turismo\/wp-json\/wp\/v2\/pages\/572\/revisions"}],"predecessor-version":[{"id":1369,"href":"https:\/\/www.ull.es\/centros\/facultad-de-economia-empresa-y-turismo\/wp-json\/wp\/v2\/pages\/572\/revisions\/1369"}],"wp:attachment":[{"href":"https:\/\/www.ull.es\/centros\/facultad-de-economia-empresa-y-turismo\/wp-json\/wp\/v2\/media?parent=572"}],"curies":[{"name":"wp","href":"https:\/\/api.w.org\/{rel}","templated":true}]}}