{"id":574,"date":"2019-03-26T14:04:15","date_gmt":"2019-03-26T14:04:15","guid":{"rendered":"http:\/\/www.ull.es\/centros\/facultad-de-economia-empresa-y-turismo\/?page_id=574"},"modified":"2025-04-22T10:57:00","modified_gmt":"2025-04-22T10:57:00","slug":"premios-jose-luis-moreno-becerra","status":"publish","type":"page","link":"https:\/\/www.ull.es\/centros\/facultad-de-economia-empresa-y-turismo\/premios-jose-luis-moreno-becerra\/","title":{"rendered":"Premio \u00abJos\u00e9 Luis Moreno Becerra\u00bb"},"content":{"rendered":"<p>[vc_row full_width=\u00bbstretch_row_content_no_spaces\u00bb el_class=\u00bbSliderPortada\u00bb css=\u00bb.vc_custom_1745237111535{margin-top: -100px !important;}\u00bb][vc_column][rev_slider_vc alias=\u00bbportada\u00bb][\/vc_column][\/vc_row][vc_row full_width=\u00bbstretch_row_content_no_spaces\u00bb][vc_column][vc_custom_heading text=\u00bb\u00bb font_container=\u00bbtag:h2|text_align:center\u00bb google_fonts=\u00bbfont_family:Montserrat%3Aregular%2C700|font_style:700%20bold%20regular%3A700%3Anormal\u00bb css=\u00bb.vc_custom_1721221176088{padding-top: 15px !important;padding-bottom: 15px !important;background-color: #360060 !important;}\u00bb][\/vc_column][\/vc_row][vc_row css=\u00bb.vc_custom_1745233821598{margin-top: 50px !important;}\u00bb][vc_column width=\u00bb2\/3&#8243; el_class=\u00bbpadding-50-right\u00bb css=\u00bb.vc_custom_1494506721665{padding-right: 50px !important;}\u00bb][vc_column_text]<\/p>\n<h1>Premio anual al mejor Trabajo Fin de Grado \u00abJos\u00e9 Luis Moreno Becerra\u00bb 2024<\/h1>\n<p>La Real Sociedad Econ\u00f3mica Amigos del Pa\u00eds de Tenerife, la Facultad de Econom\u00eda, Empresa y Turismo y Cajasiete Caja Rural S.C.C., consideran necesaria la generaci\u00f3n de conocimiento en el \u00e1mbito de la econom\u00eda, las finanzas, la empresa y el turismo, a trav\u00e9s del desarrollo de actividades formativas y de investigaci\u00f3n dirigidas a los estudiantes universitarios y a los profesionales del sector.<\/p>\n<p>En esta l\u00ednea la Cajasiete Caja Rural S.C.C. convoca 4 premios otorgados a Trabajos Fin de Grado, elaborados en la Facultad de Econom\u00eda, Empresa y Turismo: Grados en Econom\u00eda, en Administraci\u00f3n y Direcci\u00f3n de Empresas, en Contabilidad y Finanzas y en Turismo.<\/p>\n<p>Con esta iniciativa se pretende estimular a los estudiantes a investigar en temas que preocupan a la sociedad de Tenerife en particular y por extensi\u00f3n a toda Canarias. Se trata de potenciar el af\u00e1n de superaci\u00f3n y la creatividad, as\u00ed como difundir y otorgar el reconocimiento que merecen las iniciativas de las nuevas generaciones de estudiantes.<\/p>\n<div>\n<div>\n<p><strong>Plazo de presentaci\u00f3n de solicitudes:<\/strong>\u00a0<b>del 27 de septiembre al 28 de octubre de 2024<\/b>.<\/p>\n<\/div>\n<\/div>\n<ul>\n<li><a href=\"https:\/\/drive.google.com\/file\/d\/1niL4VLIbnBn_rJH2m0dHkolq4N4IJ07Y\/view?usp=sharing\" target=\"_blank\" rel=\"noopener noreferrer\" target=\"_blank\" rel=\"noopener\">Bases<\/a><\/li>\n<li><a href=\"https:\/\/drive.google.com\/file\/d\/1DvNvIFp_KuKNN_flL2fTAMXtdSbcbNgU\/view?usp=sharing\" target=\"_blank\" rel=\"noopener noreferrer\" target=\"_blank\" rel=\"noopener\">Solicitud<\/a><\/li>\n<\/ul>\n<p>[\/vc_column_text][\/vc_column][vc_column width=\u00bb1\/3&#8243;][vc_column_text el_class=\u00bbcontacto\u00bb]\n<ul class=\"widget-box\">\n<li class='contacto-header'>Informaci\u00f3n de contacto<\/li><li><i class=\"fa fa-map-marker\"><\/i> Camino La Hornera, 37. Facultad de Econom\u00eda, Empresa y Turismo. Apartado 456. C\u00f3digo postal 38200. San Crist\u00f3bal de La Laguna. S\/C de Tenerife.<\/li><li><i class=\"fa fa-phone\"><\/i> (+34) 922 31 71 63<\/li><li><i class=\"fa fa-envelope\"><\/i>  <a href=mailto:seceet@ull.es>seceet@ull.es<\/a><\/li><li><i class=\"fa fa-calendar\"><\/i><a href=\"https:\/\/www.ull.es\/citaprevia\/\"> Cita previa<\/a><\/li><li><i class=\"fa fa-archive\"><\/i><a href=\"https:\/\/sede.ull.es\/ecivilis-site\/catalog\/showProcedure\/484\"> Procedimiento para quejas, sugerencias y felicitaciones<\/a><\/li>\n<\/ul>\n\n[\/vc_column_text][\/vc_column][\/vc_row][vc_row disable_element=\u00bbyes\u00bb][vc_column][vc_column_text]Acta de concesi\u00f3n del premio anual Jos\u00e9 Luis Moreno Becerra a los Trabajos Fin de Grado de los estudiantes de la Facultad de Econom\u00eda, Empresa y Turismo que hubieran sido presentados durante en cada uno de los cuatro Grados de Administraci\u00f3n y Direcci\u00f3n de Empresas (ADE), Contabilidad y Finanzas, Econom\u00eda y Turismo.[\/vc_column_text][\/vc_column][\/vc_row]<\/p>\n","protected":false},"excerpt":{"rendered":"<p>[vc_row full_width=\u00bbstretch_row_content_no_spaces\u00bb el_class=\u00bbSliderPortada\u00bb css=\u00bb.vc_custom_1745237111535{margin-top: -100px !important;}\u00bb][vc_column][rev_slider_vc alias=\u00bbportada\u00bb][\/vc_column][\/vc_row][vc_row full_width=\u00bbstretch_row_content_no_spaces\u00bb][vc_column][vc_custom_heading text=\u00bb\u00bb font_container=\u00bbtag:h2|text_align:center\u00bb google_fonts=\u00bbfont_family:Montserrat%3Aregular%2C700|font_style:700%20bold%20regular%3A700%3Anormal\u00bb css=\u00bb.vc_custom_1721221176088{padding-top: 15px !important;padding-bottom: 15px !important;background-color: #360060 !important;}\u00bb][\/vc_column][\/vc_row][vc_row css=\u00bb.vc_custom_1745233821598{margin-top: 50px !important;}\u00bb][vc_column width=\u00bb2\/3&#8243; el_class=\u00bbpadding-50-right\u00bb css=\u00bb.vc_custom_1494506721665{padding-right: 50px !important;}\u00bb][vc_column_text] Premio anual al mejor Trabajo Fin de Grado \u00abJos\u00e9 Luis Moreno Becerra\u00bb 2024 La Real Sociedad Econ\u00f3mica Amigos del Pa\u00eds de Tenerife, la Facultad de Econom\u00eda, Empresa y Turismo&#8230;<\/p>\n","protected":false},"author":10,"featured_media":0,"parent":0,"menu_order":0,"comment_status":"closed","ping_status":"closed","template":"templates\/template-frontpage.php","meta":[],"acf":[],"_links":{"self":[{"href":"https:\/\/www.ull.es\/centros\/facultad-de-economia-empresa-y-turismo\/wp-json\/wp\/v2\/pages\/574"}],"collection":[{"href":"https:\/\/www.ull.es\/centros\/facultad-de-economia-empresa-y-turismo\/wp-json\/wp\/v2\/pages"}],"about":[{"href":"https:\/\/www.ull.es\/centros\/facultad-de-economia-empresa-y-turismo\/wp-json\/wp\/v2\/types\/page"}],"author":[{"embeddable":true,"href":"https:\/\/www.ull.es\/centros\/facultad-de-economia-empresa-y-turismo\/wp-json\/wp\/v2\/users\/10"}],"replies":[{"embeddable":true,"href":"https:\/\/www.ull.es\/centros\/facultad-de-economia-empresa-y-turismo\/wp-json\/wp\/v2\/comments?post=574"}],"version-history":[{"count":24,"href":"https:\/\/www.ull.es\/centros\/facultad-de-economia-empresa-y-turismo\/wp-json\/wp\/v2\/pages\/574\/revisions"}],"predecessor-version":[{"id":1364,"href":"https:\/\/www.ull.es\/centros\/facultad-de-economia-empresa-y-turismo\/wp-json\/wp\/v2\/pages\/574\/revisions\/1364"}],"wp:attachment":[{"href":"https:\/\/www.ull.es\/centros\/facultad-de-economia-empresa-y-turismo\/wp-json\/wp\/v2\/media?parent=574"}],"curies":[{"name":"wp","href":"https:\/\/api.w.org\/{rel}","templated":true}]}}