{"id":779,"date":"2021-07-26T11:21:30","date_gmt":"2021-07-26T11:21:30","guid":{"rendered":"https:\/\/www.ull.es\/centros\/facultad-de-economia-empresa-y-turismo\/?page_id=779"},"modified":"2025-04-22T07:12:15","modified_gmt":"2025-04-22T07:12:15","slug":"reservas","status":"publish","type":"page","link":"https:\/\/www.ull.es\/centros\/facultad-de-economia-empresa-y-turismo\/espacios-y-servicios\/reservas\/","title":{"rendered":"Reservas"},"content":{"rendered":"<p>[vc_row full_width=\u00bbstretch_row_content_no_spaces\u00bb el_class=\u00bbSliderPortada\u00bb css=\u00bb.vc_custom_1745237111535{margin-top: -100px !important;}\u00bb][vc_column][rev_slider_vc alias=\u00bbportada\u00bb][\/vc_column][\/vc_row][vc_row full_width=\u00bbstretch_row_content_no_spaces\u00bb][vc_column][vc_custom_heading text=\u00bb\u00bb font_container=\u00bbtag:h2|text_align:center\u00bb google_fonts=\u00bbfont_family:Montserrat%3Aregular%2C700|font_style:700%20bold%20regular%3A700%3Anormal\u00bb css=\u00bb.vc_custom_1721221176088{padding-top: 15px !important;padding-bottom: 15px !important;background-color: #360060 !important;}\u00bb][\/vc_column][\/vc_row][vc_row css=\u00bb.vc_custom_1745233821598{margin-top: 50px !important;}\u00bb][vc_column width=\u00bb2\/3&#8243; el_class=\u00bbpadding-50-right\u00bb css=\u00bb.vc_custom_1494506721665{padding-right: 50px !important;}\u00bb][vc_column_text]<\/p>\n<h1>Reservas<\/h1>\n<p>[\/vc_column_text][vc_column_text]Cu\u00e9ntenos qu\u00e9 tipo de evento quiere celebrar y le asesoraremos, buscando para usted el entorno m\u00e1s adecuado.<\/p>\n<p>Todas nuestras aulas y salones de actos est\u00e1n dotados con videoproyector, pantallas, PC, sonido, micr\u00f3fonos de mano, solapa y craneales, enchufes para alumnado y para asistentes incorporados en butacas de salones, Webcam. Tres de nuestras aulas tienen adem\u00e1s polycom, tel\u00e9fono, doble webcam.<\/p>\n<p><strong>S\u00f3lo tiene que enviarnos un email a <a href=\"http:\/\/ismedina@ull.edu.es\" target=\"_blank\" rel=\"noopener\" target=\"_blank\" rel=\"noopener\">ismedina@ull.es <\/a><\/strong><strong>o llamarnos al 922317048 \u00f3 922317156.<\/strong><\/p>\n<p><strong>Tambi\u00e9n podr\u00e1 solicitar reserva rellenado el siguiente formulario a su disposici\u00f3n.<\/strong><\/p>\n<p><strong>Contactaremos con usted a la mayor brevedad.<\/strong>[\/vc_column_text][\/vc_column][\/vc_row][vc_row][vc_column][vc_empty_space][vc_btn title=\u00bbSolicite reserva\u00bb style=\u00bbcustom\u00bb custom_background=\u00bb#5c068c\u00bb custom_text=\u00bb#ffffff\u00bb size=\u00bblg\u00bb align=\u00bbcenter\u00bb link=\u00bburl:https%3A%2F%2Fforms.gle%2FMHY1BMrmfjm5FQN98|target:_blank\u00bb][\/vc_column][\/vc_row][vc_row][vc_column][vc_column_text]<\/p>\n<h4 style=\"text-align: center;\">36 aulas. 3 Salones de Actos. Biblioteca. Parking y zonas ajardinadas. Cafeter\u00eda.<\/h4>\n<h4 style=\"text-align: center;\">Accesos para movilidad reducida. Capacidad total 4230 asientos.<\/h4>\n<p>[\/vc_column_text][\/vc_column][\/vc_row][vc_row][vc_column][vc_empty_space][vc_empty_space][vc_column_text]<\/p>\n<h2 class=\"text-align-center\">Normativa de usos de cesi\u00f3n de espacios de la ULL<\/h2>\n<p>La cesi\u00f3n temporal de espacios de la Universidad de La Laguna podr\u00e1 realizarse a aquellas entidades p\u00fablicas o privadas que vayan a desarrollar actividades que encajen con la misi\u00f3n valores y objetivos de la ULL.<\/p>\n<p><strong>Entre otras, se podr\u00e1n autorizar las siguientes actividades:<\/strong><\/p>\n<ul>\n<li>Actividades acad\u00e9micas o extraacad\u00e9micas como formaci\u00f3n, jornadas, conferencias, cursos, charlas, congresos o similar.<\/li>\n<li>Realizaci\u00f3n de oposiciones o cualquier otro tipo de prueba selectiva por parte de administraciones p\u00fablicas.<\/li>\n<li>Reuniones o actividades sociales.<\/li>\n<li>Presentaciones p\u00fablicas de productos, excepto las relacionadas con tabaco, alcohol, bebidas energ\u00e9ticas o cualquier otro que pueda afectar a la salud de la comunidad universitaria.<\/li>\n<li>Grabaci\u00f3n de pel\u00edculas, documentales, anuncios publicitarios o cualquier otra actividad audiovisual que encaje con los valores propios de la Universidad de La Laguna.<\/li>\n<li>Realizaci\u00f3n de actividades cient\u00edficas o de investigaci\u00f3n que encajen con los valores recogidos en los Estatutos de la Universidad de La Laguna.<\/li>\n<li>Organizaci\u00f3n de actos p\u00fablicos como celebraci\u00f3n de orlas o similar.<\/li>\n<li>Organizaci\u00f3n de m\u00edtines pol\u00edticos.<\/li>\n<li>Actividades culturales y de ocio tales como conciertos, actividades teatrales y otras de naturaleza cultural.<\/li>\n<li>Todas aquellas que contribuyan a la mejora de la educaci\u00f3n y el crecimiento de la comunidad universitaria.<\/li>\n<\/ul>\n<p><strong>No podr\u00e1 cederse de manera temporal el patrimonio de la Universidad de La Laguna para actividades que se enmarquen en los siguientes \u00e1mbitos:<br \/>\n<\/strong><\/p>\n<ul>\n<li>Actividades militares, policiales, de car\u00e1cter b\u00e9lico o que vayan en contra de la cultura de la paz.<\/li>\n<li>Actividades religiosas o aquellas que cualquier tipo de ideolog\u00eda religiosa.<\/li>\n<li>Actividades que promuevan actitudes en contra de la libertad personal, sexual, cultural, religiosa, racial o ideol\u00f3gica.<\/li>\n<li>Actividades que promuevan actitudes xen\u00f3fobas o que fomenten el odio entre la comunidad universitaria.<\/li>\n<li>Todas aquellas que no contribuyan a la mejora de la educaci\u00f3n y el crecimiento de la comunidad universitaria.<\/li>\n<\/ul>\n<p>[\/vc_column_text][\/vc_column][\/vc_row]<\/p>\n","protected":false},"excerpt":{"rendered":"<p>[vc_row full_width=\u00bbstretch_row_content_no_spaces\u00bb el_class=\u00bbSliderPortada\u00bb css=\u00bb.vc_custom_1745237111535{margin-top: -100px !important;}\u00bb][vc_column][rev_slider_vc alias=\u00bbportada\u00bb][\/vc_column][\/vc_row][vc_row full_width=\u00bbstretch_row_content_no_spaces\u00bb][vc_column][vc_custom_heading text=\u00bb\u00bb font_container=\u00bbtag:h2|text_align:center\u00bb google_fonts=\u00bbfont_family:Montserrat%3Aregular%2C700|font_style:700%20bold%20regular%3A700%3Anormal\u00bb css=\u00bb.vc_custom_1721221176088{padding-top: 15px !important;padding-bottom: 15px !important;background-color: #360060 !important;}\u00bb][\/vc_column][\/vc_row][vc_row css=\u00bb.vc_custom_1745233821598{margin-top: 50px !important;}\u00bb][vc_column width=\u00bb2\/3&#8243; el_class=\u00bbpadding-50-right\u00bb css=\u00bb.vc_custom_1494506721665{padding-right: 50px !important;}\u00bb][vc_column_text] Reservas [\/vc_column_text][vc_column_text]Cu\u00e9ntenos qu\u00e9 tipo de evento quiere celebrar y le asesoraremos, buscando para usted el entorno m\u00e1s adecuado. Todas nuestras aulas y salones de actos est\u00e1n dotados con videoproyector,&#8230;<\/p>\n","protected":false},"author":35,"featured_media":0,"parent":851,"menu_order":0,"comment_status":"closed","ping_status":"closed","template":"templates\/template-frontpage.php","meta":[],"acf":[],"_links":{"self":[{"href":"https:\/\/www.ull.es\/centros\/facultad-de-economia-empresa-y-turismo\/wp-json\/wp\/v2\/pages\/779"}],"collection":[{"href":"https:\/\/www.ull.es\/centros\/facultad-de-economia-empresa-y-turismo\/wp-json\/wp\/v2\/pages"}],"about":[{"href":"https:\/\/www.ull.es\/centros\/facultad-de-economia-empresa-y-turismo\/wp-json\/wp\/v2\/types\/page"}],"author":[{"embeddable":true,"href":"https:\/\/www.ull.es\/centros\/facultad-de-economia-empresa-y-turismo\/wp-json\/wp\/v2\/users\/35"}],"replies":[{"embeddable":true,"href":"https:\/\/www.ull.es\/centros\/facultad-de-economia-empresa-y-turismo\/wp-json\/wp\/v2\/comments?post=779"}],"version-history":[{"count":27,"href":"https:\/\/www.ull.es\/centros\/facultad-de-economia-empresa-y-turismo\/wp-json\/wp\/v2\/pages\/779\/revisions"}],"predecessor-version":[{"id":1354,"href":"https:\/\/www.ull.es\/centros\/facultad-de-economia-empresa-y-turismo\/wp-json\/wp\/v2\/pages\/779\/revisions\/1354"}],"up":[{"embeddable":true,"href":"https:\/\/www.ull.es\/centros\/facultad-de-economia-empresa-y-turismo\/wp-json\/wp\/v2\/pages\/851"}],"wp:attachment":[{"href":"https:\/\/www.ull.es\/centros\/facultad-de-economia-empresa-y-turismo\/wp-json\/wp\/v2\/media?parent=779"}],"curies":[{"name":"wp","href":"https:\/\/api.w.org\/{rel}","templated":true}]}}