{"id":951,"date":"2023-05-02T13:26:55","date_gmt":"2023-05-02T13:26:55","guid":{"rendered":"https:\/\/www.ull.es\/centros\/facultad-de-economia-empresa-y-turismo\/?page_id=951"},"modified":"2025-04-22T07:11:34","modified_gmt":"2025-04-22T07:11:34","slug":"igualdad","status":"publish","type":"page","link":"https:\/\/www.ull.es\/centros\/facultad-de-economia-empresa-y-turismo\/igualdad\/","title":{"rendered":"Igualdad"},"content":{"rendered":"<p>[vc_row full_width=\u00bbstretch_row_content_no_spaces\u00bb el_class=\u00bbSliderPortada\u00bb css=\u00bb.vc_custom_1745237111535{margin-top: -100px !important;}\u00bb][vc_column][rev_slider_vc alias=\u00bbportada\u00bb][\/vc_column][\/vc_row][vc_row full_width=\u00bbstretch_row_content_no_spaces\u00bb][vc_column][vc_custom_heading text=\u00bb\u00bb font_container=\u00bbtag:h2|text_align:center\u00bb google_fonts=\u00bbfont_family:Montserrat%3Aregular%2C700|font_style:700%20bold%20regular%3A700%3Anormal\u00bb css=\u00bb.vc_custom_1721221176088{padding-top: 15px !important;padding-bottom: 15px !important;background-color: #360060 !important;}\u00bb][\/vc_column][\/vc_row][vc_row css=\u00bb.vc_custom_1745233821598{margin-top: 50px !important;}\u00bb][vc_column width=\u00bb2\/3&#8243; el_class=\u00bbpadding-50-right\u00bb css=\u00bb.vc_custom_1494506721665{padding-right: 50px !important;}\u00bb][vc_column_text]<\/p>\n<h1>Igualdad<\/h1>\n<p>[\/vc_column_text][vc_empty_space][\/vc_column][\/vc_row][vc_row][vc_column width=\u00bb2\/3&#8243;][vc_column_text]<\/p>\n<div>La Facultad de Econom\u00eda, Empresa y Turismo est\u00e1 comprometida con el Objetivo 5 de la Agenda 2030 para el desarrollo sostenible \u00abODS5. Lograr la igualdad entre los g\u00e9neros y empoderar a todas las mujeres y las ni\u00f1as\u00bb.\u00a0Es la \u00fanica facultad que dispone de un Vicedecanato de Igualdad desde donde se abordan diferentes acciones en pro del ODS 5, siendo pionera en la Universidad de La Laguna en este aspecto. En particular, desde el a\u00f1o 2020, la Comisi\u00f3n de Igualdad de la FEET organiza las Jornadas de la Mujer y la Econom\u00eda, que ya cuentan con 3 ediciones, planteadas con los siguientes objetivos:<\/div>\n<ul>\n<li>Visibilizar a las mujeres economistas de la historia y a las profesionales de nuestra actualidad.<\/li>\n<li>Diversificar e incrementar el n\u00famero de referentes femeninos con los que cuentan nuestro profesorado y alumnado.<\/li>\n<li>Familiarizarnos con los conceptos vinculados a la Igualdad de G\u00e9nero y fomentar la reflexi\u00f3n en base a las cifras y estad\u00edsticas que visibilizan la posici\u00f3n de la mujer en distintos\u00a0\u00e1mbitos, a todos los niveles.<\/li>\n<li>Favorecer el debate argumentado sobre las causas y consecuencias de la desigualdad de g\u00e9nero.<\/li>\n<\/ul>\n<div>Para m\u00e1s informaci\u00f3n sobre esta y otras acciones de Igualdad de G\u00e9nero de la Facultad de Econom\u00eda, Empresa y Turismo acceder a la siguiente <a href=\"https:\/\/wp.ull.es\/vicmovi\/igualdad\/\" target=\"_blank\" rel=\"noopener\" target=\"_blank\" rel=\"noopener\">p\u00e1gina.<\/a><\/div>\n<div><\/div>\n<p>[\/vc_column_text][\/vc_column][vc_column width=\u00bb1\/3&#8243;][vc_single_image image=\u00bb952&#8243; img_size=\u00bbfull\u00bb][\/vc_column][\/vc_row]<\/p>\n","protected":false},"excerpt":{"rendered":"<p>[vc_row full_width=\u00bbstretch_row_content_no_spaces\u00bb el_class=\u00bbSliderPortada\u00bb css=\u00bb.vc_custom_1745237111535{margin-top: -100px !important;}\u00bb][vc_column][rev_slider_vc alias=\u00bbportada\u00bb][\/vc_column][\/vc_row][vc_row full_width=\u00bbstretch_row_content_no_spaces\u00bb][vc_column][vc_custom_heading text=\u00bb\u00bb font_container=\u00bbtag:h2|text_align:center\u00bb google_fonts=\u00bbfont_family:Montserrat%3Aregular%2C700|font_style:700%20bold%20regular%3A700%3Anormal\u00bb css=\u00bb.vc_custom_1721221176088{padding-top: 15px !important;padding-bottom: 15px !important;background-color: #360060 !important;}\u00bb][\/vc_column][\/vc_row][vc_row css=\u00bb.vc_custom_1745233821598{margin-top: 50px !important;}\u00bb][vc_column width=\u00bb2\/3&#8243; el_class=\u00bbpadding-50-right\u00bb css=\u00bb.vc_custom_1494506721665{padding-right: 50px !important;}\u00bb][vc_column_text] Igualdad [\/vc_column_text][vc_empty_space][\/vc_column][\/vc_row][vc_row][vc_column width=\u00bb2\/3&#8243;][vc_column_text] La Facultad de Econom\u00eda, Empresa y Turismo est\u00e1 comprometida con el Objetivo 5 de la Agenda 2030 para el desarrollo sostenible \u00abODS5. Lograr la igualdad entre&#8230;<\/p>\n","protected":false},"author":35,"featured_media":0,"parent":0,"menu_order":0,"comment_status":"closed","ping_status":"closed","template":"templates\/template-frontpage.php","meta":[],"acf":[],"_links":{"self":[{"href":"https:\/\/www.ull.es\/centros\/facultad-de-economia-empresa-y-turismo\/wp-json\/wp\/v2\/pages\/951"}],"collection":[{"href":"https:\/\/www.ull.es\/centros\/facultad-de-economia-empresa-y-turismo\/wp-json\/wp\/v2\/pages"}],"about":[{"href":"https:\/\/www.ull.es\/centros\/facultad-de-economia-empresa-y-turismo\/wp-json\/wp\/v2\/types\/page"}],"author":[{"embeddable":true,"href":"https:\/\/www.ull.es\/centros\/facultad-de-economia-empresa-y-turismo\/wp-json\/wp\/v2\/users\/35"}],"replies":[{"embeddable":true,"href":"https:\/\/www.ull.es\/centros\/facultad-de-economia-empresa-y-turismo\/wp-json\/wp\/v2\/comments?post=951"}],"version-history":[{"count":3,"href":"https:\/\/www.ull.es\/centros\/facultad-de-economia-empresa-y-turismo\/wp-json\/wp\/v2\/pages\/951\/revisions"}],"predecessor-version":[{"id":1353,"href":"https:\/\/www.ull.es\/centros\/facultad-de-economia-empresa-y-turismo\/wp-json\/wp\/v2\/pages\/951\/revisions\/1353"}],"wp:attachment":[{"href":"https:\/\/www.ull.es\/centros\/facultad-de-economia-empresa-y-turismo\/wp-json\/wp\/v2\/media?parent=951"}],"curies":[{"name":"wp","href":"https:\/\/api.w.org\/{rel}","templated":true}]}}