{"id":161,"date":"2017-11-16T11:08:18","date_gmt":"2017-11-16T11:08:18","guid":{"rendered":"http:\/\/www.ull.es\/centros\/escuela-superior-de-ingenieria-y-tecnologia\/?page_id=161"},"modified":"2025-11-20T12:25:36","modified_gmt":"2025-11-20T12:25:36","slug":"programas-de-movilidad","status":"publish","type":"page","link":"https:\/\/www.ull.es\/centros\/facultad-de-enfermeria\/docencia\/programas-de-movilidad\/","title":{"rendered":"Programas de movilidad"},"content":{"rendered":"<p>[vc_row full_width=\u00bbstretch_row_content_no_spaces\u00bb el_class=\u00bbSliderPortada\u00bb css=\u00bb.vc_custom_1745237111535{margin-top: -100px !important;}\u00bb][vc_column][rev_slider_vc alias=\u00bbportada\u00bb][\/vc_column][\/vc_row][vc_row full_width=\u00bbstretch_row_content_no_spaces\u00bb][vc_column][vc_custom_heading text=\u00bb\u00bb font_container=\u00bbtag:h2|text_align:center\u00bb google_fonts=\u00bbfont_family:Montserrat%3Aregular%2C700|font_style:700%20bold%20regular%3A700%3Anormal\u00bb css=\u00bb.vc_custom_1721221176088{padding-top: 15px !important;padding-bottom: 15px !important;background-color: #360060 !important;}\u00bb][\/vc_column][\/vc_row][vc_row][vc_column][vc_column_text]<\/p>\n<p>[\/vc_column_text][\/vc_column][\/vc_row][vc_row css=\u00bb.vc_custom_1731578057149{margin-top: 50px !important;}\u00bb][vc_column width=\u00bb2\/3&#8243; el_class=\u00bbpadding-50-right\u00bb css=\u00bb.vc_custom_1494506721665{padding-right: 50px !important;}\u00bb][vc_column_text]<\/p>\n<h1>Programas de movilidad<\/h1>\n<h2>Facultad de Enfermer\u00eda<\/h2>\n<p>[\/vc_column_text][vc_tta_accordion shape=\u00bbsquare\u00bb c_icon=\u00bbchevron\u00bb c_position=\u00bbright\u00bb active_section=\u00bb\u00bb no_fill=\u00bbtrue\u00bb collapsible_all=\u00bbtrue\u00bb][vc_tta_section title=\u00bbMovilidad nacional\u00bb tab_id=\u00bbmovilidad-nacional\u00bb][vc_column_text]<\/p>\n<h3>Programa SICUE\/S\u00c9NECA<\/h3>\n<p>El Sistema de Intercambio entre Centros Universitarios Espa\u00f1oles (SICUE) permite a los estudiantes de las universidades espa\u00f1olas realizar una parte de sus estudios en otra universidad, con garant\u00edas de reconocimiento acad\u00e9mico y de aprovechamiento, as\u00ed como de adecuaci\u00f3n a su perfil curricular. Este programa tiene en cuenta el valor formativo del intercambio, al hacer posible que el estudiante experimente sistemas docentes distintos, incluidos el r\u00e9gimen de pr\u00e1cticas, as\u00ed como los distintos aspectos sociales y culturales de otras Autonom\u00edas.<\/p>\n<p>Se establecer\u00e1n Acuerdos Bilaterales entre las distintas Universidades para determinar los centros, titulaciones, oferta de plazas y duraci\u00f3n del intercambio. La movilidad del estudiante se basar\u00e1 en el Acuerdo Acad\u00e9mico. Este documento describir\u00e1 la actividad a realizar en el Centro de destino que ser\u00e1 reconocido autom\u00e1ticamente por el Centro de origen.<\/p>\n<p>La estancia en la Universidad de destino tendr\u00e1 una duraci\u00f3n de 5 a 9 meses.<\/p>\n<p>Para poder optar a una plaza SICUE, los alumnos de ense\u00f1anzas de Grado deben tener superados en su universidad de origen 60 cr\u00e9ditos y estar matriculados en 30 cr\u00e9ditos m\u00e1s. La selecci\u00f3n de candidatos para participar en los intercambios se har\u00e1 valorando los aspectos acad\u00e9micos y en la justificaci\u00f3n e inter\u00e9s de la propuesta de movilidad. La selecci\u00f3n de los estudiantees comprender\u00e1 dos apartados diferentes: 1) Nota media de calificaci\u00f3n y 2) Memoria justificativa.<\/p>\n<ul>\n<li><a href=\"https:\/\/www.ull.es\/portal\/convocatorias\/categorias\/sicue\/\" target=\"_blank\" rel=\"noopener\">Acceso a las convocatorias de movilidad SICUE<\/a><\/li>\n<\/ul>\n<p>[\/vc_column_text][\/vc_tta_section][vc_tta_section title=\u00bbMovilidad internacional\u00bb tab_id=\u00bbmovilidad-internacional\u00bb][vc_column_text]<strong>Convocatoria Erasmus + (Enfermer\u00eda). Curso 2025-2026<\/strong><\/p>\n<ul>\n<li><a href=\"https:\/\/drive.google.com\/file\/d\/1ioFKjxBw5hIZvh7rEE2pC9Ulc1yyIwgK\/view?usp=sharing\" target=\"_blank\" rel=\"noopener\" target=\"_blank\" rel=\"noopener\">Lista provisional de admitidos y excluidos al procedimiento de Erasmus+ Estudios<\/a><\/li>\n<li><a href=\"https:\/\/drive.google.com\/file\/d\/1AE6PykTha336MvoiJqd0PiVmhCdB3PQf\/view?usp=sharing\" target=\"_blank\" rel=\"noopener\" target=\"_blank\" rel=\"noopener\">Listado definitivo de personas admitidas y excluidas al procedimiento de Erasmus+ Estudios<\/a><\/li>\n<li><a href=\"https:\/\/drive.google.com\/file\/d\/1TEvuBwDdDHo_ua31qOfQaFwC8kNNgVMz\/view?usp=sharing\" target=\"_blank\" rel=\"noopener\" target=\"_blank\" rel=\"noopener\">Listado provisional de adjudicaci\u00f3n de plazas y lista de espera Erasmus + Estudios<\/a><\/li>\n<li><a href=\"https:\/\/drive.google.com\/file\/d\/1VyBtwMMSU8U-3DpAyUEYdAuUnVkVrCJ9\/view?usp=sharing\" target=\"_blank\" rel=\"noopener\" target=\"_blank\" rel=\"noopener\">Listado definitivo de adjudicaci\u00f3n de plazas y lista de espera Erasmus + Estudios<\/a><\/li>\n<\/ul>\n<p><strong>Convocatoria Erasmus + (Enfermer\u00eda). Curso 2024-2025<\/strong><\/p>\n<ul>\n<li><a href=\"https:\/\/drive.google.com\/file\/d\/1UbU-Bj4JxWs7rOxuyWbxZVOCovdyoaxZ\/view?usp=sharing\" target=\"_blank\" rel=\"noopener\" target=\"_blank\" rel=\"noopener\">Listado definitivo admisi\u00f3n y exclusi\u00f3n Erasmus + Estudios<\/a><\/li>\n<li><a href=\"https:\/\/drive.google.com\/file\/d\/1WoFqxL9R2BOhSHk8Wd3gOzPuooug7fRL\/view?usp=sharing\" target=\"_blank\" rel=\"noopener\" target=\"_blank\" rel=\"noopener\">Lista provisional de admitidos y excluidos al procedimiento de Erasmus+ Estudios<\/a><\/li>\n<li><a href=\"https:\/\/drive.google.com\/file\/d\/1XgyeqKF3D1qOvFmFzyxMawHlYiAA7JUf\/view?usp=sharing\" target=\"_blank\" rel=\"noopener\" target=\"_blank\" rel=\"noopener\">Listado provisional Preselecci\u00f3n Erasmus + Estudios<\/a><\/li>\n<li><a href=\"https:\/\/drive.google.com\/file\/d\/10y23tiaOSliDLLmrzHOXVGzcmVUZGPpN\/view?usp=sharing\" target=\"_blank\" rel=\"noopener\" target=\"_blank\" rel=\"noopener\">Listado definitivo Preselecci\u00f3n Erasmus+ Estudios<\/a><\/li>\n<\/ul>\n<ul>\n<li><a href=\"https:\/\/www.ull.es\/portal\/convocatorias\/categorias\/erasmus\/\" target=\"_blank\" rel=\"noopener\">Acceso a las convocatorias Erasmus<\/a><\/li>\n<\/ul>\n<p>[\/vc_column_text][\/vc_tta_section][vc_tta_section title=\u00bbCoordinaci\u00f3n de movilidad\u00bb tab_id=\u00bbcoordinacion-movilidad\u00bb][vc_column_text]<\/p>\n<h2>Movilidad Internacional<\/h2>\n<p><strong>Coordinador Grado en Enfermer\u00eda\u00a0<\/strong><\/p>\n<ul>\n<li>Mar\u00eda Mercedes Arias Hern\u00e1ndez, <a href=\"mailto:erasenf@ull.edu.es\" target=\"_blank\" rel=\"noopener\" target=\"_blank\" rel=\"noopener\">erasenf@ull.es<\/a><\/li>\n<\/ul>\n<p><a href=\"https:\/\/www.ull.es\/centros\/facultad-de-enfermeria\/informacion-general\/junta-de-facultad-y-comisiones\/\" target=\"_blank\" rel=\"noopener\">Comisi\u00f3nes de Movilidad Nacional e Internacional de la EUEF<\/a><\/p>\n<h2>Coordinaci\u00f3n de Becas SICUE<\/h2>\n<p><strong>Coordinador para Grado en Enfermer\u00eda<\/strong><\/p>\n<ul>\n<li>Mar\u00eda Mercedes Arias Hern\u00e1ndez, <a href=\"mailto:erasenf@ull.edu.es\" target=\"_blank\" rel=\"noopener\" target=\"_blank\" rel=\"noopener\">erasenf@ull.es<\/a><\/li>\n<\/ul>\n<p>[\/vc_column_text][\/vc_tta_section][\/vc_tta_accordion][\/vc_column][vc_column width=\u00bb1\/3&#8243;][vc_column_text el_class=\u00bbcontacto\u00bb]\n<ul class=\"widget-box\">\n<li class='contacto-header'>Informaci\u00f3n de contacto<\/li><li><i class=\"fa fa-map-marker\"><\/i> C\/ Sta. Mar\u00eda Soledad, s\/n 38200, San Crist\u00f3bal de La Laguna, S\/C de Tenerife<\/li><li><i class=\"fa fa-phone\"><\/i> (+34) 922 31 96 29<\/li><li><i class=\"fa fa-envelope\"><\/i>  <a href=mailto:fcssecre@ull.es>fcssecre@ull.es<\/a><\/li>\n<\/ul>\n\n[\/vc_column_text][\/vc_column][\/vc_row]<\/p>\n","protected":false},"excerpt":{"rendered":"<p>[vc_row full_width=\u00bbstretch_row_content_no_spaces\u00bb el_class=\u00bbSliderPortada\u00bb css=\u00bb.vc_custom_1745237111535{margin-top: -100px !important;}\u00bb][vc_column][rev_slider_vc alias=\u00bbportada\u00bb][\/vc_column][\/vc_row][vc_row full_width=\u00bbstretch_row_content_no_spaces\u00bb][vc_column][vc_custom_heading text=\u00bb\u00bb font_container=\u00bbtag:h2|text_align:center\u00bb google_fonts=\u00bbfont_family:Montserrat%3Aregular%2C700|font_style:700%20bold%20regular%3A700%3Anormal\u00bb css=\u00bb.vc_custom_1721221176088{padding-top: 15px !important;padding-bottom: 15px !important;background-color: #360060 !important;}\u00bb][\/vc_column][\/vc_row][vc_row][vc_column][vc_column_text] [\/vc_column_text][\/vc_column][\/vc_row][vc_row css=\u00bb.vc_custom_1731578057149{margin-top: 50px !important;}\u00bb][vc_column width=\u00bb2\/3&#8243; el_class=\u00bbpadding-50-right\u00bb css=\u00bb.vc_custom_1494506721665{padding-right: 50px !important;}\u00bb][vc_column_text] Programas de movilidad Facultad de Enfermer\u00eda [\/vc_column_text][vc_tta_accordion shape=\u00bbsquare\u00bb c_icon=\u00bbchevron\u00bb c_position=\u00bbright\u00bb active_section=\u00bb\u00bb no_fill=\u00bbtrue\u00bb collapsible_all=\u00bbtrue\u00bb][vc_tta_section title=\u00bbMovilidad nacional\u00bb tab_id=\u00bbmovilidad-nacional\u00bb][vc_column_text] Programa SICUE\/S\u00c9NECA El Sistema de Intercambio entre Centros Universitarios Espa\u00f1oles (SICUE) permite&#8230;<\/p>\n","protected":false},"author":1,"featured_media":0,"parent":52,"menu_order":0,"comment_status":"closed","ping_status":"closed","template":"templates\/template-frontpage.php","meta":[],"acf":[],"_links":{"self":[{"href":"https:\/\/www.ull.es\/centros\/facultad-de-enfermeria\/wp-json\/wp\/v2\/pages\/161"}],"collection":[{"href":"https:\/\/www.ull.es\/centros\/facultad-de-enfermeria\/wp-json\/wp\/v2\/pages"}],"about":[{"href":"https:\/\/www.ull.es\/centros\/facultad-de-enfermeria\/wp-json\/wp\/v2\/types\/page"}],"author":[{"embeddable":true,"href":"https:\/\/www.ull.es\/centros\/facultad-de-enfermeria\/wp-json\/wp\/v2\/users\/1"}],"replies":[{"embeddable":true,"href":"https:\/\/www.ull.es\/centros\/facultad-de-enfermeria\/wp-json\/wp\/v2\/comments?post=161"}],"version-history":[{"count":33,"href":"https:\/\/www.ull.es\/centros\/facultad-de-enfermeria\/wp-json\/wp\/v2\/pages\/161\/revisions"}],"predecessor-version":[{"id":946,"href":"https:\/\/www.ull.es\/centros\/facultad-de-enfermeria\/wp-json\/wp\/v2\/pages\/161\/revisions\/946"}],"up":[{"embeddable":true,"href":"https:\/\/www.ull.es\/centros\/facultad-de-enfermeria\/wp-json\/wp\/v2\/pages\/52"}],"wp:attachment":[{"href":"https:\/\/www.ull.es\/centros\/facultad-de-enfermeria\/wp-json\/wp\/v2\/media?parent=161"}],"curies":[{"name":"wp","href":"https:\/\/api.w.org\/{rel}","templated":true}]}}