{"id":40,"date":"2017-11-14T14:10:37","date_gmt":"2017-11-14T14:10:37","guid":{"rendered":"http:\/\/www.ull.es\/centros\/escuela-superior-de-ingenieria-y-tecnologia\/?page_id=40"},"modified":"2025-07-16T12:08:39","modified_gmt":"2025-07-16T12:08:39","slug":"informacion-general","status":"publish","type":"page","link":"https:\/\/www.ull.es\/centros\/facultad-de-enfermeria\/informacion-general\/","title":{"rendered":"Informaci\u00f3n general"},"content":{"rendered":"<p>[vc_row full_width=\u00bbstretch_row_content_no_spaces\u00bb el_class=\u00bbSliderPortada\u00bb css=\u00bb.vc_custom_1745237111535{margin-top: -100px !important;}\u00bb][vc_column][rev_slider_vc alias=\u00bbportada\u00bb][\/vc_column][\/vc_row][vc_row full_width=\u00bbstretch_row_content_no_spaces\u00bb][vc_column][vc_custom_heading text=\u00bb\u00bb font_container=\u00bbtag:h2|text_align:center\u00bb google_fonts=\u00bbfont_family:Montserrat%3Aregular%2C700|font_style:700%20bold%20regular%3A700%3Anormal\u00bb css=\u00bb.vc_custom_1721221176088{padding-top: 15px !important;padding-bottom: 15px !important;background-color: #360060 !important;}\u00bb][\/vc_column][\/vc_row]<\/p>\n<p>[vc_row css=\u00bb.vc_custom_1731578057149{margin-top: 50px !important;}\u00bb][vc_column width=\u00bb2\/3&#8243; el_class=\u00bbpadding-50-right\u00bb css=\u00bb.vc_custom_1494506721665{padding-right: 50px !important;}\u00bb][vc_column_text]<\/p>\n<h1>Presentaci\u00f3n<\/h1>\n<div class=\"shortcode-descripcion\">\n    <p>La Facultad de Enfermer\u00eda es el\r\n\u00f3rgano encargado de la organizaci\u00f3n de las ense\u00f1anzas y los procesos acad\u00e9micos, administrativos y de gesti\u00f3n conducentes a la obtenci\u00f3n del T\u00edtulo del Grado en Enfermer\u00eda de car\u00e1cter oficial y validez en todo el territorio nacional que se impartan en ella y dem\u00e1s t\u00edtulos que establezca la legislaci\u00f3n vigente<\/p><\/div>\n\n[\/vc_column_text][vc_column_text el_id=\u00bborganigrama\u00bb]<\/p>\n<h1>Organigrama<\/h1>\n<p>[\/vc_column_text][vc_column_text]\n<style>\n    .shortcode-equipo h2 {\n        margin-bottom: 10px !important;\n    }\n<\/style>\n\n<div class=\"shortcode-equipo\">\n    <h2>Equipo de direcci\u00f3n<\/h2><dl><dt><strong>Decano en funciones<\/strong><\/dt><dd> <a href='https:\/\/www.ull.es\/directorio\/search\/?busqueda=Alfonso Miguel Garc\u00eda Hern\u00e1ndez' target='_blank'>Alfonso Miguel Garc\u00eda Hern\u00e1ndez<\/a><\/dd><dt><strong>Secretario en funciones<\/strong><\/dt><dd> <a href='https:\/\/www.ull.es\/directorio\/search\/?busqueda=Pedro Ruym\u00e1n Brito Brito' target='_blank'>Pedro Ruym\u00e1n Brito Brito<\/a><\/dd><dt><strong>Vicedecana en funciones<\/strong><\/dt><dd> <a href='https:\/\/www.ull.es\/directorio\/search\/?busqueda=Mar\u00eda Mercedes Arias Hern\u00e1ndez' target='_blank'>Mar\u00eda Mercedes Arias Hern\u00e1ndez<\/a><\/dd><\/dl><h2>Personal de administraci\u00f3n<\/h2><dl><\/dl>\n<\/div>\n[\/vc_column_text][vc_separator css=\u00bb.vc_custom_1513002225227{margin-top: 50px !important;margin-bottom: 50px !important;}\u00bb][vc_column_text]<\/p>\n<h3>Informaci\u00f3n adicional<\/h3>\n<p>[\/vc_column_text][vc_column_text]<strong>Porter\u00eda de la Facultad de Enfermer\u00eda<\/strong><\/p>\n<ul>\n<li><i class=\"fa fa-map-marker\"><\/i> C\/ Sta. Mar\u00eda Soledad, s\/n. Facultad de Ciencias de la Salud. Apartado 456. C\u00f3digo postal 38200. San Crist\u00f3bal de La Laguna. S\/C de Tenerife<\/li>\n<li><i class=\"fa fa-phone\"><\/i> (+34) 922 31 92 89<\/li>\n<\/ul>\n<p>[\/vc_column_text][\/vc_column][vc_column width=\u00bb1\/3&#8243;][vc_column_text]<a class=\"btn-destacado\" href=\"#\" target=\"_blank\" rel=\"noopener noreferrer\" target=\"_blank\" rel=\"noopener\">Consultar normativa de la facultad<i class=\"fa fa-arrow-right\"><\/i><\/a>[\/vc_column_text][vc_column_text]<a class=\"btn-destacado\" href=\"#\" rel=\"noopener\" target=\"_blank\" rel=\"noopener\">Consultar junta de facultad y comisiones <i class=\"fa fa-arrow-right\"><\/i><\/a>[\/vc_column_text][vc_column_text el_class=\u00bbcontacto\u00bb]\n<ul class=\"widget-box\">\n<li class='contacto-header'>Informaci\u00f3n de contacto<\/li><li><i class=\"fa fa-map-marker\"><\/i> C\/ Sta. Mar\u00eda Soledad, s\/n 38200, San Crist\u00f3bal de La Laguna, S\/C de Tenerife<\/li><li><i class=\"fa fa-phone\"><\/i> (+34) 922 31 96 29<\/li><li><i class=\"fa fa-envelope\"><\/i>  <a href=mailto:fcssecre@ull.es>fcssecre@ull.es<\/a><\/li>\n<\/ul>\n\n[\/vc_column_text][vc_column_text el_id=\u00bbubicacion\u00bb]\n    \n<style>\n    .google-maps {\n        position: relative;\n        padding-bottom: 75%;\n        height: 0;\n        overflow: hidden;\n    }\n    .google-maps iframe {\n        position: absolute;\n        top: 0;\n        left: 0;\n        width: 100% !important;\n        height: 100% !important;\n    }\n<\/style>\n\n\n<div class=\"google-maps\">\n    <iframe src=\"https:\/\/www.openstreetmap.org\/export\/embed.html?bbox=-16.293866356224%2C28.451388337536%2C-16.287722546634%2C28.457200559816&amp;layer=mapnik&amp;marker=28.455571293275874%2C-16.291040182113647\" style=\"border: 1px solid black\"><\/iframe>\n<\/div>\n\n<div class=\"btn-widget\">\n    <a href=\"https:\/\/www.openstreetmap.org\/directions?engine=graphhopper_car&from=&to=28.455571293275874%2C-16.291040182113647#map=17\/28.455571293275874\/-16.291040182113647\">C\u00f3mo llegar<\/a>  \n<\/div>\n\n  <\/body>\n<\/html>\n\n[\/vc_column_text][\/vc_column][\/vc_row]<\/p>\n","protected":false},"excerpt":{"rendered":"<p>[vc_row full_width=\u00bbstretch_row_content_no_spaces\u00bb el_class=\u00bbSliderPortada\u00bb css=\u00bb.vc_custom_1745237111535{margin-top: -100px !important;}\u00bb][vc_column][rev_slider_vc alias=\u00bbportada\u00bb][\/vc_column][\/vc_row][vc_row full_width=\u00bbstretch_row_content_no_spaces\u00bb][vc_column][vc_custom_heading text=\u00bb\u00bb font_container=\u00bbtag:h2|text_align:center\u00bb google_fonts=\u00bbfont_family:Montserrat%3Aregular%2C700|font_style:700%20bold%20regular%3A700%3Anormal\u00bb css=\u00bb.vc_custom_1721221176088{padding-top: 15px !important;padding-bottom: 15px !important;background-color: #360060 !important;}\u00bb][\/vc_column][\/vc_row] [vc_row css=\u00bb.vc_custom_1731578057149{margin-top: 50px !important;}\u00bb][vc_column width=\u00bb2\/3&#8243; el_class=\u00bbpadding-50-right\u00bb css=\u00bb.vc_custom_1494506721665{padding-right: 50px !important;}\u00bb][vc_column_text] Presentaci\u00f3n [\/vc_column_text][vc_column_text el_id=\u00bborganigrama\u00bb] Organigrama [\/vc_column_text][vc_column_text][\/vc_column_text][vc_separator css=\u00bb.vc_custom_1513002225227{margin-top: 50px !important;margin-bottom: 50px !important;}\u00bb][vc_column_text] Informaci\u00f3n adicional [\/vc_column_text][vc_column_text]Porter\u00eda de la Facultad de Enfermer\u00eda C\/ Sta. Mar\u00eda Soledad, s\/n. Facultad de Ciencias de la&#8230;<\/p>\n","protected":false},"author":1,"featured_media":0,"parent":0,"menu_order":0,"comment_status":"closed","ping_status":"closed","template":"templates\/template-frontpage.php","meta":[],"acf":[],"_links":{"self":[{"href":"https:\/\/www.ull.es\/centros\/facultad-de-enfermeria\/wp-json\/wp\/v2\/pages\/40"}],"collection":[{"href":"https:\/\/www.ull.es\/centros\/facultad-de-enfermeria\/wp-json\/wp\/v2\/pages"}],"about":[{"href":"https:\/\/www.ull.es\/centros\/facultad-de-enfermeria\/wp-json\/wp\/v2\/types\/page"}],"author":[{"embeddable":true,"href":"https:\/\/www.ull.es\/centros\/facultad-de-enfermeria\/wp-json\/wp\/v2\/users\/1"}],"replies":[{"embeddable":true,"href":"https:\/\/www.ull.es\/centros\/facultad-de-enfermeria\/wp-json\/wp\/v2\/comments?post=40"}],"version-history":[{"count":37,"href":"https:\/\/www.ull.es\/centros\/facultad-de-enfermeria\/wp-json\/wp\/v2\/pages\/40\/revisions"}],"predecessor-version":[{"id":933,"href":"https:\/\/www.ull.es\/centros\/facultad-de-enfermeria\/wp-json\/wp\/v2\/pages\/40\/revisions\/933"}],"wp:attachment":[{"href":"https:\/\/www.ull.es\/centros\/facultad-de-enfermeria\/wp-json\/wp\/v2\/media?parent=40"}],"curies":[{"name":"wp","href":"https:\/\/api.w.org\/{rel}","templated":true}]}}