{"id":920,"date":"2025-06-12T14:11:52","date_gmt":"2025-06-12T14:11:52","guid":{"rendered":"https:\/\/www.ull.es\/centros\/facultad-de-enfermeria\/?page_id=920"},"modified":"2025-07-24T08:02:52","modified_gmt":"2025-07-24T08:02:52","slug":"elecciones-de-la-junta-de-la-facultad","status":"publish","type":"page","link":"https:\/\/www.ull.es\/centros\/facultad-de-enfermeria\/elecciones-de-la-junta-de-la-facultad\/","title":{"rendered":"Elecciones de la Junta de la Facultad"},"content":{"rendered":"<p>[vc_row full_width=\u00bbstretch_row_content_no_spaces\u00bb el_class=\u00bbSliderPortada\u00bb css=\u00bb.vc_custom_1745237111535{margin-top: -100px !important;}\u00bb][vc_column][rev_slider_vc alias=\u00bbportada\u00bb][\/vc_column][\/vc_row][vc_row full_width=\u00bbstretch_row_content_no_spaces\u00bb][vc_column][vc_custom_heading text=\u00bb\u00bb font_container=\u00bbtag:h2|text_align:center\u00bb google_fonts=\u00bbfont_family:Montserrat%3Aregular%2C700|font_style:700%20bold%20regular%3A700%3Anormal\u00bb css=\u00bb.vc_custom_1721221176088{padding-top: 15px !important;padding-bottom: 15px !important;background-color: #360060 !important;}\u00bb][\/vc_column][\/vc_row][vc_row css=\u00bb.vc_custom_1745233821598{margin-top: 50px !important;}\u00bb][vc_column width=\u00bb2\/3&#8243; el_class=\u00bbpadding-50-right\u00bb css=\u00bb.vc_custom_1494506721665{padding-right: 50px !important;}\u00bb][vc_column_text]<\/p>\n<h2>Elecciones \u00a0a representantes de la Junta de Facultad de Enfermer\u00eda<\/h2>\n<ul>\n<li><a href=\"https:\/\/drive.google.com\/file\/d\/1gt9u9Lfx7Hzc7Gn7VOPFsuxpSj6_Ar1V\/view?usp=drive_link\" target=\"_blank\" rel=\"noopener\" target=\"_blank\" rel=\"noopener\">Constituci\u00f3n de la Comisi\u00f3n Electoral<\/a><\/li>\n<li><a href=\"https:\/\/drive.google.com\/file\/d\/1FHNfsW-5iMzPlFAUlmNS-Y_N3Koj8acS\/view?usp=drive_link\" target=\"_blank\" rel=\"noopener\" target=\"_blank\" rel=\"noopener\">Acuerdo 12 junio 2025 de la Comisi\u00f3n Electoral<\/a><\/li>\n<li><a href=\"https:\/\/drive.google.com\/file\/d\/1NDqEiG-PtUMImW2GVvCfNv3O0UecfJA0\/view?usp=drive_link\" target=\"_blank\" rel=\"noopener\" target=\"_blank\" rel=\"noopener\">Calendario electoral<\/a><\/li>\n<li>Censo provisional\n<ul>\n<li><a href=\"https:\/\/drive.google.com\/file\/d\/1wcBHQYNURnopLHdUYSAzFuMPmeQ91jeN\/view?usp=drive_link\" target=\"_blank\" rel=\"noopener\" target=\"_blank\" rel=\"noopener\">Censo provisional PDI<\/a><\/li>\n<li><a href=\"https:\/\/drive.google.com\/file\/d\/1zL3B5K5JyAVrIIZyLslrq2chYKgGHIE0\/view?usp=drive_link\" target=\"_blank\" rel=\"noopener\" target=\"_blank\" rel=\"noopener\">Censo provisional PTGAS<\/a><\/li>\n<li><a href=\"https:\/\/drive.google.com\/file\/d\/1cTsn8SgBRogRMTzWQhhSiTktGJJXEvHt\/view?usp=drive_link\" target=\"_blank\" rel=\"noopener\" target=\"_blank\" rel=\"noopener\">Censo provisional alumnado<\/a><\/li>\n<\/ul>\n<\/li>\n<li><a href=\"https:\/\/drive.google.com\/file\/d\/1hMMHy_nff5EXlju_GrUIvL55bTupLpSu\/view?usp=drive_link\" target=\"_blank\" rel=\"noopener\" target=\"_blank\" rel=\"noopener\">Acuerdo 18 junio 2025 de la Comisi\u00f3n Electoral<\/a><\/li>\n<li>Censo definitivo\n<ul>\n<li><a href=\"https:\/\/drive.google.com\/file\/d\/1Pc19tdw3RWPKh9aX3Bdp1A3vFK652bKW\/view?usp=drive_link\" target=\"_blank\" rel=\"noopener\" target=\"_blank\" rel=\"noopener\">Censo definitivo PDI<\/a><\/li>\n<li><a href=\"https:\/\/drive.google.com\/file\/d\/1dJQcwQTcMGAF2T2vDMoTnIafU6OyNxLT\/view?usp=drive_link\" target=\"_blank\" rel=\"noopener\" target=\"_blank\" rel=\"noopener\">Censo definitivo PTGAS<\/a><\/li>\n<li><a href=\"https:\/\/drive.google.com\/file\/d\/1Qzeffzy2Y9FFfpARfqmJm9GwC2NACaX8\/view?usp=drive_link\" target=\"_blank\" rel=\"noopener\" target=\"_blank\" rel=\"noopener\">Censo definitivo alumnado<\/a><\/li>\n<\/ul>\n<\/li>\n<li><a href=\"https:\/\/drive.google.com\/file\/d\/1aYF0ygHm_kFjH5eyu21lth9mAxcFtlK3\/view?usp=drive_link\" target=\"_blank\" rel=\"noopener\" target=\"_blank\" rel=\"noopener\">Impreso de candidatura<\/a><\/li>\n<li>\n<div><a href=\"https:\/\/drive.google.com\/file\/d\/1MUKtWjWFiqosif_VhdFnWsE9i0lmUGJ_\/view?usp=drive_link\" target=\"_blank\" rel=\"noopener\" target=\"_blank\" rel=\"noopener\">Acuerdo 30 junio 2025 de la Comisi\u00f3n Electoral<\/a><\/div>\n<\/li>\n<li>Candidaturas provisionales\n<ul>\n<li><a href=\"https:\/\/drive.google.com\/file\/d\/1BE-vtG6_0izPniD1ztEfrqCGiFvbl304\/view?usp=drive_link\" target=\"_blank\" rel=\"noopener\" target=\"_blank\" rel=\"noopener\">PDI<\/a><\/li>\n<li><a href=\"https:\/\/drive.google.com\/file\/d\/1OWbZJZHE3liHEnl5NwT3SE94XFu5Vosm\/view?usp=drive_link\" target=\"_blank\" rel=\"noopener\" target=\"_blank\" rel=\"noopener\">PTGAS<\/a><\/li>\n<li><a href=\"https:\/\/drive.google.com\/file\/d\/1GmB83tK0Uv7Umq2U76rb6kTtBQPyyfYB\/view?usp=drive_link\" target=\"_blank\" rel=\"noopener\" target=\"_blank\" rel=\"noopener\">Alumnado<\/a><\/li>\n<\/ul>\n<\/li>\n<li>\n<div><a href=\"https:\/\/drive.google.com\/file\/d\/16R9VLlDB7eyfRW-yafqkccN1aMdijoej\/view?usp=drive_link\" target=\"_blank\" rel=\"noopener\">Acuerdo 04 julio 2025 de la Comisi\u00f3n Electoral<\/a><\/div>\n<\/li>\n<li>\n<div>Candidaturas definitivas<\/div>\n<ul>\n<li><a href=\"https:\/\/drive.google.com\/file\/d\/1ZL7CGiuJck6oB4yVE0IWh4_Ymg-FRlA2\/view?usp=drive_link\" target=\"_blank\" rel=\"noopener\" target=\"_blank\" rel=\"noopener\">PDI<\/a><\/li>\n<li><a href=\"https:\/\/drive.google.com\/file\/d\/1H_lKnmCJJvX2k50a80ttgjxMz0aYj5du\/view?usp=drive_link\" target=\"_blank\" rel=\"noopener\" target=\"_blank\" rel=\"noopener\">PTGAS<\/a><\/li>\n<li><a href=\"https:\/\/drive.google.com\/file\/d\/151D1D1aXC3m_BehKUc_h69EC0lTc-24w\/view?usp=drive_lin\" target=\"_blank\" rel=\"noopener\" target=\"_blank\" rel=\"noopener\">Alumnado<\/a><\/li>\n<\/ul>\n<\/li>\n<li><a href=\"https:\/\/drive.google.com\/file\/d\/1ldFE9jtuUwgIVj8_rQpC6HFfoKgHXmlD\/view?usp=drive_link\" target=\"_blank\" rel=\"noopener\" target=\"_blank\" rel=\"noopener\">Acuerdo 14 julio 2025 de la Comisi\u00f3n Electoral<\/a><\/li>\n<li><a href=\"https:\/\/drive.google.com\/file\/d\/1i93WIBkmtqkkFfcOM4IZLm9kxazPIlEA\/view?usp=drive_link\" target=\"_blank\" rel=\"noopener\" target=\"_blank\" rel=\"noopener\">Acuerdo 17 julio 2025 de la Comisi\u00f3n Electoral<\/a><\/li>\n<li><a href=\"https:\/\/drive.google.com\/file\/d\/1EuO-k9L_bFzz56IyBKcU5QbTx6hDPWcQ\/view?usp=drive_link\" target=\"_blank\" rel=\"noopener\" target=\"_blank\" rel=\"noopener\">Resultado de las votaciones<\/a><\/li>\n<li><a href=\"https:\/\/drive.google.com\/file\/d\/13ifgqBL2jk73HXZtCM5ru9y3omCSk6lY\/view?usp=drive_link\" target=\"_blank\" rel=\"noopener\" target=\"_blank\" rel=\"noopener\">Proclamaci\u00f3n provisional de representantes<\/a><\/li>\n<li><a href=\"https:\/\/drive.google.com\/file\/d\/1tiPPXSj716D7il12n1MFFIeAQ1Tlekz4\/view?usp=drive_link\" target=\"_blank\" rel=\"noopener\" target=\"_blank\" rel=\"noopener\">Acuerdo 24 julio 2025 de la Comisi\u00f3n Electoral<\/a><\/li>\n<li><a href=\"https:\/\/drive.google.com\/file\/d\/1RdUwSyXJlt6HCB8EFG1K5cfOSBJ23v7I\/view?usp=drive_link\" target=\"_blank\" rel=\"noopener\" target=\"_blank\" rel=\"noopener\">Proclamaci\u00f3n definitiva de representantes<\/a><\/li>\n<\/ul>\n<p>[\/vc_column_text][\/vc_column][\/vc_row][vc_row][vc_column][vc_column_text]<\/p>\n<p><!-- \/wp:paragraph -->[\/vc_column_text][\/vc_column][\/vc_row]<\/p>\n","protected":false},"excerpt":{"rendered":"<p>[vc_row full_width=\u00bbstretch_row_content_no_spaces\u00bb el_class=\u00bbSliderPortada\u00bb css=\u00bb.vc_custom_1745237111535{margin-top: -100px !important;}\u00bb][vc_column][rev_slider_vc alias=\u00bbportada\u00bb][\/vc_column][\/vc_row][vc_row full_width=\u00bbstretch_row_content_no_spaces\u00bb][vc_column][vc_custom_heading text=\u00bb\u00bb font_container=\u00bbtag:h2|text_align:center\u00bb google_fonts=\u00bbfont_family:Montserrat%3Aregular%2C700|font_style:700%20bold%20regular%3A700%3Anormal\u00bb css=\u00bb.vc_custom_1721221176088{padding-top: 15px !important;padding-bottom: 15px !important;background-color: #360060 !important;}\u00bb][\/vc_column][\/vc_row][vc_row css=\u00bb.vc_custom_1745233821598{margin-top: 50px !important;}\u00bb][vc_column width=\u00bb2\/3&#8243; el_class=\u00bbpadding-50-right\u00bb css=\u00bb.vc_custom_1494506721665{padding-right: 50px !important;}\u00bb][vc_column_text] Elecciones \u00a0a representantes de la Junta de Facultad de Enfermer\u00eda Constituci\u00f3n de la Comisi\u00f3n Electoral Acuerdo 12 junio 2025 de la Comisi\u00f3n Electoral Calendario electoral Censo provisional Censo provisional&#8230;<\/p>\n","protected":false},"author":49,"featured_media":0,"parent":0,"menu_order":0,"comment_status":"closed","ping_status":"closed","template":"templates\/template-frontpage.php","meta":[],"acf":[],"_links":{"self":[{"href":"https:\/\/www.ull.es\/centros\/facultad-de-enfermeria\/wp-json\/wp\/v2\/pages\/920"}],"collection":[{"href":"https:\/\/www.ull.es\/centros\/facultad-de-enfermeria\/wp-json\/wp\/v2\/pages"}],"about":[{"href":"https:\/\/www.ull.es\/centros\/facultad-de-enfermeria\/wp-json\/wp\/v2\/types\/page"}],"author":[{"embeddable":true,"href":"https:\/\/www.ull.es\/centros\/facultad-de-enfermeria\/wp-json\/wp\/v2\/users\/49"}],"replies":[{"embeddable":true,"href":"https:\/\/www.ull.es\/centros\/facultad-de-enfermeria\/wp-json\/wp\/v2\/comments?post=920"}],"version-history":[{"count":13,"href":"https:\/\/www.ull.es\/centros\/facultad-de-enfermeria\/wp-json\/wp\/v2\/pages\/920\/revisions"}],"predecessor-version":[{"id":944,"href":"https:\/\/www.ull.es\/centros\/facultad-de-enfermeria\/wp-json\/wp\/v2\/pages\/920\/revisions\/944"}],"wp:attachment":[{"href":"https:\/\/www.ull.es\/centros\/facultad-de-enfermeria\/wp-json\/wp\/v2\/media?parent=920"}],"curies":[{"name":"wp","href":"https:\/\/api.w.org\/{rel}","templated":true}]}}