{"id":101,"date":"2017-12-01T14:08:54","date_gmt":"2017-12-01T14:08:54","guid":{"rendered":"http:\/\/www.ull.es\/centros\/facultad-derecho\/?page_id=101"},"modified":"2026-02-05T11:13:53","modified_gmt":"2026-02-05T11:13:53","slug":"premios","status":"publish","type":"page","link":"https:\/\/www.ull.es\/centros\/facultad-derecho\/premios\/","title":{"rendered":"Premios"},"content":{"rendered":"<p>[vc_row full_width=\u00bbstretch_row_content_no_spaces\u00bb el_class=\u00bbSliderPortada\u00bb css=\u00bb.vc_custom_1745237111535{margin-top: -100px !important;}\u00bb][vc_column][rev_slider_vc alias=\u00bbportada\u00bb][\/vc_column][\/vc_row][vc_row full_width=\u00bbstretch_row_content_no_spaces\u00bb][vc_column][vc_custom_heading text=\u00bb\u00bb font_container=\u00bbtag:h2|text_align:center\u00bb google_fonts=\u00bbfont_family:Montserrat%3Aregular%2C700|font_style:700%20bold%20regular%3A700%3Anormal\u00bb css=\u00bb.vc_custom_1721221176088{padding-top: 15px !important;padding-bottom: 15px !important;background-color: #360060 !important;}\u00bb][\/vc_column][\/vc_row][vc_row css=\u00bb.vc_custom_1745233821598{margin-top: 50px !important;}\u00bb][vc_column width=\u00bb2\/3&#8243; el_class=\u00bbpadding-50-right\u00bb css=\u00bb.vc_custom_1494506721665{padding-right: 50px !important;}\u00bb][vc_column_text]<\/p>\n<h1>Cultura y Extensi\u00f3n<\/h1>\n<p>[\/vc_column_text][vc_column_text]<\/p>\n<h2>Premios<\/h2>\n<p>Aqu\u00ed encontrar\u00e1s toda la informaci\u00f3n relativa a los premios que convoca anualmente la Facultad de Derecho.[\/vc_column_text][vc_tta_accordion shape=\u00bbsquare\u00bb c_icon=\u00bbchevron\u00bb c_position=\u00bbright\u00bb active_section=\u00bb1&#8243; no_fill=\u00bbtrue\u00bb collapsible_all=\u00bbtrue\u00bb][vc_tta_section title=\u00bbPremios Jur\u00eddicos de la Facultad de Derecho 2025-26&#8243; tab_id=\u00bbpremios-juridicos-2025-26&#8243;][vc_column_text]<a href=\"https:\/\/drive.google.com\/file\/d\/1m9QPp5LRVat5mWNKQjVpv3Hjchzn7H71\/view?usp=drive_link\" target=\"_blank\" rel=\"noopener\">Convocatoria de los Premios Jur\u00eddicos 2025-26 de la Facultad de Derecho de la Universidad de La Laguna<\/a><\/p>\n<ul>\n<li>XXVI<span class=\"gmail_default\">I<\/span> Premio de Estudios Jur\u00eddicos \u00abFelipe Gonz\u00e1lez Vic\u00e9n\u00bb<\/li>\n<li>XXI<span class=\"gmail_default\">I<\/span> Premio de Estudios Jur\u00eddicos \u00abConcepci\u00f3n Arenal\u00bb<\/li>\n<li>XXX Premio de Estudios Jur\u00eddicos \u00abFrancisco Tom\u00e1s y Valiente\u00bb<\/li>\n<\/ul>\n<p><a href=\"https:\/\/urldefense.com\/v3\/__https:\/\/drive.google.com\/file\/d\/1DxrH_1GCJWxTHo25OpYPLqYNzXM_RPdy\/view?usp=drive_link__;!!D9dNQwwGXtA!QUuJdSl3v-QAcJMRzOnBfYJ2fg53a8-vCcT2o0Emx0HowWFrmA0FovnMF4NITZRkHbDD0uLNcFfu$\" target=\"_blank\" rel=\"noopener\" target=\"_blank\" rel=\"noopener\">Resoluci\u00f3n provisional de los trabajos presentados a los Premios Jur\u00eddicos de la Facultad de Derecho 2025-26.<\/a><\/p>\n<p><a href=\"https:\/\/drive.google.com\/file\/d\/1j03NVFuCrccbl1R3zU-nk_wWLvkjlXSS\/view?usp=drive_link\" target=\"_blank\" rel=\"noopener\">Resoluci\u00f3n definitiva de los trabajos presentados a los Premios Jur\u00eddicos de la Facultad de Derecho 2025-26.<\/a><\/p>\n<p><a href=\"https:\/\/drive.google.com\/file\/d\/1W2S3e4JBPCJiDkFnevgxxByfWetDuiWe\/view?usp=drive_link\" target=\"_blank\" rel=\"noopener\">Resoluci\u00f3n de <span class=\"gmail_default\">5<\/span>\u00a0de\u00a0<span class=\"gmail_default\">febrero<\/span>\u00a0de 202<span class=\"gmail_default\">6<\/span>, de la Decana de la Facultad de Derecho por la que se resuelven lo<span class=\"gmail_default\">s\u00a0<\/span>Premios de Estudios Jur\u00eddicos de la Facultad de Derecho: XX<span class=\"gmail_default\">X<\/span>\u00a0Certamen del Premio de Estudios Jur\u00eddicos\u201cFrancisco Tom\u00e1s y Valiente\u201d, XX<span class=\"gmail_default\">II<\/span>\u00a0Premio de Estudios de Relaciones Laborales \u201cConcepci\u00f3n Arenal\u201d y XXV<span class=\"gmail_default\">II\u00a0<\/span>Certamen del Premio de Estudios Jur\u00eddicos \u201cFelipe Gonz\u00e1lez Vic\u00e9n\u201d<\/a>[\/vc_column_text][\/vc_tta_section][vc_tta_section title=\u00bbPremios Jur\u00eddicos de la Facultad de Derecho 2024-25&#8243; tab_id=\u00bb1760689737879-eeb7e364-38ad\u00bb][vc_column_text]<a href=\"https:\/\/drive.google.com\/file\/d\/1Tqu8PsgX9bkW4IWnMhc0T13vWQSOR19l\/view?usp=drive_link\" target=\"_blank\" rel=\"noopener\" target=\"_blank\" rel=\"noopener\">Convocatoria de los Premios Jur\u00eddicos 2024-25 de la Facultad de Derecho de la Universidad de La Laguna<\/a><\/p>\n<ul>\n<li>XXVI Premio de Estudios Jur\u00eddicos \u00abFelipe Gonz\u00e1lez Vic\u00e9n\u00bb<\/li>\n<li>XXI Premio de Estudios Jur\u00eddicos \u00abConcepci\u00f3n Arenal\u00bb<\/li>\n<li>XXIX Premio de Estudios Jur\u00eddicos \u00abFrancisco Tom\u00e1s y Valiente\u00bb<\/li>\n<\/ul>\n<p><a href=\"https:\/\/drive.google.com\/file\/d\/1-pKE1RS-pE7QG6rSExKAnOiapGdRTwzr\/view?usp=drive_link\" target=\"_blank\" rel=\"noopener\" target=\"_blank\" rel=\"noopener\">Relaci\u00f3n provisional de trabajos presentados a los Premios jur\u00eddicos de la Facultad de Derecho:\u00a0<span class=\"gmail_default\">XXIX Certamen del Premio de Estudios Jur\u00eddicos \u201cFrancisco Tom\u00e1s y Valiente\u201d, XXI Premio de Estudios de Relaciones Laborales \u201cConcepci\u00f3n Arenal\u201d y XXVI Certamen del Premio de Estudios Jur\u00eddicos \u201cFelipe Gonz\u00e1lez Vic\u00e9n\u201d<\/span><\/a><\/p>\n<p><a href=\"https:\/\/drive.google.com\/file\/d\/1ZaFj4ogLz1ZAxkDsfp8TYiuxno_dJ3hC\/view\" target=\"_blank\" rel=\"noopener\" target=\"_blank\" rel=\"noopener\">Resoluci\u00f3n definitiva de los trabajos presentados a los Premios Jur\u00eddicos de la Facultad de Derecho 2024-25<\/a><\/p>\n<p><a href=\"https:\/\/drive.google.com\/file\/d\/1ERwusBwtJzLLIfRPkQl-rQPVp8WFznSM\/view?usp=drive_link\" target=\"_blank\" rel=\"noopener\" target=\"_blank\" rel=\"noopener\">Resoluci\u00f3n, de\u00a0<span class=\"gmail_default\">20<\/span>\u00a0de enero de 202<span class=\"gmail_default\">5<\/span>, de la Decana de la Facultad de Derecho por la que se resuelven lo<span class=\"gmail_default\">s\u00a0<\/span>Premios de Estudios Jur\u00eddicos de la Facultad de Derecho: XX<span class=\"gmail_default\">IX<\/span>\u00a0Certamen del Premio de Estudios Jur\u00eddicos\u201cFrancisco Tom\u00e1s y Valiente\u201d, XX<span class=\"gmail_default\">I<\/span>\u00a0Premio de Estudios de Relaciones Laborales \u201cConcepci\u00f3n Arenal\u201d y XXV<span class=\"gmail_default\">I\u00a0<\/span>Certamen del Premio de Estudios Jur\u00eddicos \u201cFelipe Gonz\u00e1lez Vic\u00e9n\u201d<\/a>[\/vc_column_text][\/vc_tta_section][vc_tta_section title=\u00bbPremios Jur\u00eddicos de la Facultad de Derecho 2023-24&#8243; tab_id=\u00bbpremios-23-24&#8243;][vc_column_text]<a href=\"https:\/\/drive.google.com\/file\/d\/1uQGSsKVypUWOQDQeaftZMEFtxp6l_jtT\/view?usp=drive_link\" target=\"_blank\" rel=\"noopener\" target=\"_blank\" rel=\"noopener\">Convocatoria de los Premios Jur\u00eddicos 2023-24 de la Facultad de Derecho de la Universidad de La Laguna<\/a><\/p>\n<ul>\n<li>XXV Premio de Estudios Jur\u00eddicos \u00abFelipe Gonz\u00e1lez Vic\u00e9n\u00bb<\/li>\n<li>XX Premio de Estudios Jur\u00eddicos \u00abConcepci\u00f3n Arenal\u00bb<\/li>\n<li>XXVIII Premio de Estudios Jur\u00eddicos \u00abFrancisco Tom\u00e1s y Valiente\u00bb<\/li>\n<\/ul>\n<p>Resoluci\u00f3n definitiva Premios de Estudios Jur\u00eddicos 2023-24 de la Facultad de Derecho de la Universidad de La Laguna.<\/p>\n<p><a href=\"https:\/\/drive.google.com\/file\/d\/19KdC3HNtQc-aEOkxKAjnzw9olpuOXuOy\/view?usp=drive_link\" target=\"_blank\" rel=\"noopener\" target=\"_blank\" rel=\"noopener\">Relaci\u00f3n provisional de trabajos presentados a los Premios jur\u00eddicos de la Facultad de Derecho:\u00a0<span class=\"gmail_default\">XXVIII Certamen del Premio de Estudios Jur\u00eddicos \u201cFrancisco Tom\u00e1s y Valiente\u201d, XX Premio de Estudios de Relaciones Laborales \u201cConcepci\u00f3n Arenal\u201d y XXV Certamen del Premio de Estudios Jur\u00eddicos \u201cFelipe Gonz\u00e1lez Vic\u00e9n\u201d<\/span><\/a><\/p>\n<p><a href=\"https:\/\/drive.google.com\/file\/d\/10wbFWN0ydydUWtbpXAItyHFPHQbJpkK6\/view?usp=drive_link\" target=\"_blank\" rel=\"noopener\" target=\"_blank\" rel=\"noopener\">Relaci\u00f3n definitiva de trabajos presentados a los Premios jur\u00eddicos de la Facultad de Derecho:\u00a0<span class=\"gmail_default\">XXVIII Certamen del Premio de Estudios Jur\u00eddicos \u201cFrancisco Tom\u00e1s y Valiente\u201d, XX Premio de Estudios de Relaciones Laborales \u201cConcepci\u00f3n Arenal\u201d y XXV Certamen del Premio de Estudios Jur\u00eddicos \u201cFelipe Gonz\u00e1lez Vic\u00e9n\u201d<\/span><\/a><\/p>\n<p><a href=\"https:\/\/drive.google.com\/file\/d\/1Y0gfvswWFAGDQk00t1Sp2oDKn7t9amrP\/view?usp=drive_link\" target=\"_blank\" rel=\"noopener\" target=\"_blank\" rel=\"noopener\">Resoluci\u00f3n, de 30 de enero de 2024, de la Decana de la Facultad de Derecho por la que se resuelven los Premios de Estudios Jur\u00eddicos \u00a0de la Facultad de Derecho: XXVIII Certamen del Premio de Estudios Jur\u00eddicos \u201cFrancisco Tom\u00e1s y Valiente\u201d, XX Premio de Estudios de Relaciones Laborales \u201cConcepci\u00f3n Arenal\u201d y XXV Certamen del Premio de Estudios Jur\u00eddicos \u201cFelipe Gonz\u00e1lez Vic\u00e9n\u201d<\/a>[\/vc_column_text][\/vc_tta_section][vc_tta_section title=\u00bbPremios Jur\u00eddicos de la Facultad de Derecho 2022-23&#8243; tab_id=\u00bb1689165088552-629dbff0-2540&#8243;][vc_column_text]<a href=\"https:\/\/drive.google.com\/file\/d\/11dULcdbQZMP1w6YONxuhbLzAuBQpJz-n\/view?usp=sharing\" target=\"_blank\" rel=\"noopener\" target=\"_blank\" rel=\"noopener\">Convocatoria de los Premios Jur\u00eddicos 2022-23 de la Facultad de Derecho de la Universidad de La Laguna<\/a><\/p>\n<ul>\n<li><a href=\"http:\/\/www.gobiernodecanarias.org\/boc\/2022\/081\/015.html\" target=\"_blank\" rel=\"noopener\" target=\"_blank\" rel=\"noopener\">XXIV Premio de Estudios Jur\u00eddicos \u00abFelipe Gonz\u00e1lez Vic\u00e9n\u00bb<\/a><\/li>\n<li><a href=\"http:\/\/www.gobiernodecanarias.org\/boc\/2022\/081\/015.html\" target=\"_blank\" rel=\"noopener\" target=\"_blank\" rel=\"noopener\">XIX Premio de Estudios Jur\u00eddicos \u00abConcepci\u00f3n Arenal\u00bb<\/a><\/li>\n<li><a href=\"http:\/\/www.gobiernodecanarias.org\/boc\/2022\/081\/015.html\" target=\"_blank\" rel=\"noopener\" target=\"_blank\" rel=\"noopener\">XXVII Premio de Estudios Jur\u00eddicos \u00abFrancisco Tom\u00e1s y Valiente\u00bb<\/a><\/li>\n<\/ul>\n<p><a href=\"https:\/\/urldefense.com\/v3\/__https:\/\/drive.google.com\/file\/d\/1iDWm_xy0j9_jNb0ozZ1C4lNdC3Iphv4A\/view?usp=drive_link__;!!D9dNQwwGXtA!RoXmfLgSvTk_446cuLxfzbnfMbUVkzszGA9gZPfKGLVtDlgE5YtBi0X7IJzuTmw0ep_fTlbrpJkw$\" target=\"_blank\" rel=\"noopener\" target=\"_blank\" rel=\"noopener\">Resoluci\u00f3n definitiva Premios de Estudios Jur\u00eddicos 2022-23 de la Facultad de Derecho de la Universidad de La Laguna.<\/a>[\/vc_column_text][\/vc_tta_section][vc_tta_section title=\u00bbPremios Jur\u00eddicos de la Facultad de Derecho 2021-22&#8243; tab_id=\u00bbpremios-juridicos\u00bb][vc_column_text]<a href=\"https:\/\/drive.google.com\/file\/d\/1q3S448sxidcMMB3Mhg_OrJKpMJgMHiCa\/view?usp=sharing\" target=\"_blank\" rel=\"noopener\" target=\"_blank\" rel=\"noopener\">Convocatoria de los Premios Jur\u00eddicos 2021-22 de la Facultad de Derecho de la Universidad de La Laguna<\/a><\/p>\n<ul>\n<li><a href=\"http:\/\/www.gobiernodecanarias.org\/boc\/2021\/119\/020.html\" target=\"_blank\" rel=\"noopener\" target=\"_blank\" rel=\"noopener\">XXIII Premio de Estudios Jur\u00eddicos \u00abFelipe Gonz\u00e1lez Vic\u00e9n\u00bb<\/a><\/li>\n<li><a href=\"http:\/\/www.gobiernodecanarias.org\/boc\/2021\/119\/020.html\" target=\"_blank\" rel=\"noopener\" target=\"_blank\" rel=\"noopener\">XVIII Premio de Estudios Jur\u00eddicos \u00abConcepci\u00f3n Arenal\u00bb<\/a><\/li>\n<li><a href=\"http:\/\/www.gobiernodecanarias.org\/boc\/2021\/119\/020.html\" target=\"_blank\" rel=\"noopener\" target=\"_blank\" rel=\"noopener\">XXVI Premio de Estudios Jur\u00eddicos \u00abFrancisco Tom\u00e1s y Valiente\u00bb<\/a><\/li>\n<\/ul>\n<p><a href=\"https:\/\/drive.google.com\/file\/d\/1ibY4eoom1J_xLigXBDlV2UosRG3Hq-eM\/view?usp=sharing\" target=\"_blank\" rel=\"noopener\" target=\"_blank\" rel=\"noopener\">Resoluci\u00f3n provisional de los Premios Jur\u00eddicos 2021-22 de la Facultad de Derecho de la Universidad de La Laguna<\/a><\/p>\n<p><a href=\"https:\/\/drive.google.com\/file\/d\/14Xd1UVsw4uSYNT6bxEhkmAgFefnqjalT\/view?usp=sharing\" target=\"_blank\" rel=\"noopener\" target=\"_blank\" rel=\"noopener\">Resoluci\u00f3n definitiva de los Premios Jur\u00eddicos 2021-22 de la Facultad de Derecho de la Universidad de La Laguna<\/a><\/p>\n<p><a href=\"https:\/\/drive.google.com\/file\/d\/1S23055S6Vj1TvSvfcYnSH4VrzrAPXNF1\/view?usp=sharing\" target=\"_blank\" rel=\"noopener\" target=\"_blank\" rel=\"noopener\">Resoluci\u00f3n, de 3 de febrero de 2022, de la Decana de la Facultad de Derecho por la que se resuelven los Premios Jur\u00eddicos de la Facultad de Derecho<\/a>[\/vc_column_text][\/vc_tta_section][vc_tta_section title=\u00bbPremios Jur\u00eddicos de la Facultad de Derecho 2020-21&#8243; tab_id=\u00bb1626096673204-28ea72ee-3154&#8243;][vc_column_text]<a href=\"http:\/\/sede.gobcan.es\/boc\/boc-a-2020-168-2950.pdf\" target=\"_blank\" rel=\"noopener noreferrer\" target=\"_blank\" rel=\"noopener\">Convocatoria de los Premios Jur\u00eddicos de la Facultad de Derecho de la Universidad de La Laguna.<\/a><\/p>\n<p><a href=\"https:\/\/drive.google.com\/file\/d\/1Kl8w_bpLihz3581Heo-3l0BAzb0GFqyU\/view?usp=sharing\" target=\"_blank\" rel=\"noopener noreferrer\" target=\"_blank\" rel=\"noopener\">Relaci\u00f3n provisional de trabajos presentados a los Premios jur\u00eddicos de la Facultad de Derecho: XXV Certamen del Premio de Estudios Jur\u00eddicos \u201cFrancisco Tom\u00e1s y Valiente\u201d, XVII Premio de Estudios de Relaciones Laborales \u201cConcepci\u00f3n Arenal\u201d y XXII Certamen del Premio de Estudios Jur\u00eddicos \u201cFelipe Gonz\u00e1lez Vic\u00e9n\u201d.<\/a><\/p>\n<p><a href=\"https:\/\/drive.google.com\/file\/d\/1CLOe1pARbyD3ARXXlAMdQ17eapnGT7Kh\/view?usp=sharing\" target=\"_blank\" rel=\"noopener noreferrer\" target=\"_blank\" rel=\"noopener\">Resoluci\u00f3n de 11 de noviembre de 2020 de la Sra. Secretaria de la Facultad de Derecho en la que se declara la relaci\u00f3n definitiva de trabajos presentados a los Premios jur\u00eddicos de la Facultad de Derecho: XXV Certamen del Premio de Estudios Jur\u00eddicos \u201cFrancisco Tom\u00e1s y Valiente\u201d, XVII Premio de Estudios de Relaciones Laborales \u201cConcepci\u00f3n Arenal\u201d y XXII Certamen del Premio de Estudios Jur\u00eddicos \u201cFelipe Gonz\u00e1lez Vic\u00e9n\u201d, convocados por Resoluci\u00f3n de 30 de julio de 2020 (BOC de 20 de agosto de 2020)<\/a><\/p>\n<p><a href=\"https:\/\/drive.google.com\/file\/d\/1ClijiQXgtyUhnmgacCZxecwq8rTt1U6p\/view?usp=sharing\" target=\"_blank\" rel=\"noopener noreferrer\" target=\"_blank\" rel=\"noopener\">Resoluci\u00f3n de 21 de enero de 2021 de la Decana de la Facultad de Derecho por la que se resuelven los Premios Jur\u00eddicos de la Facultad de Derecho: XXV Certamen\u00a0 del Premio de Estudios Jur\u00eddicos \u00abFrancisco Tom\u00e1s y Valiente\u00bb, XVII Premio de Estudios de Relaciones Laborales \u00abConcepci\u00f3n Arenal\u00bb y XII Certamen del Premio de Estudios Jur\u00eddicos \u00abFelipe Gonz\u00e1lez Vic\u00e9n\u00bb convocados por resoluci\u00f3n de 30 de julio de 2020.<\/a>[\/vc_column_text][\/vc_tta_section][\/vc_tta_accordion][\/vc_column][vc_column width=\u00bb1\/3&#8243;][vc_column_text el_class=\u00bbcontacto\u00bb]\n<ul class=\"widget-box\">\n<li class='contacto-header'>Informaci\u00f3n de contacto<\/li><li><i class=\"fa fa-map-marker\"><\/i> Facultad de Derecho. Apartado 456. C\u00f3digo postal 38200. San Crist\u00f3bal de La Laguna. S\/C de Tenerife<\/li><li><i class=\"fa fa-phone\"><\/i> (+34) 922 31 83 10<\/li><li><i class=\"fa fa-envelope\"><\/i>  <a href=mailto:facder@ull.es>facder@ull.es<\/a><\/li><li><i class=\"fa fa-calendar\"><\/i><a href=\"http:\/\/citaprevia.ull.es\/index.php?s=derecho\"> Cita previa<\/a><\/li>\n<\/ul>\n\n[\/vc_column_text][\/vc_column][\/vc_row]<\/p>\n","protected":false},"excerpt":{"rendered":"<p>[vc_row full_width=\u00bbstretch_row_content_no_spaces\u00bb el_class=\u00bbSliderPortada\u00bb css=\u00bb.vc_custom_1745237111535{margin-top: -100px !important;}\u00bb][vc_column][rev_slider_vc alias=\u00bbportada\u00bb][\/vc_column][\/vc_row][vc_row full_width=\u00bbstretch_row_content_no_spaces\u00bb][vc_column][vc_custom_heading text=\u00bb\u00bb font_container=\u00bbtag:h2|text_align:center\u00bb google_fonts=\u00bbfont_family:Montserrat%3Aregular%2C700|font_style:700%20bold%20regular%3A700%3Anormal\u00bb css=\u00bb.vc_custom_1721221176088{padding-top: 15px !important;padding-bottom: 15px !important;background-color: #360060 !important;}\u00bb][\/vc_column][\/vc_row][vc_row css=\u00bb.vc_custom_1745233821598{margin-top: 50px !important;}\u00bb][vc_column width=\u00bb2\/3&#8243; el_class=\u00bbpadding-50-right\u00bb css=\u00bb.vc_custom_1494506721665{padding-right: 50px !important;}\u00bb][vc_column_text] Cultura y Extensi\u00f3n [\/vc_column_text][vc_column_text] Premios Aqu\u00ed encontrar\u00e1s toda la informaci\u00f3n relativa a los premios que convoca anualmente la Facultad de Derecho.[\/vc_column_text][vc_tta_accordion shape=\u00bbsquare\u00bb c_icon=\u00bbchevron\u00bb c_position=\u00bbright\u00bb active_section=\u00bb1&#8243; no_fill=\u00bbtrue\u00bb collapsible_all=\u00bbtrue\u00bb][vc_tta_section title=\u00bbPremios Jur\u00eddicos&#8230;<\/p>\n","protected":false},"author":1,"featured_media":0,"parent":0,"menu_order":0,"comment_status":"closed","ping_status":"closed","template":"templates\/template-frontpage.php","meta":[],"acf":[],"_links":{"self":[{"href":"https:\/\/www.ull.es\/centros\/facultad-derecho\/wp-json\/wp\/v2\/pages\/101"}],"collection":[{"href":"https:\/\/www.ull.es\/centros\/facultad-derecho\/wp-json\/wp\/v2\/pages"}],"about":[{"href":"https:\/\/www.ull.es\/centros\/facultad-derecho\/wp-json\/wp\/v2\/types\/page"}],"author":[{"embeddable":true,"href":"https:\/\/www.ull.es\/centros\/facultad-derecho\/wp-json\/wp\/v2\/users\/1"}],"replies":[{"embeddable":true,"href":"https:\/\/www.ull.es\/centros\/facultad-derecho\/wp-json\/wp\/v2\/comments?post=101"}],"version-history":[{"count":53,"href":"https:\/\/www.ull.es\/centros\/facultad-derecho\/wp-json\/wp\/v2\/pages\/101\/revisions"}],"predecessor-version":[{"id":1260,"href":"https:\/\/www.ull.es\/centros\/facultad-derecho\/wp-json\/wp\/v2\/pages\/101\/revisions\/1260"}],"wp:attachment":[{"href":"https:\/\/www.ull.es\/centros\/facultad-derecho\/wp-json\/wp\/v2\/media?parent=101"}],"curies":[{"name":"wp","href":"https:\/\/api.w.org\/{rel}","templated":true}]}}