{"id":120,"date":"2017-12-19T12:21:43","date_gmt":"2017-12-19T12:21:43","guid":{"rendered":"http:\/\/www.ull.es\/centros\/facultad-derecho\/?page_id=120"},"modified":"2025-04-22T06:50:47","modified_gmt":"2025-04-22T06:50:47","slug":"convenios-de-colaboracion","status":"publish","type":"page","link":"https:\/\/www.ull.es\/centros\/facultad-derecho\/docencia\/convenios-de-colaboracion\/","title":{"rendered":"Convenios de colaboraci\u00f3n"},"content":{"rendered":"<p>[vc_row full_width=\u00bbstretch_row_content_no_spaces\u00bb el_class=\u00bbSliderPortada\u00bb css=\u00bb.vc_custom_1745237111535{margin-top: -100px !important;}\u00bb][vc_column][rev_slider_vc alias=\u00bbportada\u00bb][\/vc_column][\/vc_row][vc_row full_width=\u00bbstretch_row_content_no_spaces\u00bb][vc_column][vc_custom_heading text=\u00bb\u00bb font_container=\u00bbtag:h2|text_align:center\u00bb google_fonts=\u00bbfont_family:Montserrat%3Aregular%2C700|font_style:700%20bold%20regular%3A700%3Anormal\u00bb css=\u00bb.vc_custom_1721221176088{padding-top: 15px !important;padding-bottom: 15px !important;background-color: #360060 !important;}\u00bb][\/vc_column][\/vc_row][vc_row css=\u00bb.vc_custom_1745233821598{margin-top: 50px !important;}\u00bb][vc_column width=\u00bb2\/3&#8243; el_class=\u00bbpadding-50-right\u00bb css=\u00bb.vc_custom_1494506721665{padding-right: 50px !important;}\u00bb][vc_column_text]<\/p>\n<h1>Convenios de colaboraci\u00f3n<\/h1>\n<p>[\/vc_column_text][vc_empty_space][vc_column_text]<\/p>\n<h2>Consejo General del Poder Judicial<\/h2>\n<p>La Universidad de La Laguna mantiene desde el a\u00f1o 2001 un convenio de colaboraci\u00f3n con el Consejo General del Poder Judicial. Fruto de este acuerdo ha sido la posibilidad de que estudiantes de la Licenciatura en Derecho pudieran realizar visitas a los Juzgados y Tribunales. Esta actividad estuvo enmarcada en las asignaturas Derecho Procesal I y II, siendo coordinada por el personal docente del \u00c1rea de conocimiento hom\u00f3nima.<\/p>\n<p>En la actualidad, las visitas a los Juzgados y Tribunales forman parte de la asignatura Pr\u00e1cticas externas del Grado en Derecho y siguen siendo coordinadas por el \u00c1rea de Derecho Procesal.<\/p>\n<p>Coordinador del convenio: Doctor D. Tom\u00e1s Vicente L\u00f3pez-Fragoso \u00c1lvarez (<a href=\"mailto:tfragoso@ull.es\" target=\"_blank\" rel=\"noopener\">tfragoso@ull.es<\/a>)<\/p>\n<hr \/>\n<h2>Centro de Documentaci\u00f3n Europea<\/h2>\n<p>Este Centro se crea en 1981 mediante un Convenio entre la Universidad de La Laguna y la Comisi\u00f3n Europea, adscribi\u00e9ndose a esta Universidad a trav\u00e9s de su C\u00e1tedra de Derecho Internacional p\u00fablico y privado de la Facultad de Derecho.<\/p>\n<p>En base a este Convenio, el Centro de Documentaci\u00f3n Europea es depositario de las Publicaciones Oficiales de la Uni\u00f3n Europea enviadas gratuitamente por la Comisi\u00f3n Europea, y accede de manera gratuita a las bases de datos comunitarias. A cambio la ULL se compromete a conservar, catalogar e indizar dicha documentaci\u00f3n con el fin de hacerla accesible al conjunto de la comunidad universitaria y al p\u00fablico en general.<\/p>\n<p>En la actualidad forma parte de:<\/p>\n<ul>\n<li>Las Redes Europeas:\u00a0<strong><a href=\"http:\/\/ec.europa.eu\/europedirect\/visit_us\/edc\/index_es.htm\" target=\"_blank\" rel=\"noopener\">Centros de Documentaci\u00f3n Europea<\/a><\/strong>\u00a0y\u00a0<strong><a href=\"http:\/\/ec.europa.eu\/europedirect\/visit_us\/index_es.htm\" target=\"_blank\" rel=\"noopener noreferrer\" target=\"_blank\" rel=\"noopener\">Europe Direct<\/a><\/strong><\/li>\n<li>La Red Espa\u00f1ola de CDE\u00a0<strong>Centros en Espa\u00f1a<\/strong><\/li>\n<\/ul>\n<p>El Centro de Documentaci\u00f3n Europea tiene car\u00e1cter p\u00fablico. Cualquier persona de la comunidad universitaria o de fuera de ella puede consultar sus fondos documentales y bibliogr\u00e1ficos y acceder a los recursos externos.<\/p>\n<p>El objetivo de los Centros de Documentaci\u00f3n Europea es responder a las necesidades de los estudiantes, investigadores y ciudadanos haciendo accesible la informaci\u00f3n sobre la Uni\u00f3n Europea y sus pol\u00edticas.<\/p>\n<p><a href=\"https:\/\/www.ull.es\/oucu\/cde\/\" target=\"_blank\" rel=\"noopener\">Pulse aqu\u00ed para acceder a la p\u00e1gina oficial del Centro.<\/a>[\/vc_column_text][\/vc_column][vc_column width=\u00bb1\/3&#8243;][vc_column_text el_class=\u00bbcontacto\u00bb]\n<ul class=\"widget-box\">\n<li class='contacto-header'>Informaci\u00f3n de contacto<\/li><li><i class=\"fa fa-map-marker\"><\/i> Facultad de Derecho. Apartado 456. C\u00f3digo postal 38200. San Crist\u00f3bal de La Laguna. S\/C de Tenerife<\/li><li><i class=\"fa fa-phone\"><\/i> (+34) 922 31 83 10<\/li><li><i class=\"fa fa-envelope\"><\/i>  <a href=mailto:facder@ull.es>facder@ull.es<\/a><\/li><li><i class=\"fa fa-calendar\"><\/i><a href=\"http:\/\/citaprevia.ull.es\/index.php?s=derecho\"> Cita previa<\/a><\/li>\n<\/ul>\n\n[\/vc_column_text][\/vc_column][\/vc_row][vc_row][vc_column][\/vc_column][\/vc_row]<\/p>\n","protected":false},"excerpt":{"rendered":"<p>[vc_row full_width=\u00bbstretch_row_content_no_spaces\u00bb el_class=\u00bbSliderPortada\u00bb css=\u00bb.vc_custom_1745237111535{margin-top: -100px !important;}\u00bb][vc_column][rev_slider_vc alias=\u00bbportada\u00bb][\/vc_column][\/vc_row][vc_row full_width=\u00bbstretch_row_content_no_spaces\u00bb][vc_column][vc_custom_heading text=\u00bb\u00bb font_container=\u00bbtag:h2|text_align:center\u00bb google_fonts=\u00bbfont_family:Montserrat%3Aregular%2C700|font_style:700%20bold%20regular%3A700%3Anormal\u00bb css=\u00bb.vc_custom_1721221176088{padding-top: 15px !important;padding-bottom: 15px !important;background-color: #360060 !important;}\u00bb][\/vc_column][\/vc_row][vc_row css=\u00bb.vc_custom_1745233821598{margin-top: 50px !important;}\u00bb][vc_column width=\u00bb2\/3&#8243; el_class=\u00bbpadding-50-right\u00bb css=\u00bb.vc_custom_1494506721665{padding-right: 50px !important;}\u00bb][vc_column_text] Convenios de colaboraci\u00f3n [\/vc_column_text][vc_empty_space][vc_column_text] Consejo General del Poder Judicial La Universidad de La Laguna mantiene desde el a\u00f1o 2001 un convenio de colaboraci\u00f3n con el Consejo General del Poder&#8230;<\/p>\n","protected":false},"author":1,"featured_media":0,"parent":38,"menu_order":0,"comment_status":"closed","ping_status":"closed","template":"templates\/template-frontpage.php","meta":[],"acf":[],"_links":{"self":[{"href":"https:\/\/www.ull.es\/centros\/facultad-derecho\/wp-json\/wp\/v2\/pages\/120"}],"collection":[{"href":"https:\/\/www.ull.es\/centros\/facultad-derecho\/wp-json\/wp\/v2\/pages"}],"about":[{"href":"https:\/\/www.ull.es\/centros\/facultad-derecho\/wp-json\/wp\/v2\/types\/page"}],"author":[{"embeddable":true,"href":"https:\/\/www.ull.es\/centros\/facultad-derecho\/wp-json\/wp\/v2\/users\/1"}],"replies":[{"embeddable":true,"href":"https:\/\/www.ull.es\/centros\/facultad-derecho\/wp-json\/wp\/v2\/comments?post=120"}],"version-history":[{"count":7,"href":"https:\/\/www.ull.es\/centros\/facultad-derecho\/wp-json\/wp\/v2\/pages\/120\/revisions"}],"predecessor-version":[{"id":1244,"href":"https:\/\/www.ull.es\/centros\/facultad-derecho\/wp-json\/wp\/v2\/pages\/120\/revisions\/1244"}],"up":[{"embeddable":true,"href":"https:\/\/www.ull.es\/centros\/facultad-derecho\/wp-json\/wp\/v2\/pages\/38"}],"wp:attachment":[{"href":"https:\/\/www.ull.es\/centros\/facultad-derecho\/wp-json\/wp\/v2\/media?parent=120"}],"curies":[{"name":"wp","href":"https:\/\/api.w.org\/{rel}","templated":true}]}}