{"id":101,"date":"2017-12-01T14:08:54","date_gmt":"2017-12-01T14:08:54","guid":{"rendered":"http:\/\/www.ull.es\/centros\/facultad-educacion\/?page_id=101"},"modified":"2025-05-23T07:50:15","modified_gmt":"2025-05-23T07:50:15","slug":"cultura-y-extension","status":"publish","type":"page","link":"https:\/\/www.ull.es\/centros\/facultad-educacion\/cultura-y-extension\/","title":{"rendered":"Cultura y Extensi\u00f3n"},"content":{"rendered":"<p>[vc_row full_width=\u00bbstretch_row_content_no_spaces\u00bb el_class=\u00bbSliderPortada\u00bb css=\u00bb.vc_custom_1745237111535{margin-top: -100px !important;}\u00bb][vc_column][rev_slider_vc alias=\u00bbportada\u00bb][\/vc_column][\/vc_row][vc_row full_width=\u00bbstretch_row_content_no_spaces\u00bb][vc_column][vc_custom_heading text=\u00bb\u00bb font_container=\u00bbtag:h2|text_align:center\u00bb google_fonts=\u00bbfont_family:Montserrat%3Aregular%2C700|font_style:700%20bold%20regular%3A700%3Anormal\u00bb css=\u00bb.vc_custom_1721221176088{padding-top: 15px !important;padding-bottom: 15px !important;background-color: #360060 !important;}\u00bb][\/vc_column][\/vc_row][vc_row css=\u00bb.vc_custom_1745233821598{margin-top: 50px !important;}\u00bb][vc_column width=\u00bb2\/3&#8243; el_class=\u00bbpadding-50-right\u00bb css=\u00bb.vc_custom_1494506721665{padding-right: 50px !important;}\u00bb][vc_column_text]<\/p>\n<h1>Cultura y Extensi\u00f3n<\/h1>\n<p>[\/vc_column_text][vc_column_text]<\/p>\n<h3><b>Sala de Exposiciones de la Facultad de Educaci\u00f3n<\/b><\/h3>\n<p>La Sala de Exposiciones de la Facultad de Educaci\u00f3n es un espacio que persigue acercar la cultura a toda la comunidad universitaria de la ULL y de convertirse en un referente para nuestra Facultad.\u00a0La Sala est\u00e1 destinada a albergar exposiciones y proyectos generados desde dentro y desde fuera de nuestra Facultad.<\/p>\n<p style=\"font-weight: 400;\"><strong>Ubicaci\u00f3n<\/strong><\/p>\n<p style=\"font-weight: 400;\">Sala de Exposiciones de la Facultad de Educaci\u00f3n<br \/>\n(Planta baja del M\u00f3dulo A1, al lado de Porter\u00eda)<br \/>\nC\/ Heraclio S\u00e1nchez, 43 &#8211; La Laguna<\/p>\n<p>[\/vc_column_text][vc_empty_space][\/vc_column][vc_column width=\u00bb1\/3&#8243;][vc_column_text el_class=\u00bbcontacto\u00bb]\n<ul class=\"widget-box\">\n<li class='contacto-header'>Informaci\u00f3n de contacto<\/li><li><i class=\"fa fa-map-marker\"><\/i> C\/ Pedro Zerolo, s\/n. Edificio Central. Apartado 456. C\u00f3digo postal 38200. San Crist\u00f3bal de La Laguna. S\/C de Tenerife<\/li><li><i class=\"fa fa-phone\"><\/i> (+34) 922 31 90 11<\/li><li><i class=\"fa fa-envelope\"><\/i>  <a href=mailto:sec.educacion@ull.es>sec.educacion@ull.es<\/a><\/li><li><i class=\"fa fa-calendar\"><\/i><a href=\"http:\/\/citaprevia.ull.es\/index.php?s=educacion\"> Cita previa<\/a><\/li>\n<\/ul>\n\n[\/vc_column_text][\/vc_column][\/vc_row][vc_row][vc_column width=\u00bb1\/3&#8243;][vc_btn title=\u00bbExposici\u00f3n actual\u00bb color=\u00bbviolet\u00bb size=\u00bblg\u00bb link=\u00bburl:https%3A%2F%2Fwww.ull.es%2Fcentros%2Ffacultad-educacion%2Fexposiciones%2F\u00bb][\/vc_column][vc_column width=\u00bb1\/3&#8243;][vc_btn title=\u00bbHist\u00f3rico\u00bb color=\u00bbviolet\u00bb size=\u00bblg\u00bb link=\u00bburl:https%3A%2F%2Fwww.ull.es%2Fcentros%2Ffacultad-educacion%2Fexposiciones-historico%2F|target:_blank\u00bb][\/vc_column][vc_column width=\u00bb1\/3&#8243;][\/vc_column][\/vc_row][vc_row][vc_column width=\u00bb2\/3&#8243;][vc_column_text]<\/p>\n<ul>\n<li><strong><a href=\"https:\/\/drive.google.com\/file\/d\/1QzUMDnWsaniUc7sXghi1cSWyddlwJYfz\/view?usp=drive_link\" target=\"_blank\" rel=\"noopener\" target=\"_blank\" rel=\"noopener\">Normas de cesi\u00f3n y uso de la Sala de Exposiciones de la Facultad de Exposiciones<\/a><\/strong><\/li>\n<li><strong><a href=\"https:\/\/docs.google.com\/document\/d\/1t6ZIeig-ds6JHz09kYqdXMW8pqi4Jy7S\/edit?usp=drive_link&amp;ouid=110517668512016567868&amp;rtpof=true&amp;sd=true\" target=\"_blank\" rel=\"noopener\" target=\"_blank\" rel=\"noopener\">Solicitud para la petici\u00f3n de la Sala de Exposiciones<\/a><\/strong><\/li>\n<\/ul>\n<p>[\/vc_column_text][vc_separator css=\u00bb.vc_custom_1512136575045{margin-top: 50px !important;margin-bottom: 50px !important;}\u00bb][vc_column_text]<\/p>\n<h3>Aula de Cultura y Extensi\u00f3n<\/h3>\n<p>En el Aula de Cultura, abierta a todo el alumnado de la Facultad de Educaci\u00f3n, encontrar\u00e1s alguien con quien discutir, comentar y compartir tus inquietudes y proyectos.<\/p>\n<p><strong>Tel\u00e9fono<\/strong>: (+34) 922 60 31 33[\/vc_column_text][vc_tta_accordion shape=\u00bbsquare\u00bb c_icon=\u00bbchevron\u00bb c_position=\u00bbright\u00bb active_section=\u00bb\u00bb no_fill=\u00bbtrue\u00bb collapsible_all=\u00bbtrue\u00bb][vc_tta_section title=\u00bbTroysteatro\u00bb tab_id=\u00bb1696847104059-2c8be756-3599&#8243;][vc_column_text]<strong>Sinopsis<\/strong><\/p>\n<p>La compa\u00f1\u00eda nace en 1981, hace ahora 22 a\u00f1os. Fue en el seno de la Universidad de La Laguna, un grupo de universitarios y profesores, sienten la necesidad de crear una compa\u00f1\u00eda de teatro que acoja las inquietudes esc\u00e9nicas de los alumnos, pero desde la perspectiva profesional e independiente.<\/p>\n<p>Desde entonces, han sido muchas las personas que han participado en el proyecto y unos pocos los que le han dado estabilidad y, sobre todo, esa profesionalidad e independencia buscadas. As\u00ed lo demuestran las aventuras esc\u00e9nicas recorridas. En la actualidad la columna vertebral del grupo la conforman algunos de los estudiantes que empezaron hace ya m\u00e1s de dos d\u00e9cadas y que hace tiempo ya no nos conformamos con la experiencia en la escena amateur. Es por ello que actualmente TROYSTEATRO tenga dos vertientes bien diferenciadas: la profesional (Troysteatro, SL) y la Universitaria (Asociaci\u00f3n Cultural Universitaria para el Desarrollo y Fomento del Teatro).<\/p>\n<p>En fin, desde la universidad, planteamos la investigaci\u00f3n dram\u00e1tica y el teatro realizado con rigor y profesionalidad, planteando una oferta muy amplia, desde lo te\u00f3rico a lo pr\u00e1ctico, desde la escena a la docencia, desde el teatro amateur al teatro profesional. Desde los montajes dram\u00e1ticos a las sesiones de cuentos o animaci\u00f3n a la lectura, todo siempre al servicio de la sociedad y las necesidades de los espectadores.<\/p>\n<p>Este recorrido, hace de Troysteatro, uno de los grupos con m\u00e1s historia y solera de todo el panorama dram\u00e1tico de las islas. As\u00ed lo demuestran su participaci\u00f3n en festivales nacionales e internacionales.<\/p>\n<p><strong><br \/>\nProyectos de inter\u00e9s:<\/strong><\/p>\n<ul>\n<li>Curso de Formaci\u00f3n Actoral los martes y jueves en el M\u00f3dulo A de la Facultad.<\/li>\n<li>Organizaci\u00f3n de la XIX Noche de Los Cuentos en colaboraci\u00f3n con la Concejal\u00eda de Cultura del Excmo. Ayto. de La Laguna en junio de 2011<\/li>\n<li>Participaci\u00f3n en la Muestra de Artes Esc\u00e9nicas de la ULL el 30 de abril de 2011 (Paraninfo)<\/li>\n<li>Participaci\u00f3n en los Premios Buero Vallejo de Cocacola, Pedro Garc\u00eda Cabrera de Canarias 2011<\/li>\n<\/ul>\n<p>Puedes consultar m\u00e1s informaci\u00f3n sobre Troysteatro en su <a href=\"http:\/\/www.facebook.com\/pages\/Troysteatro\/46460107725\" target=\"_blank\" rel=\"noopener\">perfil de Facebook.<\/a>[\/vc_column_text][\/vc_tta_section][vc_tta_section title=\u00bbAgrupaci\u00f3n Folkl\u00f3rica\u00bb tab_id=\u00bb1696847104109-67e61f7a-78e4&#8243;][vc_column_text]<\/p>\n<h3>Trayectoria<\/h3>\n<p>Puedes conocer la trayectoria de la Agrupaci\u00f3n Folkl\u00f3rica pinchando en este<a href=\"https:\/\/drive.google.com\/file\/d\/1tuCHC_5gLVSg0AJe3hDhVyPDigKdkoeH\/view?usp=share_link\" target=\"_blank\" rel=\"noopener\" target=\"_blank\" rel=\"noopener\"> enlace<\/a><\/p>\n<h3>Proyecto Folklore Canario y Educaci\u00f3n<\/h3>\n<p>Conoce m\u00e1s sobre esta actividad dirigida al alumnado de la Facultad de Educaci\u00f3n consultando la <a href=\"https:\/\/drive.google.com\/file\/d\/1n4vah6dEPtCuZmgAP5i9ov8Do4VOWYwA\/view?usp=share_link\" target=\"_blank\" rel=\"noopener\" target=\"_blank\" rel=\"noopener\">ficha informativa<\/a><\/p>\n<p>[\/vc_column_text][\/vc_tta_section][\/vc_tta_accordion][vc_separator css=\u00bb.vc_custom_1512136575045{margin-top: 50px !important;margin-bottom: 50px !important;}\u00bb][vc_column_text]<\/p>\n<h3>Aula Cultural de Educaci\u00f3n y Sociedad<\/h3>\n<ul>\n<li>Consulte la informaci\u00f3n actualizada sobre el Aula Cultural en el siguiente <a href=\"https:\/\/www.ull.es\/portal\/aulasycatedrasculturales\/aula-cultural-educacion-y-sociedad\/\" target=\"_blank\" rel=\"noopener\" target=\"_blank\" rel=\"noopener\">enlace<\/a><\/li>\n<\/ul>\n<p>[\/vc_column_text][vc_separator css=\u00bb.vc_custom_1512136575045{margin-top: 50px !important;margin-bottom: 50px !important;}\u00bb][vc_column_text]<\/p>\n<h3>Consejo de profesorado jubilado<\/h3>\n<p>[\/vc_column_text][vc_tta_accordion shape=\u00bbsquare\u00bb c_icon=\u00bbchevron\u00bb c_position=\u00bbright\u00bb active_section=\u00bb\u00bb no_fill=\u00bbtrue\u00bb collapsible_all=\u00bbtrue\u00bb][vc_tta_section title=\u00bbInformaci\u00f3n general\u00bb tab_id=\u00bb1696847104441-76cdbf17-7eda\u00bb][vc_column_text]El Consejo est\u00e1 constituido por profesorado jubilado de la Universidad de La Laguna que haya impartido docencia en la Facultad de Educaci\u00f3n. Est\u00e1 presidido por la Decana\/o o persona en quien delegue.<\/p>\n<p>Se vincula org\u00e1nicamente y a todos los efectos a dicha Facultad. El Consejo ha de atenerse a la normativa de la Facultad de Educaci\u00f3n que le sea de aplicaci\u00f3n y a los Estatutos de la Universidad de La Laguna.<\/p>\n<p><strong>Objetivos<\/strong><\/p>\n<p>El Consejo nace con vocaci\u00f3n de encuentro, participaci\u00f3n y servicio, en el que desde la reflexi\u00f3n cr\u00edtica se pretende lograr los siguientes objetivos:<\/p>\n<ul>\n<li>Colaborar con la Facultad de Educaci\u00f3n en las cuestiones que le sean solicitadas.<\/li>\n<li>Proponer a la Facultad de Educaci\u00f3n cuantas cuestiones puedan considerarse de inter\u00e9s para mejorar la calidad educativa y social en el centro.<\/li>\n<li>Fomentar la investigaci\u00f3n, el estudio, la reflexi\u00f3n y el debate sobre temas educativos y sociales.<\/li>\n<li>Organizar actividades (charlas, debates, conferencias, conmemoraciones, etc.), relacionadas con la educaci\u00f3n y la sociedad.<\/li>\n<\/ul>\n<p>[\/vc_column_text][\/vc_tta_section][\/vc_tta_accordion][vc_separator css=\u00bb.vc_custom_1512136575045{margin-top: 50px !important;margin-bottom: 50px !important;}\u00bb][vc_column_text]<\/p>\n<h3>Museo de la Educaci\u00f3n de la Facultad de Educaci\u00f3n<\/h3>\n<p>[\/vc_column_text][vc_tta_accordion shape=\u00bbsquare\u00bb c_icon=\u00bbchevron\u00bb c_position=\u00bbright\u00bb active_section=\u00bb\u00bb no_fill=\u00bbtrue\u00bb collapsible_all=\u00bbtrue\u00bb][vc_tta_section title=\u00bbInformaci\u00f3n general\u00bb tab_id=\u00bb1696847104604-161936c1-9546&#8243;][vc_column_text]El Museo de la Educaci\u00f3n recrea el contexto en que se ejerc\u00eda la docencia en el siglo pasado. Ubicado en una sala del Edificio Central de la Universidad de La Laguna, de mediados del siglo XX, sit\u00faa al visitante dentro de dos aulas: una de 1940-1950 y otra de 1970-1980. En ellas se presenta el mobiliario y los materiales empleados para la docencia durante dichas d\u00e9cadas; adem\u00e1s se exhiben documentos administrativos de la \u00e9poca, fotograf\u00edas, y paneles en los que se explican las condiciones en las que se desenvolv\u00eda la labor de los docentes.<\/p>\n<p>Desde el a\u00f1o 1999 el Vicerrectorado de Extensi\u00f3n Universitaria lo incorpora dentro de su organigrama como Aula Cultural. El Museo ha obtenido asimismo el apoyo de la Direcci\u00f3n General de Patrimonio Hist\u00f3rico del Gobierno de Canarias.<\/p>\n<p><strong>Visita la exposici\u00f3n permanente<\/strong>\u00a0de lunes a viernes de 10.00 a 13.00 horas (Edificio Central, 1\u00aa planta junto a las escaleras de la cafeter\u00eda).<\/p>\n<p>M\u00e1s informaci\u00f3n:<\/p>\n<ul>\n<li><a href=\"http:\/\/museoedu.webs.ull.es\/\" target=\"_blank\" rel=\"noopener\" target=\"_blank\" rel=\"noopener\">Web del Museo de la Educaci\u00f3n<\/a><\/li>\n<li>Email:\u00a0<a href=\"mailto:museoedu@ull.es\" target=\"_blank\" rel=\"noopener\">museoedu@ull.es<\/a><\/li>\n<\/ul>\n<p>[\/vc_column_text][\/vc_tta_section][\/vc_tta_accordion][vc_separator css=\u00bb.vc_custom_1512136575045{margin-top: 50px !important;margin-bottom: 50px !important;}\u00bb][vc_column_text]<\/p>\n<h3>Servicios de la Facultad de Educaci\u00f3n hacia la Sociedad<\/h3>\n<p>La Facultad de Educaci\u00f3n lleva a cabo acciones vinculadas con la ayuda y apoyo a personas y familias que lo necesitan a trav\u00e9s del\u00a0<a href=\"http:\/\/serviciodepsicomotricidadull.blogspot.com.es\/\" target=\"_blank\" rel=\"noopener\" target=\"_blank\" rel=\"noopener\">Servicio de Psicomotricidad<\/a>, entre otras.[\/vc_column_text][\/vc_column][vc_column width=\u00bb1\/3&#8243;][\/vc_column][\/vc_row][vc_row][vc_column][\/vc_column][\/vc_row]<\/p>\n","protected":false},"excerpt":{"rendered":"<p>[vc_row full_width=\u00bbstretch_row_content_no_spaces\u00bb el_class=\u00bbSliderPortada\u00bb css=\u00bb.vc_custom_1745237111535{margin-top: -100px !important;}\u00bb][vc_column][rev_slider_vc alias=\u00bbportada\u00bb][\/vc_column][\/vc_row][vc_row full_width=\u00bbstretch_row_content_no_spaces\u00bb][vc_column][vc_custom_heading text=\u00bb\u00bb font_container=\u00bbtag:h2|text_align:center\u00bb google_fonts=\u00bbfont_family:Montserrat%3Aregular%2C700|font_style:700%20bold%20regular%3A700%3Anormal\u00bb css=\u00bb.vc_custom_1721221176088{padding-top: 15px !important;padding-bottom: 15px !important;background-color: #360060 !important;}\u00bb][\/vc_column][\/vc_row][vc_row css=\u00bb.vc_custom_1745233821598{margin-top: 50px !important;}\u00bb][vc_column width=\u00bb2\/3&#8243; el_class=\u00bbpadding-50-right\u00bb css=\u00bb.vc_custom_1494506721665{padding-right: 50px !important;}\u00bb][vc_column_text] Cultura y Extensi\u00f3n [\/vc_column_text][vc_column_text] Sala de Exposiciones de la Facultad de Educaci\u00f3n La Sala de Exposiciones de la Facultad de Educaci\u00f3n es un espacio que persigue acercar la cultura&#8230;<\/p>\n","protected":false},"author":1,"featured_media":0,"parent":0,"menu_order":0,"comment_status":"closed","ping_status":"closed","template":"templates\/template-frontpage.php","meta":[],"acf":[],"_links":{"self":[{"href":"https:\/\/www.ull.es\/centros\/facultad-educacion\/wp-json\/wp\/v2\/pages\/101"}],"collection":[{"href":"https:\/\/www.ull.es\/centros\/facultad-educacion\/wp-json\/wp\/v2\/pages"}],"about":[{"href":"https:\/\/www.ull.es\/centros\/facultad-educacion\/wp-json\/wp\/v2\/types\/page"}],"author":[{"embeddable":true,"href":"https:\/\/www.ull.es\/centros\/facultad-educacion\/wp-json\/wp\/v2\/users\/1"}],"replies":[{"embeddable":true,"href":"https:\/\/www.ull.es\/centros\/facultad-educacion\/wp-json\/wp\/v2\/comments?post=101"}],"version-history":[{"count":35,"href":"https:\/\/www.ull.es\/centros\/facultad-educacion\/wp-json\/wp\/v2\/pages\/101\/revisions"}],"predecessor-version":[{"id":1295,"href":"https:\/\/www.ull.es\/centros\/facultad-educacion\/wp-json\/wp\/v2\/pages\/101\/revisions\/1295"}],"wp:attachment":[{"href":"https:\/\/www.ull.es\/centros\/facultad-educacion\/wp-json\/wp\/v2\/media?parent=101"}],"curies":[{"name":"wp","href":"https:\/\/api.w.org\/{rel}","templated":true}]}}