{"id":27,"date":"2017-11-28T13:19:23","date_gmt":"2017-11-28T13:19:23","guid":{"rendered":"http:\/\/www.ull.es\/centros\/facultad-educacion\/?page_id=27"},"modified":"2025-04-22T07:19:03","modified_gmt":"2025-04-22T07:19:03","slug":"informacion-general","status":"publish","type":"page","link":"https:\/\/www.ull.es\/centros\/facultad-educacion\/informacion-general\/","title":{"rendered":"Informaci\u00f3n general"},"content":{"rendered":"<p>[vc_row full_width=\u00bbstretch_row_content_no_spaces\u00bb el_class=\u00bbSliderPortada\u00bb css=\u00bb.vc_custom_1745237111535{margin-top: -100px !important;}\u00bb][vc_column][rev_slider_vc alias=\u00bbportada\u00bb][\/vc_column][\/vc_row][vc_row full_width=\u00bbstretch_row_content_no_spaces\u00bb][vc_column][vc_custom_heading text=\u00bb\u00bb font_container=\u00bbtag:h2|text_align:center\u00bb google_fonts=\u00bbfont_family:Montserrat%3Aregular%2C700|font_style:700%20bold%20regular%3A700%3Anormal\u00bb css=\u00bb.vc_custom_1721221176088{padding-top: 15px !important;padding-bottom: 15px !important;background-color: #360060 !important;}\u00bb][\/vc_column][\/vc_row][vc_row css=\u00bb.vc_custom_1745233821598{margin-top: 50px !important;}\u00bb][vc_column width=\u00bb2\/3&#8243; el_class=\u00bbpadding-50-right\u00bb css=\u00bb.vc_custom_1494506721665{padding-right: 50px !important;}\u00bb][vc_column_text]<\/p>\n<p>&nbsp;<\/p>\n<h1>Presentaci\u00f3n<\/h1>\n<p>[\/vc_column_text][vc_column_text el_id=\u00bbpresentacion\u00bb]\n<div class=\"shortcode-descripcion\">\n    <p>La Facultad de Educaci\u00f3n de la Universidad de La Laguna, creada como Centro Superior por el Decreto Territorial 16\/1995, de 10 de febrero, y denominada Facultad desde el Decreto del Gobierno de Canarias 273\/2003, de 4 de noviembre, es el \u00f3rgano encargado de la gesti\u00f3n administrativa, as\u00ed como de la planificaci\u00f3n, organizaci\u00f3n y control de la ense\u00f1anza universitaria conducente a la obtenci\u00f3n de los t\u00edtulos acad\u00e9micos de Graduado\/a en Maestro en Educaci\u00f3n Infantil, Maestro en Educaci\u00f3n Primaria y Pedagog\u00eda. Adem\u00e1s de t\u00edtulos y diplomas oficiales que establezcan la legislaci\u00f3n o la propia Facultad en el \u00e1mbito de sus competencias.<\/p><\/div>\n\n[\/vc_column_text][vc_empty_space height=\u00bb40px\u00bb][vc_column_text el_id=\u00bborganigrama\u00bb]<\/p>\n<h1>Organigrama<\/h1>\n<p>[\/vc_column_text][vc_column_text]\n<style>\n    .shortcode-equipo h2 {\n        margin-bottom: 10px !important;\n    }\n<\/style>\n\n<div class=\"shortcode-equipo\">\n    <h2>Equipo de direcci\u00f3n<\/h2><dl><dt><strong>Decana<\/strong><\/dt><dd><a href='https:\/\/www.ull.es\/directorio\/search\/?busqueda=decanafe' target='_blank'>Esperanza Ceballos Vacas<\/a><\/dd><dt><strong>Secretaria<\/strong><\/dt><dd><a href='https:\/\/www.ull.es\/directorio\/search\/?busqueda=secrefe' target='_blank'>Atteneri Delgado Cruz<\/a><\/dd><dt><strong>Vicedecana del Grado en Pedagog\u00eda y Estudiantes<\/strong><\/dt><dd><a href='https:\/\/www.ull.es\/directorio\/search\/?busqueda=vice2fe' target='_blank'>Tal\u00eda Cristina Morillo Lesme<\/a><\/dd><dt><strong>Vicedecana del Grado en Maestra\/o en Educaci\u00f3n Primaria y Sostenibilidad<\/strong><\/dt><dd><a href='https:\/\/www.ull.es\/directorio\/search\/?busqueda=vice1fe' target='_blank'>Patricia Crespo Alberto<\/a><\/dd><dt><strong>Vicedecano del Grado en Maestra\/o en Educaci\u00f3n Infantil y Cultura<\/strong><\/dt><dd><a href='https:\/\/www.ull.es\/directorio\/search\/?busqueda=vice5fe' target='_blank'>Alejandro Bonnet de Le\u00f3n<\/a><\/dd><dt><strong>Vicedecano del Grado en Ciencias de la Actividad F\u00edsica y del Deporte e Infraestructuras<\/strong><\/dt><dd><a href='https:\/\/www.ull.es\/directorio\/search\/?busqueda=vice4fe' target='_blank'>Abraham Garc\u00eda Fari\u00f1a<\/a><\/dd><dt><strong>Vicedecana de Pr\u00e1cticas Externas y Relaciones con la Sociedad<\/strong><\/dt><dd><a href='https:\/\/www.ull.es\/directorio\/search\/?busqueda=vicedfe' target='_blank'>Desir\u00e9 Gonz\u00e1lez Mart\u00edn<\/a><\/dd><dt><strong>Vicedecana de Calidad Docente e Innovaci\u00f3n Educativa<\/strong><\/dt><dd><a href='https:\/\/www.ull.es\/directorio\/search\/?busqueda=vicecafe' target='_blank'>Diana de las Nieves Sosa Mart\u00edn<\/a><\/dd><dt><strong>Vicedecano de Movilidad e Internacionalizaci\u00f3n y TFG<\/strong><\/dt><dd><a href='https:\/\/www.ull.es\/directorio\/search\/?busqueda=vice3fe' target='_blank'>Antonio Jes\u00fas Sosa Alonso<\/a><\/dd><\/dl><h2>Personal de administraci\u00f3n<\/h2><dl><dt><strong>Administrador de la Facultad<\/strong><\/dt><dd> <a href='https:\/\/www.ull.es\/directorio\/search\/?busqueda=Jes\u00fas Manuel Correa Barrera' target='_blank'>Jes\u00fas Manuel Correa Barrera<\/a><\/dd><dt><strong>Gestora<\/strong><\/dt><dd> <a href='https:\/\/www.ull.es\/directorio\/search\/?busqueda=M\u00aa Concepci\u00f3n Rodr\u00edguez Alonso' target='_blank'>M\u00aa Concepci\u00f3n Rodr\u00edguez Alonso<\/a><\/dd><dt><strong>Administrativo del Decanato<\/strong><\/dt><dd> <a href='https:\/\/www.ull.es\/directorio\/search\/?busqueda=Jos\u00e9 Rosendo Fuentes Palmero' target='_blank'>Jos\u00e9 Rosendo Fuentes Palmero<\/a><\/dd><dt><strong>Colaboradora<\/strong><\/dt><dd> <a href='https:\/\/www.ull.es\/directorio\/search\/?busqueda=Mar\u00eda Dolores Hern\u00e1ndez Fern\u00e1ndez' target='_blank'>Mar\u00eda Dolores Hern\u00e1ndez Fern\u00e1ndez<\/a><\/dd><dt><strong>Puestos base<\/strong><\/dt><dd> <a href='https:\/\/www.ull.es\/directorio\/search\/?busqueda=Rosa Elena de Le\u00f3n Est\u00e9vez' target='_blank'>Rosa Elena de Le\u00f3n Est\u00e9vez<\/a><\/dd><dd> <a href='https:\/\/www.ull.es\/directorio\/search\/?busqueda=Esther Mar\u00eda P\u00e9rez Gonz\u00e1lez' target='_blank'>Esther Mar\u00eda P\u00e9rez Gonz\u00e1lez<\/a><\/dd><dd> <a href='https:\/\/www.ull.es\/directorio\/search\/?busqueda=Mar\u00eda del Carmen D\u00edaz Gonz\u00e1lez' target='_blank'>Mar\u00eda del Carmen D\u00edaz Gonz\u00e1lez<\/a><\/dd><dt><strong>Conserje (M\u00f3dulo A y B, turno ma\u00f1ana)<\/strong><\/dt><dd> <a href='https:\/\/www.ull.es\/directorio\/search\/?busqueda=Candelaria Lorenzo Mart\u00edn' target='_blank'>Candelaria Lorenzo Mart\u00edn<\/a><\/dd><dt><strong>Auxiliares de servicios (M\u00f3dulo A y B, turno ma\u00f1ana)<\/strong><\/dt><dd> <a href='https:\/\/www.ull.es\/directorio\/search\/?busqueda=Montserrat C. Viera Mesa' target='_blank'>Montserrat C. Viera Mesa<\/a><\/dd><dd> <a href='https:\/\/www.ull.es\/directorio\/search\/?busqueda=Andrea Sonia Barreto Vargas' target='_blank'>Andrea Sonia Barreto Vargas<\/a><\/dd><dd> <a href='https:\/\/www.ull.es\/directorio\/search\/?busqueda=Maite Gallego Garc\u00eda' target='_blank'>Maite Gallego Garc\u00eda<\/a><\/dd><dt><strong>Auxiliar de servicios (M\u00f3dulo A y B, turno tarde)<\/strong><\/dt><dd> <a href='https:\/\/www.ull.es\/directorio\/search\/?busqueda=Carmen Delia Ramos Castro' target='_blank'>Carmen Delia Ramos Castro<\/a><\/dd><dd> <a href='https:\/\/www.ull.es\/directorio\/search\/?busqueda=Jorge Mart\u00ednez Rodr\u00edguez' target='_blank'>Jorge Mart\u00ednez Rodr\u00edguez<\/a><\/dd><dd> <a href='https:\/\/www.ull.es\/directorio\/search\/?busqueda=Raquel Castillo Rodr\u00edguez' target='_blank'>Raquel Castillo Rodr\u00edguez<\/a><\/dd><\/dl>\n<\/div>\n[\/vc_column_text][\/vc_column][vc_column width=\u00bb1\/3&#8243;][vc_column_text]<a class=\"btn-destacado\" href=\"https:\/\/riull.ull.es\/xmlui\/handle\/915\/6976\" target=\"_blank\" rel=\"noopener noreferrer\" target=\"_blank\" rel=\"noopener\">Consultar normativa de la facultad<i class=\"fa fa-arrow-right\"><\/i><\/a>[\/vc_column_text][vc_column_text]<a class=\"btn-destacado\" href=\"http:\/\/www.ull.es\/centros\/facultad-educacion\/informacion-general\/junta-de-facultad-y-comisiones\/\" rel=\"noopener\" target=\"_blank\" rel=\"noopener\">Consultar junta de facultad y comisiones <i class=\"fa fa-arrow-right\"><\/i><\/a>[\/vc_column_text][vc_column_text el_class=\u00bbcontacto\u00bb]\n<ul class=\"widget-box\">\n<li class='contacto-header'>Informaci\u00f3n de contacto<\/li><li><i class=\"fa fa-map-marker\"><\/i> C\/ Pedro Zerolo, s\/n. Edificio Central. Apartado 456. C\u00f3digo postal 38200. San Crist\u00f3bal de La Laguna. S\/C de Tenerife<\/li><li><i class=\"fa fa-phone\"><\/i> (+34) 922 31 90 11<\/li><li><i class=\"fa fa-envelope\"><\/i>  <a href=mailto:sec.educacion@ull.es>sec.educacion@ull.es<\/a><\/li><li><i class=\"fa fa-calendar\"><\/i><a href=\"http:\/\/citaprevia.ull.es\/index.php?s=educacion\"> Cita previa<\/a><\/li>\n<\/ul>\n\n[\/vc_column_text][vc_column_text]<strong style=\"font-size: 15px!important;\">Horario de atenci\u00f3n del Equipo Decanal<\/strong><\/p>\n<p><span style=\"font-size: 15px!important;\">Por favor, solicite cita enviando un correo electr\u00f3nico al cargo correspondiente<\/span>[\/vc_column_text][vc_column_text el_id=\u00bbubicacion\u00bb]\n    \n<style>\n    .google-maps {\n        position: relative;\n        padding-bottom: 75%;\n        height: 0;\n        overflow: hidden;\n    }\n    .google-maps iframe {\n        position: absolute;\n        top: 0;\n        left: 0;\n        width: 100% !important;\n        height: 100% !important;\n    }\n<\/style>\n\n\n<div class=\"google-maps\">\n    <iframe src=\"https:\/\/www.openstreetmap.org\/export\/embed.html?bbox=-16.319420297983%2C28.477571077979%2C-16.313276488393%2C28.483383300259&amp;layer=mapnik&amp;marker=28.481754033718943%2C-16.316594123873074\" style=\"border: 1px solid black\"><\/iframe>\n<\/div>\n\n<div class=\"btn-widget\">\n    <a href=\"https:\/\/www.openstreetmap.org\/directions?engine=graphhopper_car&from=&to=28.481754033718943%2C-16.316594123873074#map=17\/28.481754033718943\/-16.316594123873074\">C\u00f3mo llegar<\/a>  \n<\/div>\n\n  <\/body>\n<\/html>\n\n[\/vc_column_text][\/vc_column][\/vc_row][vc_row][vc_column][vc_column_text]<\/p>\n<p>[\/vc_column_text][\/vc_column][\/vc_row]<\/p>\n","protected":false},"excerpt":{"rendered":"<p>[vc_row full_width=\u00bbstretch_row_content_no_spaces\u00bb el_class=\u00bbSliderPortada\u00bb css=\u00bb.vc_custom_1745237111535{margin-top: -100px !important;}\u00bb][vc_column][rev_slider_vc alias=\u00bbportada\u00bb][\/vc_column][\/vc_row][vc_row full_width=\u00bbstretch_row_content_no_spaces\u00bb][vc_column][vc_custom_heading text=\u00bb\u00bb font_container=\u00bbtag:h2|text_align:center\u00bb google_fonts=\u00bbfont_family:Montserrat%3Aregular%2C700|font_style:700%20bold%20regular%3A700%3Anormal\u00bb css=\u00bb.vc_custom_1721221176088{padding-top: 15px !important;padding-bottom: 15px !important;background-color: #360060 !important;}\u00bb][\/vc_column][\/vc_row][vc_row css=\u00bb.vc_custom_1745233821598{margin-top: 50px !important;}\u00bb][vc_column width=\u00bb2\/3&#8243; el_class=\u00bbpadding-50-right\u00bb css=\u00bb.vc_custom_1494506721665{padding-right: 50px !important;}\u00bb][vc_column_text] &nbsp; Presentaci\u00f3n [\/vc_column_text][vc_column_text el_id=\u00bbpresentacion\u00bb][\/vc_column_text][vc_empty_space height=\u00bb40px\u00bb][vc_column_text el_id=\u00bborganigrama\u00bb] Organigrama [\/vc_column_text][vc_column_text][\/vc_column_text][\/vc_column][vc_column width=\u00bb1\/3&#8243;][vc_column_text]Consultar normativa de la facultad[\/vc_column_text][vc_column_text]Consultar junta de facultad y comisiones [\/vc_column_text][vc_column_text el_class=\u00bbcontacto\u00bb][\/vc_column_text][vc_column_text]Horario de atenci\u00f3n del Equipo Decanal Por favor, solicite cita&#8230;<\/p>\n","protected":false},"author":1,"featured_media":0,"parent":0,"menu_order":0,"comment_status":"closed","ping_status":"closed","template":"templates\/template-frontpage.php","meta":[],"acf":[],"_links":{"self":[{"href":"https:\/\/www.ull.es\/centros\/facultad-educacion\/wp-json\/wp\/v2\/pages\/27"}],"collection":[{"href":"https:\/\/www.ull.es\/centros\/facultad-educacion\/wp-json\/wp\/v2\/pages"}],"about":[{"href":"https:\/\/www.ull.es\/centros\/facultad-educacion\/wp-json\/wp\/v2\/types\/page"}],"author":[{"embeddable":true,"href":"https:\/\/www.ull.es\/centros\/facultad-educacion\/wp-json\/wp\/v2\/users\/1"}],"replies":[{"embeddable":true,"href":"https:\/\/www.ull.es\/centros\/facultad-educacion\/wp-json\/wp\/v2\/comments?post=27"}],"version-history":[{"count":24,"href":"https:\/\/www.ull.es\/centros\/facultad-educacion\/wp-json\/wp\/v2\/pages\/27\/revisions"}],"predecessor-version":[{"id":1265,"href":"https:\/\/www.ull.es\/centros\/facultad-educacion\/wp-json\/wp\/v2\/pages\/27\/revisions\/1265"}],"wp:attachment":[{"href":"https:\/\/www.ull.es\/centros\/facultad-educacion\/wp-json\/wp\/v2\/media?parent=27"}],"curies":[{"name":"wp","href":"https:\/\/api.w.org\/{rel}","templated":true}]}}