{"id":80,"date":"2017-12-01T10:42:00","date_gmt":"2017-12-01T10:42:00","guid":{"rendered":"http:\/\/www.ull.es\/centros\/facultad-educacion\/?page_id=80"},"modified":"2026-03-27T11:17:35","modified_gmt":"2026-03-27T11:17:35","slug":"junta-de-facultad-y-comisiones","status":"publish","type":"page","link":"https:\/\/www.ull.es\/centros\/facultad-educacion\/informacion-general\/junta-de-facultad-y-comisiones\/","title":{"rendered":"Junta de facultad y comisiones"},"content":{"rendered":"<p>[vc_row full_width=\u00bbstretch_row_content_no_spaces\u00bb el_class=\u00bbSliderPortada\u00bb css=\u00bb.vc_custom_1745237111535{margin-top: -100px !important;}\u00bb][vc_column][rev_slider_vc alias=\u00bbportada\u00bb][\/vc_column][\/vc_row][vc_row full_width=\u00bbstretch_row_content_no_spaces\u00bb][vc_column][vc_custom_heading text=\u00bb\u00bb font_container=\u00bbtag:h2|text_align:center\u00bb google_fonts=\u00bbfont_family:Montserrat%3Aregular%2C700|font_style:700%20bold%20regular%3A700%3Anormal\u00bb css=\u00bb.vc_custom_1721221176088{padding-top: 15px !important;padding-bottom: 15px !important;background-color: #360060 !important;}\u00bb][\/vc_column][\/vc_row][vc_row css=\u00bb.vc_custom_1745233821598{margin-top: 50px !important;}\u00bb][vc_column width=\u00bb2\/3&#8243; el_class=\u00bbpadding-50-right\u00bb css=\u00bb.vc_custom_1494506721665{padding-right: 50px !important;}\u00bb][vc_column_text]<\/p>\n<h1>Junta de facultad y comisiones<\/h1>\n<p>[\/vc_column_text][vc_tta_accordion shape=\u00bbsquare\u00bb c_icon=\u00bbchevron\u00bb c_position=\u00bbright\u00bb active_section=\u00bb\u00bb no_fill=\u00bbtrue\u00bb collapsible_all=\u00bbtrue\u00bb][vc_tta_section title=\u00bbCompetencias de la Junta de Facultad\u00bb tab_id=\u00bbcompetencias-de-la-junta-de-escuela\u00bb][vc_column_text]La Junta de Facultad es el \u00f3rgano m\u00e1ximo de representaci\u00f3n y gobierno de la<br \/>\nFacultad, con competencias propias en materia de organizaci\u00f3n, coordinaci\u00f3n y gesti\u00f3n. Est\u00e1 formada por el Equipo Decanal y una representaci\u00f3n del profesorado, estudiantado y personal de administraci\u00f3n y servicios que integran la Facultad.<\/p>\n<p>Entre sus competencias est\u00e1n:<\/p>\n<ol>\n<li class=\"gmail_default\">Elaborar el reglamento de r\u00e9gimen interno de la Facultad.<\/li>\n<li class=\"gmail_default\">Planificar, organizar y controlar las ense\u00f1anzas que hayan de impartirse para la obtenci\u00f3n de los t\u00edtulos que les correspondan.<\/li>\n<li class=\"gmail_default\">Elaborar, aprobar o avalar, dentro de sus competencias, los planes de estudio y ordenaci\u00f3n acad\u00e9mica.<\/li>\n<li class=\"gmail_default\">Coordinar la actividad docente en lo que se refiere a la Facultad.<\/li>\n<li class=\"gmail_default\">Supervisar, aprobar y publicar las gu\u00edas docentes de las asignaturas que se impartan en la Facultad e informar de las mismas, siguiendo lo establecido en la normativa que establezca el Consejo de Gobierno.<\/li>\n<li class=\"gmail_default\">Supervisar el cumplimiento de la docencia y tutor\u00edas de las ense\u00f1anzas que les correspondan.<\/li>\n<li class=\"gmail_default\">Mantener los servicios y el equipamiento de apoyo a la docencia que les est\u00e9n conferidos.<\/li>\n<li class=\"gmail_default\">Realizar actividades culturales y de formaci\u00f3n complementaria, relacionadas con sus respectivos campos profesionales.<\/li>\n<li class=\"gmail_default\">Aprobar la distribuci\u00f3n de los fondos que les hayan sido asignados con cargo a los presupuestos de la Universidad y conocer los avances de la ejecuci\u00f3n de su presupuesto, al menos una vez cada trimestre.<\/li>\n<li class=\"gmail_default\">Supervisar y conocer la actuaci\u00f3n de los \u00f3rganos colegiados o unipersonales de gobierno de la Facultad y de sus servicios.<\/li>\n<li class=\"gmail_default\">Ejercer cualesquiera otras funciones que le asignen los \u00f3rganos superiores de gobierno universitario o le reconozca la normativa vigente.<\/li>\n<li class=\"gmail_default\">La funci\u00f3n de supervisi\u00f3n de la Junta de la Facultad, establecida en la letra j) del apartado anterior, se ejercer\u00e1 de la siguiente manera:<\/li>\n<li class=\"gmail_default\">El Decanato deber\u00e1 informar sobre su gesti\u00f3n y la de su equipo, al menos en tres ocasiones a lo largo del curso acad\u00e9mico o a instancia de, al menos, el 25% de los miembros de la Junta de la Facultad.<\/li>\n<li class=\"gmail_default\">Las personas que ocupen la presidencia de las Comisiones que regula el presente Reglamento deber\u00e1n dar cuenta de su gesti\u00f3n cuando as\u00ed lo solicite la Junta de la Facultad por mayor\u00eda simple, al menos una vez por curso acad\u00e9mico.<\/li>\n<li class=\"gmail_default\">Para el planteamiento de una cuesti\u00f3n de confianza o la presentaci\u00f3n de una moci\u00f3n de censura, se estar\u00e1 a lo previsto en los art\u00edculos 38 y 39 de los Estatutos de la Universidad de La Laguna<\/li>\n<\/ol>\n<p>La Facultad de Educaci\u00f3n posee en el Entorno Colaborativo del Campus Virtual un espacio donde se puede consultar toda la documentaci\u00f3n vinculada a la Junta de Facultad (actas, documentos aprobados e informaciones).<\/p>\n<ul>\n<li><a href=\"https:\/\/campusvirtual.ull.es\/facultades\/user\/index.php?id=27\" target=\"_blank\" rel=\"noopener\" target=\"_blank\" rel=\"noopener\">Acceso al entorno colaborativo de la Junta de la Facultad<\/a><\/li>\n<\/ul>\n<p>[\/vc_column_text][vc_column_text]La Junta de Facultad es el \u00f3rgano m\u00e1ximo de representaci\u00f3n y gobierno de la<br \/>\nFacultad, con competencias propias en materia de organizaci\u00f3n, coordinaci\u00f3n y gesti\u00f3n. Est\u00e1 formada por el Equipo Decanal y una representaci\u00f3n del profesorado, estudiantado y personal de administraci\u00f3n y servicios que integran la Facultad.<\/p>\n<p>Entre sus funciones est\u00e1n:<\/p>\n<p>a) Definir y aprobar la pol\u00edtica de actuaci\u00f3n de la Facultad, tanto en lo que concierne a la docencia como en lo relativo a su r\u00e9gimen administrativo y econ\u00f3mico.<\/p>\n<p>b) Aprobar el Proyecto de Reglamento de R\u00e9gimen Interior de la Facultad y sus modificaciones.<br \/>\nc) Elegir al Decano o Decana, as\u00ed como resolver las cuestiones de confianza y las mociones de censura que se pudieran presentar.<br \/>\nd) Aprobar los planes de ordenaci\u00f3n docente de la Facultad.<br \/>\ne) Proponer e informar la modificaci\u00f3n de sus planes de estudio.<br \/>\nf) Aprobar los criterios para la elaboraci\u00f3n de horarios y calendario de<br \/>\nex\u00e1menes.<br \/>\ng) Aprobar la distribuci\u00f3n de los fondos asignados al Centro con cargo a<br \/>\nlos Presupuestos de la Universidad de La Laguna, y conocer, al menos<br \/>\nsemestralmente, el grado de ejecuci\u00f3n de su presupuesto.<br \/>\nh) Supervisar y conocer la actuaci\u00f3n de los \u00f3rganos colegiados y<br \/>\nunipersonales de gobierno de la Facultad, de las Comisiones de la Facultad y de sus servicios, de conformidad con lo previsto en el apartado segundo del<br \/>\npresente art\u00edculo.<br \/>\ni) Velar por el cumplimiento de los Estatutos de la Universidad de La<br \/>\nLaguna y el Reglamento de R\u00e9gimen Interior de la Facultad de Educaci\u00f3n.<br \/>\nj) Ejercer cualesquiera otras funciones que le asignen los \u00f3rganos<br \/>\nsuperiores de gobierno universitario o le reconozca la normativa vigente.<\/p>\n<p>La Facultad de Educaci\u00f3n posee en el Entorno Colaborativo del Campus Virtual un espacio donde se puede consultar toda la documentaci\u00f3n vinculada a la Junta de Facultad (actas, documentos aprobados e informaciones).<\/p>\n<ul>\n<li><a href=\"https:\/\/campusvirtual.ull.es\/facultades\/user\/index.php?id=27\" target=\"_blank\" rel=\"noopener\" target=\"_blank\" rel=\"noopener\">Acceso al entorno colaborativo de la Junta de la Facultad<\/a><\/li>\n<\/ul>\n<p>[\/vc_column_text][\/vc_tta_section][vc_tta_section title=\u00bbComposici\u00f3n\u00bb tab_id=\u00bbcomposicion\u00bb][vc_column_text]Siguiendo el Cap\u00edtulo I, Art\u00edculo 11 del Reglamento de R\u00e9gimen Interior de la Facultad de Educaci\u00f3n, la Junta de Facultad ser\u00e1 presidida por el decano, y estar\u00e1 integrada por doscientos miembros, que ser\u00e1n los siguientes:<\/p>\n<ol>\n<li>La Junta de la Facultad estar\u00e1 integrada por ciento veinte personas. Formar\u00e1n parte de la misma el Decano o Decana, que ostentar\u00e1 la presidencia, las personas que ostenten los Vicedecanatos y la Secretar\u00eda del Centro, que ser\u00e1 la secretaria o el secretario de la Junta. Tambi\u00e9n formar\u00e1n parte de la Junta el administrador o la administradora de la Facultad. El resto de la Junta estar\u00e1 constituido por una representaci\u00f3n de los distintos sectores que lo integran, cuya composici\u00f3n se ajustar\u00e1 a los siguientes porcentajes:\n<ol>\n<li>Cincuenta y uno por ciento de representantes del personal docente e investigador con vinculaci\u00f3n permanente a la Universidad que figure en la programaci\u00f3n docente de la Facultad y que tenga asignados, al menos, 6 ECTS en las mismas.<\/li>\n<li>Nueve por ciento de representantes del resto del personal docente e investigador contratado y contratada con v\u00ednculo no permanente o que, teniendo vinculaci\u00f3n permanente, imparta menos de 6 ECTS en la Facultad.<\/li>\n<li>Treinta por ciento de representantes del estudiantado matriculado en la Facultad.<\/li>\n<li>Diez por ciento de representantes del personal de administraci\u00f3n y servicios que presta sus servicios en la Facultad, incluida la biblioteca, y en los Departamentos que impartan al menos un veinticinco por ciento de su carga lectiva en la Facultad de Educaci\u00f3n.<\/li>\n<\/ol>\n<\/li>\n<li>En el caso de que el estudiantado y el personal de administraci\u00f3n y servicios no cubran por completo los puestos que les corresponden en la Junta de Facultad, dichos puestos ser\u00e1n atribuidos al sector del personal docente e investigador contratado y contratada con v\u00ednculo no permanente.<\/li>\n<li>En el caso de que el personal docente e investigador contratado y contratada con v\u00ednculo no permanente no cubra por completo los puestos que le correspondan en la Junta de Facultad, estos puestos ser\u00e1n atribuidos al estudiantado.<\/li>\n<li>Las personas que ocupen la direcci\u00f3n de los Departamentos que impartan docencia en la Facultad y no formen parte de la Junta de Facultad tendr\u00e1n derecho a audiencia en las sesiones en las que se sometan a debate cuestiones relativas a las materias que imparten en las mismas.<\/li>\n<\/ol>\n<p>En el caso de que el alumnado y\/o el personal de administraci\u00f3n y servicios no cubran por completo los puestos que les corresponden en la Junta de Facultad, dichos puestos ser\u00e1n atribuidos al sector del profesorado contratado. En el caso en que el profesorado contratado y el personal de administraci\u00f3n y servicios no cubran por completo los puestos que les corresponden en la Junta de Facultad, dichos puestos ser\u00e1n atribuidos al alumnado.<\/p>\n<p><a href=\"https:\/\/drive.google.com\/file\/d\/1rtmSfchJjSZf0XoubjLhgNb0pNp78a4R\/view?usp=drive_link\" target=\"_blank\" rel=\"noopener\" target=\"_blank\" rel=\"noopener\">Composici\u00f3n Junta de Facultad\u00a0<\/a>[\/vc_column_text][\/vc_tta_section][vc_tta_section title=\u00bbComisiones\u00bb tab_id=\u00bbcomisiones\u00bb][vc_column_text]<\/p>\n<h3>Comisiones de la Facultad de Educaci\u00f3n<\/h3>\n<ul>\n<li><a href=\"https:\/\/drive.google.com\/file\/d\/1CNy9nu-T6pwrXGfReI2rIREZhNtTpW5V\/view?usp=drive_link\" target=\"_blank\" rel=\"noopener\" target=\"_blank\" rel=\"noopener\">Comisi\u00f3n Permanente<\/a><\/li>\n<li><a href=\"https:\/\/drive.google.com\/file\/d\/1F_DliY8rLthn_XB8yH5f42X5eXRXQXFY\/view?usp=drive_link\" target=\"_blank\" rel=\"noopener\" target=\"_blank\" rel=\"noopener\">Comisi\u00f3n de Movilidad<\/a><\/li>\n<li><a href=\"https:\/\/drive.google.com\/file\/d\/1Wr6PUNTUeRuZJJQcF-vWQJgP7LvHu5cK\/view?usp=drive_link\" target=\"_blank\" rel=\"noopener\" target=\"_blank\" rel=\"noopener\">Comisi\u00f3n de Infraestructuras y espacios<\/a><\/li>\n<li><a href=\"https:\/\/drive.google.com\/file\/d\/1LRyQjeITsGfUTDPHE_n2NqyKXbQqfMhZ\/view?usp=drive_link\" target=\"_blank\" rel=\"noopener\" target=\"_blank\" rel=\"noopener\">Comisi\u00f3n T\u00e9cnica de Reconocimiento de Cr\u00e9ditos<\/a><\/li>\n<li><a href=\"https:\/\/drive.google.com\/file\/d\/1iwDYc3BuN-COJ7jOe6velyvDjvxdPfSy\/view?usp=drive_link\" target=\"_blank\" rel=\"noopener\">Comisiones de Orientaci\u00f3n Profesional, Pr\u00e1cticas Externas (COPYPE) y Trabajo de Fin de Grado<\/a><\/li>\n<li><a href=\"https:\/\/drive.google.com\/file\/d\/1GdiDo_1O47RA-qaQgV8JiRR_bfbsU3Hh\/view?usp=drive_link\" target=\"_blank\" rel=\"noopener\" target=\"_blank\" rel=\"noopener\">Comisi\u00f3n Electoral<\/a><\/li>\n<li><a href=\"https:\/\/drive.google.com\/file\/d\/1GLrl6W_jIwrfyhQ7tsKRqNCAdjPdyehB\/view?usp=drive_link\" target=\"_blank\" rel=\"noopener\" target=\"_blank\" rel=\"noopener\">Comisi\u00f3n de Igualdad y Convivencia<\/a><\/li>\n<li><a href=\"https:\/\/drive.google.com\/file\/d\/1nnR5fmZBGZg0S5W7-HmnVTfvBljRflVt\/view?usp=drive_link\" target=\"_blank\" rel=\"noopener\" target=\"_blank\" rel=\"noopener\">Comisi\u00f3n de Cultura<\/a><\/li>\n<li><a href=\"https:\/\/drive.google.com\/file\/d\/1pgrjW1dg6veAnVuxKbxBRcIE3nCqk0Cu\/view?usp=drive_link\" target=\"_blank\" rel=\"noopener\" target=\"_blank\" rel=\"noopener\">Comisi\u00f3n de Sostenibilidad<\/a><\/li>\n<li><a href=\"https:\/\/drive.google.com\/file\/d\/1nCGXtdsDfkcd7lHpv6xWei7ut8IRehsy\/view?usp=drive_link\" target=\"_blank\" rel=\"noopener\" target=\"_blank\" rel=\"noopener\">Comisi\u00f3n de Calidad<\/a><\/li>\n<\/ul>\n<p>[\/vc_column_text][\/vc_tta_section][\/vc_tta_accordion][\/vc_column][vc_column width=\u00bb1\/3&#8243;][vc_column_text el_class=\u00bbcontacto\u00bb]\n<ul class=\"widget-box\">\n<li class='contacto-header'>Informaci\u00f3n de contacto<\/li><li><i class=\"fa fa-map-marker\"><\/i> C\/ Pedro Zerolo, s\/n. Edificio Central. Apartado 456. C\u00f3digo postal 38200. San Crist\u00f3bal de La Laguna. S\/C de Tenerife<\/li><li><i class=\"fa fa-phone\"><\/i> (+34) 922 31 90 11<\/li><li><i class=\"fa fa-envelope\"><\/i>  <a href=mailto:sec.educacion@ull.es>sec.educacion@ull.es<\/a><\/li><li><i class=\"fa fa-calendar\"><\/i><a href=\"http:\/\/citaprevia.ull.es\/index.php?s=educacion\"> Cita previa<\/a><\/li>\n<\/ul>\n\n[\/vc_column_text][\/vc_column][\/vc_row]<\/p>\n","protected":false},"excerpt":{"rendered":"<p>[vc_row full_width=\u00bbstretch_row_content_no_spaces\u00bb el_class=\u00bbSliderPortada\u00bb css=\u00bb.vc_custom_1745237111535{margin-top: -100px !important;}\u00bb][vc_column][rev_slider_vc alias=\u00bbportada\u00bb][\/vc_column][\/vc_row][vc_row full_width=\u00bbstretch_row_content_no_spaces\u00bb][vc_column][vc_custom_heading text=\u00bb\u00bb font_container=\u00bbtag:h2|text_align:center\u00bb google_fonts=\u00bbfont_family:Montserrat%3Aregular%2C700|font_style:700%20bold%20regular%3A700%3Anormal\u00bb css=\u00bb.vc_custom_1721221176088{padding-top: 15px !important;padding-bottom: 15px !important;background-color: #360060 !important;}\u00bb][\/vc_column][\/vc_row][vc_row css=\u00bb.vc_custom_1745233821598{margin-top: 50px !important;}\u00bb][vc_column width=\u00bb2\/3&#8243; el_class=\u00bbpadding-50-right\u00bb css=\u00bb.vc_custom_1494506721665{padding-right: 50px !important;}\u00bb][vc_column_text] Junta de facultad y comisiones [\/vc_column_text][vc_tta_accordion shape=\u00bbsquare\u00bb c_icon=\u00bbchevron\u00bb c_position=\u00bbright\u00bb active_section=\u00bb\u00bb no_fill=\u00bbtrue\u00bb collapsible_all=\u00bbtrue\u00bb][vc_tta_section title=\u00bbCompetencias de la Junta de Facultad\u00bb tab_id=\u00bbcompetencias-de-la-junta-de-escuela\u00bb][vc_column_text]La Junta de Facultad es el \u00f3rgano m\u00e1ximo de representaci\u00f3n y&#8230;<\/p>\n","protected":false},"author":1,"featured_media":0,"parent":27,"menu_order":0,"comment_status":"closed","ping_status":"closed","template":"templates\/template-frontpage.php","meta":[],"acf":[],"_links":{"self":[{"href":"https:\/\/www.ull.es\/centros\/facultad-educacion\/wp-json\/wp\/v2\/pages\/80"}],"collection":[{"href":"https:\/\/www.ull.es\/centros\/facultad-educacion\/wp-json\/wp\/v2\/pages"}],"about":[{"href":"https:\/\/www.ull.es\/centros\/facultad-educacion\/wp-json\/wp\/v2\/types\/page"}],"author":[{"embeddable":true,"href":"https:\/\/www.ull.es\/centros\/facultad-educacion\/wp-json\/wp\/v2\/users\/1"}],"replies":[{"embeddable":true,"href":"https:\/\/www.ull.es\/centros\/facultad-educacion\/wp-json\/wp\/v2\/comments?post=80"}],"version-history":[{"count":52,"href":"https:\/\/www.ull.es\/centros\/facultad-educacion\/wp-json\/wp\/v2\/pages\/80\/revisions"}],"predecessor-version":[{"id":1321,"href":"https:\/\/www.ull.es\/centros\/facultad-educacion\/wp-json\/wp\/v2\/pages\/80\/revisions\/1321"}],"up":[{"embeddable":true,"href":"https:\/\/www.ull.es\/centros\/facultad-educacion\/wp-json\/wp\/v2\/pages\/27"}],"wp:attachment":[{"href":"https:\/\/www.ull.es\/centros\/facultad-educacion\/wp-json\/wp\/v2\/media?parent=80"}],"curies":[{"name":"wp","href":"https:\/\/api.w.org\/{rel}","templated":true}]}}