{"id":871,"date":"2023-10-09T10:16:54","date_gmt":"2023-10-09T10:16:54","guid":{"rendered":"https:\/\/www.ull.es\/centros\/facultad-educacion\/?page_id=871"},"modified":"2025-03-28T09:10:39","modified_gmt":"2025-03-28T09:10:39","slug":"exposiciones","status":"publish","type":"page","link":"https:\/\/www.ull.es\/centros\/facultad-educacion\/exposiciones\/","title":{"rendered":"Exposiciones"},"content":{"rendered":"<p>[vc_row][vc_column][vc_empty_space height=\u00bb50px\u00bb][\/vc_column][\/vc_row][vc_row][vc_column][vc_column_text]<\/p>\r\n<h1><strong>Exposiciones de la Facultad de Educaci\u00f3n<\/strong><\/h1>\r\n<p>[\/vc_column_text][\/vc_column][\/vc_row][vc_row][vc_column][vc_empty_space height=\u00bb50px\u00bb][\/vc_column][\/vc_row][vc_row][vc_column width=\u00bb1\/2&#8243;][vc_column_text]<\/p>\r\n<p style=\"font-weight: 400;\"><strong>Horario*<\/strong><\/p>\r\n<p style=\"font-weight: 400;\">De lunes a viernes, de 10:00 a 13:00 horas y de 17:00 a 19:30 horas<\/p>\r\n<p><i>* El horario podr\u00eda verse afectado por la disponibilidad del personal de conserjer\u00eda.<\/i>[\/vc_column_text][\/vc_column][vc_column width=\u00bb1\/2&#8243;][vc_column_text]<\/p>\r\n<p style=\"font-weight: 400;\"><strong>Ubicaci\u00f3n<\/strong><\/p>\r\n<p style=\"font-weight: 400;\">Sala de Exposiciones de la Facultad de Educaci\u00f3n<br \/>(Planta baja del M\u00f3dulo A1, al lado de Porter\u00eda)<br \/>C\/ Heraclio S\u00e1nchez, 43 &#8211; San Crist\u00f3bal de La Laguna<\/p>\r\n<p>[\/vc_column_text][\/vc_column][\/vc_row][vc_row][vc_column][vc_empty_space][vc_column_text]<\/p>\r\n<style>\n\n    .vc_row-has-fill+.vc_row-full-width+.vc_row.vc-eventos>.vc_column_container>.vc_column-inner {\n        padding: 0 !important;\n    }\n\n    .events-block {\n        background: #f5f5f5;\n    }\n\n    .events-block ul li {\n        min-height: 300px;\n        border-right: solid 3px #fff;\n    }\n\n    .events-block ul li:last-child {\n        border-right: none;\n    }\n\n    .events-block ul {\n        list-style: none;\n        margin: 0;\n        padding: 0;\n    }\n\n    .events-block ul li {\n        padding: 0 !important;\n    }\n\n    .events-block .caption {\n        padding: 8px 10px;\n    }\n    .events-block .caption h4 {\n        font-size: 14px;\n        font-weight: normal !important;\n        padding-top: 8px;\n        line-height: normal !important;\n    }\n\n    .events-block .caption .date {\n        font-size: 12px;\n        font-weight: bold;\n        color: #444;\n        margin-top: 6px;\n    }\n\n    .events-control{\n        width: 100%;\n        padding: 8px 15px;\n        overflow: hidden;\n    }\n\n    .events-control a {\n        color: #444;\n    }\n    .events-block a:hover {\n        text-decoration: none !important;\n        border: 0;\n    }\n    .events-control a.right { float: right; }\n    .events-control a.left { float: left; }\n\n    .events-block .thumbnail {\n        border: 0;\n        padding: 0;\n        border-radius: 0;\n        margin-bottom: 0;\n    }\n\n    .events-block .thumbnail a {\n        display: block;\n        width: 100%;\n        height: 160px;\n        background-size: cover;\n        background-repeat: no-repeat;\n        background-position: 50% 50%;\n    }\n\n    .more-events {\n        margin-top: 30px;\n    }\n\n    .more-events a {\n        display: block;\n        float: right;\n        background: #5c068c;\n        padding: 8px 20px;\n        color: #fff;\n    }\n\n    .more-events a:hover {\n        text-decoration: none;\n    }\n\n    .more-events a i {\n        margin-left: 6px;\n    }\n\n    .events-header h2 {\n        color: #444;\n        font-weight: bold;\n        width: 100%;\n        border-bottom: solid 3px #fff;\n        padding: 20px;\n        padding-bottom: 15px;\n        margin: 0;\n        font-size: 30px;\n        line-height: 30px;\n        text-transform: uppercase;\n    }\n\n    @media only screen and (max-width : 480px) {\n        .events-header h2 {\n            font-size: 20px;\n            padding: 10px;\n            line-height: 24px;\n        }\n    }\n\n<\/style>\n\n<div class=\"events-block\">\n    <div class=\"events-header\">\n        <h2>Pr\u00f3ximos Eventos<\/h2>\n    <\/div>\n\n    <div class=\"events-control\">\n        <a class=\"left \" href=\"#eventsCarousel\" role=\"button\" data-slide=\"prev\">\n            <span class=\"fa fa-chevron-left\" aria-hidden=\"true\"><\/span>\n            <span class=\"sr-only\">Siguiente<\/span>\n        <\/a>\n        <a class=\"right\" href=\"#eventsCarousel\" role=\"button\" data-slide=\"next\">\n            <span class=\"fa fa-chevron-right\" aria-hidden=\"true\"><\/span>\n            <span class=\"sr-only\">Anterior<\/span>\n        <\/a>\n    <\/div>\n\n    <div class=\"carousel slide\" id=\"eventsCarousel\">\n        <div class=\"carousel-inner\">\n                    <\/div>\n    <\/div>\n<\/div>\n\n<div class=\"more-events\">\n    <a href=\"https:\/\/www.ull.es\/portal\/agenda\">AGENDA COMPLETA <i class=\"fa fa-chevron-right\"><\/i><\/a>\n<\/div>\n\n<script>\n    $(document).ready(function() {\n        $('#eventsCarousel').carousel({\n            interval: 5000\n        })\n    });\n<\/script>\n\r\n<p>[\/vc_column_text][\/vc_column][\/vc_row][vc_row][vc_column][vc_empty_space height=\u00bb100px\u00bb][\/vc_column][\/vc_row][vc_row][vc_column][vc_empty_space height=\u00bb100px\u00bb][\/vc_column][\/vc_row]<\/p>","protected":false},"excerpt":{"rendered":"<p>[vc_row][vc_column][vc_empty_space height=\u00bb50px\u00bb][\/vc_column][\/vc_row][vc_row][vc_column][vc_column_text] Exposiciones de la Facultad de Educaci\u00f3n [\/vc_column_text][\/vc_column][\/vc_row][vc_row][vc_column][vc_empty_space height=\u00bb50px\u00bb][\/vc_column][\/vc_row][vc_row][vc_column width=\u00bb1\/2&#8243;][vc_column_text] Horario* De lunes a viernes, de 10:00 a 13:00 horas y de 17:00 a 19:30 horas * El horario podr\u00eda verse afectado por la disponibilidad del personal de conserjer\u00eda.[\/vc_column_text][\/vc_column][vc_column width=\u00bb1\/2&#8243;][vc_column_text] Ubicaci\u00f3n Sala de Exposiciones de la Facultad de Educaci\u00f3n(Planta baja del M\u00f3dulo A1, al&#8230;<\/p>\n","protected":false},"author":35,"featured_media":0,"parent":0,"menu_order":0,"comment_status":"closed","ping_status":"closed","template":"templates\/template-no-title.php","meta":[],"acf":[],"_links":{"self":[{"href":"https:\/\/www.ull.es\/centros\/facultad-educacion\/wp-json\/wp\/v2\/pages\/871"}],"collection":[{"href":"https:\/\/www.ull.es\/centros\/facultad-educacion\/wp-json\/wp\/v2\/pages"}],"about":[{"href":"https:\/\/www.ull.es\/centros\/facultad-educacion\/wp-json\/wp\/v2\/types\/page"}],"author":[{"embeddable":true,"href":"https:\/\/www.ull.es\/centros\/facultad-educacion\/wp-json\/wp\/v2\/users\/35"}],"replies":[{"embeddable":true,"href":"https:\/\/www.ull.es\/centros\/facultad-educacion\/wp-json\/wp\/v2\/comments?post=871"}],"version-history":[{"count":29,"href":"https:\/\/www.ull.es\/centros\/facultad-educacion\/wp-json\/wp\/v2\/pages\/871\/revisions"}],"predecessor-version":[{"id":1255,"href":"https:\/\/www.ull.es\/centros\/facultad-educacion\/wp-json\/wp\/v2\/pages\/871\/revisions\/1255"}],"wp:attachment":[{"href":"https:\/\/www.ull.es\/centros\/facultad-educacion\/wp-json\/wp\/v2\/media?parent=871"}],"curies":[{"name":"wp","href":"https:\/\/api.w.org\/{rel}","templated":true}]}}