{"id":946,"date":"2024-02-16T13:41:47","date_gmt":"2024-02-16T13:41:47","guid":{"rendered":"https:\/\/www.ull.es\/centros\/facultad-educacion\/?page_id=946"},"modified":"2025-11-10T11:10:13","modified_gmt":"2025-11-10T11:10:13","slug":"exposiciones-historico","status":"publish","type":"page","link":"https:\/\/www.ull.es\/centros\/facultad-educacion\/exposiciones-historico\/","title":{"rendered":"Exposiciones"},"content":{"rendered":"<p>[vc_row][vc_column][vc_empty_space height=\u00bb50px\u00bb][\/vc_column][\/vc_row][vc_row][vc_column][vc_column_text]<\/p>\r\n<h1><strong>Exposiciones pasadas de la Facultad de Educaci\u00f3n<\/strong><\/h1>\r\n<p>[\/vc_column_text][\/vc_column][\/vc_row][vc_row][vc_column][vc_empty_space height=\u00bb50px\u00bb][\/vc_column][\/vc_row][vc_row][vc_column][vc_empty_space][vc_column_text]<\/p>\r\n<style>\n    .vc_row-has-fill+.vc_row-full-width+.vc_row.vc-eventos>.vc_column_container>.vc_column-inner {\n        padding: 0 !important;\n    }\n    .events-block .col-md-4 {\n        padding-top: 15px;\n\t\tpadding-bottom: 15px;\n    }\n    .events-block .event-card {\n\t\tbox-shadow: 0 1px 0 0 rgba(0,0,0,.1);\n\t\tdisplay: block;\n\t}\n\t.events-block .caption {\n\t\tbackground-color:#F8F8FA;\n\t\tpadding: 10px 15px;\n\t\tmargin:0;\n\t}\n\t.event-card:hover {\n\t\tbox-shadow:0 1px 2px 0 rgba(0,0,0,.15)\n\t}\n    .events-block .caption .date {\n        font-size: 13px;\n        color: #45494E;\n\t\ttext-transform: uppercase;\n\t\tmargin:0;\n    }\n\t.events-block .caption h4 {\n\t\tdisplay: block;\n\t\tdisplay: -webkit-box;\n\t\tmax-height: 38px;\n\t\tmargin: 0 auto;\n\t\t-webkit-line-clamp: 2;\n\t\t-webkit-box-orient: vertical;\n\t\toverflow: hidden;\n\t\ttext-overflow: ellipsis;\n\t\tcolor: #282C35;\n\t\tfont-size: 15px !important;\n\t\tline-height: 19px !important;\n\t\tfont-weight: 600 !important;\n\t\tletter-spacing: 0;\n\t\tpadding: 0;\n\t\theight: 38px;\n\t\tmargin-bottom:5px;\n\t}\n\t.title-venue {\n\t\ttext-overflow: ellipsis;\n\t\toverflow: hidden;\n\t\twhite-space: nowrap;\n\t\tcolor:#666A73;\n        font-size: 12px;\n        line-height: 15px;\n\t\theight: 15px;\n        font-weight: normal !important;\n\t\tmargin:0;\n\t}\n    .events-block a:hover {\n        text-decoration: none !important;\n        border: 0;\n    }\n    .events-block .thumbnail {\n        border: 0;\n        padding: 0;\n        border-radius: 0;\n        margin-bottom: 0;\n\t\ttext-align: center;\n\t\twidth: 100%;\n\t\theight: 100%;\n\t\tborder: 1px solid #EFF2F5;\n    }\n\t.thumbnail .precio {\n\t\tbackground-color: rgba(122,59,122,.92);\n\t\ttext-transform: uppercase;\n    \tfont-size: 13px;\n    \tline-height: 19px;\n    \tcolor: #ffffff;\n    \tbox-sizing: border-box;\n    \tpadding: 2px 10px;\n    \tposition: absolute;\n    \tdisplay: inline-block;\n    \ttop: 25px;\n    \tright: 25px;\n\t}\n\t.event-card-footer {\n\t\tposition: relative;\n\t\theight: 40px;\n\t\tline-height: 40px;\n\t\tborder-top: 1px solid #ebebeb;\n\t\tpadding-left: 15px;\n\t\tpadding-right: 15px;\n\t\tbackground-color:#F8F8FA;\n\t}\n\t.event-card-tags a {\n\t\tcolor: #45494E;\n\t\tfont-size: 13px;\n\t\tmargin-right: 10px;\n    \ttext-transform: capitalize;\n\t}\n\t.event-card-tags a:hover {\n\t\tcolor: #5c068c;\n\t}\n    .more-events {\n        text-align: center;\n\t\tmargin-top:30px;\n    }\n    .more-events a {\n        background: #5c068c;\n        padding: 8px 20px;\n        color: #fff;\n    }\n    .more-events a:hover {\n        text-decoration: none;\n    }\n    .more-events a i {\n        margin-left: 6px;\n    }\n<\/style>\n\n<div class=\"events-block\">\n    <div class=\"container-fluid\">\n                <div class=\"row\">\n            \n            <div class=\"col-md-4 col-xs-12\">\n            \t<div class=\"event-card\">\n                <a href=\"https:\/\/www.ull.es\/portal\/agenda\/evento\/exposicion-plantas-de-canarias-de-la-arena-a-la-cumbre\/\">\n                <div class=\"thumbnail\">\n                                <img src=\"https:\/\/www.ull.es\/portal\/agenda\/wp-content\/uploads\/sites\/12\/2025\/10\/Exposicion-Plantas-de-Canarias.-De-la-arena-a-la-cumbre_Banner-eventos.jpg                    \" \/>\n                <\/div>\n                <div class=\"caption\">\n                    <p class=\"date\">\n                        08 Oct 2025 - 00:00 UTC                    <\/p>\n                    <h4 class=\"title-event\">Exposici\u00f3n Plantas de Canarias. De la arena a la cumbre<\/h4>\n                    <h5 class=\"title-venue\">Sala de Exposiciones de la Facultad de Educaci\u00f3n<\/h5>\n                <\/div><\/a>\n                <div class=\"event-card-footer\">\n                \t<div class=\"event-card-tags\">\n        \t\t\t\t                     <\/div>\n                <\/div><!-- event-card-footer -->\n            \t<\/div><!--event-card-->\n            <\/div><!--col-sm-4-->\n            \n            <div class=\"col-md-4 col-xs-12\">\n            \t<div class=\"event-card\">\n                <a href=\"https:\/\/www.ull.es\/portal\/agenda\/evento\/exposicion-un-acercamiento-a-la-ciencia-a-traves-del-arte\/\">\n                <div class=\"thumbnail\">\n                                <img src=\"https:\/\/www.ull.es\/portal\/agenda\/wp-content\/uploads\/sites\/12\/2025\/06\/Expo-Ciencia-a-traves-del-arte_Banner-eventos.png                    \" \/>\n                <\/div>\n                <div class=\"caption\">\n                    <p class=\"date\">\n                        09 Jun 2025 - 10:00 UTC                    <\/p>\n                    <h4 class=\"title-event\">Exposici\u00f3n: Un acercamiento a la ciencia a trav\u00e9s del arte<\/h4>\n                    <h5 class=\"title-venue\">Sala de Exposiciones de la Facultad de Educaci\u00f3n<\/h5>\n                <\/div><\/a>\n                <div class=\"event-card-footer\">\n                \t<div class=\"event-card-tags\">\n        \t\t\t\t                     <\/div>\n                <\/div><!-- event-card-footer -->\n            \t<\/div><!--event-card-->\n            <\/div><!--col-sm-4-->\n            \n            <div class=\"col-md-4 col-xs-12\">\n            \t<div class=\"event-card\">\n                <a href=\"https:\/\/www.ull.es\/portal\/agenda\/evento\/exposicion-matecuentruccion-trabajando-matematicas-a-partir-de-los-cuentos\/\">\n                <div class=\"thumbnail\">\n                                <img src=\"https:\/\/www.ull.es\/portal\/agenda\/wp-content\/uploads\/sites\/12\/2025\/05\/Exposicion-matecuentruccion_Banner-eventos.jpg                    \" \/>\n                <\/div>\n                <div class=\"caption\">\n                    <p class=\"date\">\n                        07 May 2025 - 10:00 UTC                    <\/p>\n                    <h4 class=\"title-event\">Exposici\u00f3n MateCuentrucci\u00f3n: Trabajando matem\u00e1ticas a partir de los cuentos<\/h4>\n                    <h5 class=\"title-venue\">Sala de Exposiciones de la Facultad de Educaci\u00f3n<\/h5>\n                <\/div><\/a>\n                <div class=\"event-card-footer\">\n                \t<div class=\"event-card-tags\">\n        \t\t\t\t                     <\/div>\n                <\/div><!-- event-card-footer -->\n            \t<\/div><!--event-card-->\n            <\/div><!--col-sm-4-->\n                            <\/div>\n                        <div class=\"row\">\n            \n            <div class=\"col-md-4 col-xs-12\">\n            \t<div class=\"event-card\">\n                <a href=\"https:\/\/www.ull.es\/portal\/agenda\/evento\/exposicion-libros-sin-trampa-y-con-carton\/\">\n                <div class=\"thumbnail\">\n                                <img src=\"https:\/\/www.ull.es\/portal\/agenda\/wp-content\/uploads\/sites\/12\/2025\/04\/Exposicion-Libros-sin-trampa-y-con-carton_Banner-eventos.jpg                    \" \/>\n                <\/div>\n                <div class=\"caption\">\n                    <p class=\"date\">\n                        22 Apr 2025 - 10:00 UTC                    <\/p>\n                    <h4 class=\"title-event\">Exposici\u00f3n: Libros sin trampa y con cart\u00f3n<\/h4>\n                    <h5 class=\"title-venue\">Sala de Exposiciones de la Facultad de Educaci\u00f3n<\/h5>\n                <\/div><\/a>\n                <div class=\"event-card-footer\">\n                \t<div class=\"event-card-tags\">\n        \t\t\t\t                     <\/div>\n                <\/div><!-- event-card-footer -->\n            \t<\/div><!--event-card-->\n            <\/div><!--col-sm-4-->\n            \n            <div class=\"col-md-4 col-xs-12\">\n            \t<div class=\"event-card\">\n                <a href=\"https:\/\/www.ull.es\/portal\/agenda\/evento\/exposicion-mundos-reales-mundos-virtuales-mundos-tridimensionales\/\">\n                <div class=\"thumbnail\">\n                                <img src=\"https:\/\/www.ull.es\/portal\/agenda\/wp-content\/uploads\/sites\/12\/2025\/03\/Exposicion-Mundos-reales-mundos-virtuales-mundos-tridimensionales_Banner-eventos.png                    \" \/>\n                <\/div>\n                <div class=\"caption\">\n                    <p class=\"date\">\n                        02 Apr 2025 - 10:00 UTC                    <\/p>\n                    <h4 class=\"title-event\">Exposici\u00f3n: Mundos reales, mundos virtuales, mundos tridimensionales<\/h4>\n                    <h5 class=\"title-venue\">Sala de Exposiciones de la Facultad de Educaci\u00f3n<\/h5>\n                <\/div><\/a>\n                <div class=\"event-card-footer\">\n                \t<div class=\"event-card-tags\">\n        \t\t\t\t                     <\/div>\n                <\/div><!-- event-card-footer -->\n            \t<\/div><!--event-card-->\n            <\/div><!--col-sm-4-->\n            \n            <div class=\"col-md-4 col-xs-12\">\n            \t<div class=\"event-card\">\n                <a href=\"https:\/\/www.ull.es\/portal\/agenda\/evento\/exposicion-los-siete-colores-de-canarias\/\">\n                <div class=\"thumbnail\">\n                                <img src=\"https:\/\/www.ull.es\/portal\/agenda\/wp-content\/uploads\/sites\/12\/2025\/02\/Los-7-colores-de-Canarias_Banner-eventos.jpg                    \" \/>\n                <\/div>\n                <div class=\"caption\">\n                    <p class=\"date\">\n                        17 Feb 2025 - 10:00 UTC                    <\/p>\n                    <h4 class=\"title-event\">Exposici\u00f3n: \"Los siete colores de Canarias\"<\/h4>\n                    <h5 class=\"title-venue\">Facultad de Educaci\u00f3n<\/h5>\n                <\/div><\/a>\n                <div class=\"event-card-footer\">\n                \t<div class=\"event-card-tags\">\n        \t\t\t\t                     <\/div>\n                <\/div><!-- event-card-footer -->\n            \t<\/div><!--event-card-->\n            <\/div><!--col-sm-4-->\n                            <\/div>\n                        <div class=\"row\">\n            \n            <div class=\"col-md-4 col-xs-12\">\n            \t<div class=\"event-card\">\n                <a href=\"https:\/\/www.ull.es\/portal\/agenda\/evento\/exposicion-migraciones-experiencia-interdisciplinar\/\">\n                <div class=\"thumbnail\">\n                                <img src=\"https:\/\/www.ull.es\/portal\/agenda\/wp-content\/uploads\/sites\/12\/2025\/01\/Exposicion-Migraciones_Banner-eventos.jpg                    \" \/>\n                <\/div>\n                <div class=\"caption\">\n                    <p class=\"date\">\n                        24 Jan 2025 - 10:00 UTC                    <\/p>\n                    <h4 class=\"title-event\">Exposici\u00f3n: 'Migraciones. Experiencia interdisciplinar'<\/h4>\n                    <h5 class=\"title-venue\">Sala de Exposiciones de la Facultad de Educaci\u00f3n<\/h5>\n                <\/div><\/a>\n                <div class=\"event-card-footer\">\n                \t<div class=\"event-card-tags\">\n        \t\t\t\t                     <\/div>\n                <\/div><!-- event-card-footer -->\n            \t<\/div><!--event-card-->\n            <\/div><!--col-sm-4-->\n            \n            <div class=\"col-md-4 col-xs-12\">\n            \t<div class=\"event-card\">\n                <a href=\"https:\/\/www.ull.es\/portal\/agenda\/evento\/exposicion-visiones-y-legado-influencias-clasicas-y-contemporaneas-que-redefinieron-la-pedagogia\/\">\n                <div class=\"thumbnail\">\n                                <img src=\"https:\/\/www.ull.es\/portal\/agenda\/wp-content\/uploads\/sites\/12\/2024\/12\/Exposicion-Visiones-y-legado_Banner-eventos.png                    \" \/>\n                <\/div>\n                <div class=\"caption\">\n                    <p class=\"date\">\n                        11 Dec 2024 - 17:00 UTC                    <\/p>\n                    <h4 class=\"title-event\">Exposici\u00f3n. Visiones y legado: Influencias cl\u00e1sicas y contempor\u00e1neas que redefinieron la pedagog\u00eda<\/h4>\n                    <h5 class=\"title-venue\">Sala de Exposiciones de la Facultad de Educaci\u00f3n<\/h5>\n                <\/div><\/a>\n                <div class=\"event-card-footer\">\n                \t<div class=\"event-card-tags\">\n        \t\t\t\t                     <\/div>\n                <\/div><!-- event-card-footer -->\n            \t<\/div><!--event-card-->\n            <\/div><!--col-sm-4-->\n            \n            <div class=\"col-md-4 col-xs-12\">\n            \t<div class=\"event-card\">\n                <a href=\"https:\/\/www.ull.es\/portal\/agenda\/evento\/xxxvi-recital-folklorico-de-navidad\/2024-12-10\/\">\n                <div class=\"thumbnail\">\n                                <img src=\"https:\/\/www.ull.es\/portal\/agenda\/wp-content\/uploads\/sites\/12\/2024\/12\/XXXVI-Recital-folklorico-de-Navidad_Banner-eventos.jpg                    \" \/>\n                <\/div>\n                <div class=\"caption\">\n                    <p class=\"date\">\n                        10 Dec 2024 - 19:00 UTC                    <\/p>\n                    <h4 class=\"title-event\">XXXVI Recital Folkl\u00f3rico de Navidad<\/h4>\n                    <h5 class=\"title-venue\">Sal\u00f3n de Actos de la Facultad de Educaci\u00f3n<\/h5>\n                <\/div><\/a>\n                <div class=\"event-card-footer\">\n                \t<div class=\"event-card-tags\">\n        \t\t\t\t                     <\/div>\n                <\/div><!-- event-card-footer -->\n            \t<\/div><!--event-card-->\n            <\/div><!--col-sm-4-->\n                            <\/div>\n                        <div class=\"row\">\n            \n            <div class=\"col-md-4 col-xs-12\">\n            \t<div class=\"event-card\">\n                <a href=\"https:\/\/www.ull.es\/portal\/agenda\/evento\/exposicion-cesar-manrique-arquitectura-y-paisaje\/\">\n                <div class=\"thumbnail\">\n                                <img src=\"https:\/\/www.ull.es\/portal\/agenda\/wp-content\/uploads\/sites\/12\/2024\/10\/Exposicion-Cesar-Manrique.-Arquitectura-y-paisaje_Banner-eventos.png                    \" \/>\n                <\/div>\n                <div class=\"caption\">\n                    <p class=\"date\">\n                        07 Oct 2024 - 10:00 UTC                    <\/p>\n                    <h4 class=\"title-event\">Exposici\u00f3n: 'C\u00e9sar Manrique. Arquitectura y paisaje'<\/h4>\n                    <h5 class=\"title-venue\">Sala de Exposiciones de la Facultad de Educaci\u00f3n<\/h5>\n                <\/div><\/a>\n                <div class=\"event-card-footer\">\n                \t<div class=\"event-card-tags\">\n        \t\t\t\t                     <\/div>\n                <\/div><!-- event-card-footer -->\n            \t<\/div><!--event-card-->\n            <\/div><!--col-sm-4-->\n            \n            <div class=\"col-md-4 col-xs-12\">\n            \t<div class=\"event-card\">\n                <a href=\"https:\/\/www.ull.es\/portal\/agenda\/evento\/exposicion-jugando-a-ser-nins\/\">\n                <div class=\"thumbnail\">\n                                <img src=\"https:\/\/www.ull.es\/portal\/agenda\/wp-content\/uploads\/sites\/12\/2024\/05\/Exposicion-Jugando-a-ser-nin@s_Banner-eventos.png                    \" \/>\n                <\/div>\n                <div class=\"caption\">\n                    <p class=\"date\">\n                        22 May 2024 - 10:00 UTC                    <\/p>\n                    <h4 class=\"title-event\">Exposici\u00f3n: 'Jugando a ser ni\u00f1@s'<\/h4>\n                    <h5 class=\"title-venue\">Facultad de Educaci\u00f3n<\/h5>\n                <\/div><\/a>\n                <div class=\"event-card-footer\">\n                \t<div class=\"event-card-tags\">\n        \t\t\t\t                     <\/div>\n                <\/div><!-- event-card-footer -->\n            \t<\/div><!--event-card-->\n            <\/div><!--col-sm-4-->\n            \n            <div class=\"col-md-4 col-xs-12\">\n            \t<div class=\"event-card\">\n                <a href=\"https:\/\/www.ull.es\/portal\/agenda\/evento\/exposicion-art-science-other-worlds\/\">\n                <div class=\"thumbnail\">\n                                <img src=\"https:\/\/www.ull.es\/portal\/agenda\/wp-content\/uploads\/sites\/12\/2024\/05\/Exposicion-Arts-and-Science-Other-Wolrlds_Banner-eventos-1.png                    \" \/>\n                <\/div>\n                <div class=\"caption\">\n                    <p class=\"date\">\n                        06 May 2024 - 10:00 UTC                    <\/p>\n                    <h4 class=\"title-event\">Exposici\u00f3n. 'Art & Science: other worlds'<\/h4>\n                    <h5 class=\"title-venue\">Sala de Exposiciones de la Facultad de Educaci\u00f3n<\/h5>\n                <\/div><\/a>\n                <div class=\"event-card-footer\">\n                \t<div class=\"event-card-tags\">\n        \t\t\t\t                     <\/div>\n                <\/div><!-- event-card-footer -->\n            \t<\/div><!--event-card-->\n            <\/div><!--col-sm-4-->\n                            <\/div>\n                        <div class=\"row\">\n            \n            <div class=\"col-md-4 col-xs-12\">\n            \t<div class=\"event-card\">\n                <a href=\"https:\/\/www.ull.es\/portal\/agenda\/evento\/exposicion-memoria-habitada-la-arquitectura-tradicional-canaria-en-el-medio-rural\/\">\n                <div class=\"thumbnail\">\n                                <img src=\"https:\/\/www.ull.es\/portal\/agenda\/wp-content\/uploads\/sites\/12\/2024\/02\/Exposicion-Memoria-Habitada_Banner-eventos.png                    \" \/>\n                <\/div>\n                <div class=\"caption\">\n                    <p class=\"date\">\n                        20 Feb 2024 - 00:00 UTC                    <\/p>\n                    <h4 class=\"title-event\">Exposici\u00f3n: \"Memoria habitada. La arquitectura tradicional canaria en el medio rural\"<\/h4>\n                    <h5 class=\"title-venue\">Facultad de Educaci\u00f3n<\/h5>\n                <\/div><\/a>\n                <div class=\"event-card-footer\">\n                \t<div class=\"event-card-tags\">\n        \t\t\t\t                     <\/div>\n                <\/div><!-- event-card-footer -->\n            \t<\/div><!--event-card-->\n            <\/div><!--col-sm-4-->\n            \n            <div class=\"col-md-4 col-xs-12\">\n            \t<div class=\"event-card\">\n                <a href=\"https:\/\/www.ull.es\/portal\/agenda\/evento\/imagenes-ineditas-de-la-guerra-civil\/\">\n                <div class=\"thumbnail\">\n                                <img src=\"https:\/\/www.ull.es\/portal\/agenda\/wp-content\/uploads\/sites\/12\/2023\/10\/Rostros-de-la-Guerra-Civil_Eventos-1.png                    \" \/>\n                <\/div>\n                <div class=\"caption\">\n                    <p class=\"date\">\n                        16 Oct 2023 - 00:00 UTC                    <\/p>\n                    <h4 class=\"title-event\">Im\u00e1genes in\u00e9ditas de la Guerra Civil<\/h4>\n                    <h5 class=\"title-venue\">Sala de Exposiciones de la Facultad de Educaci\u00f3n<\/h5>\n                <\/div><\/a>\n                <div class=\"event-card-footer\">\n                \t<div class=\"event-card-tags\">\n        \t\t\t\t                     <\/div>\n                <\/div><!-- event-card-footer -->\n            \t<\/div><!--event-card-->\n            <\/div><!--col-sm-4-->\n                            <\/div>\n                    <\/div>\n<\/div>\n\n<div class=\"more-events\">\n    <a href=\"https:\/\/www.ull.es\/portal\/agenda\/eventos\/categoria\/cultura-extension\">VER M\u00c1S <i class=\"fa fa-chevron-right\"><\/i><\/a>\n<\/div>\n\r\n<p>[\/vc_column_text][\/vc_column][\/vc_row][vc_row][vc_column][vc_empty_space height=\u00bb40px\u00bb][\/vc_column][\/vc_row][vc_row][vc_column][vc_btn title=\u00bbNoticias de Exposiciones de la Facultad de Educaci\u00f3n\u00bb style=\u00bbgradient\u00bb gradient_color_1=\u00bbblue\u00bb gradient_color_2=\u00bbviolet\u00bb size=\u00bblg\u00bb link=\u00bburl:https%3A%2F%2Fwww.ull.es%2Fportal%2Fnoticias%2Ftag%2Fexposiciones-facultad-de-educacion%2F|target:_blank\u00bb][\/vc_column][\/vc_row][vc_row][vc_column][vc_empty_space height=\u00bb100px\u00bb][\/vc_column][\/vc_row]<\/p>","protected":false},"excerpt":{"rendered":"<p>[vc_row][vc_column][vc_empty_space height=\u00bb50px\u00bb][\/vc_column][\/vc_row][vc_row][vc_column][vc_column_text] Exposiciones pasadas de la Facultad de Educaci\u00f3n [\/vc_column_text][\/vc_column][\/vc_row][vc_row][vc_column][vc_empty_space height=\u00bb50px\u00bb][\/vc_column][\/vc_row][vc_row][vc_column][vc_empty_space][vc_column_text] [\/vc_column_text][\/vc_column][\/vc_row][vc_row][vc_column][vc_empty_space height=\u00bb40px\u00bb][\/vc_column][\/vc_row][vc_row][vc_column][vc_btn title=\u00bbNoticias de Exposiciones de la Facultad de Educaci\u00f3n\u00bb style=\u00bbgradient\u00bb gradient_color_1=\u00bbblue\u00bb gradient_color_2=\u00bbviolet\u00bb size=\u00bblg\u00bb link=\u00bburl:https%3A%2F%2Fwww.ull.es%2Fportal%2Fnoticias%2Ftag%2Fexposiciones-facultad-de-educacion%2F|target:_blank\u00bb][\/vc_column][\/vc_row][vc_row][vc_column][vc_empty_space height=\u00bb100px\u00bb][\/vc_column][\/vc_row]<\/p>\n","protected":false},"author":35,"featured_media":0,"parent":0,"menu_order":0,"comment_status":"closed","ping_status":"closed","template":"templates\/template-no-title.php","meta":[],"acf":[],"_links":{"self":[{"href":"https:\/\/www.ull.es\/centros\/facultad-educacion\/wp-json\/wp\/v2\/pages\/946"}],"collection":[{"href":"https:\/\/www.ull.es\/centros\/facultad-educacion\/wp-json\/wp\/v2\/pages"}],"about":[{"href":"https:\/\/www.ull.es\/centros\/facultad-educacion\/wp-json\/wp\/v2\/types\/page"}],"author":[{"embeddable":true,"href":"https:\/\/www.ull.es\/centros\/facultad-educacion\/wp-json\/wp\/v2\/users\/35"}],"replies":[{"embeddable":true,"href":"https:\/\/www.ull.es\/centros\/facultad-educacion\/wp-json\/wp\/v2\/comments?post=946"}],"version-history":[{"count":12,"href":"https:\/\/www.ull.es\/centros\/facultad-educacion\/wp-json\/wp\/v2\/pages\/946\/revisions"}],"predecessor-version":[{"id":1304,"href":"https:\/\/www.ull.es\/centros\/facultad-educacion\/wp-json\/wp\/v2\/pages\/946\/revisions\/1304"}],"wp:attachment":[{"href":"https:\/\/www.ull.es\/centros\/facultad-educacion\/wp-json\/wp\/v2\/media?parent=946"}],"curies":[{"name":"wp","href":"https:\/\/api.w.org\/{rel}","templated":true}]}}