{"id":172,"date":"2023-11-08T09:34:42","date_gmt":"2023-11-08T09:34:42","guid":{"rendered":"http:\/\/www.ull.es\/centros\/facultad-farmacia\/?page_id=172"},"modified":"2025-11-10T09:21:06","modified_gmt":"2025-11-10T09:21:06","slug":"elecciones","status":"publish","type":"page","link":"https:\/\/www.ull.es\/centros\/facultad-farmacia\/elecciones\/","title":{"rendered":"Elecciones"},"content":{"rendered":"<p>[vc_row disable_element=\u00bbyes\u00bb][vc_column][vc_column_text]<\/p>\r\n<h1>Elecciones a la Junta de la Facultad de Farmacia<\/h1>\r\n<p><a href=\"https:\/\/drive.google.com\/file\/d\/17kavQaBArtcpCm7OFIZdQsOdnQ9YUljP\/view?usp=share_link\" target=\"_blank\" rel=\"noopener\" target=\"_blank\" rel=\"noopener\">Resoluci\u00f3n de la decana de la Facultad de Farmacia de la Universidad de La Laguna por la que se convocan elecciones a representantes de profesorado, alumnado y personal de administraci\u00f3n y servicios, en la Junta de la Facultad de Farmacia<\/a>.<\/p>\r\n<ul>\r\n<li><a href=\"https:\/\/drive.google.com\/file\/d\/1sC9IaMs7GW_f2gE1Z877uJauDYSzpmJ9\/view?usp=share_link\" target=\"_blank\" rel=\"noopener\" target=\"_blank\" rel=\"noopener\">Calendario electoral<\/a><\/li>\r\n<li>\r\n<div>Censo electoral<\/div>\r\n<ul>\r\n<li>\r\n<div><a href=\"https:\/\/drive.google.com\/file\/d\/1a8aEKKU4x9fR_07PjWWMlxShWvplFrEl\/view?usp=share_link\" target=\"_blank\" rel=\"noopener\" target=\"_blank\" rel=\"noopener\">PDI con vinculaci\u00f3n permanente (6 \u00f3 m\u00e1s ECTS)<\/a><\/div>\r\n<\/li>\r\n<li>\r\n<div><a href=\"https:\/\/drive.google.com\/file\/d\/1_RXSt5uWIz3Ge73a81UCCgHJENVW2BYy\/view?usp=sharing\" target=\"_blank\" rel=\"noopener\" target=\"_blank\" rel=\"noopener\">PDI con vinculaci\u00f3n permanente (menos 6 ECTS) y PDI con vinculaci\u00f3n no permanente<\/a><\/div>\r\n<\/li>\r\n<li>\r\n<div><a href=\"https:\/\/drive.google.com\/file\/d\/1zBmqVZRbyLTeLyTguf_SXeOXOTQetIX-\/view?usp=share_link\" target=\"_blank\" rel=\"noopener\" target=\"_blank\" rel=\"noopener\">Alumnado<\/a><\/div>\r\n<\/li>\r\n<li>\r\n<div><a href=\"https:\/\/drive.google.com\/file\/d\/18Kp7RCpz08PoDJzf20WsxfRIytiUVA3e\/view?usp=share_link\" target=\"_blank\" rel=\"noopener\" target=\"_blank\" rel=\"noopener\">PAS<\/a><\/div>\r\n<div>\u00a0<\/div>\r\n<\/li>\r\n<\/ul>\r\n<\/li>\r\n<li><a href=\"https:\/\/drive.google.com\/file\/d\/1FeUdM6o_xESsVVrO9G9_wiUspPJXibhC\/view?usp=share_link\" target=\"_blank\" rel=\"noopener\" target=\"_blank\" rel=\"noopener\">Impreso reclamaci\u00f3n<\/a><\/li>\r\n<li><a href=\"https:\/\/docs.google.com\/document\/d\/1cBBbXhii9L3_SI3xJ-yDSKA9FJO39MhYZYB-BxAy-2o\/edit?usp=sharing\" target=\"_blank\" rel=\"noopener\" target=\"_blank\" rel=\"noopener\">Impreso candidatura<\/a> (Una vez que abra el documento, tiene que ir a Archivo y descargarlo en formato docx u odt para poder editarlo)<\/li>\r\n<li>Censo definitivo\r\n<ul>\r\n<li>\r\n<div><a href=\"https:\/\/drive.google.com\/file\/d\/1mumxkNb1z4iDgn9rCnRtcq_RL1bsoqbq\/view?usp=sharing\" target=\"_blank\" rel=\"noopener\" target=\"_blank\" rel=\"noopener\">PDI con vinculaci\u00f3n permanente (6 \u00f3 m\u00e1s ECTS)<\/a><\/div>\r\n<\/li>\r\n<li>\r\n<div><a href=\"https:\/\/drive.google.com\/file\/d\/1L6Zna6OvEeC_MhpYTrkM2Z8ZFueLuOcI\/view?usp=sharing\" target=\"_blank\" rel=\"noopener\" target=\"_blank\" rel=\"noopener\">PDI con vinculaci\u00f3n permanente (menos 6 ECTS) y PDI con vinculaci\u00f3n no permanente<\/a><\/div>\r\n<\/li>\r\n<li>\r\n<div><a href=\"https:\/\/drive.google.com\/file\/d\/1t3aIxrLFNrMOyCNHak_xZ4-Q9945kAwO\/view?usp=sharing\" target=\"_blank\" rel=\"noopener\" target=\"_blank\" rel=\"noopener\">Alumnado<\/a><\/div>\r\n<\/li>\r\n<li>\r\n<div><a href=\"https:\/\/drive.google.com\/file\/d\/1QwGx6C4uIEOXC8VKN5Wh4YJJWxMIrmJH\/view?usp=sharing\" target=\"_blank\" rel=\"noopener\" target=\"_blank\" rel=\"noopener\">PAS<\/a><\/div>\r\n<div>\u00a0<\/div>\r\n<\/li>\r\n<\/ul>\r\n<\/li>\r\n<li>Listados provisionales de candidaturas\r\n<ul>\r\n<li><a href=\"https:\/\/drive.google.com\/file\/d\/1a233VAX9uu1Nt-sZNAGTYqFISYLnXnJD\/view?usp=sharing\" target=\"_blank\" rel=\"noopener\" target=\"_blank\" rel=\"noopener\">PDI con vinculaci\u00f3n permanente (6 \u00f3 m\u00e1s ECTS)<\/a><\/li>\r\n<li><a href=\"https:\/\/drive.google.com\/file\/d\/1sWkfkOWfcbu4Y8A_-MangDrYEmbGC-V7\/view?usp=sharing\" target=\"_blank\" rel=\"noopener\">PDI con vinculaci\u00f3n permanente (menos 6 ECTS) y Pdi con vinculaci\u00f3n no permanente<\/a><\/li>\r\n<li><a href=\"https:\/\/drive.google.com\/file\/d\/1I9Gs3cpwaFA5HSfsjPAREzfJas5ccH1u\/view?usp=sharing\" target=\"_blank\" rel=\"noopener\" target=\"_blank\" rel=\"noopener\">Alumnado<\/a><\/li>\r\n<li><a href=\"https:\/\/drive.google.com\/file\/d\/1Z7Sg2TYk8fyrEsBPrZaWhd9ETHY8Bvqj\/view?usp=sharing\" target=\"_blank\" rel=\"noopener\" target=\"_blank\" rel=\"noopener\">PAS<\/a><\/li>\r\n<\/ul>\r\n<\/li>\r\n<\/ul>\r\n\r\n<ul>\r\n<li><a href=\"https:\/\/drive.google.com\/file\/d\/1i8ZqIysAmLbjlRw72i9S2qSHmS1Y1-Co\/view?usp=sharing\" target=\"_blank\" rel=\"noopener\" target=\"_blank\" rel=\"noopener\">Proclamaci\u00f3n definitiva candidaturas\u00a0<\/a><\/li>\r\n<li><a href=\"https:\/\/drive.google.com\/file\/d\/1P7Q5pWI2WmTCA07BNmo2r51fvzZ6yrp1\/view?usp=sharing\" target=\"_blank\" rel=\"noopener\" target=\"_blank\" rel=\"noopener\">Proclamaci\u00f3n provisional de los miembros electos\u00a0<\/a><\/li>\r\n<li><a href=\"https:\/\/drive.google.com\/file\/d\/1-kPeHmECWQ_Fpiwz3Ve2q40pz81Nwb6D\/view?usp=sharing\" target=\"_blank\" rel=\"noopener\" target=\"_blank\" rel=\"noopener\">Proclamaci\u00f3n definitiva de los miembros electos<\/a><\/li>\r\n<\/ul>\r\n<p>[\/vc_column_text][\/vc_column][\/vc_row][vc_row disable_element=\u00bbyes\u00bb][vc_column][vc_column_text]<\/p>\r\n<h2>Elecciones a Decano\/a de la Facultad de Farmacia<\/h2>\r\n<p>[\/vc_column_text][vc_empty_space height=\u00bb20px\u00bb][vc_column_text]<\/p>\r\n<div><a href=\"https:\/\/drive.google.com\/file\/d\/1Feqm-9KID3gSyvsJikIrB8tEw9Mk0dHl\/view?usp=sharing\" target=\"_blank\" rel=\"noopener\" target=\"_blank\" rel=\"noopener\">Resoluci\u00f3n de la Decana de la Facultad de Farmacia de 9 de enero de 2024, por la que se convocan elecciones a Decano\/a de la Facultad de Farmacia:<\/a><\/div>\r\n<ul>\r\n<li><a href=\"https:\/\/drive.google.com\/file\/d\/12pHXaJnqniY2VeXFjmxI0uhcF4WiTpjP\/view?usp=sharing\" target=\"_blank\" rel=\"noopener\" target=\"_blank\" rel=\"noopener\">Calendario electoral<\/a><\/li>\r\n<li><a href=\"https:\/\/drive.google.com\/file\/d\/1sBJdIETlI3ey0A6738G49VfMJRqHYte2\/view?usp=drive_link\" target=\"_blank\" rel=\"noopener\" target=\"_blank\" rel=\"noopener\">Censo definitivo<\/a><\/li>\r\n<li><a href=\"https:\/\/docs.google.com\/document\/d\/11r_R7Aidd403xYkz_I6j5rz35_CuoZuZ\/edit?usp=drive_link&amp;ouid=117431771520648191477&amp;rtpof=true&amp;sd=true\" target=\"_blank\" rel=\"noopener\" target=\"_blank\" rel=\"noopener\">Modelo Candidatura (editable)<\/a><\/li>\r\n<li><a href=\"https:\/\/drive.google.com\/file\/d\/1yQNwTGKa3jCzPZ6SoAhWnEk9Y6D1lGBu\/view?usp=sharing\" target=\"_blank\" rel=\"noopener\" target=\"_blank\" rel=\"noopener\">Instrucciones para el voto anticipado<\/a><\/li>\r\n<li><a href=\"https:\/\/drive.google.com\/file\/d\/1gjFg_jc8NnPlkjgox6LoiE5lrCRnZjyX\/view?usp=sharing\" target=\"_blank\" rel=\"noopener\" target=\"_blank\" rel=\"noopener\">Publicaci\u00f3n provisional de candidaturas<\/a><\/li>\r\n<li><a href=\"https:\/\/drive.google.com\/file\/d\/1I0IMZ2RwdMR-ANO2Lfd8dPqdK_P3eoZ5\/view?usp=sharing\" target=\"_blank\" rel=\"noopener\" target=\"_blank\" rel=\"noopener\">Publicaci\u00f3n definitiva de candidaturas<\/a><\/li>\r\n<li><a href=\"https:\/\/drive.google.com\/file\/d\/1gndFFO1iTMjn8_KRe4ekL_HBaxqVP6PW\/view?usp=sharing\" target=\"_blank\" rel=\"noopener\" target=\"_blank\" rel=\"noopener\">Proclamaci\u00f3n provisional de la candidatura electa para Decano\/a<\/a><\/li>\r\n<li><a href=\"https:\/\/drive.google.com\/file\/d\/1p1SCMPFgQiUfo4SBm7EHy6kTPIGzswl7\/view?usp=sharing\" target=\"_blank\" rel=\"noopener\" target=\"_blank\" rel=\"noopener\">Proclamaci\u00f3n definitiva de la candidatura electa para Decano\/a<\/a><\/li>\r\n<\/ul>\r\n<p>[\/vc_column_text][\/vc_column][\/vc_row][vc_row][vc_column][vc_column_text]<\/p>\r\n<h2>Elecciones a representantes de alumnado en la Junta de la Facultad de Farmacia<\/h2>\r\n<p>[\/vc_column_text][vc_empty_space height=\u00bb20px\u00bb][vc_column_text]<\/p>\r\n<div><a href=\"https:\/\/drive.google.com\/file\/d\/1_O50Lg00-GGWN6Y_0jlzl2XKvhMB707Z\/view?usp=sharing\" target=\"_blank\" rel=\"noopener\" target=\"_blank\" rel=\"noopener\">Resoluci\u00f3n de la Decana de la Facultad de Farmacia por la que se convocan elecciones\u00a0a representantes de alumnado en la Junta de la Facultad de Farmacia<\/a><\/div>\r\n<ul>\r\n<li><a href=\"https:\/\/drive.google.com\/file\/d\/1DObjI19J6vsfCMid1baHY4JZAH7yycs3\/view?usp=sharing\" target=\"_blank\" rel=\"noopener\" target=\"_blank\" rel=\"noopener\">Calendario electoral<\/a><\/li>\r\n<li><a href=\"https:\/\/drive.google.com\/file\/d\/1JdS51WJOWNZZV6cUCL_bFKEYohYAov49\/view?usp=sharing\" target=\"_blank\" rel=\"noopener\" target=\"_blank\" rel=\"noopener\">Proclamaci\u00f3n provisional de candidatos<\/a><\/li>\r\n<li><a href=\"https:\/\/drive.google.com\/file\/d\/1i10LgBXGXrTpgIfPE41Wrru9vLcWphNE\/view?usp=sharing\" target=\"_blank\" rel=\"noopener\" target=\"_blank\" rel=\"noopener\">Proclamaci\u00f3n definitiva de candidatos<\/a><\/li>\r\n<li><a href=\"https:\/\/drive.google.com\/file\/d\/17L2LQFKSQLFohml6FGIUbhhUlTA2B_aR\/view?usp=sharing\" target=\"_blank\" rel=\"noopener\" target=\"_blank\" rel=\"noopener\">Proclamaci\u00f3n provisional de los miembros electos<\/a><\/li>\r\n<li><a href=\"https:\/\/drive.google.com\/file\/d\/1aAxER5YxggjwBIHiiNb4qQTWCTU_E6fP\/view?usp=sharing\" target=\"_blank\" rel=\"noopener\" target=\"_blank\" rel=\"noopener\">Proclamaci\u00f3n definitiva de miembros electos<\/a><\/li>\r\n<li><a href=\"https:\/\/drive.google.com\/file\/d\/1116bL02RCY1DLqH0UD4jFeeJ7RcCUK5f\/view?usp=sharing\" target=\"_blank\" rel=\"noopener\" target=\"_blank\" rel=\"noopener\">Proclamaci\u00f3n definitiva de miembros electos de estudiantes<\/a><\/li>\r\n<\/ul>\r\n<p>[\/vc_column_text][\/vc_column][\/vc_row][vc_row][vc_column][\/vc_column][\/vc_row]<\/p>","protected":false},"excerpt":{"rendered":"<p>[vc_row disable_element=\u00bbyes\u00bb][vc_column][vc_column_text] Elecciones a la Junta de la Facultad de Farmacia Resoluci\u00f3n de la decana de la Facultad de Farmacia de la Universidad de La Laguna por la que se convocan elecciones a representantes de profesorado, alumnado y personal de administraci\u00f3n y servicios, en la Junta de la Facultad de Farmacia. Calendario electoral Censo electoral&#8230;<\/p>\n","protected":false},"author":10,"featured_media":0,"parent":0,"menu_order":0,"comment_status":"closed","ping_status":"closed","template":"","meta":[],"acf":[],"_links":{"self":[{"href":"https:\/\/www.ull.es\/centros\/facultad-farmacia\/wp-json\/wp\/v2\/pages\/172"}],"collection":[{"href":"https:\/\/www.ull.es\/centros\/facultad-farmacia\/wp-json\/wp\/v2\/pages"}],"about":[{"href":"https:\/\/www.ull.es\/centros\/facultad-farmacia\/wp-json\/wp\/v2\/types\/page"}],"author":[{"embeddable":true,"href":"https:\/\/www.ull.es\/centros\/facultad-farmacia\/wp-json\/wp\/v2\/users\/10"}],"replies":[{"embeddable":true,"href":"https:\/\/www.ull.es\/centros\/facultad-farmacia\/wp-json\/wp\/v2\/comments?post=172"}],"version-history":[{"count":52,"href":"https:\/\/www.ull.es\/centros\/facultad-farmacia\/wp-json\/wp\/v2\/pages\/172\/revisions"}],"predecessor-version":[{"id":358,"href":"https:\/\/www.ull.es\/centros\/facultad-farmacia\/wp-json\/wp\/v2\/pages\/172\/revisions\/358"}],"wp:attachment":[{"href":"https:\/\/www.ull.es\/centros\/facultad-farmacia\/wp-json\/wp\/v2\/media?parent=172"}],"curies":[{"name":"wp","href":"https:\/\/api.w.org\/{rel}","templated":true}]}}