{"id":24,"date":"2018-10-30T09:20:12","date_gmt":"2018-10-30T09:20:12","guid":{"rendered":"http:\/\/www.ull.es\/centros\/facultad-farmacia\/?page_id=24"},"modified":"2025-04-22T07:35:22","modified_gmt":"2025-04-22T07:35:22","slug":"informacion-general","status":"publish","type":"page","link":"https:\/\/www.ull.es\/centros\/facultad-farmacia\/informacion-general\/","title":{"rendered":"Informaci\u00f3n General"},"content":{"rendered":"<p>[vc_row full_width=\u00bbstretch_row_content_no_spaces\u00bb el_class=\u00bbSliderPortada\u00bb css=\u00bb.vc_custom_1745237111535{margin-top: -100px !important;}\u00bb][vc_column][rev_slider_vc alias=\u00bbportada\u00bb][\/vc_column][\/vc_row][vc_row full_width=\u00bbstretch_row_content_no_spaces\u00bb][vc_column][vc_custom_heading text=\u00bb\u00bb font_container=\u00bbtag:h2|text_align:center\u00bb google_fonts=\u00bbfont_family:Montserrat%3Aregular%2C700|font_style:700%20bold%20regular%3A700%3Anormal\u00bb css=\u00bb.vc_custom_1721221176088{padding-top: 15px !important;padding-bottom: 15px !important;background-color: #360060 !important;}\u00bb][\/vc_column][\/vc_row][vc_row css=\u00bb.vc_custom_1745233821598{margin-top: 50px !important;}\u00bb][vc_column width=\u00bb2\/3&#8243; el_class=\u00bbpadding-50-right\u00bb css=\u00bb.vc_custom_1494506721665{padding-right: 50px !important;}\u00bb][vc_column_text]<\/p>\n<p>&nbsp;<\/p>\n<h1 style=\"text-align: left;\">Presentaci\u00f3n<\/h1>\n<p>[\/vc_column_text][vc_column_text]La Facultad de Farmacia es el \u00f3rgano encargado de la organizaci\u00f3n de las ense\u00f1anzas y los procesos acad\u00e9micos, administrativos y de gesti\u00f3n conducentes a la obtenci\u00f3n de t\u00edtulos de car\u00e1cter oficial y validez en todo el territorio nacional que se impartan en ella y dem\u00e1s t\u00edtulos que establezca la legislaci\u00f3n vigente.[\/vc_column_text][vc_empty_space height=\u00bb40px\u00bb][vc_column_text el_id=\u00bborganigrama\u00bb]<\/p>\n<h1 style=\"text-align: left;\">Organigrama<\/h1>\n<p>[\/vc_column_text][vc_column_text]<\/p>\n<p class=\"p1\">\n<style>\n    .shortcode-equipo h2 {\n        margin-bottom: 10px !important;\n    }\n<\/style>\n\n<div class=\"shortcode-equipo\">\n    <h2>Equipo de direcci\u00f3n<\/h2><dl><dt><strong>Decana<\/strong><\/dt><dd> <a href='https:\/\/www.ull.es\/directorio\/search\/?busqueda=Susana Abdal\u00e1 Kuri' target='_blank'>Susana Abdal\u00e1 Kuri<\/a><\/dd><dt><strong>Secretario<\/strong><\/dt><dd> <a href='https:\/\/www.ull.es\/directorio\/search\/?busqueda=Jos\u00e9 Enrique Pi\u00f1ero Barroso' target='_blank'>Jos\u00e9 Enrique Pi\u00f1ero Barroso<\/a><\/dd><dt><strong>Vicedecano de Calidad e Innovaci\u00f3n Docente<\/strong><\/dt><dd> <a href='https:\/\/www.ull.es\/directorio\/search\/?busqueda=\u00c1ngel Jos\u00e9 Guti\u00e9rrez Fern\u00e1ndez' target='_blank'>\u00c1ngel Jos\u00e9 Guti\u00e9rrez Fern\u00e1ndez<\/a><\/dd><dt><strong>Vicedecano de Ordenaci\u00f3n Acad\u00e9mica<\/strong><\/dt><dd> <a href='https:\/\/www.ull.es\/directorio\/search\/?busqueda=Alexis Manuel Oliva Mart\u00edn' target='_blank'>Alexis Manuel Oliva Mart\u00edn<\/a><\/dd><dt><strong>Coordinadora POAT<\/strong><\/dt><dd> <a href='https:\/\/www.ull.es\/directorio\/search\/?busqueda=Mar\u00eda Reyes Batlle' target='_blank'>Mar\u00eda Reyes Batlle<\/a><\/dd><dt><strong>Coordinador de Movilidad Nacional e Internacional<\/strong><\/dt><dd> <a href='https:\/\/www.ull.es\/directorio\/search\/?busqueda=Juan Ram\u00f3n Hern\u00e1ndez Fernaud' target='_blank'>Juan Ram\u00f3n Hern\u00e1ndez Fernaud<\/a><\/dd><\/dl><h2>Personal de administraci\u00f3n<\/h2><dl><dt><strong>Gestora<\/strong><\/dt><dd> <a href='https:\/\/www.ull.es\/directorio\/search\/?busqueda=Loreto Luc\u00eda Figueruelo Ojeda' target='_blank'>Loreto Luc\u00eda Figueruelo Ojeda<\/a><\/dd><dt><strong>Colaboradora<\/strong><\/dt><dd> <a href='https:\/\/www.ull.es\/directorio\/search\/?busqueda=Mar\u00eda Gonz\u00e1lez Bethencourt' target='_blank'>Mar\u00eda Gonz\u00e1lez Bethencourt<\/a><\/dd><dt><strong>Administrador<\/strong><\/dt><dd> <a href='https:\/\/www.ull.es\/directorio\/search\/?busqueda=Alejandro Santana Alonso' target='_blank'>Alejandro Santana Alonso<\/a><\/dd><dt><strong>Administrativa de Decanato<\/strong><\/dt><dd> <a href='https:\/\/www.ull.es\/directorio\/search\/?busqueda=Ana Karen Gonz\u00e1lez Lass' target='_blank'>Ana Karen Gonz\u00e1lez Lass<\/a><\/dd><dt><strong>Oficial-Conserje<\/strong><\/dt><dd> <a href='https:\/\/www.ull.es\/directorio\/search\/?busqueda=Mar\u00eda Montserrat B\u00e1ez Hern\u00e1ndez' target='_blank'>Mar\u00eda Montserrat B\u00e1ez Hern\u00e1ndez<\/a><\/dd><dt><strong>Auxiliares de Servicios<\/strong><\/dt><dd> <a href='https:\/\/www.ull.es\/directorio\/search\/?busqueda=Dalila Hern\u00e1ndez Hern\u00e1ndez' target='_blank'>Dalila Hern\u00e1ndez Hern\u00e1ndez<\/a><\/dd><dd> <a href='https:\/\/www.ull.es\/directorio\/search\/?busqueda=Santiago Dami\u00e1n D\u00edaz Palenzuela' target='_blank'>Santiago Dami\u00e1n D\u00edaz Palenzuela<\/a><\/dd><\/dl>\n<\/div>\n<p>[\/vc_column_text][vc_separator css=\u00bb.vc_custom_1513002225227{margin-top: 50px !important;margin-bottom: 50px !important;}\u00bb][\/vc_column][vc_column width=\u00bb1\/3&#8243;][vc_column_text]<a class=\"btn-destacado\" href=\"https:\/\/riull.ull.es\/xmlui\/handle\/915\/10499\" target=\"_blank\" rel=\"noopener noreferrer\" target=\"_blank\" rel=\"noopener\">Consultar normativa de la facultad<i class=\"fa fa-arrow-right\"><\/i><\/a>[\/vc_column_text][vc_column_text]<a class=\"btn-destacado\" href=\"https:\/\/www.ull.es\/centros\/facultad-farmacia\/junta-de-facultad-y-comisiones\/\" rel=\"noopener\" target=\"_blank\" rel=\"noopener\">Consultar junta de facultad y comisiones <i class=\"fa fa-arrow-right\"><\/i><\/a>[\/vc_column_text][vc_column_text el_class=\u00bbcontacto\u00bb]\n<ul class=\"widget-box\">\n<li class='contacto-header'>Informaci\u00f3n de contacto<\/li><li><i class=\"fa fa-map-marker\"><\/i> Campus Anchieta, 4. Apartado 456. C\u00f3digo postarl 38200. San Crist\u00f3bal de La Laguna. S\/C de Tenerife.<\/li><li><i class=\"fa fa-phone\"><\/i> (+34) 922 318 431<\/li><li><i class=\"fa fa-envelope\"><\/i>  <a href=mailto:facultaddefarmacia@ull.es>facultaddefarmacia@ull.es<\/a><\/li><li><i class=\"fa fa-calendar\"><\/i><a href=\"http:\/\/citaprevia.ull.es\/serv_list.php?p=index\"> Cita previa<\/a><\/li><li><i class=\"fa fa-archive\"><\/i><a href=\"https:\/\/sede.ull.es\/ecivilis-site\/catalog\/showProcedure\/484\"> Procedimiento para quejas, sugerencias y felicitaciones<\/a><\/li>\n<\/ul>\n\n[\/vc_column_text][vc_column_text]\n    \n<style>\n    .google-maps {\n        position: relative;\n        padding-bottom: 75%;\n        height: 0;\n        overflow: hidden;\n    }\n    .google-maps iframe {\n        position: absolute;\n        top: 0;\n        left: 0;\n        width: 100% !important;\n        height: 100% !important;\n    }\n<\/style>\n\n\n<div class=\"google-maps\">\n    <iframe src=\"https:\/\/www.openstreetmap.org\/export\/embed.html?bbox=-16.32479767411%2C28.47473574426%2C-16.31865386452%2C28.48054796654&amp;layer=mapnik&amp;marker=28.4789187%2C-16.3219715\" style=\"border: 1px solid black\"><\/iframe>\n<\/div>\n\n<div class=\"btn-widget\">\n    <a href=\"https:\/\/www.openstreetmap.org\/directions?engine=graphhopper_car&from=&to=28.4789187%2C-16.3219715#map=17\/28.4789187\/-16.3219715\">C\u00f3mo llegar<\/a>  \n<\/div>\n\n  <\/body>\n<\/html>\n\n<br \/>\n[\/vc_column_text][\/vc_column][\/vc_row]<\/p>\n","protected":false},"excerpt":{"rendered":"<p>[vc_row full_width=\u00bbstretch_row_content_no_spaces\u00bb el_class=\u00bbSliderPortada\u00bb css=\u00bb.vc_custom_1745237111535{margin-top: -100px !important;}\u00bb][vc_column][rev_slider_vc alias=\u00bbportada\u00bb][\/vc_column][\/vc_row][vc_row full_width=\u00bbstretch_row_content_no_spaces\u00bb][vc_column][vc_custom_heading text=\u00bb\u00bb font_container=\u00bbtag:h2|text_align:center\u00bb google_fonts=\u00bbfont_family:Montserrat%3Aregular%2C700|font_style:700%20bold%20regular%3A700%3Anormal\u00bb css=\u00bb.vc_custom_1721221176088{padding-top: 15px !important;padding-bottom: 15px !important;background-color: #360060 !important;}\u00bb][\/vc_column][\/vc_row][vc_row css=\u00bb.vc_custom_1745233821598{margin-top: 50px !important;}\u00bb][vc_column width=\u00bb2\/3&#8243; el_class=\u00bbpadding-50-right\u00bb css=\u00bb.vc_custom_1494506721665{padding-right: 50px !important;}\u00bb][vc_column_text] &nbsp; Presentaci\u00f3n [\/vc_column_text][vc_column_text]La Facultad de Farmacia es el \u00f3rgano encargado de la organizaci\u00f3n de las ense\u00f1anzas y los procesos acad\u00e9micos, administrativos y de gesti\u00f3n conducentes a la obtenci\u00f3n de&#8230;<\/p>\n","protected":false},"author":37,"featured_media":0,"parent":0,"menu_order":0,"comment_status":"closed","ping_status":"closed","template":"templates\/template-frontpage.php","meta":[],"acf":[],"_links":{"self":[{"href":"https:\/\/www.ull.es\/centros\/facultad-farmacia\/wp-json\/wp\/v2\/pages\/24"}],"collection":[{"href":"https:\/\/www.ull.es\/centros\/facultad-farmacia\/wp-json\/wp\/v2\/pages"}],"about":[{"href":"https:\/\/www.ull.es\/centros\/facultad-farmacia\/wp-json\/wp\/v2\/types\/page"}],"author":[{"embeddable":true,"href":"https:\/\/www.ull.es\/centros\/facultad-farmacia\/wp-json\/wp\/v2\/users\/37"}],"replies":[{"embeddable":true,"href":"https:\/\/www.ull.es\/centros\/facultad-farmacia\/wp-json\/wp\/v2\/comments?post=24"}],"version-history":[{"count":20,"href":"https:\/\/www.ull.es\/centros\/facultad-farmacia\/wp-json\/wp\/v2\/pages\/24\/revisions"}],"predecessor-version":[{"id":346,"href":"https:\/\/www.ull.es\/centros\/facultad-farmacia\/wp-json\/wp\/v2\/pages\/24\/revisions\/346"}],"wp:attachment":[{"href":"https:\/\/www.ull.es\/centros\/facultad-farmacia\/wp-json\/wp\/v2\/media?parent=24"}],"curies":[{"name":"wp","href":"https:\/\/api.w.org\/{rel}","templated":true}]}}