{"id":28,"date":"2018-10-30T09:24:56","date_gmt":"2018-10-30T09:24:56","guid":{"rendered":"http:\/\/www.ull.es\/centros\/facultad-farmacia\/?page_id=28"},"modified":"2025-04-22T07:40:51","modified_gmt":"2025-04-22T07:40:51","slug":"departamentos","status":"publish","type":"page","link":"https:\/\/www.ull.es\/centros\/facultad-farmacia\/departamentos\/","title":{"rendered":"Departamentos"},"content":{"rendered":"<p>[vc_row full_width=\u00bbstretch_row_content_no_spaces\u00bb el_class=\u00bbSliderPortada\u00bb css=\u00bb.vc_custom_1745237111535{margin-top: -100px !important;}\u00bb][vc_column][rev_slider_vc alias=\u00bbportada\u00bb][\/vc_column][\/vc_row][vc_row full_width=\u00bbstretch_row_content_no_spaces\u00bb][vc_column][vc_custom_heading text=\u00bb\u00bb font_container=\u00bbtag:h2|text_align:center\u00bb google_fonts=\u00bbfont_family:Montserrat%3Aregular%2C700|font_style:700%20bold%20regular%3A700%3Anormal\u00bb css=\u00bb.vc_custom_1721221176088{padding-top: 15px !important;padding-bottom: 15px !important;background-color: #360060 !important;}\u00bb][\/vc_column][\/vc_row][vc_row css=\u00bb.vc_custom_1745233821598{margin-top: 50px !important;}\u00bb][vc_column width=\u00bb2\/3&#8243; el_class=\u00bbpadding-50-right\u00bb css=\u00bb.vc_custom_1494506721665{padding-right: 50px !important;}\u00bb][vc_column_text]<\/p>\n<h1 style=\"text-align: left;\">Departamentos<\/h1>\n<ul>\n<li style=\"text-align: left;\"><a href=\"https:\/\/www.ull.es\/departamentos\/analisis-matematico\" target=\"_blank\" rel=\"noopener\" target=\"_blank\" rel=\"noopener\"><span style=\"color: #0066cc;\">An\u00e1lisis Matem\u00e1tico<\/span><\/a><\/li>\n<li style=\"text-align: left;\"><span style=\"color: #0066cc;\"><a href=\"https:\/\/www.ull.es\/departamentos\/bioquimica-microbiologia-biologia-celular-y-genetica\" target=\"_blank\" rel=\"noopener\" target=\"_blank\" rel=\"noopener\">Bioqu\u00edmica, Microbiolog\u00eda, Biolog\u00eda Celular y Gen\u00e9tica<\/a><\/span><\/li>\n<li style=\"text-align: left;\"><a href=\"https:\/\/www.ull.es\/departamentos\/botanica-ecologia-y-fisiologia-vegetal\" target=\"_blank\" rel=\"noopener\" target=\"_blank\" rel=\"noopener\"><span style=\"color: #0066cc;\">Bot\u00e1nica, Ecolog\u00eda y Fisiolog\u00eda Vegetal<\/span><\/a><\/li>\n<li style=\"text-align: left;\"><a href=\"https:\/\/www.ull.es\/departamentos\/ciencias-medicas-basicas\" target=\"_blank\" rel=\"noopener\" target=\"_blank\" rel=\"noopener\"><span style=\"color: #0066cc;\">Ciencias M\u00e9dicas B\u00e1sicas<\/span><\/a><\/li>\n<li style=\"text-align: left;\"><a href=\"https:\/\/www.ull.es\/departamentos\/ingenieria-quimica-y-tecnologia-farmaceutica\" target=\"_blank\" rel=\"noopener\" target=\"_blank\" rel=\"noopener\"><span style=\"color: #0066cc;\">Ingenier\u00eda Qu\u00edmica y Tecnolog\u00eda Farmac\u00e9utica<\/span><\/a><\/li>\n<li style=\"text-align: left;\"><a href=\"https:\/\/www.ull.es\/departamentos\/medicina-fisica-y-farmacologia\" target=\"_blank\" rel=\"noopener\" target=\"_blank\" rel=\"noopener\"><span style=\"color: #0066cc;\">Medicina F\u00edsica y Farmacolog\u00eda<\/span><\/a><\/li>\n<li style=\"text-align: left;\"><a href=\"https:\/\/www.ull.es\/departamentos\/medicina-interna-dermatologia-y-psiquiatria\" target=\"_blank\" rel=\"noopener\" target=\"_blank\" rel=\"noopener\"><span style=\"color: #0066cc;\">Medicina Interna, Dermatolog\u00eda y Psiquiatr\u00eda<\/span><\/a><\/li>\n<li style=\"text-align: left;\"><a href=\"https:\/\/www.ull.es\/departamentos\/obsgin\" target=\"_blank\" rel=\"noopener\" target=\"_blank\" rel=\"noopener\"><span style=\"color: #0066cc;\">Obstetricia y Ginecolog\u00eda, Pediatr\u00eda, Medicina Preventiva y Salud P\u00fablica, Toxicolog\u00eda, Medicina Legal y Forense y Parasitolog\u00eda<\/span><\/a><\/li>\n<li style=\"text-align: left;\"><a href=\"https:\/\/www.ull.es\/departamentos\/quimica\" target=\"_blank\" rel=\"noopener\" target=\"_blank\" rel=\"noopener\"><span style=\"color: #0066cc;\">Qu\u00edmica<\/span><\/a><\/li>\n<li style=\"text-align: left;\"><span style=\"color: #0066cc;\"><a href=\"https:\/\/www.ull.es\/departamentos\/quimica-organica\" target=\"_blank\" rel=\"noopener\" target=\"_blank\" rel=\"noopener\">Qu\u00edmica Org\u00e1nica<\/a><\/span><\/li>\n<\/ul>\n<p>[\/vc_column_text][\/vc_column][vc_column width=\u00bb1\/3&#8243;][vc_column_text el_class=\u00bbcontacto\u00bb]<\/p>\n<p class=\"p1\">\n<ul class=\"widget-box\">\n<li class='contacto-header'>Informaci\u00f3n de contacto<\/li><li><i class=\"fa fa-map-marker\"><\/i> Campus Anchieta, 4. Apartado 456. C\u00f3digo postarl 38200. San Crist\u00f3bal de La Laguna. S\/C de Tenerife.<\/li><li><i class=\"fa fa-phone\"><\/i> (+34) 922 318 431<\/li><li><i class=\"fa fa-envelope\"><\/i>  <a href=mailto:facultaddefarmacia@ull.es>facultaddefarmacia@ull.es<\/a><\/li><li><i class=\"fa fa-calendar\"><\/i><a href=\"http:\/\/citaprevia.ull.es\/serv_list.php?p=index\"> Cita previa<\/a><\/li><li><i class=\"fa fa-archive\"><\/i><a href=\"https:\/\/sede.ull.es\/ecivilis-site\/catalog\/showProcedure\/484\"> Procedimiento para quejas, sugerencias y felicitaciones<\/a><\/li>\n<\/ul>\n\n<\/p>\n<p>[\/vc_column_text][\/vc_column][\/vc_row]<\/p>\n","protected":false},"excerpt":{"rendered":"<p>[vc_row full_width=\u00bbstretch_row_content_no_spaces\u00bb el_class=\u00bbSliderPortada\u00bb css=\u00bb.vc_custom_1745237111535{margin-top: -100px !important;}\u00bb][vc_column][rev_slider_vc alias=\u00bbportada\u00bb][\/vc_column][\/vc_row][vc_row full_width=\u00bbstretch_row_content_no_spaces\u00bb][vc_column][vc_custom_heading text=\u00bb\u00bb font_container=\u00bbtag:h2|text_align:center\u00bb google_fonts=\u00bbfont_family:Montserrat%3Aregular%2C700|font_style:700%20bold%20regular%3A700%3Anormal\u00bb css=\u00bb.vc_custom_1721221176088{padding-top: 15px !important;padding-bottom: 15px !important;background-color: #360060 !important;}\u00bb][\/vc_column][\/vc_row][vc_row css=\u00bb.vc_custom_1745233821598{margin-top: 50px !important;}\u00bb][vc_column width=\u00bb2\/3&#8243; el_class=\u00bbpadding-50-right\u00bb css=\u00bb.vc_custom_1494506721665{padding-right: 50px !important;}\u00bb][vc_column_text] Departamentos An\u00e1lisis Matem\u00e1tico Bioqu\u00edmica, Microbiolog\u00eda, Biolog\u00eda Celular y Gen\u00e9tica Bot\u00e1nica, Ecolog\u00eda y Fisiolog\u00eda Vegetal Ciencias M\u00e9dicas B\u00e1sicas Ingenier\u00eda Qu\u00edmica y Tecnolog\u00eda Farmac\u00e9utica Medicina F\u00edsica y Farmacolog\u00eda Medicina Interna, Dermatolog\u00eda&#8230;<\/p>\n","protected":false},"author":37,"featured_media":0,"parent":0,"menu_order":0,"comment_status":"closed","ping_status":"closed","template":"templates\/template-frontpage.php","meta":[],"acf":[],"_links":{"self":[{"href":"https:\/\/www.ull.es\/centros\/facultad-farmacia\/wp-json\/wp\/v2\/pages\/28"}],"collection":[{"href":"https:\/\/www.ull.es\/centros\/facultad-farmacia\/wp-json\/wp\/v2\/pages"}],"about":[{"href":"https:\/\/www.ull.es\/centros\/facultad-farmacia\/wp-json\/wp\/v2\/types\/page"}],"author":[{"embeddable":true,"href":"https:\/\/www.ull.es\/centros\/facultad-farmacia\/wp-json\/wp\/v2\/users\/37"}],"replies":[{"embeddable":true,"href":"https:\/\/www.ull.es\/centros\/facultad-farmacia\/wp-json\/wp\/v2\/comments?post=28"}],"version-history":[{"count":5,"href":"https:\/\/www.ull.es\/centros\/facultad-farmacia\/wp-json\/wp\/v2\/pages\/28\/revisions"}],"predecessor-version":[{"id":352,"href":"https:\/\/www.ull.es\/centros\/facultad-farmacia\/wp-json\/wp\/v2\/pages\/28\/revisions\/352"}],"wp:attachment":[{"href":"https:\/\/www.ull.es\/centros\/facultad-farmacia\/wp-json\/wp\/v2\/media?parent=28"}],"curies":[{"name":"wp","href":"https:\/\/api.w.org\/{rel}","templated":true}]}}