{"id":40,"date":"2018-10-30T09:30:35","date_gmt":"2018-10-30T09:30:35","guid":{"rendered":"http:\/\/www.ull.es\/centros\/facultad-farmacia\/?page_id=40"},"modified":"2026-03-04T09:36:32","modified_gmt":"2026-03-04T09:36:32","slug":"programas-de-movilidad","status":"publish","type":"page","link":"https:\/\/www.ull.es\/centros\/facultad-farmacia\/programas-de-movilidad\/","title":{"rendered":"Programas de movilidad"},"content":{"rendered":"<p>[vc_row full_width=\u00bbstretch_row_content_no_spaces\u00bb el_class=\u00bbSliderPortada\u00bb css=\u00bb.vc_custom_1745237111535{margin-top: -100px !important;}\u00bb][vc_column][rev_slider_vc alias=\u00bbportada\u00bb][\/vc_column][\/vc_row][vc_row full_width=\u00bbstretch_row_content_no_spaces\u00bb][vc_column][vc_custom_heading text=\u00bb\u00bb font_container=\u00bbtag:h2|text_align:center\u00bb google_fonts=\u00bbfont_family:Montserrat%3Aregular%2C700|font_style:700%20bold%20regular%3A700%3Anormal\u00bb css=\u00bb.vc_custom_1721221176088{padding-top: 15px !important;padding-bottom: 15px !important;background-color: #360060 !important;}\u00bb][\/vc_column][\/vc_row][vc_row css=\u00bb.vc_custom_1745233821598{margin-top: 50px !important;}\u00bb][vc_column width=\u00bb2\/3&#8243; el_class=\u00bbpadding-50-right\u00bb css=\u00bb.vc_custom_1494506721665{padding-right: 50px !important;}\u00bb][vc_column_text]<\/p>\n<h1 style=\"text-align: left;\">Programas de movilidad<\/h1>\n<h2 style=\"text-align: left;\">Facultad de Farmacia<\/h2>\n<p>[\/vc_column_text][vc_tta_accordion shape=\u00bbsquare\u00bb active_section=\u00bb0&#8243; no_fill=\u00bbtrue\u00bb collapsible_all=\u00bbtrue\u00bb][vc_tta_section title=\u00bbMovilidad nacional\u00bb tab_id=\u00bbnacional\u00bb][vc_column_text]<\/p>\n<h3>Programa SICUE\/S\u00c9NECA<\/h3>\n<p>El Sistema de Intercambio entre Centros Universitarios Espa\u00f1oles (SICUE) permite a los estudiantes de las universidades espa\u00f1olas realizar una parte de sus estudios en otra universidad, con garant\u00edas de reconocimiento acad\u00e9mico y de aprovechamiento, as\u00ed como de adecuaci\u00f3n a su perfil curricular. Este programa tiene en cuenta el valor formativo del intercambio, al hacer posible que el estudiante experimente sistemas docentes distintos, incluidos el r\u00e9gimen de pr\u00e1cticas, as\u00ed como los distintos aspectos sociales y culturales de otras Autonom\u00edas.<\/p>\n<p>Se establecer\u00e1n Acuerdos Bilaterales entre las distintas Universidades para determinar los centros, titulaciones, oferta de plazas y duraci\u00f3n del intercambio. La movilidad del estudiante se basar\u00e1 en el Acuerdo Acad\u00e9mico. Este documento describir\u00e1 la actividad a realizar en el Centro de destino que ser\u00e1 reconocido autom\u00e1ticamente por el Centro de origen.<\/p>\n<p>La estancia en la Universidad de destino tendr\u00e1 una duraci\u00f3n de 5 a 9 meses.<\/p>\n<p>Para poder optar a una plaza SICUE, los alumnos de ense\u00f1anzas de Grado deben tener superados en su universidad de origen 60 cr\u00e9ditos y estar matriculados en 30 cr\u00e9ditos m\u00e1s. La selecci\u00f3n de candidatos para participar en los intercambios se har\u00e1 valorando los aspectos acad\u00e9micos y en la justificaci\u00f3n e inter\u00e9s de la propuesta de movilidad. La selecci\u00f3n de los estudiantes comprender\u00e1 dos apartados diferentes: 1) Nota media de calificaci\u00f3n y 2) Memoria justificativa.<\/p>\n<ul>\n<li><a href=\"https:\/\/www.ull.es\/portal\/convocatorias\/categorias\/sicue\/\" target=\"_blank\" rel=\"noopener\">Acceso a las convocatorias de movilidad SICUE<\/a><\/li>\n<\/ul>\n<p>[\/vc_column_text][\/vc_tta_section][vc_tta_section title=\u00bbMovilidad internacional\u00bb tab_id=\u00bbinternacional\u00bb][vc_column_text]<\/p>\n<div class=\"wpb_text_column wpb_content_element \">\n<div class=\"wpb_wrapper\">\n<h3>Programa Erasmus+ (2025-2026)<\/h3>\n<ul>\n<li><a href=\"https:\/\/drive.google.com\/file\/d\/1JZOoB-DDmov9y1_bth9TfEF-1yIy60IG\/view?usp=sharing\" target=\"_blank\" rel=\"noopener\" target=\"_blank\" rel=\"noopener\">Listado provisional de admitidos y excluidos al programa Erasmus+ del curso 2025-26, de la Facultad de Farmacia<\/a><\/li>\n<li><a href=\"https:\/\/drive.google.com\/file\/d\/1MrE3aZ-kMpPhd-038VKUZtjLr5vyTixI\/view?usp=sharing\" target=\"_blank\" rel=\"noopener\">Listado definitivo de admitidos y excluidos al programa Erasmus+ del curso 2025-26, de la Facultad de Farmacia<\/a><\/li>\n<\/ul>\n<h3>Programa Erasmus+ (2024-2025)<\/h3>\n<ul>\n<li><a href=\"https:\/\/drive.google.com\/file\/d\/1dcmBqj7jmArxtIYVL5isu5-gKTRoEhWF\/view?usp=drive_link\" target=\"_blank\" rel=\"noopener\" target=\"_blank\" rel=\"noopener\">Acta de preselecci\u00f3n provisional Erasmus + Estudios<\/a><\/li>\n<li><a href=\"https:\/\/drive.google.com\/file\/d\/1tn7-66ETZymkmR0F469pGpeXUv8WgyKB\/view?usp=drive_link\" target=\"_blank\" rel=\"noopener\" target=\"_blank\" rel=\"noopener\">Listado definitivo de admitidos y excluidos al proceso de preselecci\u00f3n de estudiantes Erasmus + estudios<\/a><\/li>\n<li><a href=\"https:\/\/drive.google.com\/file\/d\/1eNl_Lk2iBp-Du0NSKoF494LmggcLuUxs\/view?usp=sharing\" target=\"_blank\" rel=\"noopener\">Listado definitivo de\u00a0 seleccionados alumnado Erasmus+ Estudios curso 2024-25:<\/a><\/li>\n<\/ul>\n<\/div>\n<\/div>\n<p>[\/vc_column_text][\/vc_tta_section][vc_tta_section title=\u00bbCoordinaci\u00f3n de movilidad\u00bb tab_id=\u00bbcoordinacion\u00bb][vc_column_text]<\/p>\n<ul>\n<li><strong>Movilidad Nacional e Internacional<\/strong>: Juan Ram\u00f3n Hern\u00e1ndez Fernaud (<a href=\"mailto:farmamov@ull.edu.es\" target=\"_blank\" rel=\"noopener\" target=\"_blank\" rel=\"noopener\">farmamov@ull.es<\/a>)<\/li>\n<\/ul>\n<p>[\/vc_column_text][\/vc_tta_section][\/vc_tta_accordion][\/vc_column][vc_column width=\u00bb1\/3&#8243;][vc_column_text el_class=\u00bbcontacto\u00bb]\n<ul class=\"widget-box\">\n<li class='contacto-header'>Informaci\u00f3n de contacto<\/li><li><i class=\"fa fa-map-marker\"><\/i> Campus Anchieta, 4. Apartado 456. C\u00f3digo postarl 38200. San Crist\u00f3bal de La Laguna. S\/C de Tenerife.<\/li><li><i class=\"fa fa-phone\"><\/i> (+34) 922 318 431<\/li><li><i class=\"fa fa-envelope\"><\/i>  <a href=mailto:facultaddefarmacia@ull.es>facultaddefarmacia@ull.es<\/a><\/li><li><i class=\"fa fa-calendar\"><\/i><a href=\"http:\/\/citaprevia.ull.es\/serv_list.php?p=index\"> Cita previa<\/a><\/li><li><i class=\"fa fa-archive\"><\/i><a href=\"https:\/\/sede.ull.es\/ecivilis-site\/catalog\/showProcedure\/484\"> Procedimiento para quejas, sugerencias y felicitaciones<\/a><\/li>\n<\/ul>\n\n[\/vc_column_text][\/vc_column][\/vc_row]<\/p>\n","protected":false},"excerpt":{"rendered":"<p>[vc_row full_width=\u00bbstretch_row_content_no_spaces\u00bb el_class=\u00bbSliderPortada\u00bb css=\u00bb.vc_custom_1745237111535{margin-top: -100px !important;}\u00bb][vc_column][rev_slider_vc alias=\u00bbportada\u00bb][\/vc_column][\/vc_row][vc_row full_width=\u00bbstretch_row_content_no_spaces\u00bb][vc_column][vc_custom_heading text=\u00bb\u00bb font_container=\u00bbtag:h2|text_align:center\u00bb google_fonts=\u00bbfont_family:Montserrat%3Aregular%2C700|font_style:700%20bold%20regular%3A700%3Anormal\u00bb css=\u00bb.vc_custom_1721221176088{padding-top: 15px !important;padding-bottom: 15px !important;background-color: #360060 !important;}\u00bb][\/vc_column][\/vc_row][vc_row css=\u00bb.vc_custom_1745233821598{margin-top: 50px !important;}\u00bb][vc_column width=\u00bb2\/3&#8243; el_class=\u00bbpadding-50-right\u00bb css=\u00bb.vc_custom_1494506721665{padding-right: 50px !important;}\u00bb][vc_column_text] Programas de movilidad Facultad de Farmacia [\/vc_column_text][vc_tta_accordion shape=\u00bbsquare\u00bb active_section=\u00bb0&#8243; no_fill=\u00bbtrue\u00bb collapsible_all=\u00bbtrue\u00bb][vc_tta_section title=\u00bbMovilidad nacional\u00bb tab_id=\u00bbnacional\u00bb][vc_column_text] Programa SICUE\/S\u00c9NECA El Sistema de Intercambio entre Centros Universitarios Espa\u00f1oles (SICUE) permite a los estudiantes&#8230;<\/p>\n","protected":false},"author":37,"featured_media":0,"parent":0,"menu_order":0,"comment_status":"closed","ping_status":"closed","template":"templates\/template-frontpage.php","meta":[],"acf":[],"_links":{"self":[{"href":"https:\/\/www.ull.es\/centros\/facultad-farmacia\/wp-json\/wp\/v2\/pages\/40"}],"collection":[{"href":"https:\/\/www.ull.es\/centros\/facultad-farmacia\/wp-json\/wp\/v2\/pages"}],"about":[{"href":"https:\/\/www.ull.es\/centros\/facultad-farmacia\/wp-json\/wp\/v2\/types\/page"}],"author":[{"embeddable":true,"href":"https:\/\/www.ull.es\/centros\/facultad-farmacia\/wp-json\/wp\/v2\/users\/37"}],"replies":[{"embeddable":true,"href":"https:\/\/www.ull.es\/centros\/facultad-farmacia\/wp-json\/wp\/v2\/comments?post=40"}],"version-history":[{"count":32,"href":"https:\/\/www.ull.es\/centros\/facultad-farmacia\/wp-json\/wp\/v2\/pages\/40\/revisions"}],"predecessor-version":[{"id":360,"href":"https:\/\/www.ull.es\/centros\/facultad-farmacia\/wp-json\/wp\/v2\/pages\/40\/revisions\/360"}],"wp:attachment":[{"href":"https:\/\/www.ull.es\/centros\/facultad-farmacia\/wp-json\/wp\/v2\/media?parent=40"}],"curies":[{"name":"wp","href":"https:\/\/api.w.org\/{rel}","templated":true}]}}