{"id":42,"date":"2018-10-30T09:31:07","date_gmt":"2018-10-30T09:31:07","guid":{"rendered":"http:\/\/www.ull.es\/centros\/facultad-farmacia\/?page_id=42"},"modified":"2025-04-22T07:38:31","modified_gmt":"2025-04-22T07:38:31","slug":"sistema-de-garantia-de-calidad","status":"publish","type":"page","link":"https:\/\/www.ull.es\/centros\/facultad-farmacia\/sistema-de-garantia-de-calidad\/","title":{"rendered":"Sistema de Garant\u00eda de Calidad"},"content":{"rendered":"<p>[vc_row full_width=\u00bbstretch_row_content_no_spaces\u00bb el_class=\u00bbSliderPortada\u00bb css=\u00bb.vc_custom_1745237111535{margin-top: -100px !important;}\u00bb][vc_column][rev_slider_vc alias=\u00bbportada\u00bb][\/vc_column][\/vc_row][vc_row full_width=\u00bbstretch_row_content_no_spaces\u00bb][vc_column][vc_custom_heading text=\u00bb\u00bb font_container=\u00bbtag:h2|text_align:center\u00bb google_fonts=\u00bbfont_family:Montserrat%3Aregular%2C700|font_style:700%20bold%20regular%3A700%3Anormal\u00bb css=\u00bb.vc_custom_1721221176088{padding-top: 15px !important;padding-bottom: 15px !important;background-color: #360060 !important;}\u00bb][\/vc_column][\/vc_row][vc_row css=\u00bb.vc_custom_1745233821598{margin-top: 50px !important;}\u00bb][vc_column width=\u00bb2\/3&#8243; el_class=\u00bbpadding-50-right\u00bb css=\u00bb.vc_custom_1494506721665{padding-right: 50px !important;}\u00bb][vc_column_text]<\/p>\n<h1 style=\"text-align: left;\">Sistema de Garant\u00eda de Calidad<\/h1>\n<h2 style=\"text-align: left;\">Facultad de Farmacia<\/h2>\n<p>[\/vc_column_text][vc_tta_accordion c_icon=\u00bbchevron\u00bb c_position=\u00bbright\u00bb active_section=\u00bb1&#8243; no_fill=\u00bbtrue\u00bb collapsible_all=\u00bbtrue\u00bb][vc_tta_section title=\u00bbPresentaci\u00f3n\u00bb tab_id=\u00bb1539084089767-a5724426-d024&#8243;][vc_column_text]<\/p>\n<p style=\"text-align: left;\">La Facultad de Farmacia ha adquirido el compromiso de implantar el programa AUDIT (Programa de Reconocimiento de Sistemas de Garant\u00eda Interna de Calidad de la Formaci\u00f3n Universitaria) a trav\u00e9s de su Sistema de Garant\u00eda Interno de Calidad (SGIC) cuyo dise\u00f1o fue aprobado en marzo de 2010 por la Agencia Nacional de Evaluaci\u00f3n de la Calidad y Acreditaci\u00f3n (ANECA) (<a href=\"https:\/\/drive.google.com\/open?id=18hDnGOcblBOXVK5rEQA6UmBI89WXTRwD\" target=\"_blank\" rel=\"noopener noreferrer\" target=\"_blank\" rel=\"noopener\">Informe ANECA<\/a>). El \u00e1mbito de aplicaci\u00f3n del SGIC de la Facultad de Farmacia, incluye a todas las titulaciones que se imparten y a sus responsables, as\u00ed como a las de futura implantaci\u00f3n.<\/p>\n<p style=\"text-align: left;\">El dise\u00f1o del SGIC de la Facultad de Farmacia consta de procedimientos que contemplan los siguientes criterios, orientados a la mejora continua:<\/p>\n<ul style=\"text-align: left;\">\n<li>Pol\u00edtica y objetivos de calidad<\/li>\n<li>Dise\u00f1o de la oferta formativa<\/li>\n<li>Desarrollo de la ense\u00f1anza y otras actuaciones orientadas a los estudiantes<\/li>\n<li>Personal acad\u00e9mico y de apoyo a la docencia<\/li>\n<li>Recursos materiales y servicios<\/li>\n<li>Resultados de la formaci\u00f3n<\/li>\n<li>Informaci\u00f3n p\u00fablica<\/li>\n<\/ul>\n<p style=\"text-align: left;\">La documentaci\u00f3n del SGIC consta de un manual del\u00a0<a href=\"https:\/\/drive.google.com\/open?id=129ic3NY-6f8xvgwepMg2ns1mUylfmpGN\" target=\"_blank\" rel=\"noopener noreferrer\" target=\"_blank\" rel=\"noopener\">Sistema de Garant\u00eda Interna de Calidad<\/a>, en el que se definen las caracter\u00edsticas generales del sistema y un Manual de Procedimientos compuesto por una serie de procedimientos que est\u00e1n en consonancia con los \u201cCriterios y directrices para la garant\u00eda de calidad en el Espacio Europeo de Educaci\u00f3n Superior\u201d, elaborados por la Agencia Europea de Aseguramiento de la Calidad en la Educaci\u00f3n Superior (ENQUA), y adaptados por la ANECA. La documentaci\u00f3n se completa con una serie de anexos, entre otros, la Pol\u00edtica y Objetivos de Calidad del Centro y el Mapa de Procesos.<\/p>\n<p>[\/vc_column_text][\/vc_tta_section][vc_tta_section title=\u00bbResponsable\u00bb tab_id=\u00bb1539084089786-c6eccc86-a303&#8243;][vc_column_text]<\/p>\n<p style=\"text-align: left;\">El Equipo de Direcci\u00f3n del Centro, y en particular su Decano, asume las responsabilidad de establecer la propuesta de pol\u00edtica y objetivos de calidad del Centro, nombrar\u00e1 un Responsable de Calidad para que lo represente en todo lo relativo al seguimiento del SGIC y propondr\u00e1 a la Junta de Escuela la revisi\u00f3n de la composici\u00f3n y funciones de la Comisi\u00f3n de Calidad del Centro (CCC).<\/p>\n<p style=\"text-align: left;\">Para asesorar y ayudar al Decano en las tareas correspondientes al dise\u00f1o, implantaci\u00f3n, mantenimiento y mejora del SGIC, existe la figura del Coordinador de Calidad e Innovaci\u00f3n del Centro.<\/p>\n<p style=\"text-align: left;\">Con independencia de las responsabilidades que se le indiquen en el correspondiente nombramiento o que le sean asignadas posteriormente, el Coordinador de Calidad e Innovaci\u00f3n tiene la responsabilidad y autoridad suficiente para:<\/p>\n<ul style=\"text-align: left;\">\n<li>Asesorar al Equipo de Direcci\u00f3n en el desarrollo de los planes institucionales de calidad docente e innovaci\u00f3n.<\/li>\n<li>Asesorar al Equipo de Direcci\u00f3n en el dise\u00f1o e implantaci\u00f3n de las nuevas titulaciones adaptadas al Espacio Europeo de Educaci\u00f3n Superior.<\/li>\n<li>Supervisar la implantaci\u00f3n, mantenimiento y seguimiento de los procedimientos establecidos en el SGIC.<\/li>\n<li>Informar a la Comisi\u00f3n de Calidad del Centro del desarrollo del SGIC y de las necesidades de mejora requeridas por las titulaciones del Centro.<\/li>\n<li>Supervisar la ejecuci\u00f3n de las acciones preventivas y\/o correctivas derivadas dela revisi\u00f3n del SGIC.<\/li>\n<li>Canalizar las sugerencias, quejas y reclamaciones hacia la Comisi\u00f3n de Calidad del Centro y articular las acciones de respuesta.<\/li>\n<li>Servir de interlocutor con la Unidad de Evaluaci\u00f3n y Mejora de la Calidad para la organizaci\u00f3n de las acciones formativas espec\u00edficas para el profesorado del Centro.<\/li>\n<li>Realizar una labor de difusi\u00f3n que promueva la toma de conciencia del alcance del SGIC en todos los grupos de inter\u00e9s del Centro.<\/li>\n<li>Desempe\u00f1ar aquellas otras funciones que en su \u00e1mbito de actuaci\u00f3n le sea encomendadas por el Decano del Centro.<\/li>\n<\/ul>\n<p style=\"text-align: left;\">Es un \u00f3rgano asesor del Equipo de Direcci\u00f3n del Centro, que participa en tareas de planificaci\u00f3n y seguimiento del SGIC, y act\u00faa como uno de los veh\u00edculos de comunicaci\u00f3n interna de la pol\u00edtica, objetivos, planes, programas, responsabilidades y logros del mismo. Est\u00e1 compuesto por el Decano\/Director, que act\u00faa como Presidente, el Coordinador de Calidad, un representante de cada titulaci\u00f3n (de grado y postgrado), un representante de cada departamento que tenga una carga docente superior en el Centro al 7%, dos representantes del Personal de Administraci\u00f3n y Servicios (administrador y otro), y un representante del alumnado (preferiblemente egresado o estudiante de tercer ciclo). Formar\u00e1n parte de la CCC hasta dos miembros externos a la Universidad, que por su relaci\u00f3n con las materias propias de las titulaciones del centro se consideren necesarios para la mejor consecuci\u00f3n de los objetivos de la misma contenidos en el SGIC. Como Secretario de la CCC actuar\u00e1 el Secretario del Centro.<\/p>\n<p style=\"text-align: left;\"><strong>Son funciones de la CCC:<\/strong><\/p>\n<ul>\n<li style=\"text-align: left;\">Dise\u00f1ar el SGIC de la Facultad de Farmacia de la ULL.<\/li>\n<li style=\"text-align: left;\">Recibir informaci\u00f3n del Decano sobre los proyectos de modificaci\u00f3n del organigrama de Centro y tomar\u00e1 posici\u00f3n ante los mismos.<\/li>\n<li style=\"text-align: left;\">Ser informado por el Decano respecto a la Pol\u00edtica y los Objetivos Generales de la Calidad de la Facultad y difundir esta informaci\u00f3n en todos los grupos de inter\u00e9s del Centro, especificados en el cap\u00edtulo I, apartado 4.2.<\/li>\n<li style=\"text-align: left;\">Verificar la planificaci\u00f3n del SGIC del Centro.<\/li>\n<li style=\"text-align: left;\">Realizar el seguimiento del SGIC.<\/li>\n<li style=\"text-align: left;\">Desarrollar procesos de revisi\u00f3n y mejora de los programas formativos.<\/li>\n<li style=\"text-align: left;\">Realizar el seguimiento de la eficacia de los procesos establecidos en el SGIC.<\/li>\n<li style=\"text-align: left;\">Estudiar y, en su caso, aprobar la implantaci\u00f3n de las propuestas de mejora del SGIC sugeridas por los restantes miembros del Centro.<\/li>\n<li style=\"text-align: left;\">Controlar la ejecuci\u00f3n de las acciones correctivas y\/o preventivas, de las actuaciones derivadas de la revisi\u00f3n del SGIC, de las acciones de respuesta a las sugerencias, quejas y reclamaciones y, en general, de cualquier proyecto o proceso que no tenga asignado espec\u00edficamente un responsable para su seguimiento.<\/li>\n<\/ul>\n<p>[\/vc_column_text][\/vc_tta_section][vc_tta_section title=\u00bbPol\u00edtica y Objetivos de Calidad del Centro\u00bb tab_id=\u00bb1539084221594-16b234f1-c096&#8243;][vc_column_text]<\/p>\n<p style=\"text-align: left;\">Por Pol\u00edtica de Calidad se entiende el conjunto de intenciones globales y la orientaci\u00f3n de una organizaci\u00f3n relativas al compromiso con la calidad del servicio hacia el usuario y hacia las partes interesadas. Asimismo, objetivos de calidad son la relaci\u00f3n de aspectos, propuestas e intenciones a lograr con el prop\u00f3sito de mejorar la prestaci\u00f3n a los sectores de inter\u00e9s. En este cap\u00edtulo se indica c\u00f3mo la Facultad de Farmacia, define, revisa y mantiene actualizada su pol\u00edtica de calidad, formulada por el Equipo de Direcci\u00f3n a partir de la informaci\u00f3n procedente de la pol\u00edtica universitaria y de los grupos de inter\u00e9s del Centro. Dicha informaci\u00f3n constituye un marco de referencia para establecer los objetivos de calidad.<\/p>\n<p style=\"text-align: left;\">La\u00a0Facultad de Farmacia es consciente de que ha de consolidar una cultura de la calidad, basada en una pol\u00edtica y unos objetivos de calidad conocidos y accesibles p\u00fablicamente. Para ello realiza una declaraci\u00f3n p\u00fablica y por escrito de su pol\u00edtica y objetivos de calidad, que alcanzan a la titulaci\u00f3n oficial que se imparte en el Centro y de la que, por tanto, son responsables. La Pol\u00edtica y Objetivos de Calidad del Centro estar\u00e1 en consonancia con la Pol\u00edtica de Calidad de la ULL<\/p>\n<p>[\/vc_column_text][\/vc_tta_section][vc_tta_section title=\u00bbManual de Calidad\u00bb tab_id=\u00bb1539084314664-95cafbf5-0455&#8243;][vc_column_text]<\/p>\n<p style=\"text-align: left;\">El Manual de Calidad constituye el documento b\u00e1sico que sirve de referencia y del que emanan todas las actuaciones necesarias para garantizar que las ense\u00f1anzas que imparte la Facultad de Farmacia, est\u00e1n conformes con las directrices que las definen y satisfacen las necesidades y expectativas de los grupos de inter\u00e9s.<\/p>\n<p style=\"text-align: left;\">El Manual de Calidad recoge de forma ordenada el alcance del Sistema de Garant\u00eda Interna de Calidad de la\u00a0Secci\u00f3n, y por tanto, constituye la base documental del mismo.<\/p>\n<ul>\n<li style=\"text-align: left;\"><a href=\"https:\/\/drive.google.com\/open?id=129ic3NY-6f8xvgwepMg2ns1mUylfmpGN\" target=\"_blank\" rel=\"noopener\">Manual del Sistema de Garant\u00eda de Calidad<\/a><\/li>\n<\/ul>\n<p>[\/vc_column_text][\/vc_tta_section][vc_tta_section title=\u00bbProcedimiento\u00bb tab_id=\u00bb1539084354964-2fd0ea33-63c5&#8243;][vc_column_text]<\/p>\n<p style=\"text-align: left;\">Para cumplir con las funciones establecidas en el presente cap\u00edtulo, la Facultad de Farmacia tiene establecidos los siguientes procedimientos:<\/p>\n<ul>\n<li style=\"text-align: left;\"><a href=\"https:\/\/drive.google.com\/open?id=1RXpf3ZAEOkHBMdUHuFOKbKla_l0MoYHu\" target=\"_blank\" rel=\"noopener\">Acceso a los procedimientos de la Facultad de Farmacia<\/a><\/li>\n<\/ul>\n<p>[\/vc_column_text][\/vc_tta_section][vc_tta_section title=\u00bbInformes y resultados\u00bb tab_id=\u00bb1539084376746-4edec9b4-2f36&#8243;][vc_column_text]<\/p>\n<ul>\n<li><a href=\"https:\/\/drive.google.com\/open?id=1_F-GUMh6YiFbdVssVhssTv8n0-TrCg_c\" target=\"_blank\" rel=\"noopener noreferrer\" target=\"_blank\" rel=\"noopener\">Informe de resultados de satisfacci\u00f3n del alumnado de la Facultad de Farmacia<\/a><\/li>\n<\/ul>\n<div dir=\"ltr\">\n<table class=\"table table-striped\">\n<colgroup>\n<col width=\"174\" \/>\n<col width=\"123\" \/>\n<col width=\"67\" \/>\n<col width=\"67\" \/>\n<col width=\"67\" \/>\n<col width=\"67\" \/>\n<col width=\"67\" \/><\/colgroup>\n<tbody>\n<tr>\n<td colspan=\"7\">\n<p dir=\"ltr\">EVOLUCI\u00d3N DE TASAS<\/p>\n<\/td>\n<\/tr>\n<tr>\n<td colspan=\"7\">\n<p dir=\"ltr\">Grado en Farmacia<\/p>\n<\/td>\n<\/tr>\n<tr>\n<td><\/td>\n<td>\n<p dir=\"ltr\">Dato Memoria<br class=\"kix-line-break\" \/>de Verificaci\u00f3n<\/p>\n<\/td>\n<td>\n<p dir=\"ltr\">Curso<br class=\"kix-line-break\" \/>10-11<\/p>\n<\/td>\n<td>\n<p dir=\"ltr\">Curso<br class=\"kix-line-break\" \/>11-12<\/p>\n<\/td>\n<td>\n<p dir=\"ltr\">Curso<br class=\"kix-line-break\" \/>12-13<\/p>\n<\/td>\n<td>\n<p dir=\"ltr\">Curso<br class=\"kix-line-break\" \/>13-14<\/p>\n<\/td>\n<td>Curso<br class=\"kix-line-break\" \/>14-15<\/td>\n<td>\n<p dir=\"ltr\">Curso<br class=\"kix-line-break\" \/>15-16<\/p>\n<\/td>\n<\/tr>\n<tr>\n<td>\n<p dir=\"ltr\">Tasa de graduaci\u00f3n<\/p>\n<\/td>\n<td>\n<p dir=\"ltr\">15<\/p>\n<\/td>\n<td><\/td>\n<td><\/td>\n<td><\/td>\n<td><\/td>\n<td><\/td>\n<td><\/td>\n<\/tr>\n<tr>\n<td>\n<p dir=\"ltr\">Tasa de abandono<\/p>\n<\/td>\n<td>\n<p dir=\"ltr\">30<\/p>\n<\/td>\n<td>\n<p dir=\"ltr\">18,3<\/p>\n<\/td>\n<td>\n<p dir=\"ltr\">18,5<\/p>\n<\/td>\n<td>\n<p dir=\"ltr\">15,2<\/p>\n<\/td>\n<td>\n<p dir=\"ltr\">15,1<\/p>\n<\/td>\n<td>21,4<\/td>\n<td><\/td>\n<\/tr>\n<tr>\n<td>\n<p dir=\"ltr\">Tasa de eficiencia<\/p>\n<\/td>\n<td>\n<p dir=\"ltr\">80<\/p>\n<\/td>\n<td><\/td>\n<td><\/td>\n<td><\/td>\n<td><\/td>\n<td>96,7<\/td>\n<td>\n<p dir=\"ltr\">90,2<\/p>\n<\/td>\n<\/tr>\n<tr>\n<td>\n<p dir=\"ltr\">Tasa de rendimiento<\/p>\n<\/td>\n<td>\n<p dir=\"ltr\">50<\/p>\n<\/td>\n<td>\n<p dir=\"ltr\">62<\/p>\n<\/td>\n<td>\n<p dir=\"ltr\">61,4<\/p>\n<\/td>\n<td>\n<p dir=\"ltr\">64,4<\/p>\n<\/td>\n<td>\n<p dir=\"ltr\">62,2<\/p>\n<\/td>\n<td>67,6<\/td>\n<td>\n<p dir=\"ltr\">70,2<\/p>\n<\/td>\n<\/tr>\n<tr>\n<td>\n<p dir=\"ltr\">Tasa de \u00e9xito del t\u00edtulo<\/p>\n<\/td>\n<td>\n<p dir=\"ltr\">80<\/p>\n<\/td>\n<td>\n<p dir=\"ltr\">76,9<\/p>\n<\/td>\n<td>\n<p dir=\"ltr\">78,2<\/p>\n<\/td>\n<td>\n<p dir=\"ltr\">78,1<\/p>\n<\/td>\n<td>\n<p dir=\"ltr\">76,2<\/p>\n<\/td>\n<td>82<\/td>\n<td>\n<p dir=\"ltr\">82<\/p>\n<\/td>\n<\/tr>\n<\/tbody>\n<\/table>\n<\/div>\n<div dir=\"ltr\"><\/div>\n<div dir=\"ltr\">\n<table class=\"table table-striped\">\n<colgroup>\n<col width=\"423\" \/>\n<col width=\"69\" \/>\n<col width=\"69\" \/>\n<col width=\"69\" \/><\/colgroup>\n<tbody>\n<tr>\n<td colspan=\"4\">\n<p dir=\"ltr\">GRADO DE SATISFACCI\u00d3N DE LOS GRUPOS DE INTER\u00c9S<\/p>\n<\/td>\n<\/tr>\n<tr>\n<td>\n<p dir=\"ltr\">Grado en Farmacia<\/p>\n<\/td>\n<td>\n<p dir=\"ltr\">Curso<br class=\"kix-line-break\" \/>12-13<\/p>\n<\/td>\n<td>\n<p dir=\"ltr\">Curso<br class=\"kix-line-break\" \/>13-14<\/p>\n<\/td>\n<td>Curso<br class=\"kix-line-break\" \/>14-15<\/td>\n<td>\n<p dir=\"ltr\">Curso<br class=\"kix-line-break\" \/>15-16<\/p>\n<\/td>\n<\/tr>\n<tr>\n<td>\n<p dir=\"ltr\">Grado de satisfacci\u00f3n global de los estudiantes con el t\u00edtulo<\/p>\n<\/td>\n<td>\n<p dir=\"ltr\">3,29<\/p>\n<\/td>\n<td>\n<p dir=\"ltr\">3,20<\/p>\n<\/td>\n<td>3,22<\/td>\n<td>\n<p dir=\"ltr\">3,15<\/p>\n<\/td>\n<\/tr>\n<tr>\n<td>\n<p dir=\"ltr\">Grado de satisfacci\u00f3n estudiantes con el profesorado<\/p>\n<\/td>\n<td>\n<p dir=\"ltr\">3,12<\/p>\n<\/td>\n<td>\n<p dir=\"ltr\">2,96<\/p>\n<\/td>\n<td>3,09<\/td>\n<td>\n<p dir=\"ltr\">2,97<\/p>\n<\/td>\n<\/tr>\n<tr>\n<td>\n<p dir=\"ltr\">Grado de satisfacci\u00f3n estudiantes con los recursos<\/p>\n<\/td>\n<td>\n<p dir=\"ltr\">3,05<\/p>\n<\/td>\n<td>\n<p dir=\"ltr\">2,94<\/p>\n<\/td>\n<td>2,96<\/td>\n<td>\n<p dir=\"ltr\">2,95<\/p>\n<\/td>\n<\/tr>\n<tr>\n<td>\n<p dir=\"ltr\">Grado de satisfacci\u00f3n del profesorado con el t\u00edtulo<\/p>\n<\/td>\n<td><\/td>\n<td>\n<p dir=\"ltr\">3,75<\/p>\n<\/td>\n<td>3,64<\/td>\n<td>\n<p dir=\"ltr\">3,73<\/p>\n<\/td>\n<\/tr>\n<tr>\n<td>\n<p dir=\"ltr\">Grado de satisfacci\u00f3n de los egresados con el t\u00edtulo<\/p>\n<\/td>\n<td><\/td>\n<td><\/td>\n<td>3,47<\/td>\n<td>\n<p dir=\"ltr\">3,47<\/p>\n<\/td>\n<\/tr>\n<tr>\n<td>\n<p dir=\"ltr\">Grado de satisfacci\u00f3n de los empleadores con el t\u00edtulo<\/p>\n<\/td>\n<td><\/td>\n<td><\/td>\n<td>4,00<\/td>\n<td>\n<p dir=\"ltr\">4,38<\/p>\n<\/td>\n<\/tr>\n<\/tbody>\n<\/table>\n<\/div>\n<p>&nbsp;<\/p>\n<div dir=\"ltr\">\n<table class=\"table table-striped\">\n<colgroup>\n<col width=\"335\" \/>\n<col width=\"59\" \/>\n<col width=\"59\" \/>\n<col width=\"59\" \/>\n<col width=\"59\" \/>\n<col width=\"59\" \/><\/colgroup>\n<tbody>\n<tr>\n<td colspan=\"6\">\n<p dir=\"ltr\">EVOLUCI\u00d3N DE INDICADORES<\/p>\n<\/td>\n<\/tr>\n<tr>\n<td colspan=\"6\">\n<p dir=\"ltr\">Grado en Farmacia<\/p>\n<\/td>\n<\/tr>\n<tr>\n<td><\/td>\n<td>\n<p dir=\"ltr\">Curso<br class=\"kix-line-break\" \/>10-11<\/p>\n<\/td>\n<td>\n<p dir=\"ltr\">Curso<br class=\"kix-line-break\" \/>11-12<\/p>\n<\/td>\n<td>\n<p dir=\"ltr\">Curso<br class=\"kix-line-break\" \/>12-13<\/p>\n<\/td>\n<td>\n<p dir=\"ltr\">Curso<br class=\"kix-line-break\" \/>13-14<\/p>\n<\/td>\n<td>Curso<br class=\"kix-line-break\" \/>14-15<\/td>\n<td>\n<p dir=\"ltr\">Curso<br class=\"kix-line-break\" \/>15-16<\/p>\n<\/td>\n<\/tr>\n<tr>\n<td>\n<p dir=\"ltr\">Alumnos de Nuevo ingreso<\/p>\n<\/td>\n<td>\n<p dir=\"ltr\">131<\/p>\n<\/td>\n<td>\n<p dir=\"ltr\">135<\/p>\n<\/td>\n<td>\n<p dir=\"ltr\">125<\/p>\n<\/td>\n<td>\n<p dir=\"ltr\">126<\/p>\n<\/td>\n<td>117<\/td>\n<td>\n<p dir=\"ltr\">128<\/p>\n<\/td>\n<\/tr>\n<tr>\n<td>\n<p dir=\"ltr\">Nota media de acceso<\/p>\n<\/td>\n<td>\n<p dir=\"ltr\">7,364<\/p>\n<\/td>\n<td>\n<p dir=\"ltr\">7,459<\/p>\n<\/td>\n<td>\n<p dir=\"ltr\">7,555<\/p>\n<\/td>\n<td>\n<p dir=\"ltr\">7,527<\/p>\n<\/td>\n<td>7,609<\/td>\n<td>\n<p dir=\"ltr\">7,834<\/p>\n<\/td>\n<\/tr>\n<tr>\n<td>\n<p dir=\"ltr\">N\u00famero de alumnos totales matriculados<\/p>\n<\/td>\n<td>\n<p dir=\"ltr\">171<\/p>\n<\/td>\n<td>\n<p dir=\"ltr\">315<\/p>\n<\/td>\n<td>\n<p dir=\"ltr\">478<\/p>\n<\/td>\n<td>\n<p dir=\"ltr\">615<\/p>\n<\/td>\n<td>731<\/td>\n<td>\n<p dir=\"ltr\">756<\/p>\n<\/td>\n<\/tr>\n<tr>\n<td>\n<p dir=\"ltr\">N\u00famero de alumnos egresados<\/p>\n<\/td>\n<td><\/td>\n<td><\/td>\n<td><\/td>\n<td><\/td>\n<td>38<\/td>\n<td>\n<p dir=\"ltr\">80<\/p>\n<\/td>\n<\/tr>\n<tr>\n<td>\n<p dir=\"ltr\">N\u00famero de alumnos egresados (sin contar adaptados)<\/p>\n<\/td>\n<td><\/td>\n<td><\/td>\n<td><\/td>\n<td><\/td>\n<td>30<\/td>\n<td>\n<p dir=\"ltr\">42<\/p>\n<\/td>\n<\/tr>\n<tr>\n<td>\n<p dir=\"ltr\">Duraci\u00f3n media de los estudios<\/p>\n<\/td>\n<td><\/td>\n<td><\/td>\n<td><\/td>\n<td><\/td>\n<td>5<\/td>\n<td>\n<p dir=\"ltr\">5,31<\/p>\n<\/td>\n<\/tr>\n<\/tbody>\n<\/table>\n<\/div>\n<p>[\/vc_column_text][\/vc_tta_section][\/vc_tta_accordion][\/vc_column][vc_column width=\u00bb1\/3&#8243;][vc_column_text el_class=\u00bbcontacto\u00bb]\n<ul class=\"widget-box\">\n<li class='contacto-header'>Informaci\u00f3n de contacto<\/li><li><i class=\"fa fa-map-marker\"><\/i> Campus Anchieta, 4. Apartado 456. C\u00f3digo postarl 38200. San Crist\u00f3bal de La Laguna. S\/C de Tenerife.<\/li><li><i class=\"fa fa-phone\"><\/i> (+34) 922 318 431<\/li><li><i class=\"fa fa-envelope\"><\/i>  <a href=mailto:facultaddefarmacia@ull.es>facultaddefarmacia@ull.es<\/a><\/li><li><i class=\"fa fa-calendar\"><\/i><a href=\"http:\/\/citaprevia.ull.es\/serv_list.php?p=index\"> Cita previa<\/a><\/li><li><i class=\"fa fa-archive\"><\/i><a href=\"https:\/\/sede.ull.es\/ecivilis-site\/catalog\/showProcedure\/484\"> Procedimiento para quejas, sugerencias y felicitaciones<\/a><\/li>\n<\/ul>\n\n[\/vc_column_text][\/vc_column][\/vc_row]<\/p>\n","protected":false},"excerpt":{"rendered":"<p>[vc_row full_width=\u00bbstretch_row_content_no_spaces\u00bb el_class=\u00bbSliderPortada\u00bb css=\u00bb.vc_custom_1745237111535{margin-top: -100px !important;}\u00bb][vc_column][rev_slider_vc alias=\u00bbportada\u00bb][\/vc_column][\/vc_row][vc_row full_width=\u00bbstretch_row_content_no_spaces\u00bb][vc_column][vc_custom_heading text=\u00bb\u00bb font_container=\u00bbtag:h2|text_align:center\u00bb google_fonts=\u00bbfont_family:Montserrat%3Aregular%2C700|font_style:700%20bold%20regular%3A700%3Anormal\u00bb css=\u00bb.vc_custom_1721221176088{padding-top: 15px !important;padding-bottom: 15px !important;background-color: #360060 !important;}\u00bb][\/vc_column][\/vc_row][vc_row css=\u00bb.vc_custom_1745233821598{margin-top: 50px !important;}\u00bb][vc_column width=\u00bb2\/3&#8243; el_class=\u00bbpadding-50-right\u00bb css=\u00bb.vc_custom_1494506721665{padding-right: 50px !important;}\u00bb][vc_column_text] Sistema de Garant\u00eda de Calidad Facultad de Farmacia [\/vc_column_text][vc_tta_accordion c_icon=\u00bbchevron\u00bb c_position=\u00bbright\u00bb active_section=\u00bb1&#8243; no_fill=\u00bbtrue\u00bb collapsible_all=\u00bbtrue\u00bb][vc_tta_section title=\u00bbPresentaci\u00f3n\u00bb tab_id=\u00bb1539084089767-a5724426-d024&#8243;][vc_column_text] La Facultad de Farmacia ha adquirido el compromiso de implantar el programa AUDIT&#8230;<\/p>\n","protected":false},"author":37,"featured_media":0,"parent":0,"menu_order":0,"comment_status":"closed","ping_status":"closed","template":"templates\/template-frontpage.php","meta":[],"acf":[],"_links":{"self":[{"href":"https:\/\/www.ull.es\/centros\/facultad-farmacia\/wp-json\/wp\/v2\/pages\/42"}],"collection":[{"href":"https:\/\/www.ull.es\/centros\/facultad-farmacia\/wp-json\/wp\/v2\/pages"}],"about":[{"href":"https:\/\/www.ull.es\/centros\/facultad-farmacia\/wp-json\/wp\/v2\/types\/page"}],"author":[{"embeddable":true,"href":"https:\/\/www.ull.es\/centros\/facultad-farmacia\/wp-json\/wp\/v2\/users\/37"}],"replies":[{"embeddable":true,"href":"https:\/\/www.ull.es\/centros\/facultad-farmacia\/wp-json\/wp\/v2\/comments?post=42"}],"version-history":[{"count":13,"href":"https:\/\/www.ull.es\/centros\/facultad-farmacia\/wp-json\/wp\/v2\/pages\/42\/revisions"}],"predecessor-version":[{"id":349,"href":"https:\/\/www.ull.es\/centros\/facultad-farmacia\/wp-json\/wp\/v2\/pages\/42\/revisions\/349"}],"wp:attachment":[{"href":"https:\/\/www.ull.es\/centros\/facultad-farmacia\/wp-json\/wp\/v2\/media?parent=42"}],"curies":[{"name":"wp","href":"https:\/\/api.w.org\/{rel}","templated":true}]}}