{"id":44,"date":"2018-10-30T09:31:58","date_gmt":"2018-10-30T09:31:58","guid":{"rendered":"http:\/\/www.ull.es\/centros\/facultad-farmacia\/?page_id=44"},"modified":"2025-11-17T12:25:39","modified_gmt":"2025-11-17T12:25:39","slug":"titulaciones","status":"publish","type":"page","link":"https:\/\/www.ull.es\/centros\/facultad-farmacia\/titulaciones\/","title":{"rendered":"Titulaciones"},"content":{"rendered":"<p>[vc_row full_width=\u00bbstretch_row_content_no_spaces\u00bb el_class=\u00bbSliderPortada\u00bb css=\u00bb.vc_custom_1745237111535{margin-top: -100px !important;}\u00bb][vc_column][rev_slider_vc alias=\u00bbportada\u00bb][\/vc_column][\/vc_row][vc_row full_width=\u00bbstretch_row_content_no_spaces\u00bb][vc_column][vc_custom_heading text=\u00bb\u00bb font_container=\u00bbtag:h2|text_align:center\u00bb google_fonts=\u00bbfont_family:Montserrat%3Aregular%2C700|font_style:700%20bold%20regular%3A700%3Anormal\u00bb css=\u00bb.vc_custom_1721221176088{padding-top: 15px !important;padding-bottom: 15px !important;background-color: #360060 !important;}\u00bb][\/vc_column][\/vc_row][vc_row css=\u00bb.vc_custom_1745233821598{margin-top: 50px !important;}\u00bb][vc_column width=\u00bb2\/3&#8243; el_class=\u00bbpadding-50-right\u00bb css=\u00bb.vc_custom_1494506721665{padding-right: 50px !important;}\u00bb][vc_column_text]<\/p>\n<h1 style=\"text-align: left;\">Titulaciones y Postgados<\/h1>\n<p>[\/vc_column_text][vc_column_text]<\/p>\n<p class=\"p1\">\n<style>\n    .shortcode-titulaciones h2 {\n        margin-bottom: 10px !important;\n    }\n\n    .shortcode-titulaciones label {\n        padding: 0 6px;\n        vertical-align: middle;\n        font-size: 12px;\n        letter-spacing: 0.4px;\n        border-radius: 2px;\n        font-weight: 500;\n    }\n\n<\/style>\n\n<div class=\"shortcode-titulaciones\">\n<h2>Titulaciones<\/h2>    <ul>\n                    <li>\n                                            <a href=\"https:\/\/www.ull.es\/grados\/farmacia\/\">Grado en Farmacia<\/a>\n                            <\/li>\n                    <li>\n                                            <a href=\"https:\/\/www.ull.es\/grados\/nutricion-humana-dietetica\/\">Grado en Nutrici\u00f3n Humana y Diet\u00e9tica<\/a>\n                            <\/li>\n            <\/ul>\n\n            <h3>Estudios de posgrado vinculados a las titulaciones del centro<\/h3>\n        <ul>\n                            <li>\n                                                <a href=\"https:\/\/www.ull.es\/masteres\/investigacion-diagnostico-enfermedades-tropicales\/\">M\u00e1ster Universitario en Investigaci\u00f3n y Diagn\u00f3stico de Enfermedades Tropicales<\/a>\n                                            <\/li>\n                            <li>\n                                                <a href=\"https:\/\/www.ull.es\/masteres\/seguridad-calidad-alimentos\">M\u00e1ster Universitario en Seguridad y Calidad de los Alimentos<\/a>\n                                            <\/li>\n                    <\/ul>\n    <\/div>\n<p>[\/vc_column_text][\/vc_column][vc_column width=\u00bb1\/3&#8243;][vc_column_text]<\/p>\n<p style=\"text-align: left;\"><a class=\"btn-destacado\" href=\"https:\/\/www.ull.es\/estudios-docencia\" target=\"_blank\" rel=\"noopener\">Consultar todas las titulaciones de la ULL<br \/>\n<i class=\"fa fa-arrow-right\"><\/i><\/a><\/p>\n<p>[\/vc_column_text][vc_column_text]<\/p>\n<h3>Enlaces de inter\u00e9s<\/h3>\n<ul>\n<li><a href=\"https:\/\/www.ull.es\/servicios\/negociado-de-atencion-tecnica\/\" target=\"_blank\" rel=\"noopener\">Negociado de Atenci\u00f3n T\u00e9cnica (NAT)<\/a><\/li>\n<li><a href=\"https:\/\/www.ull.es\/estudios-docencia\/calendario-academico\" target=\"_blank\" rel=\"noopener\">Calendario acad\u00e9mico<\/a><\/li>\n<\/ul>\n<p>[\/vc_column_text][vc_column_text el_class=\u00bbcontacto\u00bb]\n<ul class=\"widget-box\">\n<li class='contacto-header'>Informaci\u00f3n de contacto<\/li><li><i class=\"fa fa-map-marker\"><\/i> Campus Anchieta, 4. Apartado 456. C\u00f3digo postarl 38200. San Crist\u00f3bal de La Laguna. S\/C de Tenerife.<\/li><li><i class=\"fa fa-phone\"><\/i> (+34) 922 318 431<\/li><li><i class=\"fa fa-envelope\"><\/i>  <a href=mailto:facultaddefarmacia@ull.es>facultaddefarmacia@ull.es<\/a><\/li><li><i class=\"fa fa-calendar\"><\/i><a href=\"http:\/\/citaprevia.ull.es\/serv_list.php?p=index\"> Cita previa<\/a><\/li><li><i class=\"fa fa-archive\"><\/i><a href=\"https:\/\/sede.ull.es\/ecivilis-site\/catalog\/showProcedure\/484\"> Procedimiento para quejas, sugerencias y felicitaciones<\/a><\/li>\n<\/ul>\n\n[\/vc_column_text][\/vc_column][\/vc_row]<\/p>\n","protected":false},"excerpt":{"rendered":"<p>[vc_row full_width=\u00bbstretch_row_content_no_spaces\u00bb el_class=\u00bbSliderPortada\u00bb css=\u00bb.vc_custom_1745237111535{margin-top: -100px !important;}\u00bb][vc_column][rev_slider_vc alias=\u00bbportada\u00bb][\/vc_column][\/vc_row][vc_row full_width=\u00bbstretch_row_content_no_spaces\u00bb][vc_column][vc_custom_heading text=\u00bb\u00bb font_container=\u00bbtag:h2|text_align:center\u00bb google_fonts=\u00bbfont_family:Montserrat%3Aregular%2C700|font_style:700%20bold%20regular%3A700%3Anormal\u00bb css=\u00bb.vc_custom_1721221176088{padding-top: 15px !important;padding-bottom: 15px !important;background-color: #360060 !important;}\u00bb][\/vc_column][\/vc_row][vc_row css=\u00bb.vc_custom_1745233821598{margin-top: 50px !important;}\u00bb][vc_column width=\u00bb2\/3&#8243; el_class=\u00bbpadding-50-right\u00bb css=\u00bb.vc_custom_1494506721665{padding-right: 50px !important;}\u00bb][vc_column_text] Titulaciones y Postgados [\/vc_column_text][vc_column_text] [\/vc_column_text][\/vc_column][vc_column width=\u00bb1\/3&#8243;][vc_column_text] Consultar todas las titulaciones de la ULL [\/vc_column_text][vc_column_text] Enlaces de inter\u00e9s Negociado de Atenci\u00f3n T\u00e9cnica (NAT) Calendario acad\u00e9mico [\/vc_column_text][vc_column_text el_class=\u00bbcontacto\u00bb][\/vc_column_text][\/vc_column][\/vc_row]<\/p>\n","protected":false},"author":37,"featured_media":0,"parent":0,"menu_order":0,"comment_status":"closed","ping_status":"closed","template":"templates\/template-frontpage.php","meta":[],"acf":[],"_links":{"self":[{"href":"https:\/\/www.ull.es\/centros\/facultad-farmacia\/wp-json\/wp\/v2\/pages\/44"}],"collection":[{"href":"https:\/\/www.ull.es\/centros\/facultad-farmacia\/wp-json\/wp\/v2\/pages"}],"about":[{"href":"https:\/\/www.ull.es\/centros\/facultad-farmacia\/wp-json\/wp\/v2\/types\/page"}],"author":[{"embeddable":true,"href":"https:\/\/www.ull.es\/centros\/facultad-farmacia\/wp-json\/wp\/v2\/users\/37"}],"replies":[{"embeddable":true,"href":"https:\/\/www.ull.es\/centros\/facultad-farmacia\/wp-json\/wp\/v2\/comments?post=44"}],"version-history":[{"count":8,"href":"https:\/\/www.ull.es\/centros\/facultad-farmacia\/wp-json\/wp\/v2\/pages\/44\/revisions"}],"predecessor-version":[{"id":359,"href":"https:\/\/www.ull.es\/centros\/facultad-farmacia\/wp-json\/wp\/v2\/pages\/44\/revisions\/359"}],"wp:attachment":[{"href":"https:\/\/www.ull.es\/centros\/facultad-farmacia\/wp-json\/wp\/v2\/media?parent=44"}],"curies":[{"name":"wp","href":"https:\/\/api.w.org\/{rel}","templated":true}]}}