{"id":104,"date":"2017-11-16T09:03:08","date_gmt":"2017-11-16T09:03:08","guid":{"rendered":"http:\/\/www.ull.es\/centros\/escuela-superior-de-ingenieria-y-tecnologia\/?page_id=104"},"modified":"2025-11-17T12:28:33","modified_gmt":"2025-11-17T12:28:33","slug":"titulaciones","status":"publish","type":"page","link":"https:\/\/www.ull.es\/centros\/facultad-humanidades\/docencia\/titulaciones\/","title":{"rendered":"Titulaciones"},"content":{"rendered":"<p>[vc_row full_width=\u00bbstretch_row_content_no_spaces\u00bb el_class=\u00bbSliderPortada\u00bb css=\u00bb.vc_custom_1745237111535{margin-top: -100px !important;}\u00bb][vc_column][rev_slider_vc alias=\u00bbportada\u00bb][\/vc_column][\/vc_row][vc_row full_width=\u00bbstretch_row_content_no_spaces\u00bb][vc_column][vc_custom_heading text=\u00bb\u00bb font_container=\u00bbtag:h2|text_align:center\u00bb google_fonts=\u00bbfont_family:Montserrat%3Aregular%2C700|font_style:700%20bold%20regular%3A700%3Anormal\u00bb css=\u00bb.vc_custom_1721221176088{padding-top: 15px !important;padding-bottom: 15px !important;background-color: #360060 !important;}\u00bb][\/vc_column][\/vc_row][vc_row css=\u00bb.vc_custom_1745308406934{margin-top: 5% !important;}\u00bb][vc_column width=\u00bb2\/3&#8243; css=\u00bb.vc_custom_1497269146939{padding-right: 50px !important;}\u00bb][vc_column_text]\n<style>\n    .shortcode-titulaciones h2 {\n        margin-bottom: 10px !important;\n    }\n\n    .shortcode-titulaciones label {\n        padding: 0 6px;\n        vertical-align: middle;\n        font-size: 12px;\n        letter-spacing: 0.4px;\n        border-radius: 2px;\n        font-weight: 500;\n    }\n\n<\/style>\n\n<div class=\"shortcode-titulaciones\">\n<h1>Titulaciones<\/h1>    <ul>\n                    <li>\n                                            <a href=\"https:\/\/www.ull.es\/grados\/historia-del-arte\">Grado en Historia del Arte<\/a>\n                            <\/li>\n                    <li>\n                                            <a href=\"https:\/\/www.ull.es\/grados\/historia\">Grado en Historia<\/a>\n                            <\/li>\n                    <li>\n                                            <a href=\"https:\/\/www.ull.es\/grados\/geografia-ordenacion-del-territorio\">Grado en Geograf\u00eda y Ordenaci\u00f3n del Territorio<\/a>\n                            <\/li>\n                    <li>\n                                            <a href=\"https:\/\/www.ull.es\/grados\/filosofia\">Grado en Filosof\u00eda<\/a>\n                            <\/li>\n                    <li>\n                                            <a href=\"https:\/\/www.ull.es\/grados\/estudios-francofonos-aplicados\">Grado en Estudios Franc\u00f3fonos Aplicados<\/a>\n                            <\/li>\n                    <li>\n                                            <a href=\"https:\/\/www.ull.es\/grados\/estudios-ingleses\">Grado en Estudios Ingleses<\/a>\n                            <\/li>\n                    <li>\n                                            <a href=\"https:\/\/www.ull.es\/grados\/estudios-clasicos\">Grado Estudios Cl\u00e1sicos<\/a>\n                            <\/li>\n                    <li>\n                                            <a href=\"https:\/\/www.ull.es\/grados\/espanol-lengua-literatura\">Grado en Espa\u00f1ol: Lengua y Literatura<\/a>\n                            <\/li>\n                    <li>\n                                            <a href=\"https:\/\/www.ull.es\/grados\/espanol-y-estudios-clasicos\/\">Doble Grado en Espa\u00f1ol: Lengua y Literatura y en Estudios Cl\u00e1sicos<\/a>\n                            <\/li>\n                    <li>\n                                            <a href=\"https:\/\/www.ull.es\/grados\/frances-e-ingles\/\">Doble Grado en Estudios Ingleses y en Estudios Franc\u00f3fonos Aplicados<\/a>\n                            <\/li>\n                    <li>\n                                            <a href=\"https:\/\/www.ull.es\/grados\/historia-y-geografia\/\">Doble Grado en Historia y en Geograf\u00eda y Ordenaci\u00f3n del Territorio<\/a>\n                            <\/li>\n                    <li>\n                                            <a href=\"https:\/\/www.ull.es\/grados\/historia-e-historia-del-arte\/\">Doble Grado en Historia y en Historia del Arte<\/a>\n                            <\/li>\n            <\/ul>\n\n            <h3>Estudios de posgrado vinculados a las titulaciones del centro<\/h3>\n        <ul>\n                            <li>\n                                                <a href=\"https:\/\/www.ull.es\/masteres\/ciencias-de-las-religiones-historia-y-sociedad\/\">M\u00e1ster Interuniversitario en Ciencias de las Religiones<\/a>\n                                            <\/li>\n                            <li>\n                                                <a href=\"https:\/\/www.ull.es\/titulospropios\/master-universitario-interpretacion-conferencias\/\">M\u00e1ster en Interpretaci\u00f3n de Conferencias (MIC)<\/a>\n                                                    <label class=\"label label-info\">T\u00edtulo propio<\/label>\n                                    <\/li>\n                            <li>\n                                                <a href=\"https:\/\/www.ull.es\/doctorados\/arte-humanidades\/\">Doctorado en Arte y Humanidades<\/a>\n                                            <\/li>\n                            <li>\n                                                <a href=\"https:\/\/www.ull.es\/doctorados\/filosofia\/\">Doctorado en Filosof\u00eda, Cultura y Sociedad<\/a>\n                                            <\/li>\n                            <li>\n                                                <a href=\"https:\/\/www.ull.es\/doctorados\/logica-filosofia-ciencia\/\">Doctorado en L\u00f3gica y Filosof\u00eda de la Ciencia<\/a>\n                                            <\/li>\n                            <li>\n                                                <a href=\"https:\/\/www.ull.es\/masteres\/investigacion-en-filosofia\">M\u00e1ster en Investigaci\u00f3n en Filosof\u00eda (Interuniversitario)<\/a>\n                                            <\/li>\n                            <li>\n                                                <a href=\"https:\/\/www.ull.es\/masteres\/estudios-genero-politicas-igualdad\">M\u00e1ster Universitario en Estudios de G\u00e9nero y Pol\u00edticas de Igualdad<\/a>\n                                            <\/li>\n                            <li>\n                                                <a href=\"https:\/\/www.ull.es\/masteres\/teoria-historia-arte-gestion-cultural\">M\u00e1ster Universitario en Teor\u00eda e Historia del Arte y Gesti\u00f3n Cultural<\/a>\n                                            <\/li>\n                    <\/ul>\n    <\/div>[\/vc_column_text][\/vc_column][vc_column width=\u00bb1\/3&#8243;][vc_column_text]<a class=\"btn-destacado\" href=\"https:\/\/www.ull.es\/estudios-docencia\" target=\"_blank\" rel=\"noopener\">Consultar todas las titulaciones de la ULL<br \/>\n<i class=\"fa fa-arrow-right\"><\/i><\/a>[\/vc_column_text][vc_column_text]<\/p>\n<h3>Enlaces de inter\u00e9s<\/h3>\n<ul>\n<li><a href=\"https:\/\/www.ull.es\/servicios\/negociado-de-atencion-tecnica\/\" target=\"_blank\" rel=\"noopener\">Negociado de Atenci\u00f3n T\u00e9cnica (NAT)<\/a><\/li>\n<li><a href=\"https:\/\/www.ull.es\/servicios\/negociado-de-atencion-tecnica\/\" target=\"_blank\" rel=\"noopener\">Calendario acad\u00e9mico<\/a><\/li>\n<\/ul>\n<p>[\/vc_column_text][vc_column_text el_class=\u00bbcontacto\u00bb]\n<ul class=\"widget-box\">\n<li class='contacto-header'>Informaci\u00f3n de contacto<\/li><li><i class=\"fa fa-map-marker\"><\/i> Facultad de Humanidades. Plaza del Rector D. Jos\u00e9 Carlos Alberto Bethencourt Apartado 456. C\u00f3digo postal 38200. San Crist\u00f3bal de La Laguna. S\/C de Tenerife.<\/li><li><i class=\"fa fa-phone\"><\/i> (+34) 922 31 77 18<\/li><li><i class=\"fa fa-envelope\"><\/i>  <a href=mailto:sechuman@ull.es>sechuman@ull.es<\/a><\/li><li><i class=\"fa fa-calendar\"><\/i><a href=\"http:\/\/citaprevia.ull.es\/index.php?s=humanidades\"> Cita previa<\/a><\/li><li><i class=\"fa fa-archive\"><\/i><a href=\"https:\/\/sede.ull.es\/ecivilis-site\/catalog\/showProcedure\/484\"> Procedimiento para quejas, sugerencias y felicitaciones<\/a><\/li>\n<\/ul>\n\n[\/vc_column_text][\/vc_column][\/vc_row][vc_row][vc_column][vc_column_text][\/vc_column_text][\/vc_column][\/vc_row]<\/p>\n","protected":false},"excerpt":{"rendered":"<p>[vc_row full_width=\u00bbstretch_row_content_no_spaces\u00bb el_class=\u00bbSliderPortada\u00bb css=\u00bb.vc_custom_1745237111535{margin-top: -100px !important;}\u00bb][vc_column][rev_slider_vc alias=\u00bbportada\u00bb][\/vc_column][\/vc_row][vc_row full_width=\u00bbstretch_row_content_no_spaces\u00bb][vc_column][vc_custom_heading text=\u00bb\u00bb font_container=\u00bbtag:h2|text_align:center\u00bb google_fonts=\u00bbfont_family:Montserrat%3Aregular%2C700|font_style:700%20bold%20regular%3A700%3Anormal\u00bb css=\u00bb.vc_custom_1721221176088{padding-top: 15px !important;padding-bottom: 15px !important;background-color: #360060 !important;}\u00bb][\/vc_column][\/vc_row][vc_row css=\u00bb.vc_custom_1745308406934{margin-top: 5% !important;}\u00bb][vc_column width=\u00bb2\/3&#8243; css=\u00bb.vc_custom_1497269146939{padding-right: 50px !important;}\u00bb][vc_column_text][\/vc_column_text][\/vc_column][vc_column width=\u00bb1\/3&#8243;][vc_column_text]Consultar todas las titulaciones de la ULL [\/vc_column_text][vc_column_text] Enlaces de inter\u00e9s Negociado de Atenci\u00f3n T\u00e9cnica (NAT) Calendario acad\u00e9mico [\/vc_column_text][vc_column_text el_class=\u00bbcontacto\u00bb][\/vc_column_text][\/vc_column][\/vc_row][vc_row][vc_column][vc_column_text][\/vc_column_text][\/vc_column][\/vc_row]<\/p>\n","protected":false},"author":1,"featured_media":0,"parent":52,"menu_order":0,"comment_status":"closed","ping_status":"closed","template":"templates\/template-frontpage.php","meta":[],"acf":[],"_links":{"self":[{"href":"https:\/\/www.ull.es\/centros\/facultad-humanidades\/wp-json\/wp\/v2\/pages\/104"}],"collection":[{"href":"https:\/\/www.ull.es\/centros\/facultad-humanidades\/wp-json\/wp\/v2\/pages"}],"about":[{"href":"https:\/\/www.ull.es\/centros\/facultad-humanidades\/wp-json\/wp\/v2\/types\/page"}],"author":[{"embeddable":true,"href":"https:\/\/www.ull.es\/centros\/facultad-humanidades\/wp-json\/wp\/v2\/users\/1"}],"replies":[{"embeddable":true,"href":"https:\/\/www.ull.es\/centros\/facultad-humanidades\/wp-json\/wp\/v2\/comments?post=104"}],"version-history":[{"count":8,"href":"https:\/\/www.ull.es\/centros\/facultad-humanidades\/wp-json\/wp\/v2\/pages\/104\/revisions"}],"predecessor-version":[{"id":1180,"href":"https:\/\/www.ull.es\/centros\/facultad-humanidades\/wp-json\/wp\/v2\/pages\/104\/revisions\/1180"}],"up":[{"embeddable":true,"href":"https:\/\/www.ull.es\/centros\/facultad-humanidades\/wp-json\/wp\/v2\/pages\/52"}],"wp:attachment":[{"href":"https:\/\/www.ull.es\/centros\/facultad-humanidades\/wp-json\/wp\/v2\/media?parent=104"}],"curies":[{"name":"wp","href":"https:\/\/api.w.org\/{rel}","templated":true}]}}