{"id":161,"date":"2017-11-16T11:08:18","date_gmt":"2017-11-16T11:08:18","guid":{"rendered":"http:\/\/www.ull.es\/centros\/escuela-superior-de-ingenieria-y-tecnologia\/?page_id=161"},"modified":"2025-04-22T07:54:56","modified_gmt":"2025-04-22T07:54:56","slug":"programas-de-movilidad","status":"publish","type":"page","link":"https:\/\/www.ull.es\/centros\/facultad-humanidades\/docencia\/programas-de-movilidad\/","title":{"rendered":"Programas de movilidad"},"content":{"rendered":"<p>[vc_row full_width=\u00bbstretch_row_content_no_spaces\u00bb el_class=\u00bbSliderPortada\u00bb css=\u00bb.vc_custom_1745237111535{margin-top: -100px !important;}\u00bb][vc_column][rev_slider_vc alias=\u00bbportada\u00bb][\/vc_column][\/vc_row][vc_row full_width=\u00bbstretch_row_content_no_spaces\u00bb][vc_column][vc_custom_heading text=\u00bb\u00bb font_container=\u00bbtag:h2|text_align:center\u00bb google_fonts=\u00bbfont_family:Montserrat%3Aregular%2C700|font_style:700%20bold%20regular%3A700%3Anormal\u00bb css=\u00bb.vc_custom_1721221176088{padding-top: 15px !important;padding-bottom: 15px !important;background-color: #360060 !important;}\u00bb][\/vc_column][\/vc_row][vc_row css=\u00bb.vc_custom_1745233821598{margin-top: 50px !important;}\u00bb][vc_column width=\u00bb2\/3&#8243; el_class=\u00bbpadding-50-right\u00bb css=\u00bb.vc_custom_1494506721665{padding-right: 50px !important;}\u00bb][vc_column_text]<\/p>\n<h1>Programas de movilidad<\/h1>\n<ul>\n<li><a href=\"https:\/\/www.ull.es\/centros\/facultad-humanidades\/docencia\/programas-de-movilidad\/programas-movilidad-filologia\/\" target=\"_blank\" rel=\"noopener\">Secci\u00f3n de Filolog\u00eda<\/a><\/li>\n<li><a href=\"https:\/\/www.ull.es\/centros\/facultad-humanidades\/docencia\/programas-de-movilidad\/programas-movilidad-filosofia\/\" target=\"_blank\" rel=\"noopener\">Secci\u00f3n de Filosof\u00eda<\/a><\/li>\n<li><a href=\"https:\/\/www.ull.es\/centros\/facultad-humanidades\/docencia\/programas-de-movilidad\/programas-movilidad-geografia-historia\/\" target=\"_blank\" rel=\"noopener\">Secci\u00f3n de Geograf\u00eda e Historia<\/a><\/li>\n<\/ul>\n<p>[\/vc_column_text][\/vc_column][vc_column width=\u00bb1\/3&#8243;][vc_column_text el_class=\u00bbcontacto\u00bb]\n<ul class=\"widget-box\">\n<li class='contacto-header'>Informaci\u00f3n de contacto<\/li><li><i class=\"fa fa-map-marker\"><\/i> Facultad de Humanidades. Plaza del Rector D. Jos\u00e9 Carlos Alberto Bethencourt Apartado 456. C\u00f3digo postal 38200. San Crist\u00f3bal de La Laguna. S\/C de Tenerife.<\/li><li><i class=\"fa fa-phone\"><\/i> (+34) 922 31 77 18<\/li><li><i class=\"fa fa-envelope\"><\/i>  <a href=mailto:sechuman@ull.es>sechuman@ull.es<\/a><\/li><li><i class=\"fa fa-calendar\"><\/i><a href=\"http:\/\/citaprevia.ull.es\/index.php?s=humanidades\"> Cita previa<\/a><\/li><li><i class=\"fa fa-archive\"><\/i><a href=\"https:\/\/sede.ull.es\/ecivilis-site\/catalog\/showProcedure\/484\"> Procedimiento para quejas, sugerencias y felicitaciones<\/a><\/li>\n<\/ul>\n\n[\/vc_column_text][\/vc_column][\/vc_row]<\/p>\n","protected":false},"excerpt":{"rendered":"<p>[vc_row full_width=\u00bbstretch_row_content_no_spaces\u00bb el_class=\u00bbSliderPortada\u00bb css=\u00bb.vc_custom_1745237111535{margin-top: -100px !important;}\u00bb][vc_column][rev_slider_vc alias=\u00bbportada\u00bb][\/vc_column][\/vc_row][vc_row full_width=\u00bbstretch_row_content_no_spaces\u00bb][vc_column][vc_custom_heading text=\u00bb\u00bb font_container=\u00bbtag:h2|text_align:center\u00bb google_fonts=\u00bbfont_family:Montserrat%3Aregular%2C700|font_style:700%20bold%20regular%3A700%3Anormal\u00bb css=\u00bb.vc_custom_1721221176088{padding-top: 15px !important;padding-bottom: 15px !important;background-color: #360060 !important;}\u00bb][\/vc_column][\/vc_row][vc_row css=\u00bb.vc_custom_1745233821598{margin-top: 50px !important;}\u00bb][vc_column width=\u00bb2\/3&#8243; el_class=\u00bbpadding-50-right\u00bb css=\u00bb.vc_custom_1494506721665{padding-right: 50px !important;}\u00bb][vc_column_text] Programas de movilidad Secci\u00f3n de Filolog\u00eda Secci\u00f3n de Filosof\u00eda Secci\u00f3n de Geograf\u00eda e Historia [\/vc_column_text][\/vc_column][vc_column width=\u00bb1\/3&#8243;][vc_column_text el_class=\u00bbcontacto\u00bb][\/vc_column_text][\/vc_column][\/vc_row]<\/p>\n","protected":false},"author":1,"featured_media":0,"parent":52,"menu_order":0,"comment_status":"closed","ping_status":"closed","template":"templates\/template-frontpage.php","meta":[],"acf":[],"_links":{"self":[{"href":"https:\/\/www.ull.es\/centros\/facultad-humanidades\/wp-json\/wp\/v2\/pages\/161"}],"collection":[{"href":"https:\/\/www.ull.es\/centros\/facultad-humanidades\/wp-json\/wp\/v2\/pages"}],"about":[{"href":"https:\/\/www.ull.es\/centros\/facultad-humanidades\/wp-json\/wp\/v2\/types\/page"}],"author":[{"embeddable":true,"href":"https:\/\/www.ull.es\/centros\/facultad-humanidades\/wp-json\/wp\/v2\/users\/1"}],"replies":[{"embeddable":true,"href":"https:\/\/www.ull.es\/centros\/facultad-humanidades\/wp-json\/wp\/v2\/comments?post=161"}],"version-history":[{"count":17,"href":"https:\/\/www.ull.es\/centros\/facultad-humanidades\/wp-json\/wp\/v2\/pages\/161\/revisions"}],"predecessor-version":[{"id":1159,"href":"https:\/\/www.ull.es\/centros\/facultad-humanidades\/wp-json\/wp\/v2\/pages\/161\/revisions\/1159"}],"up":[{"embeddable":true,"href":"https:\/\/www.ull.es\/centros\/facultad-humanidades\/wp-json\/wp\/v2\/pages\/52"}],"wp:attachment":[{"href":"https:\/\/www.ull.es\/centros\/facultad-humanidades\/wp-json\/wp\/v2\/media?parent=161"}],"curies":[{"name":"wp","href":"https:\/\/api.w.org\/{rel}","templated":true}]}}