{"id":50,"date":"2017-11-14T14:23:38","date_gmt":"2017-11-14T14:23:38","guid":{"rendered":"http:\/\/www.ull.es\/centros\/escuela-superior-de-ingenieria-y-tecnologia\/?page_id=50"},"modified":"2025-04-22T07:50:07","modified_gmt":"2025-04-22T07:50:07","slug":"departamentos","status":"publish","type":"page","link":"https:\/\/www.ull.es\/centros\/facultad-humanidades\/informacion-general\/departamentos\/","title":{"rendered":"Departamentos"},"content":{"rendered":"<p>[vc_row full_width=\u00bbstretch_row_content_no_spaces\u00bb el_class=\u00bbSliderPortada\u00bb css=\u00bb.vc_custom_1745237111535{margin-top: -100px !important;}\u00bb][vc_column][rev_slider_vc alias=\u00bbportada\u00bb][\/vc_column][\/vc_row][vc_row full_width=\u00bbstretch_row_content_no_spaces\u00bb][vc_column][vc_custom_heading text=\u00bb\u00bb font_container=\u00bbtag:h2|text_align:center\u00bb google_fonts=\u00bbfont_family:Montserrat%3Aregular%2C700|font_style:700%20bold%20regular%3A700%3Anormal\u00bb css=\u00bb.vc_custom_1721221176088{padding-top: 15px !important;padding-bottom: 15px !important;background-color: #360060 !important;}\u00bb][\/vc_column][\/vc_row][vc_row css=\u00bb.vc_custom_1745233821598{margin-top: 50px !important;}\u00bb][vc_column width=\u00bb2\/3&#8243; el_class=\u00bbpadding-50-right\u00bb css=\u00bb.vc_custom_1494506721665{padding-right: 50px !important;}\u00bb][vc_column_text]<\/p>\n<p>[vc_row][vc_column width=\u00bb2\/3&#8243; css=\u00bb.vc_custom_1497269146939{padding-right: 50px !important;}\u00bb][vc_column_text]\n<style>\n    .shortcode-departamentos h2 {\n        margin-bottom: 10px !important;\n    }\n\n    .shortcode-departamentos label {\n        padding: 0 6px;\n        vertical-align: middle;\n        font-size: 12px;\n        letter-spacing: 0.4px;\n        border-radius: 2px;\n        font-weight: 500;\n    }\n\n<\/style>\n\n<div class=\"shortcode-departamentos\">\n    <h1>Departamentos<\/h1>\n    <ul>\n                    <li> <a href=\"https:\/\/www.ull.es\/departamentos\/tecnicas-y-proyectos-en-ingenieria-y-arquitectura\">T\u00e9cnicas y Proyectos en Ingenier\u00eda y Arquitectura<\/a><\/li>\n                    <li> <a href=\"https:\/\/www.ull.es\/departamentos\/sociologia-y-antropologia\">Sociolog\u00eda y Antropolog\u00eda<\/a><\/li>\n                    <li> <a href=\"https:\/\/www.ull.es\/departamentos\/quimica\">Qu\u00edmica<\/a><\/li>\n                    <li> <a href=\"https:\/\/www.ull.es\/departamentos\/ingenieria-informatica-sistemas\">Ingenier\u00eda Inform\u00e1tica y de Sistemas<\/a><\/li>\n                    <li> <a href=\"https:\/\/www.ull.es\/departamentos\/historia-y-filosofia-de-la-ciencia-la-educacion-y-el-lenguaje\">Historia y Filosof\u00eda de la Ciencia, la Educaci\u00f3n y el Lenguaje<\/a><\/li>\n                    <li> <a href=\"https:\/\/www.ull.es\/departamentos\/historia-del-arte-filosofia\">Historia del Arte y Filosof\u00eda<\/a><\/li>\n                    <li> <a href=\"https:\/\/www.ull.es\/departamentos\/geografia-e-historia\">Geograf\u00eda e Historia<\/a><\/li>\n                    <li> <a href=\"https:\/\/www.ull.es\/departamentos\/fisica\">F\u00edsica<\/a><\/li>\n                    <li> <a href=\"https:\/\/www.ull.es\/departamentos\/filologia-inglesa-y-alemana\">Filolog\u00eda Inglesa y Alemana<\/a><\/li>\n                    <li> <a href=\"https:\/\/www.ull.es\/departamentos\/filologia-espanola\">Filolog\u00eda Espa\u00f1ola<\/a><\/li>\n                    <li> <a href=\"https:\/\/www.ull.es\/departamentos\/filologia-clasica-francesa-arabe-y-romanica\">Filolog\u00eda Cl\u00e1sica, Francesa, \u00c1rabe y Rom\u00e1nica<\/a><\/li>\n                    <li> <a href=\"https:\/\/www.ull.es\/departamentos\/economia-aplicada-y-metodos-cuantitativos\">Econom\u00eda Aplicada y M\u00e9todos Cuantitativos<\/a><\/li>\n                    <li> <a href=\"https:\/\/www.ull.es\/departamentos\/economia-contabilidad-y-finanzas\">Econom\u00eda, Contabilidad y Finanzas<\/a><\/li>\n                    <li> <a href=\"https:\/\/www.ull.es\/departamentos\/disciplinas-juridicas-basicas\">Disciplinas Jur\u00eddicas B\u00e1sicas<\/a><\/li>\n                    <li> <a href=\"https:\/\/www.ull.es\/departamentos\/direccion-de-empresas-e-historia-economica\">Direcci\u00f3n de Empresas e Historia Econ\u00f3mica<\/a><\/li>\n                    <li> <a href=\"https:\/\/www.ull.es\/departamentos\/didacticas-especificas\">Did\u00e1cticas Espec\u00edficas<\/a><\/li>\n                    <li> <a href=\"https:\/\/www.ull.es\/departamentos\/derecho-constitucional-ciencia-politica-y-filosofia-del-derecho\">Derecho Constitucional, Ciencia Pol\u00edtica y Filosof\u00eda del Derecho<\/a><\/li>\n                    <li> <a href=\"https:\/\/www.ull.es\/departamentos\/bellas-artes\">Bellas Artes<\/a><\/li>\n            <\/ul>\n<\/div>[\/vc_column_text][\/vc_column][vc_column width=\u00bb1\/3&#8243;][vc_column_text el_class=\u00bbcontacto\u00bb]\n<ul class=\"widget-box\">\n<li class='contacto-header'>Informaci\u00f3n de contacto<\/li><li><i class=\"fa fa-map-marker\"><\/i> Facultad de Humanidades. Plaza del Rector D. Jos\u00e9 Carlos Alberto Bethencourt Apartado 456. C\u00f3digo postal 38200. San Crist\u00f3bal de La Laguna. S\/C de Tenerife.<\/li><li><i class=\"fa fa-phone\"><\/i> (+34) 922 31 77 18<\/li><li><i class=\"fa fa-envelope\"><\/i>  <a href=mailto:sechuman@ull.es>sechuman@ull.es<\/a><\/li><li><i class=\"fa fa-calendar\"><\/i><a href=\"http:\/\/citaprevia.ull.es\/index.php?s=humanidades\"> Cita previa<\/a><\/li><li><i class=\"fa fa-archive\"><\/i><a href=\"https:\/\/sede.ull.es\/ecivilis-site\/catalog\/showProcedure\/484\"> Procedimiento para quejas, sugerencias y felicitaciones<\/a><\/li>\n<\/ul>\n\n[\/vc_column_text][\/vc_column][\/vc_row]<\/p>\n","protected":false},"excerpt":{"rendered":"<p>[vc_row full_width=\u00bbstretch_row_content_no_spaces\u00bb el_class=\u00bbSliderPortada\u00bb css=\u00bb.vc_custom_1745237111535{margin-top: -100px !important;}\u00bb][vc_column][rev_slider_vc alias=\u00bbportada\u00bb][\/vc_column][\/vc_row][vc_row full_width=\u00bbstretch_row_content_no_spaces\u00bb][vc_column][vc_custom_heading text=\u00bb\u00bb font_container=\u00bbtag:h2|text_align:center\u00bb google_fonts=\u00bbfont_family:Montserrat%3Aregular%2C700|font_style:700%20bold%20regular%3A700%3Anormal\u00bb css=\u00bb.vc_custom_1721221176088{padding-top: 15px !important;padding-bottom: 15px !important;background-color: #360060 !important;}\u00bb][\/vc_column][\/vc_row][vc_row css=\u00bb.vc_custom_1745233821598{margin-top: 50px !important;}\u00bb][vc_column width=\u00bb2\/3&#8243; el_class=\u00bbpadding-50-right\u00bb css=\u00bb.vc_custom_1494506721665{padding-right: 50px !important;}\u00bb][vc_column_text] [vc_row][vc_column width=\u00bb2\/3&#8243; css=\u00bb.vc_custom_1497269146939{padding-right: 50px !important;}\u00bb][vc_column_text][\/vc_column_text][\/vc_column][vc_column width=\u00bb1\/3&#8243;][vc_column_text el_class=\u00bbcontacto\u00bb][\/vc_column_text][\/vc_column][\/vc_row]<\/p>\n","protected":false},"author":1,"featured_media":0,"parent":40,"menu_order":0,"comment_status":"closed","ping_status":"closed","template":"templates\/template-frontpage.php","meta":[],"acf":[],"_links":{"self":[{"href":"https:\/\/www.ull.es\/centros\/facultad-humanidades\/wp-json\/wp\/v2\/pages\/50"}],"collection":[{"href":"https:\/\/www.ull.es\/centros\/facultad-humanidades\/wp-json\/wp\/v2\/pages"}],"about":[{"href":"https:\/\/www.ull.es\/centros\/facultad-humanidades\/wp-json\/wp\/v2\/types\/page"}],"author":[{"embeddable":true,"href":"https:\/\/www.ull.es\/centros\/facultad-humanidades\/wp-json\/wp\/v2\/users\/1"}],"replies":[{"embeddable":true,"href":"https:\/\/www.ull.es\/centros\/facultad-humanidades\/wp-json\/wp\/v2\/comments?post=50"}],"version-history":[{"count":1,"href":"https:\/\/www.ull.es\/centros\/facultad-humanidades\/wp-json\/wp\/v2\/pages\/50\/revisions"}],"predecessor-version":[{"id":1152,"href":"https:\/\/www.ull.es\/centros\/facultad-humanidades\/wp-json\/wp\/v2\/pages\/50\/revisions\/1152"}],"up":[{"embeddable":true,"href":"https:\/\/www.ull.es\/centros\/facultad-humanidades\/wp-json\/wp\/v2\/pages\/40"}],"wp:attachment":[{"href":"https:\/\/www.ull.es\/centros\/facultad-humanidades\/wp-json\/wp\/v2\/media?parent=50"}],"curies":[{"name":"wp","href":"https:\/\/api.w.org\/{rel}","templated":true}]}}