{"id":78,"date":"2017-11-15T12:31:18","date_gmt":"2017-11-15T12:31:18","guid":{"rendered":"http:\/\/www.ull.es\/centros\/escuela-superior-de-ingenieria-y-tecnologia\/?page_id=78"},"modified":"2026-02-25T14:26:06","modified_gmt":"2026-02-25T14:26:06","slug":"junta-de-facultad-y-comisiones","status":"publish","type":"page","link":"https:\/\/www.ull.es\/centros\/facultad-humanidades\/informacion-general\/junta-de-facultad-y-comisiones\/","title":{"rendered":"Junta de facultad y comisiones"},"content":{"rendered":"<p>[vc_row full_width=\u00bbstretch_row_content_no_spaces\u00bb el_class=\u00bbSliderPortada\u00bb css=\u00bb.vc_custom_1745237111535{margin-top: -100px !important;}\u00bb][vc_column][rev_slider_vc alias=\u00bbportada\u00bb][\/vc_column][\/vc_row][vc_row full_width=\u00bbstretch_row_content_no_spaces\u00bb][vc_column][vc_custom_heading text=\u00bb\u00bb font_container=\u00bbtag:h2|text_align:center\u00bb google_fonts=\u00bbfont_family:Montserrat%3Aregular%2C700|font_style:700%20bold%20regular%3A700%3Anormal\u00bb css=\u00bb.vc_custom_1721221176088{padding-top: 15px !important;padding-bottom: 15px !important;background-color: #360060 !important;}\u00bb][\/vc_column][\/vc_row][vc_row css=\u00bb.vc_custom_1745233821598{margin-top: 50px !important;}\u00bb][vc_column width=\u00bb2\/3&#8243; el_class=\u00bbpadding-50-right\u00bb css=\u00bb.vc_custom_1494506721665{padding-right: 50px !important;}\u00bb][vc_column_text]<\/p>\n<h1>Junta de facultad y comisiones<\/h1>\n<p>[\/vc_column_text][vc_tta_accordion shape=\u00bbsquare\u00bb c_icon=\u00bbchevron\u00bb c_position=\u00bbright\u00bb active_section=\u00bb\u00bb no_fill=\u00bbtrue\u00bb collapsible_all=\u00bbtrue\u00bb][vc_tta_section title=\u00bbFunciones de la Junta de Facultad\u00bb tab_id=\u00bbfunciones-de-la-junta-de-facultad\u00bb][vc_column_text]La Junta de Facultad es el \u00f3rgano m\u00e1ximo de representaci\u00f3n de los miembros del centro, con competencias propias en materia de organizaci\u00f3n, coordinaci\u00f3n y gesti\u00f3n. Est\u00e1 formada por una representaci\u00f3n de los profesores, los alumnos y el PAS de la Facultad de Humanidades. Su composici\u00f3n se renueva en los primeros meses de cada curso acad\u00e9mico. Entre sus funciones est\u00e1n:<\/p>\n<ol type=\"a\">\n<li>Definir, aprobar y coordinar la pol\u00edtica de actuaci\u00f3n de la Facultad, tanto en lo que concierne a la docencia y la investigaci\u00f3n, como en lo relativo a su r\u00e9gimen administrativo y econ\u00f3mico.<\/li>\n<li>Aprobar los planes de ordenaci\u00f3n docente de la Facultad y proponer e informar de la modificaci\u00f3n de sus planes de estudio, previamente aprobados en sus respectivas secciones.<\/li>\n<li>Aprobar la distribuci\u00f3n de los fondos asignados al centro con cargo a los presupuestos de la Universidad de La Laguna, seg\u00fan los criterios adoptados por la Gerencia que es quien tiene las competencias en materia presupuestaria.<\/li>\n<li>Aprobar la distribuci\u00f3n de los fondos asignados a la Facultad con cargo a los Presupuestos de la Universidad.<\/li>\n<li>Supervisar y conocer la actuaci\u00f3n de los \u00f3rganos colegiados y unipersonales de gobierno de la Facultad y de sus servicios, de conformidad con lo previsto en el apartado segundo del presente art\u00edculo.<\/li>\n<li>Ejercer cualesquiera otras funciones que le asignen los \u00f3rganos superiores de gobierno universitario o le reconozca la normativa vigente.<\/li>\n<\/ol>\n<p>[\/vc_column_text][\/vc_tta_section][vc_tta_section title=\u00bbMiembros de la Junta de Facultad\u00bb tab_id=\u00bbmiembros\u00bb][vc_column_text]<a href=\"https:\/\/drive.google.com\/file\/d\/1v7Qmobheik8FvECtK13qhIMbpFcd7mvl\/view?usp=drive_link\" target=\"_blank\" rel=\"noopener\" target=\"_blank\" rel=\"noopener\">Miembros de la Junta de Facultad de Humanidades curso 2025-2026<\/a>[\/vc_column_text][\/vc_tta_section][vc_tta_section title=\u00bbComisiones\u00bb tab_id=\u00bbcomisiones\u00bb][vc_column_text]<\/p>\n<ul>\n<li><a href=\"https:\/\/docs.google.com\/spreadsheets\/d\/e\/2PACX-1vS3_7C2NJLrVUG-Ns-8XoTE0rL5NrA8HfLUDodcpEmuwQQbdQAKeVc8BrnCTGC0b2mcSUNkSk0dDajn\/pubhtml?gid=155847811&amp;single=true\" target=\"_blank\" rel=\"noopener\">Comisiones Secci\u00f3n de Filolog\u00eda<\/a><\/li>\n<li><a href=\"https:\/\/www.ull.es\/grados\/filosofia\/informacion-academica\/comisiones-de-centrotitulo\/\" target=\"_blank\" rel=\"noopener\">Comisiones Secci\u00f3n de Filosof\u00eda<\/a><\/li>\n<li><a href=\"https:\/\/drive.google.com\/open?id=1FAYNK-XY3Q6YP-lzJo-RcUxPWJfy-7z_&amp;usp=drive_fs\" target=\"_blank\" rel=\"noopener\" target=\"_blank\" rel=\"noopener\">Comisiones Secci\u00f3n de Geograf\u00eda e Historia<\/a><\/li>\n<li><a href=\"https:\/\/drive.google.com\/file\/d\/1-px4r6yrmSjftPlg_Ikm9pxBqdXi5cXN\/view?usp=drive_link\" target=\"_blank\" rel=\"noopener\" target=\"_blank\" rel=\"noopener\">Comisi\u00f3n Permanente de la Junta de la Facultad de Humanidades curso 2024-2025<\/a><\/li>\n<li><a href=\"https:\/\/drive.google.com\/file\/d\/1AOkl3mhnsew9uQFUyig5INo1QBhaPe01\/view\" target=\"_blank\" rel=\"noopener noreferrer\" target=\"_blank\" rel=\"noopener\">Comisi\u00f3n Electoral de la Facultad de Humanidades<\/a><\/li>\n<li><a href=\"https:\/\/drive.google.com\/file\/d\/1neoBKmT_5GHiZNZJbv_bNxBqlf6dGYa9\/view\" target=\"_blank\" rel=\"noopener\" target=\"_blank\" rel=\"noopener\">Comisi\u00f3n de Reconocimiento y Transferencia de cr\u00e9ditos 2024-2025<\/a><\/li>\n<\/ul>\n<p>[\/vc_column_text][\/vc_tta_section][\/vc_tta_accordion][\/vc_column][vc_column width=\u00bb1\/3&#8243;][vc_column_text el_class=\u00bbcontacto\u00bb]\n<ul class=\"widget-box\">\n<li class='contacto-header'>Informaci\u00f3n de contacto<\/li><li><i class=\"fa fa-map-marker\"><\/i> Facultad de Humanidades. Plaza del Rector D. Jos\u00e9 Carlos Alberto Bethencourt Apartado 456. C\u00f3digo postal 38200. San Crist\u00f3bal de La Laguna. S\/C de Tenerife.<\/li><li><i class=\"fa fa-phone\"><\/i> (+34) 922 31 77 18<\/li><li><i class=\"fa fa-envelope\"><\/i>  <a href=mailto:sechuman@ull.es>sechuman@ull.es<\/a><\/li><li><i class=\"fa fa-calendar\"><\/i><a href=\"http:\/\/citaprevia.ull.es\/index.php?s=humanidades\"> Cita previa<\/a><\/li><li><i class=\"fa fa-archive\"><\/i><a href=\"https:\/\/sede.ull.es\/ecivilis-site\/catalog\/showProcedure\/484\"> Procedimiento para quejas, sugerencias y felicitaciones<\/a><\/li>\n<\/ul>\n\n[\/vc_column_text][\/vc_column][\/vc_row]<\/p>\n","protected":false},"excerpt":{"rendered":"<p>[vc_row full_width=\u00bbstretch_row_content_no_spaces\u00bb el_class=\u00bbSliderPortada\u00bb css=\u00bb.vc_custom_1745237111535{margin-top: -100px !important;}\u00bb][vc_column][rev_slider_vc alias=\u00bbportada\u00bb][\/vc_column][\/vc_row][vc_row full_width=\u00bbstretch_row_content_no_spaces\u00bb][vc_column][vc_custom_heading text=\u00bb\u00bb font_container=\u00bbtag:h2|text_align:center\u00bb google_fonts=\u00bbfont_family:Montserrat%3Aregular%2C700|font_style:700%20bold%20regular%3A700%3Anormal\u00bb css=\u00bb.vc_custom_1721221176088{padding-top: 15px !important;padding-bottom: 15px !important;background-color: #360060 !important;}\u00bb][\/vc_column][\/vc_row][vc_row css=\u00bb.vc_custom_1745233821598{margin-top: 50px !important;}\u00bb][vc_column width=\u00bb2\/3&#8243; el_class=\u00bbpadding-50-right\u00bb css=\u00bb.vc_custom_1494506721665{padding-right: 50px !important;}\u00bb][vc_column_text] Junta de facultad y comisiones [\/vc_column_text][vc_tta_accordion shape=\u00bbsquare\u00bb c_icon=\u00bbchevron\u00bb c_position=\u00bbright\u00bb active_section=\u00bb\u00bb no_fill=\u00bbtrue\u00bb collapsible_all=\u00bbtrue\u00bb][vc_tta_section title=\u00bbFunciones de la Junta de Facultad\u00bb tab_id=\u00bbfunciones-de-la-junta-de-facultad\u00bb][vc_column_text]La Junta de Facultad es el \u00f3rgano m\u00e1ximo de representaci\u00f3n de&#8230;<\/p>\n","protected":false},"author":1,"featured_media":0,"parent":40,"menu_order":0,"comment_status":"closed","ping_status":"closed","template":"templates\/template-frontpage.php","meta":[],"acf":[],"_links":{"self":[{"href":"https:\/\/www.ull.es\/centros\/facultad-humanidades\/wp-json\/wp\/v2\/pages\/78"}],"collection":[{"href":"https:\/\/www.ull.es\/centros\/facultad-humanidades\/wp-json\/wp\/v2\/pages"}],"about":[{"href":"https:\/\/www.ull.es\/centros\/facultad-humanidades\/wp-json\/wp\/v2\/types\/page"}],"author":[{"embeddable":true,"href":"https:\/\/www.ull.es\/centros\/facultad-humanidades\/wp-json\/wp\/v2\/users\/1"}],"replies":[{"embeddable":true,"href":"https:\/\/www.ull.es\/centros\/facultad-humanidades\/wp-json\/wp\/v2\/comments?post=78"}],"version-history":[{"count":62,"href":"https:\/\/www.ull.es\/centros\/facultad-humanidades\/wp-json\/wp\/v2\/pages\/78\/revisions"}],"predecessor-version":[{"id":1194,"href":"https:\/\/www.ull.es\/centros\/facultad-humanidades\/wp-json\/wp\/v2\/pages\/78\/revisions\/1194"}],"up":[{"embeddable":true,"href":"https:\/\/www.ull.es\/centros\/facultad-humanidades\/wp-json\/wp\/v2\/pages\/40"}],"wp:attachment":[{"href":"https:\/\/www.ull.es\/centros\/facultad-humanidades\/wp-json\/wp\/v2\/media?parent=78"}],"curies":[{"name":"wp","href":"https:\/\/api.w.org\/{rel}","templated":true}]}}